{"id":1751,"date":"2024-04-16T06:18:12","date_gmt":"2024-04-16T06:18:12","guid":{"rendered":"https:\/\/domath.surju.ee\/?page_id=1751"},"modified":"2024-12-30T18:01:14","modified_gmt":"2024-12-30T18:01:14","slug":"polygon","status":"publish","type":"page","link":"https:\/\/domath.surju.ee\/et\/hulknurk\/","title":{"rendered":"Hulknurk"},"content":{"rendered":"<h1 style=\"text-align: center;\"><span style=\"color: #008000;\"><strong>Hulknurk<\/strong><\/span><\/h1>\r\n\r\n<p><br \/>\r\n<span style=\"color: #ff0000;\"><strong>Hulknurk<\/strong><\/span> on kinnine murdjoon.&nbsp; L\u00f5ike, millest see murdjoon koosneb, nimetatakse hulknurga k\u00fclgedeks, nende otspunkte hulknurga tippudeks.&nbsp;<br \/>\r\n<strong>Hulknurgad<\/strong> on: kolmnurk, nelinurk, viisnurk, kuusnurk, seitsenurk, kaheksanurk, \u00fcheksanurk, k\u00fcmmenurk, \u00fcheteistnurk jne.&nbsp;<br \/>\r\n<strong>Hulknurka<\/strong> nimetatakse <strong>korrap\u00e4raseks<\/strong>, kui k\u00f5ik selle k\u00fcljed on v\u00f5rdsed ja k\u00f5ik k\u00fclgedevahelised nurgad on v\u00f5rdsed.&nbsp;<br \/>\r\n<strong>Hulknurgad<\/strong>&nbsp;on tasandilised kujundid.&nbsp;<br \/>\r\n<br \/>\r\n<strong><a href=\"https:\/\/domath.surju.ee\/et\/kumer-hulknurk\/\">Kumer hulknurk on hulknurk<\/a>,<\/strong> mille \u00fckski sisenurk ei ole suurem kui 180\u00b0, tema \u00fchegi k\u00fclje pikendus ei l\u00f5ika hulknurka piiravat murdjoont <a href=\"https:\/\/domath.surju.ee\/et\/kumer-hulknurk\/\">(https:\/\/domath.surju.ee\/et\/kumer-hulknurk\/)<\/a><br \/>\r\n<a href=\"https:\/\/domath.surju.ee\/et\/mittekumer-hulknurk\/\"><strong>Mittekumer hulknurk<\/strong><\/a> on hulknurk, millel v\u00e4hemalt \u00fcks nurk on suurem kui 180\u00ba. \u00dche k\u00fclje pikendus l\u00f5ikab hulknurka piiravat murdjoont <a href=\"https:\/\/domath.surju.ee\/et\/mittekumer-hulknurk\/\">(https:\/\/domath.surju.ee\/et\/mittekumer-hulknurk\/)<\/a><br \/>\r\n<br \/>\r\n<\/p>\r\n<p><strong><span style=\"color: #008080;\">M\u00f5ned erinevat t\u00fc\u00fcpi hulknurgad<\/span><\/strong> (<a href=\"https:\/\/en.wikipedia.org\/wiki\/Polygon#\/media\/File:Polygon_types.svg\">https:\/\/en.wikipedia.org\/wiki\/Polygon#\/media\/File:Polygon_types.svg<\/a>)<\/p>\r\n<p>\r\n<\/p>\r\n<figure class=\"wp-block-image size-full is-resized\"><img loading=\"lazy\" decoding=\"async\" width=\"450\" height=\"378\" class=\"wp-image-5087\" style=\"width: 378px; height: auto;\" src=\"https:\/\/domath.surju.ee\/wp-content\/uploads\/2024\/12\/Polygon_types.svg.png\" alt=\"\" srcset=\"https:\/\/domath.surju.ee\/wp-content\/uploads\/2024\/12\/Polygon_types.svg.png 450w, https:\/\/domath.surju.ee\/wp-content\/uploads\/2024\/12\/Polygon_types.svg-300x252.png 300w, https:\/\/domath.surju.ee\/wp-content\/uploads\/2024\/12\/Polygon_types.svg-24x20.png 24w, https:\/\/domath.surju.ee\/wp-content\/uploads\/2024\/12\/Polygon_types.svg-36x30.png 36w, https:\/\/domath.surju.ee\/wp-content\/uploads\/2024\/12\/Polygon_types.svg-48x40.png 48w\" sizes=\"auto, (max-width: 450px) 100vw, 450px\" \/><\/figure>\r\n<p>&nbsp;<\/p>\r\n<p>\r\n <iframe loading=\"lazy\" title=\"YouTube video player\" src=\"https:\/\/www.youtube.com\/embed\/rPCWH_-E7YI?si=Claj_KNOx3KKyNCW\" width=\"560\" height=\"315\" frameborder=\"0\" allowfullscreen=\"allowfullscreen\" data-mce-fragment=\"1\"><\/iframe> \r\n<\/p>\r\n<p><iframe loading=\"lazy\" class=\"wp-embedded-content\" sandbox=\"allow-scripts\" security=\"restricted\" title=\"Regular Polygons and Irregular Polygons\" src=\"https:\/\/wordwall.net\/embed\/98e75d405a9f4549b6aa645d910a6638?themeId=0&#038;ref=oembed#?secret=Lifqme3EPu\" data-secret=\"Lifqme3EPu\" width=\"500\" height=\"380\" frameborder=\"0\"><\/iframe><\/p>","protected":false},"excerpt":{"rendered":"<p>Hulknurk Hulknurk on kinnine murdjoon.&nbsp; L\u00f5ike, millest see murdjoon koosneb, nimetatakse hulknurga k\u00fclgedeks, nende otspunkte hulknurga tippudeks.&nbsp; Hulknurgad on: kolmnurk, nelinurk, viisnurk, kuusnurk, seitsenurk, kaheksanurk, \u00fcheksanurk, k\u00fcmmenurk, \u00fcheteistnurk jne.&nbsp; Hulknurka nimetatakse korrap\u00e4raseks, kui k\u00f5ik selle k\u00fcljed on v\u00f5rdsed ja k\u00f5ik k\u00fclgedevahelised nurgad on v\u00f5rdsed.&nbsp; Hulknurgad&nbsp;on tasandilised kujundid.&nbsp; Kumer hulknurk on hulknurk, mille \u00fckski sisenurk ei [&#8230;]<\/p>\n<p><a class=\"btn btn-secondary understrap-read-more-link\" href=\"https:\/\/domath.surju.ee\/et\/hulknurk\/\">Read More&#8230;<span class=\"screen-reader-text\"> from Hulknurk<\/span><\/a><\/p>\n","protected":false},"author":8,"featured_media":0,"parent":0,"menu_order":0,"comment_status":"closed","ping_status":"closed","template":"","meta":{"_eb_attr":"","_uag_custom_page_level_css":"","footnotes":""},"categories":[],"tags":[58,112,63,59],"class_list":["post-1751","page","type-page","status-publish","hentry","tag-english-p","tag-estonian-h","tag-greek-pi","tag-spanish-p"],"uagb_featured_image_src":{"full":false,"thumbnail":false,"medium":false,"medium_large":false,"large":false,"1536x1536":false,"2048x2048":false,"menu-24x24":false,"menu-36x36":false,"menu-48x48":false},"uagb_author_info":{"display_name":"Silvia Herrera","author_link":"https:\/\/domath.surju.ee\/et\/author\/silvia\/"},"uagb_comment_info":0,"uagb_excerpt":"Hulknurk Hulknurk on kinnine murdjoon.&nbsp; L\u00f5ike, millest see murdjoon koosneb, nimetatakse hulknurga k\u00fclgedeks, nende otspunkte hulknurga tippudeks.&nbsp; Hulknurgad on: kolmnurk, nelinurk, viisnurk, kuusnurk, seitsenurk, kaheksanurk, \u00fcheksanurk, k\u00fcmmenurk, \u00fcheteistnurk jne.&nbsp; Hulknurka nimetatakse korrap\u00e4raseks, kui k\u00f5ik selle k\u00fcljed on v\u00f5rdsed ja k\u00f5ik k\u00fclgedevahelised nurgad on v\u00f5rdsed.&nbsp; Hulknurgad&nbsp;on tasandilised kujundid.&nbsp; Kumer hulknurk on hulknurk, mille \u00fckski sisenurk ei&hellip;","_links":{"self":[{"href":"https:\/\/domath.surju.ee\/et\/wp-json\/wp\/v2\/pages\/1751","targetHints":{"allow":["GET"]}}],"collection":[{"href":"https:\/\/domath.surju.ee\/et\/wp-json\/wp\/v2\/pages"}],"about":[{"href":"https:\/\/domath.surju.ee\/et\/wp-json\/wp\/v2\/types\/page"}],"author":[{"embeddable":true,"href":"https:\/\/domath.surju.ee\/et\/wp-json\/wp\/v2\/users\/8"}],"replies":[{"embeddable":true,"href":"https:\/\/domath.surju.ee\/et\/wp-json\/wp\/v2\/comments?post=1751"}],"version-history":[{"count":6,"href":"https:\/\/domath.surju.ee\/et\/wp-json\/wp\/v2\/pages\/1751\/revisions"}],"predecessor-version":[{"id":5088,"href":"https:\/\/domath.surju.ee\/et\/wp-json\/wp\/v2\/pages\/1751\/revisions\/5088"}],"wp:attachment":[{"href":"https:\/\/domath.surju.ee\/et\/wp-json\/wp\/v2\/media?parent=1751"}],"wp:term":[{"taxonomy":"category","embeddable":true,"href":"https:\/\/domath.surju.ee\/et\/wp-json\/wp\/v2\/categories?post=1751"},{"taxonomy":"post_tag","embeddable":true,"href":"https:\/\/domath.surju.ee\/et\/wp-json\/wp\/v2\/tags?post=1751"}],"curies":[{"name":"wp","href":"https:\/\/api.w.org\/{rel}","templated":true}]}}