{"id":1748,"date":"2024-04-16T06:14:39","date_gmt":"2024-04-16T06:14:39","guid":{"rendered":"https:\/\/domath.surju.ee\/?page_id=1748"},"modified":"2024-12-30T23:28:57","modified_gmt":"2024-12-30T23:28:57","slug":"ten","status":"publish","type":"page","link":"https:\/\/domath.surju.ee\/et\/kumme\/","title":{"rendered":"K\u00fcmme"},"content":{"rendered":"<h1 style=\"text-align: center;\"><span style=\"color: #008000;\"><strong>K\u00fcmme<\/strong><\/span><\/h1>\r\n<p><span style=\"color: #ff0000;\"><strong>10<\/strong> <strong>(k\u00fcmme)<\/strong><\/span> on arv, mis otseselt j\u00e4rgneb arvule 9 ja eelneb arvule 11.&nbsp; <strong>K\u00fcmme<\/strong> on paarisarv. K\u00fcmme m\u00e4rgitakse rooma numbritega X.&nbsp;<\/p>\r\n<p><strong>K\u00fcmme<\/strong> on arvude k\u00fcmnends\u00fcsteemi aluseks.&nbsp;<\/p>\r\n<p>&nbsp;<\/p>\r\n<div class=\"wp-block-image\">\r\n<figure class=\"aligncenter size-full is-resized\"><img loading=\"lazy\" decoding=\"async\" width=\"842\" height=\"403\" class=\"wp-image-3344\" style=\"width: 484px; height: auto;\" src=\"https:\/\/domath.surju.ee\/wp-content\/uploads\/2024\/07\/Decimal_digit.png\" alt=\"\" srcset=\"https:\/\/domath.surju.ee\/wp-content\/uploads\/2024\/07\/Decimal_digit.png 842w, https:\/\/domath.surju.ee\/wp-content\/uploads\/2024\/07\/Decimal_digit-300x144.png 300w, https:\/\/domath.surju.ee\/wp-content\/uploads\/2024\/07\/Decimal_digit-768x368.png 768w, https:\/\/domath.surju.ee\/wp-content\/uploads\/2024\/07\/Decimal_digit-24x11.png 24w, https:\/\/domath.surju.ee\/wp-content\/uploads\/2024\/07\/Decimal_digit-36x17.png 36w, https:\/\/domath.surju.ee\/wp-content\/uploads\/2024\/07\/Decimal_digit-48x23.png 48w\" sizes=\"auto, (max-width: 842px) 100vw, 842px\" \/><\/figure><\/div>\r\n\r\n<p class=\"has-text-align-center\"><a href=\"https:\/\/en.wikipedia.org\/wiki\/File:Decimal_digit.png\">https:\/\/en.wikipedia.org\/wiki\/File:Decimal_digit.png<\/a><\/p>\r\n\r\n\r\n<hr class=\"wp-block-separator has-alpha-channel-opacity\" \/>\r\n\r\n<h5 class=\"wp-block-heading alignwide has-text-align-center\"><span style=\"color: #99ccff; background-color: #333399;\">Decimal system the base number is 10<\/span><\/h5>\r\n\r\n<div class=\"wp-block-image\">\r\n<figure class=\"aligncenter size-full is-resized\"><img loading=\"lazy\" decoding=\"async\" width=\"921\" height=\"201\" class=\"wp-image-3361\" style=\"width: 747px; height: auto;\" src=\"https:\/\/domath.surju.ee\/wp-content\/uploads\/2024\/07\/common-denominators-2.png\" alt=\"\" srcset=\"https:\/\/domath.surju.ee\/wp-content\/uploads\/2024\/07\/common-denominators-2.png 921w, https:\/\/domath.surju.ee\/wp-content\/uploads\/2024\/07\/common-denominators-2-300x65.png 300w, https:\/\/domath.surju.ee\/wp-content\/uploads\/2024\/07\/common-denominators-2-768x168.png 768w, https:\/\/domath.surju.ee\/wp-content\/uploads\/2024\/07\/common-denominators-2-24x5.png 24w, https:\/\/domath.surju.ee\/wp-content\/uploads\/2024\/07\/common-denominators-2-36x8.png 36w, https:\/\/domath.surju.ee\/wp-content\/uploads\/2024\/07\/common-denominators-2-48x10.png 48w\" sizes=\"auto, (max-width: 921px) 100vw, 921px\" \/><\/figure><\/div>\r\n\r\n<hr class=\"wp-block-separator has-alpha-channel-opacity\" \/>\r\n<div class=\"wp-block-image\">\r\n<figure class=\"aligncenter size-full is-resized\"><a href=\"https:\/\/www.mathsisfun.com\/numbers\/fix-equation-10.html\"><img loading=\"lazy\" decoding=\"async\" width=\"918\" height=\"823\" class=\"wp-image-3346\" style=\"width: 406px; height: auto;\" src=\"https:\/\/domath.surju.ee\/wp-content\/uploads\/2024\/07\/Kuvatommis-2024-07-31-195839.png\" alt=\"\" srcset=\"https:\/\/domath.surju.ee\/wp-content\/uploads\/2024\/07\/Kuvatommis-2024-07-31-195839.png 918w, https:\/\/domath.surju.ee\/wp-content\/uploads\/2024\/07\/Kuvatommis-2024-07-31-195839-300x269.png 300w, https:\/\/domath.surju.ee\/wp-content\/uploads\/2024\/07\/Kuvatommis-2024-07-31-195839-768x689.png 768w, https:\/\/domath.surju.ee\/wp-content\/uploads\/2024\/07\/Kuvatommis-2024-07-31-195839-24x22.png 24w, https:\/\/domath.surju.ee\/wp-content\/uploads\/2024\/07\/Kuvatommis-2024-07-31-195839-36x32.png 36w, https:\/\/domath.surju.ee\/wp-content\/uploads\/2024\/07\/Kuvatommis-2024-07-31-195839-48x43.png 48w\" sizes=\"auto, (max-width: 918px) 100vw, 918px\" \/><\/a><\/figure><\/div>\r\n\r\n<p class=\"has-text-align-center\"><a href=\"https:\/\/www.mathsisfun.com\/numbers\/fix-equation-10.html\">https:\/\/www.mathsisfun.com\/numbers\/fix-equation-10.html<\/a><\/p>\r\n\r\n\r\n<p>&nbsp;<\/p>\r\n","protected":false},"excerpt":{"rendered":"<p>K\u00fcmme 10 (k\u00fcmme) on arv, mis otseselt j\u00e4rgneb arvule 9 ja eelneb arvule 11.&nbsp; K\u00fcmme on paarisarv. K\u00fcmme m\u00e4rgitakse rooma numbritega X.&nbsp; K\u00fcmme on arvude k\u00fcmnends\u00fcsteemi aluseks.&nbsp; &nbsp; https:\/\/en.wikipedia.org\/wiki\/File:Decimal_digit.png Decimal system the base number is 10 https:\/\/www.mathsisfun.com\/numbers\/fix-equation-10.html &nbsp; [&#8230;]<\/p>\n<p><a class=\"btn btn-secondary understrap-read-more-link\" href=\"https:\/\/domath.surju.ee\/et\/kumme\/\">Read More&#8230;<span class=\"screen-reader-text\"> from K\u00fcmme<\/span><\/a><\/p>\n","protected":false},"author":12,"featured_media":0,"parent":0,"menu_order":0,"comment_status":"closed","ping_status":"closed","template":"","meta":{"_eb_attr":"","_uag_custom_page_level_css":"","footnotes":""},"categories":[],"tags":[23,76,74],"class_list":["post-1748","page","type-page","status-publish","hentry","tag-english-t","tag-estonian-k","tag-greek-delta"],"uagb_featured_image_src":{"full":false,"thumbnail":false,"medium":false,"medium_large":false,"large":false,"1536x1536":false,"2048x2048":false,"menu-24x24":false,"menu-36x36":false,"menu-48x48":false},"uagb_author_info":{"display_name":"Ave Kartau","author_link":"https:\/\/domath.surju.ee\/et\/author\/ave\/"},"uagb_comment_info":0,"uagb_excerpt":"K\u00fcmme 10 (k\u00fcmme) on arv, mis otseselt j\u00e4rgneb arvule 9 ja eelneb arvule 11.&nbsp; K\u00fcmme on paarisarv. K\u00fcmme m\u00e4rgitakse rooma numbritega X.&nbsp; K\u00fcmme on arvude k\u00fcmnends\u00fcsteemi aluseks.&nbsp; &nbsp; https:\/\/en.wikipedia.org\/wiki\/File:Decimal_digit.png Decimal system the base number is 10 https:\/\/www.mathsisfun.com\/numbers\/fix-equation-10.html &nbsp; [...]Read More... from K\u00fcmme","_links":{"self":[{"href":"https:\/\/domath.surju.ee\/et\/wp-json\/wp\/v2\/pages\/1748","targetHints":{"allow":["GET"]}}],"collection":[{"href":"https:\/\/domath.surju.ee\/et\/wp-json\/wp\/v2\/pages"}],"about":[{"href":"https:\/\/domath.surju.ee\/et\/wp-json\/wp\/v2\/types\/page"}],"author":[{"embeddable":true,"href":"https:\/\/domath.surju.ee\/et\/wp-json\/wp\/v2\/users\/12"}],"replies":[{"embeddable":true,"href":"https:\/\/domath.surju.ee\/et\/wp-json\/wp\/v2\/comments?post=1748"}],"version-history":[{"count":12,"href":"https:\/\/domath.surju.ee\/et\/wp-json\/wp\/v2\/pages\/1748\/revisions"}],"predecessor-version":[{"id":5303,"href":"https:\/\/domath.surju.ee\/et\/wp-json\/wp\/v2\/pages\/1748\/revisions\/5303"}],"wp:attachment":[{"href":"https:\/\/domath.surju.ee\/et\/wp-json\/wp\/v2\/media?parent=1748"}],"wp:term":[{"taxonomy":"category","embeddable":true,"href":"https:\/\/domath.surju.ee\/et\/wp-json\/wp\/v2\/categories?post=1748"},{"taxonomy":"post_tag","embeddable":true,"href":"https:\/\/domath.surju.ee\/et\/wp-json\/wp\/v2\/tags?post=1748"}],"curies":[{"name":"wp","href":"https:\/\/api.w.org\/{rel}","templated":true}]}}