{"id":1718,"date":"2024-04-06T05:02:48","date_gmt":"2024-04-06T05:02:48","guid":{"rendered":"https:\/\/domath.surju.ee\/?page_id=1718"},"modified":"2024-12-27T21:47:48","modified_gmt":"2024-12-27T21:47:48","slug":"formula","status":"publish","type":"page","link":"https:\/\/domath.surju.ee\/et\/valem\/","title":{"rendered":"Valem"},"content":{"rendered":"<h1 style=\"text-align: center;\"><strong><span style=\"color: #008000;\">Valem<\/span><\/strong><\/h1>\r\n\r\n<p><span style=\"color: #ff0000;\"><strong>Valem<\/strong> <\/span>on matemaatika reegel, mis on avaldatud matemaatiliste s\u00fcmbolite kaudu.&nbsp;<br \/>\r\n<br \/>\r\n<span style=\"color: #0000ff;\"><strong>N\u00e4ide:<\/strong><\/span> <br \/>\r\nRistk\u00fcliku pindala valem on <strong>S=ab<\/strong> (S = pikkus x&nbsp; laius)<br \/>\r\n<br \/>\r\nKiiruse arvutamise valem<strong> v = s\/t<\/strong> ( v= s: t)<br \/>\r\nv- kiirus (km\/h, m\/s)<br \/>\r\ns- teepikkus (km, m)<br \/>\r\nt &#8211;&nbsp; aeg (h, s)<\/p>\r\n\r\n\r\n<p><a href=\"https:\/\/www.splashlearn.com\/math-vocabulary\/algebra\/formula\">https:\/\/www.splashlearn.com\/math-vocabulary\/algebra\/formula<\/a><br \/>\r\n<br \/>\r\nJoonisel on ruudu, ristk\u00fcliku, ringi, kolmnurga, trapetsi, r\u00f6\u00f6pk\u00fcliku pindala ja \u00fcmberm\u00f5\u00f5du valemid.<\/p>\r\n\r\n\r\n<figure class=\"wp-block-image size-full\"><img loading=\"lazy\" decoding=\"async\" width=\"620\" height=\"661\" class=\"wp-image-1725\" src=\"https:\/\/domath.surju.ee\/wp-content\/uploads\/2024\/04\/Formula-1.png\" alt=\"\" srcset=\"https:\/\/domath.surju.ee\/wp-content\/uploads\/2024\/04\/Formula-1.png 620w, https:\/\/domath.surju.ee\/wp-content\/uploads\/2024\/04\/Formula-1-281x300.png 281w, https:\/\/domath.surju.ee\/wp-content\/uploads\/2024\/04\/Formula-1-34x36.png 34w, https:\/\/domath.surju.ee\/wp-content\/uploads\/2024\/04\/Formula-1-45x48.png 45w\" sizes=\"auto, (max-width: 620px) 100vw, 620px\" \/><\/figure>\r\n","protected":false},"excerpt":{"rendered":"<p>Valem Valem on matemaatika reegel, mis on avaldatud matemaatiliste s\u00fcmbolite kaudu.&nbsp; N\u00e4ide: Ristk\u00fcliku pindala valem on S=ab (S = pikkus x&nbsp; laius) Kiiruse arvutamise valem v = s\/t ( v= s: t) v- kiirus (km\/h, m\/s) s- teepikkus (km, m) t &#8211;&nbsp; aeg (h, s) https:\/\/www.splashlearn.com\/math-vocabulary\/algebra\/formula Joonisel on ruudu, ristk\u00fcliku, ringi, kolmnurga, trapetsi, r\u00f6\u00f6pk\u00fcliku pindala [&#8230;]<\/p>\n<p><a class=\"btn btn-secondary understrap-read-more-link\" href=\"https:\/\/domath.surju.ee\/et\/valem\/\">Read More&#8230;<span class=\"screen-reader-text\"> from Valem<\/span><\/a><\/p>\n","protected":false},"author":10,"featured_media":0,"parent":0,"menu_order":0,"comment_status":"closed","ping_status":"closed","template":"","meta":{"_eb_attr":"","_uag_custom_page_level_css":"","footnotes":""},"categories":[],"tags":[68,119,153],"class_list":["post-1718","page","type-page","status-publish","hentry","tag-english-f","tag-estonian-v","tag-greek-phi"],"uagb_featured_image_src":{"full":false,"thumbnail":false,"medium":false,"medium_large":false,"large":false,"1536x1536":false,"2048x2048":false,"menu-24x24":false,"menu-36x36":false,"menu-48x48":false},"uagb_author_info":{"display_name":"Maria Kosmidou","author_link":"https:\/\/domath.surju.ee\/et\/author\/maria\/"},"uagb_comment_info":0,"uagb_excerpt":"Valem Valem on matemaatika reegel, mis on avaldatud matemaatiliste s\u00fcmbolite kaudu.&nbsp; N\u00e4ide: Ristk\u00fcliku pindala valem on S=ab (S = pikkus x&nbsp; laius) Kiiruse arvutamise valem v = s\/t ( v= s: t) v- kiirus (km\/h, m\/s) s- teepikkus (km, m) t &#8211;&nbsp; aeg (h, s) https:\/\/www.splashlearn.com\/math-vocabulary\/algebra\/formula Joonisel on ruudu, ristk\u00fcliku, ringi, kolmnurga, trapetsi, r\u00f6\u00f6pk\u00fcliku pindala&hellip;","_links":{"self":[{"href":"https:\/\/domath.surju.ee\/et\/wp-json\/wp\/v2\/pages\/1718","targetHints":{"allow":["GET"]}}],"collection":[{"href":"https:\/\/domath.surju.ee\/et\/wp-json\/wp\/v2\/pages"}],"about":[{"href":"https:\/\/domath.surju.ee\/et\/wp-json\/wp\/v2\/types\/page"}],"author":[{"embeddable":true,"href":"https:\/\/domath.surju.ee\/et\/wp-json\/wp\/v2\/users\/10"}],"replies":[{"embeddable":true,"href":"https:\/\/domath.surju.ee\/et\/wp-json\/wp\/v2\/comments?post=1718"}],"version-history":[{"count":8,"href":"https:\/\/domath.surju.ee\/et\/wp-json\/wp\/v2\/pages\/1718\/revisions"}],"predecessor-version":[{"id":4079,"href":"https:\/\/domath.surju.ee\/et\/wp-json\/wp\/v2\/pages\/1718\/revisions\/4079"}],"wp:attachment":[{"href":"https:\/\/domath.surju.ee\/et\/wp-json\/wp\/v2\/media?parent=1718"}],"wp:term":[{"taxonomy":"category","embeddable":true,"href":"https:\/\/domath.surju.ee\/et\/wp-json\/wp\/v2\/categories?post=1718"},{"taxonomy":"post_tag","embeddable":true,"href":"https:\/\/domath.surju.ee\/et\/wp-json\/wp\/v2\/tags?post=1718"}],"curies":[{"name":"wp","href":"https:\/\/api.w.org\/{rel}","templated":true}]}}