{"id":170,"date":"2023-09-19T04:55:36","date_gmt":"2023-09-19T04:55:36","guid":{"rendered":"https:\/\/domath.surju.ee\/?page_id=170"},"modified":"2025-01-02T19:45:26","modified_gmt":"2025-01-02T19:45:26","slug":"subtraction","status":"publish","type":"page","link":"https:\/\/domath.surju.ee\/et\/lahutamine\/","title":{"rendered":"Lahutamine"},"content":{"rendered":"<h1 style=\"text-align: center;\"><span style=\"color: #008000;\"><strong>Lahutamine<\/strong><\/span><\/h1>\r\n<p><strong>Lahutamine<\/strong> on liitmise p\u00f6\u00f6rdtehe.&nbsp;<br \/>\r\nLahutamise tehtem\u00e4rgina kasutatakse <strong>miinusm\u00e4rki<\/strong> (<strong>&#8211;<\/strong>). <br \/>\r\n<strong>Lahutamise<\/strong> tulemus on <strong>vahe<\/strong>.&nbsp;<br \/>\r\n<img loading=\"lazy\" decoding=\"async\" class=\"size-medium wp-image-5301 alignleft\" src=\"https:\/\/domath.surju.ee\/wp-content\/uploads\/2024\/12\/Kuvatommis-2024-12-31-005654-300x136.png\" alt=\"\" width=\"300\" height=\"136\" srcset=\"https:\/\/domath.surju.ee\/wp-content\/uploads\/2024\/12\/Kuvatommis-2024-12-31-005654-300x136.png 300w, https:\/\/domath.surju.ee\/wp-content\/uploads\/2024\/12\/Kuvatommis-2024-12-31-005654-24x11.png 24w, https:\/\/domath.surju.ee\/wp-content\/uploads\/2024\/12\/Kuvatommis-2024-12-31-005654-36x16.png 36w, https:\/\/domath.surju.ee\/wp-content\/uploads\/2024\/12\/Kuvatommis-2024-12-31-005654-48x22.png 48w, https:\/\/domath.surju.ee\/wp-content\/uploads\/2024\/12\/Kuvatommis-2024-12-31-005654.png 399w\" sizes=\"auto, (max-width: 300px) 100vw, 300px\" \/><img loading=\"lazy\" decoding=\"async\" class=\"alignnone size-medium wp-image-5302\" src=\"https:\/\/domath.surju.ee\/wp-content\/uploads\/2024\/12\/Kuvatommis-2024-12-31-005640-300x132.png\" alt=\"\" width=\"300\" height=\"132\" srcset=\"https:\/\/domath.surju.ee\/wp-content\/uploads\/2024\/12\/Kuvatommis-2024-12-31-005640-300x132.png 300w, https:\/\/domath.surju.ee\/wp-content\/uploads\/2024\/12\/Kuvatommis-2024-12-31-005640-24x11.png 24w, https:\/\/domath.surju.ee\/wp-content\/uploads\/2024\/12\/Kuvatommis-2024-12-31-005640-36x16.png 36w, https:\/\/domath.surju.ee\/wp-content\/uploads\/2024\/12\/Kuvatommis-2024-12-31-005640-48x21.png 48w, https:\/\/domath.surju.ee\/wp-content\/uploads\/2024\/12\/Kuvatommis-2024-12-31-005640.png 436w\" sizes=\"auto, (max-width: 300px) 100vw, 300px\" \/><br \/>\r\n<br \/>\r\n<\/p>\r\n<h5><span style=\"font-size: 12pt;\"><strong><span style=\"color: #0000ff;\">N\u00e4ited:&nbsp;<\/span><\/strong><\/span><\/h5>\r\n<p><img loading=\"lazy\" decoding=\"async\" class=\"wp-image-4398 alignleft\" src=\"https:\/\/domath.surju.ee\/wp-content\/uploads\/2024\/08\/Subtraction01.svg_-300x200.png\" alt=\"\" width=\"185\" height=\"123\" srcset=\"https:\/\/domath.surju.ee\/wp-content\/uploads\/2024\/08\/Subtraction01.svg_-300x200.png 300w, https:\/\/domath.surju.ee\/wp-content\/uploads\/2024\/08\/Subtraction01.svg_-24x16.png 24w, https:\/\/domath.surju.ee\/wp-content\/uploads\/2024\/08\/Subtraction01.svg_-36x24.png 36w, https:\/\/domath.surju.ee\/wp-content\/uploads\/2024\/08\/Subtraction01.svg_-48x32.png 48w, https:\/\/domath.surju.ee\/wp-content\/uploads\/2024\/08\/Subtraction01.svg_.png 450w\" sizes=\"auto, (max-width: 185px) 100vw, 185px\" \/><\/p>\r\n<p>Viiest virsikust v\u00f5etakse kaks \u00e4ra ja j\u00e4rele j\u00e4\u00e4b kolm virsikut.&nbsp; <br \/>\r\n<strong>5 \u2212 2 = 3. <\/strong><\/p>\r\n\r\n<p><a href=\"https:\/\/en.wikipedia.org\/wiki\/Subtraction\">https:\/\/en.wikipedia.org\/wiki\/Subtraction<\/a><\/p>\r\n\r\n <iframe loading=\"lazy\" style=\"border: 0px;\" title=\"Lahutamine 3\" src=\"https:\/\/www.geogebra.org\/material\/iframe\/id\/pnq4s9gh\/width\/1300\/height\/585\/border\/888888\/sfsb\/true\/smb\/false\/stb\/false\/stbh\/false\/ai\/false\/asb\/false\/sri\/false\/rc\/false\/ld\/false\/sdz\/false\/ctl\/false\" width=\"700px\" height=\"300px\" scrolling=\"no\"> <\/iframe> \r\n <iframe loading=\"lazy\" style=\"border: 0px;\" title=\"Lahutamine2\" src=\"https:\/\/www.geogebra.org\/material\/iframe\/id\/nbvnhfjg\/width\/1100\/height\/485\/border\/888888\/sfsb\/true\/smb\/false\/stb\/false\/stbh\/false\/ai\/false\/asb\/false\/sri\/false\/rc\/false\/ld\/false\/sdz\/false\/ctl\/false\" width=\"700px\" height=\"300px\" scrolling=\"no\"> <\/iframe> \r\n <iframe loading=\"lazy\" style=\"border: 0px;\" title=\"Lahutamine 3\" src=\"https:\/\/www.geogebra.org\/material\/iframe\/id\/pjq2spus\/width\/1100\/height\/485\/border\/888888\/sfsb\/true\/smb\/false\/stb\/false\/stbh\/false\/ai\/false\/asb\/false\/sri\/false\/rc\/false\/ld\/false\/sdz\/false\/ctl\/false\" width=\"700px\" height=\"300px\" scrolling=\"no\"> <\/iframe> \r\n<p><a href=\"https:\/\/www.geogebra.org\/u\/ccambre\"><span class=\"notranslate\">chris cambr\u00e9<\/span><\/a> , <a href=\"https:\/\/creativecommons.org\/licenses\/by-sa\/3.0\">CC-BY-SA<\/a>,&nbsp;<a href=\"https:\/\/www.geogebra.org\/tos\">GeoGebra Terms of Use<\/a><\/p>\r\n<div class=\"wp-block-image\">\r\n<figure class=\"aligncenter size-large is-resized\"><a href=\"https:\/\/www.thatquiz.org\/tq-1\/math\/arithmetic\/\" target=\"_blank\" rel=\"noreferrer noopener\"><img loading=\"lazy\" decoding=\"async\" width=\"1024\" height=\"379\" class=\"wp-image-4402\" style=\"width: 612px; height: auto;\" src=\"https:\/\/domath.surju.ee\/wp-content\/uploads\/2024\/08\/Kuvatommis-2024-08-12-180342-1024x379.png\" alt=\"\" srcset=\"https:\/\/domath.surju.ee\/wp-content\/uploads\/2024\/08\/Kuvatommis-2024-08-12-180342-1024x379.png 1024w, https:\/\/domath.surju.ee\/wp-content\/uploads\/2024\/08\/Kuvatommis-2024-08-12-180342-300x111.png 300w, https:\/\/domath.surju.ee\/wp-content\/uploads\/2024\/08\/Kuvatommis-2024-08-12-180342-768x285.png 768w, https:\/\/domath.surju.ee\/wp-content\/uploads\/2024\/08\/Kuvatommis-2024-08-12-180342-1536x569.png 1536w, https:\/\/domath.surju.ee\/wp-content\/uploads\/2024\/08\/Kuvatommis-2024-08-12-180342-24x9.png 24w, https:\/\/domath.surju.ee\/wp-content\/uploads\/2024\/08\/Kuvatommis-2024-08-12-180342-36x13.png 36w, https:\/\/domath.surju.ee\/wp-content\/uploads\/2024\/08\/Kuvatommis-2024-08-12-180342-48x18.png 48w, https:\/\/domath.surju.ee\/wp-content\/uploads\/2024\/08\/Kuvatommis-2024-08-12-180342.png 1870w\" sizes=\"auto, (max-width: 1024px) 100vw, 1024px\" \/><\/a><\/figure><\/div>\r\n<p style=\"text-align: center;\"><a href=\"https:\/\/www.thatquiz.org\/tq-1\/math\/arithmetic\/\">https:\/\/www.thatquiz.org\/tq-1\/math\/arithmetic\/<\/a><\/p>","protected":false},"excerpt":{"rendered":"<p>Lahutamine Lahutamine on liitmise p\u00f6\u00f6rdtehe.&nbsp; Lahutamise tehtem\u00e4rgina kasutatakse miinusm\u00e4rki (&#8211;). Lahutamise tulemus on vahe.&nbsp; N\u00e4ited:&nbsp; Viiest virsikust v\u00f5etakse kaks \u00e4ra ja j\u00e4rele j\u00e4\u00e4b kolm virsikut.&nbsp; 5 \u2212 2 = 3. https:\/\/en.wikipedia.org\/wiki\/Subtraction chris cambr\u00e9 , CC-BY-SA,&nbsp;GeoGebra Terms of Use https:\/\/www.thatquiz.org\/tq-1\/math\/arithmetic\/ [&#8230;]<\/p>\n<p><a class=\"btn btn-secondary understrap-read-more-link\" href=\"https:\/\/domath.surju.ee\/et\/lahutamine\/\">Read More&#8230;<span class=\"screen-reader-text\"> from Lahutamine<\/span><\/a><\/p>\n","protected":false},"author":1,"featured_media":0,"parent":0,"menu_order":0,"comment_status":"closed","ping_status":"closed","template":"","meta":{"_eb_attr":"","_uag_custom_page_level_css":"","footnotes":""},"categories":[],"tags":[41,4,86],"class_list":["post-170","page","type-page","status-publish","hentry","tag-english-s","tag-estonian-l","tag-greek-alpha"],"uagb_featured_image_src":{"full":false,"thumbnail":false,"medium":false,"medium_large":false,"large":false,"1536x1536":false,"2048x2048":false,"menu-24x24":false,"menu-36x36":false,"menu-48x48":false},"uagb_author_info":{"display_name":"valter","author_link":"https:\/\/domath.surju.ee\/et\/author\/valter\/"},"uagb_comment_info":0,"uagb_excerpt":"Lahutamine Lahutamine on liitmise p\u00f6\u00f6rdtehe.&nbsp; Lahutamise tehtem\u00e4rgina kasutatakse miinusm\u00e4rki (&#8211;). Lahutamise tulemus on vahe.&nbsp; N\u00e4ited:&nbsp; Viiest virsikust v\u00f5etakse kaks \u00e4ra ja j\u00e4rele j\u00e4\u00e4b kolm virsikut.&nbsp; 5 \u2212 2 = 3. https:\/\/en.wikipedia.org\/wiki\/Subtraction chris cambr\u00e9 , CC-BY-SA,&nbsp;GeoGebra Terms of Use https:\/\/www.thatquiz.org\/tq-1\/math\/arithmetic\/ [...]Read More... from Lahutamine","_links":{"self":[{"href":"https:\/\/domath.surju.ee\/et\/wp-json\/wp\/v2\/pages\/170","targetHints":{"allow":["GET"]}}],"collection":[{"href":"https:\/\/domath.surju.ee\/et\/wp-json\/wp\/v2\/pages"}],"about":[{"href":"https:\/\/domath.surju.ee\/et\/wp-json\/wp\/v2\/types\/page"}],"author":[{"embeddable":true,"href":"https:\/\/domath.surju.ee\/et\/wp-json\/wp\/v2\/users\/1"}],"replies":[{"embeddable":true,"href":"https:\/\/domath.surju.ee\/et\/wp-json\/wp\/v2\/comments?post=170"}],"version-history":[{"count":14,"href":"https:\/\/domath.surju.ee\/et\/wp-json\/wp\/v2\/pages\/170\/revisions"}],"predecessor-version":[{"id":4413,"href":"https:\/\/domath.surju.ee\/et\/wp-json\/wp\/v2\/pages\/170\/revisions\/4413"}],"wp:attachment":[{"href":"https:\/\/domath.surju.ee\/et\/wp-json\/wp\/v2\/media?parent=170"}],"wp:term":[{"taxonomy":"category","embeddable":true,"href":"https:\/\/domath.surju.ee\/et\/wp-json\/wp\/v2\/categories?post=170"},{"taxonomy":"post_tag","embeddable":true,"href":"https:\/\/domath.surju.ee\/et\/wp-json\/wp\/v2\/tags?post=170"}],"curies":[{"name":"wp","href":"https:\/\/api.w.org\/{rel}","templated":true}]}}