{"id":1548,"date":"2024-03-26T15:41:37","date_gmt":"2024-03-26T15:41:37","guid":{"rendered":"https:\/\/domath.surju.ee\/?page_id=1548"},"modified":"2024-12-27T15:43:42","modified_gmt":"2024-12-27T15:43:42","slug":"decimal-system","status":"publish","type":"page","link":"https:\/\/domath.surju.ee\/et\/kumnendsusteem2\/","title":{"rendered":"K\u00fcmnends\u00fcsteem"},"content":{"rendered":"<h1 style=\"text-align: center;\"><span style=\"color: #008000;\">K\u00fcmnends\u00fcsteem<\/span><\/h1>\r\n\r\n<p><strong><br \/>\r\n<span style=\"color: #ff0000;\">K\u00fcmnends\u00fcsteem<\/span> on numbrite s\u00fcsteem, mis p\u00f5hineb arvul 10. <br \/>\r\n<\/strong>K\u00fcmnends\u00fcsteem on v\u00f5imalus loendada ja esitada arve k\u00fcmne numbri abil: <strong>0, 1, 2, 3, 4, 5, 6, 7, 8, 9.<br \/>\r\n<br \/>\r\nK\u00fcmnends\u00fcsteem on positsiooniline arvus\u00fcsteem, milles iga numbri t\u00e4hendus oleneb tema asukohast (positsioonist) arvus. Liikudes vasakult paremale t\u00e4histab iga number eelmisest 10 korda v\u00e4iksemaid \u00fchikuid.<br \/>\r\n<br \/>\r\n<span style=\"color: #0000ff;\">N\u00e4ide.<\/span><br \/>\r\n<\/strong>Arvus 538 liikudes vasakult paremale esimene number n\u00e4itab, et arvus on 5 sajalist, teine number n\u00e4itab, et arvus on 3 k\u00fcmnelist ja kolmas number n\u00e4itab, et arvus on 8 \u00fchelist.<\/p>\r\n\r\n\r\n<p><mark class=\"has-inline-color has-indigo-color\" style=\"background-color: rgba(0, 0, 0, 0);\"><strong> 538=(5&#215;100)+(3&#215;10)+8<\/strong><\/mark><\/p>\r\n\r\n\r\n<p><b>Siin on m\u00e4ng numbritega.&nbsp;<\/b><\/p>\r\n\r\n\r\n<p><a href=\"https:\/\/mathsframe.co.uk\/en\/resources\/resource\/37\/placing-numbers-on-a-number-line\">https:\/\/mathsframe.co.uk\/en\/resources\/resource\/37\/placing-numbers-on-a-number-line<\/a><\/p>\r\n","protected":false},"excerpt":{"rendered":"<p>K\u00fcmnends\u00fcsteem K\u00fcmnends\u00fcsteem on numbrite s\u00fcsteem, mis p\u00f5hineb arvul 10. K\u00fcmnends\u00fcsteem on v\u00f5imalus loendada ja esitada arve k\u00fcmne numbri abil: 0, 1, 2, 3, 4, 5, 6, 7, 8, 9. K\u00fcmnends\u00fcsteem on positsiooniline arvus\u00fcsteem, milles iga numbri t\u00e4hendus oleneb tema asukohast (positsioonist) arvus. Liikudes vasakult paremale t\u00e4histab iga number eelmisest 10 korda v\u00e4iksemaid \u00fchikuid. N\u00e4ide. Arvus [&#8230;]<\/p>\n<p><a class=\"btn btn-secondary understrap-read-more-link\" href=\"https:\/\/domath.surju.ee\/et\/kumnendsusteem2\/\">Read More&#8230;<span class=\"screen-reader-text\"> from K\u00fcmnends\u00fcsteem<\/span><\/a><\/p>\n","protected":false},"author":9,"featured_media":0,"parent":0,"menu_order":0,"comment_status":"closed","ping_status":"closed","template":"","meta":{"_eb_attr":"","_uag_custom_page_level_css":"","footnotes":""},"categories":[],"tags":[12,74],"class_list":["post-1548","page","type-page","status-publish","hentry","tag-english-d","tag-greek-delta"],"uagb_featured_image_src":{"full":false,"thumbnail":false,"medium":false,"medium_large":false,"large":false,"1536x1536":false,"2048x2048":false,"menu-24x24":false,"menu-36x36":false,"menu-48x48":false},"uagb_author_info":{"display_name":"Styliani Bempi","author_link":"https:\/\/domath.surju.ee\/et\/author\/styliani\/"},"uagb_comment_info":0,"uagb_excerpt":"K\u00fcmnends\u00fcsteem K\u00fcmnends\u00fcsteem on numbrite s\u00fcsteem, mis p\u00f5hineb arvul 10. K\u00fcmnends\u00fcsteem on v\u00f5imalus loendada ja esitada arve k\u00fcmne numbri abil: 0, 1, 2, 3, 4, 5, 6, 7, 8, 9. K\u00fcmnends\u00fcsteem on positsiooniline arvus\u00fcsteem, milles iga numbri t\u00e4hendus oleneb tema asukohast (positsioonist) arvus. Liikudes vasakult paremale t\u00e4histab iga number eelmisest 10 korda v\u00e4iksemaid \u00fchikuid. N\u00e4ide. Arvus&hellip;","_links":{"self":[{"href":"https:\/\/domath.surju.ee\/et\/wp-json\/wp\/v2\/pages\/1548","targetHints":{"allow":["GET"]}}],"collection":[{"href":"https:\/\/domath.surju.ee\/et\/wp-json\/wp\/v2\/pages"}],"about":[{"href":"https:\/\/domath.surju.ee\/et\/wp-json\/wp\/v2\/types\/page"}],"author":[{"embeddable":true,"href":"https:\/\/domath.surju.ee\/et\/wp-json\/wp\/v2\/users\/9"}],"replies":[{"embeddable":true,"href":"https:\/\/domath.surju.ee\/et\/wp-json\/wp\/v2\/comments?post=1548"}],"version-history":[{"count":8,"href":"https:\/\/domath.surju.ee\/et\/wp-json\/wp\/v2\/pages\/1548\/revisions"}],"predecessor-version":[{"id":5030,"href":"https:\/\/domath.surju.ee\/et\/wp-json\/wp\/v2\/pages\/1548\/revisions\/5030"}],"wp:attachment":[{"href":"https:\/\/domath.surju.ee\/et\/wp-json\/wp\/v2\/media?parent=1548"}],"wp:term":[{"taxonomy":"category","embeddable":true,"href":"https:\/\/domath.surju.ee\/et\/wp-json\/wp\/v2\/categories?post=1548"},{"taxonomy":"post_tag","embeddable":true,"href":"https:\/\/domath.surju.ee\/et\/wp-json\/wp\/v2\/tags?post=1548"}],"curies":[{"name":"wp","href":"https:\/\/api.w.org\/{rel}","templated":true}]}}