{"id":1546,"date":"2024-03-26T15:37:24","date_gmt":"2024-03-26T15:37:24","guid":{"rendered":"https:\/\/domath.surju.ee\/?page_id=1546"},"modified":"2024-12-27T21:40:42","modified_gmt":"2024-12-27T21:40:42","slug":"equivalent-fractions","status":"publish","type":"page","link":"https:\/\/domath.surju.ee\/et\/murrud\/","title":{"rendered":"Samav\u00e4\u00e4rsed murrud"},"content":{"rendered":"<h1 style=\"text-align: center;\"><strong><span style=\"color: #008000;\">Samav\u00e4\u00e4rsed (v\u00f5rdsed) murrud<\/span><\/strong><\/h1>\r\n\r\n<p><span style=\"color: #ff0000;\"><strong>Samav\u00e4\u00e4rsed (v\u00f5rdsed) murrud<\/strong> <\/span>on murrud, millel on erinevad lugejad ja nimetajad, kuid mis on v\u00f5rdsed sama v\u00e4\u00e4rtusega.<br \/>\r\n<br \/>\r\n<\/p>\r\n\r\n\r\n<p><strong><span style=\"color: #0000ff;\">N\u00e4ide:<\/span><\/strong> <strong>4\/6<\/strong> ja <strong>8\/12<\/strong> on samav\u00e4\u00e4rsed murrud, kuna m\u00f5lemad on v\u00f5rdsed <strong>2\/3-ga.<br \/>\r\n1\/2=2\/4 = 3\/6<br \/>\r\n<\/strong><\/p>\r\n\r\n\r\n<figure class=\"wp-block-image size-large is-resized\"><img loading=\"lazy\" decoding=\"async\" width=\"1024\" height=\"749\" class=\"wp-image-1558\" style=\"width: 507px; height: auto;\" src=\"https:\/\/domath.surju.ee\/wp-content\/uploads\/2024\/03\/02-1024x749.jpg\" alt=\"\" srcset=\"https:\/\/domath.surju.ee\/wp-content\/uploads\/2024\/03\/02-1024x749.jpg 1024w, https:\/\/domath.surju.ee\/wp-content\/uploads\/2024\/03\/02-300x219.jpg 300w, https:\/\/domath.surju.ee\/wp-content\/uploads\/2024\/03\/02-768x562.jpg 768w, https:\/\/domath.surju.ee\/wp-content\/uploads\/2024\/03\/02-24x18.jpg 24w, https:\/\/domath.surju.ee\/wp-content\/uploads\/2024\/03\/02-36x26.jpg 36w, https:\/\/domath.surju.ee\/wp-content\/uploads\/2024\/03\/02-48x35.jpg 48w, https:\/\/domath.surju.ee\/wp-content\/uploads\/2024\/03\/02.jpg 1500w\" sizes=\"auto, (max-width: 1024px) 100vw, 1024px\" \/><\/figure>\r\n\r\n\r\n<p><span style=\"color: #008000;\"><strong>M\u00f5ned m\u00e4ngud:&nbsp;<\/strong><\/span> <a href=\"https:\/\/www.mathplayground.com\/Triplets\/index.html \">https:\/\/www.mathplayground.com\/Triplets\/index.html <\/a><\/p>\r\n\r\n\r\n<p><a href=\"https:\/\/www.ixl.com\/math\/grade-4\/equivalent-fractions-find-the-missing-numerator-or-denominator\">https:\/\/www.ixl.com\/math\/grade-4\/equivalent-fractions-find-the-missing-numerator-or-denominator<\/a><\/p>\r\n","protected":false},"excerpt":{"rendered":"<p>Samav\u00e4\u00e4rsed (v\u00f5rdsed) murrud Samav\u00e4\u00e4rsed (v\u00f5rdsed) murrud on murrud, millel on erinevad lugejad ja nimetajad, kuid mis on v\u00f5rdsed sama v\u00e4\u00e4rtusega. N\u00e4ide: 4\/6 ja 8\/12 on samav\u00e4\u00e4rsed murrud, kuna m\u00f5lemad on v\u00f5rdsed 2\/3-ga. 1\/2=2\/4 = 3\/6 M\u00f5ned m\u00e4ngud:&nbsp; https:\/\/www.mathplayground.com\/Triplets\/index.html https:\/\/www.ixl.com\/math\/grade-4\/equivalent-fractions-find-the-missing-numerator-or-denominator [&#8230;]<\/p>\n<p><a class=\"btn btn-secondary understrap-read-more-link\" href=\"https:\/\/domath.surju.ee\/et\/murrud\/\">Read More&#8230;<span class=\"screen-reader-text\"> from Samav\u00e4\u00e4rsed murrud<\/span><\/a><\/p>\n","protected":false},"author":9,"featured_media":0,"parent":0,"menu_order":0,"comment_status":"closed","ping_status":"closed","template":"","meta":{"_eb_attr":"","_uag_custom_page_level_css":"","footnotes":""},"categories":[],"tags":[67,117,143,157],"class_list":["post-1546","page","type-page","status-publish","hentry","tag-english-e","tag-estonian-s","tag-greek-iota","tag-spanish-f"],"uagb_featured_image_src":{"full":false,"thumbnail":false,"medium":false,"medium_large":false,"large":false,"1536x1536":false,"2048x2048":false,"menu-24x24":false,"menu-36x36":false,"menu-48x48":false},"uagb_author_info":{"display_name":"Styliani Bempi","author_link":"https:\/\/domath.surju.ee\/et\/author\/styliani\/"},"uagb_comment_info":0,"uagb_excerpt":"Samav\u00e4\u00e4rsed (v\u00f5rdsed) murrud Samav\u00e4\u00e4rsed (v\u00f5rdsed) murrud on murrud, millel on erinevad lugejad ja nimetajad, kuid mis on v\u00f5rdsed sama v\u00e4\u00e4rtusega. N\u00e4ide: 4\/6 ja 8\/12 on samav\u00e4\u00e4rsed murrud, kuna m\u00f5lemad on v\u00f5rdsed 2\/3-ga. 1\/2=2\/4 = 3\/6 M\u00f5ned m\u00e4ngud:&nbsp; https:\/\/www.mathplayground.com\/Triplets\/index.html https:\/\/www.ixl.com\/math\/grade-4\/equivalent-fractions-find-the-missing-numerator-or-denominator [...]Read More... from Samav\u00e4\u00e4rsed murrud","_links":{"self":[{"href":"https:\/\/domath.surju.ee\/et\/wp-json\/wp\/v2\/pages\/1546","targetHints":{"allow":["GET"]}}],"collection":[{"href":"https:\/\/domath.surju.ee\/et\/wp-json\/wp\/v2\/pages"}],"about":[{"href":"https:\/\/domath.surju.ee\/et\/wp-json\/wp\/v2\/types\/page"}],"author":[{"embeddable":true,"href":"https:\/\/domath.surju.ee\/et\/wp-json\/wp\/v2\/users\/9"}],"replies":[{"embeddable":true,"href":"https:\/\/domath.surju.ee\/et\/wp-json\/wp\/v2\/comments?post=1546"}],"version-history":[{"count":7,"href":"https:\/\/domath.surju.ee\/et\/wp-json\/wp\/v2\/pages\/1546\/revisions"}],"predecessor-version":[{"id":4471,"href":"https:\/\/domath.surju.ee\/et\/wp-json\/wp\/v2\/pages\/1546\/revisions\/4471"}],"wp:attachment":[{"href":"https:\/\/domath.surju.ee\/et\/wp-json\/wp\/v2\/media?parent=1546"}],"wp:term":[{"taxonomy":"category","embeddable":true,"href":"https:\/\/domath.surju.ee\/et\/wp-json\/wp\/v2\/categories?post=1546"},{"taxonomy":"post_tag","embeddable":true,"href":"https:\/\/domath.surju.ee\/et\/wp-json\/wp\/v2\/tags?post=1546"}],"curies":[{"name":"wp","href":"https:\/\/api.w.org\/{rel}","templated":true}]}}