{"id":1365,"date":"2024-03-03T21:03:23","date_gmt":"2024-03-03T21:03:23","guid":{"rendered":"https:\/\/domath.surju.ee\/?page_id=1365"},"modified":"2024-12-27T02:01:29","modified_gmt":"2024-12-27T02:01:29","slug":"cylinder","status":"publish","type":"page","link":"https:\/\/domath.surju.ee\/et\/silinder\/","title":{"rendered":"Silinder"},"content":{"rendered":"<h1 style=\"text-align: center;\"><span style=\"color: #008000;\"><strong>Silinder<\/strong><\/span><\/h1>\r\n<p><strong><span style=\"color: #ff0000;\">Silinder<\/span> on ruumiline(3D) keha, mille moodustab <b>\u00fc<\/b>mber oma <b>\u00fc<\/b>he k<b>\u00fc<\/b>lje p<b>\u00f6<\/b><b>\u00f6<\/b>rlev ristk<b>\u00fc<\/b>lik. <br \/>\r\nSilindri &nbsp;p<b>\u00f5<\/b>hjadeks on ringid.<br \/>\r\n<br \/>\r\n<\/strong>Base &#8211; silindri p\u00f5hi<br \/>\r\nCurved surface &#8211; silindri k\u00fclgpind<strong><br \/>\r\n<\/strong><img loading=\"lazy\" decoding=\"async\" width=\"561\" height=\"549\" class=\"wp-image-3308\" style=\"width: 242px; height: 237px;\" src=\"https:\/\/domath.surju.ee\/wp-content\/uploads\/2024\/07\/silinder.png\" alt=\"\" srcset=\"https:\/\/domath.surju.ee\/wp-content\/uploads\/2024\/07\/silinder.png 561w, https:\/\/domath.surju.ee\/wp-content\/uploads\/2024\/07\/silinder-300x294.png 300w, https:\/\/domath.surju.ee\/wp-content\/uploads\/2024\/07\/silinder-24x24.png 24w, https:\/\/domath.surju.ee\/wp-content\/uploads\/2024\/07\/silinder-36x36.png 36w, https:\/\/domath.surju.ee\/wp-content\/uploads\/2024\/07\/silinder-48x48.png 48w\" sizes=\"auto, (max-width: 561px) 100vw, 561px\" \/><\/p>\r\n<!-- \/wp:post-content -->\r\n<p><img loading=\"lazy\" decoding=\"async\" class=\"size-medium wp-image-3309 alignleft\" src=\"https:\/\/domath.surju.ee\/wp-content\/uploads\/2024\/07\/Circular_cylinder_rh.svg_-266x300.png\" alt=\"\" width=\"266\" height=\"300\" srcset=\"https:\/\/domath.surju.ee\/wp-content\/uploads\/2024\/07\/Circular_cylinder_rh.svg_-266x300.png 266w, https:\/\/domath.surju.ee\/wp-content\/uploads\/2024\/07\/Circular_cylinder_rh.svg_-21x24.png 21w, https:\/\/domath.surju.ee\/wp-content\/uploads\/2024\/07\/Circular_cylinder_rh.svg_-32x36.png 32w, https:\/\/domath.surju.ee\/wp-content\/uploads\/2024\/07\/Circular_cylinder_rh.svg_-42x48.png 42w, https:\/\/domath.surju.ee\/wp-content\/uploads\/2024\/07\/Circular_cylinder_rh.svg_.png 270w\" sizes=\"auto, (max-width: 266px) 100vw, 266px\" \/><\/p>\r\n<h5>&nbsp;<\/h5>\r\n<h5><strong><span style=\"color: #99ccff; background-color: #333399;\">Silindri pindala<\/span><\/strong><\/h5>\r\n<p><strong>2 \u00b7 P\u00f5hja pindala&nbsp;+ k\u00fclgpindala<\/strong><br \/>\r\n<span style=\"color: #ff0000;\"><strong>S<sub>t<\/sub>= 2\u03c0r2 + 2\u03c0rh<br \/>\r\nS<sub>t<\/sub>=2S<sub>p<\/sub> +S<sub>k<br \/>\r\n<\/sub><\/strong><\/span><strong>P\u00f5hja pindala S<\/strong><strong><sub>p<\/sub> = \u03c0r<sup>2&nbsp;<\/sup><br \/>\r\nP\u00f5hja \u00fcmberm\u00f5\u00f5t P = 2\u03c0r&nbsp;<br \/>\r\nK\u00fclgpindala S<sub>k<\/sub> = Ph =2\u03c0rh<\/strong><\/p>\r\n<h5><strong><span style=\"color: #99ccff; background-color: #333399;\"><br \/>\r\n<br \/>\r\n<br \/>\r\n<br \/>\r\nRuumala<\/span><\/strong><\/h5>\r\n<p><strong>P\u00f5hja pindala<\/strong> \u00b7 <strong>k\u00f5rgus<br \/>\r\n<span style=\"color: #ff0000;\">V = S<sub>p<\/sub>h<br \/>\r\nV = \u03c0r<sup>2<\/sup>h<\/span><br \/>\r\n<\/strong><\/p>\r\n<p>&nbsp;<\/p>\r\n<!-- wp:separator -->\r\n<hr class=\"wp-block-separator has-alpha-channel-opacity\" \/><!-- \/wp:separator -->\r\n<p style=\"text-align: center;\">&nbsp;<\/p>\r\n<strong> <!-- wp:image --> <\/strong>\r\n<p>&nbsp;<\/p>\r\n<figure class=\"wp-block-image\"><img alt=\"\" \/><\/figure>\r\n<h4 style=\"text-align: center;\"><span style=\"color: #99ccff; background-color: #333399;\"><strong> <!-- \/wp:image --> <\/strong><\/span><\/h4>\r\n<p><strong>A right and an oblique circular cylinder<\/strong><\/p>\r\n<!-- wp:image {\"id\":3312,\"width\":\"314px\",\"height\":\"auto\",\"sizeSlug\":\"full\",\"linkDestination\":\"none\",\"align\":\"center\"} -->\r\n<figure class=\"wp-block-image aligncenter size-full is-resized\"><img loading=\"lazy\" decoding=\"async\" width=\"300\" height=\"200\" class=\"wp-image-3312\" style=\"width: 314px; height: auto;\" src=\"https:\/\/domath.surju.ee\/wp-content\/uploads\/2024\/07\/Cylinders.svg_.png\" alt=\"\" srcset=\"https:\/\/domath.surju.ee\/wp-content\/uploads\/2024\/07\/Cylinders.svg_.png 300w, https:\/\/domath.surju.ee\/wp-content\/uploads\/2024\/07\/Cylinders.svg_-24x16.png 24w, https:\/\/domath.surju.ee\/wp-content\/uploads\/2024\/07\/Cylinders.svg_-36x24.png 36w, https:\/\/domath.surju.ee\/wp-content\/uploads\/2024\/07\/Cylinders.svg_-48x32.png 48w\" sizes=\"auto, (max-width: 300px) 100vw, 300px\" \/><\/figure>\r\n<!-- \/wp:image -->\r\n<p style=\"text-align: center;\"><a href=\"https:\/\/en.wikipedia.org\/wiki\/Cylinder\">https:\/\/en.wikipedia.org\/wiki\/Cylinder<\/a><\/p>\r\n<h4 style=\"text-align: center;\">&nbsp;<\/h4>\r\n<!-- wp:separator -->\r\n<hr class=\"wp-block-separator has-alpha-channel-opacity\" \/><!-- \/wp:separator -->\r\n<!-- wp:html --> <iframe loading=\"lazy\" style=\"border: 0px;\" title=\"Silindri ruumala ja pindala\" src=\"https:\/\/www.geogebra.org\/material\/iframe\/id\/yrvgvhzq\/width\/1200\/height\/550\/border\/888888\/sfsb\/true\/smb\/false\/stb\/false\/stbh\/false\/ai\/false\/asb\/false\/sri\/false\/rc\/false\/ld\/false\/sdz\/false\/ctl\/false\" width=\"650px\" height=\"250px\" scrolling=\"no\"> <\/iframe> <!-- \/wp:html -->\r\n<p><a href=\"https:\/\/www.geogebra.org\/u\/geogebra+team\"><span class=\"notranslate\">GeoGebra Materials Team<\/span><\/a><\/p>\r\n<p>License<a href=\"https:\/\/creativecommons.org\/licenses\/by-sa\/3.0\">CC-BY-SA<\/a>,&nbsp;<a href=\"https:\/\/www.geogebra.org\/tos\">GeoGebra Terms of Use<\/a><\/p>\r\n<!-- wp:html --> <iframe loading=\"lazy\" style=\"border: 0px;\" title=\"Silindri ruumala\" src=\"https:\/\/www.geogebra.org\/material\/iframe\/id\/nb2eze5t\/width\/900\/height\/450\/border\/888888\/sfsb\/true\/smb\/false\/stb\/false\/stbh\/false\/ai\/false\/asb\/false\/sri\/false\/rc\/false\/ld\/false\/sdz\/false\/ctl\/false\" width=\"600px\" height=\"300px\" scrolling=\"no\"> <\/iframe> <!-- \/wp:html -->\r\n<!-- wp:html --> <iframe loading=\"lazy\" style=\"border: 0px;\" title=\"silindri pinnalaotus2\" src=\"https:\/\/www.geogebra.org\/material\/iframe\/id\/hg9whtxv\/width\/1000\/height\/650\/border\/888888\/sfsb\/true\/smb\/false\/stb\/false\/stbh\/false\/ai\/false\/asb\/false\/sri\/false\/rc\/false\/ld\/false\/sdz\/false\/ctl\/false\" width=\"600px\" height=\"400px\" scrolling=\"no\"> <\/iframe> <!-- \/wp:html -->\r\n<!-- wp:separator -->\r\n<hr class=\"wp-block-separator has-alpha-channel-opacity\" \/><!-- \/wp:separator -->\r\n<h4>&nbsp;<\/h4>\r\n<h4 style=\"text-align: center;\"><span style=\"color: #99ccff; background-color: #333399;\"><strong>M\u00e4ngud<\/strong><\/span><\/h4>\r\n<!-- wp:image {\"lightbox\":{\"enabled\":false},\"id\":3314,\"width\":\"420px\",\"height\":\"auto\",\"sizeSlug\":\"large\",\"linkDestination\":\"custom\",\"align\":\"center\"} -->\r\n<figure class=\"wp-block-image aligncenter size-large is-resized\"><a href=\"https:\/\/www.transum.org\/Maths\/Exercise\/Cylinder\/?Level=1\"><img loading=\"lazy\" decoding=\"async\" width=\"1024\" height=\"662\" class=\"wp-image-3314\" style=\"width: 420px; height: auto;\" src=\"https:\/\/domath.surju.ee\/wp-content\/uploads\/2024\/07\/Kuvatommis-2024-07-31-022450-1024x662.png\" alt=\"\" srcset=\"https:\/\/domath.surju.ee\/wp-content\/uploads\/2024\/07\/Kuvatommis-2024-07-31-022450-1024x662.png 1024w, https:\/\/domath.surju.ee\/wp-content\/uploads\/2024\/07\/Kuvatommis-2024-07-31-022450-300x194.png 300w, https:\/\/domath.surju.ee\/wp-content\/uploads\/2024\/07\/Kuvatommis-2024-07-31-022450-768x496.png 768w, https:\/\/domath.surju.ee\/wp-content\/uploads\/2024\/07\/Kuvatommis-2024-07-31-022450-24x16.png 24w, https:\/\/domath.surju.ee\/wp-content\/uploads\/2024\/07\/Kuvatommis-2024-07-31-022450-36x23.png 36w, https:\/\/domath.surju.ee\/wp-content\/uploads\/2024\/07\/Kuvatommis-2024-07-31-022450-48x31.png 48w, https:\/\/domath.surju.ee\/wp-content\/uploads\/2024\/07\/Kuvatommis-2024-07-31-022450.png 1287w\" sizes=\"auto, (max-width: 1024px) 100vw, 1024px\" \/><\/a><\/figure>\r\n<!-- \/wp:image -->\r\n<!-- wp:paragraph {\"align\":\"center\"} -->\r\n<p class=\"has-text-align-center\"><a href=\"https:\/\/www.transum.org\/Maths\/Exercise\/Cylinder\/?Level=1\">https:\/\/www.transum.org\/Maths\/Exercise\/Cylinder\/?Level=1<\/a><br \/>\r\n<br \/>\r\n<span style=\"color: #008000;\"><strong>Silindri pindala<\/strong><\/span><\/p>\r\n<!-- \/wp:paragraph -->\r\n<!-- wp:image {\"lightbox\":{\"enabled\":false},\"id\":3317,\"width\":\"470px\",\"height\":\"auto\",\"sizeSlug\":\"full\",\"linkDestination\":\"custom\",\"align\":\"center\"} -->\r\n<figure class=\"wp-block-image aligncenter size-full is-resized\"><a href=\"https:\/\/www.quia.com\/quiz\/395680.html?AP_rand=156612693\"><img loading=\"lazy\" decoding=\"async\" width=\"937\" height=\"672\" class=\"wp-image-3317\" style=\"width: 470px; height: auto;\" src=\"https:\/\/domath.surju.ee\/wp-content\/uploads\/2024\/07\/Kuvatommis-2024-07-31-022746.png\" alt=\"\" srcset=\"https:\/\/domath.surju.ee\/wp-content\/uploads\/2024\/07\/Kuvatommis-2024-07-31-022746.png 937w, https:\/\/domath.surju.ee\/wp-content\/uploads\/2024\/07\/Kuvatommis-2024-07-31-022746-300x215.png 300w, https:\/\/domath.surju.ee\/wp-content\/uploads\/2024\/07\/Kuvatommis-2024-07-31-022746-768x551.png 768w, https:\/\/domath.surju.ee\/wp-content\/uploads\/2024\/07\/Kuvatommis-2024-07-31-022746-24x17.png 24w, https:\/\/domath.surju.ee\/wp-content\/uploads\/2024\/07\/Kuvatommis-2024-07-31-022746-36x26.png 36w, https:\/\/domath.surju.ee\/wp-content\/uploads\/2024\/07\/Kuvatommis-2024-07-31-022746-48x34.png 48w\" sizes=\"auto, (max-width: 937px) 100vw, 937px\" \/><\/a><\/figure>\r\n<!-- \/wp:image -->\r\n<p style=\"text-align: center;\"><a href=\"https:\/\/www.quia.com\/quiz\/395680.html?AP_rand=156612693\">https:\/\/www.quia.com\/quiz\/395680.html?AP_rand=156612693<\/a><\/p>","protected":false},"excerpt":{"rendered":"<p>Silinder Silinder on ruumiline(3D) keha, mille moodustab \u00fcmber oma \u00fche k\u00fclje p\u00f6\u00f6rlev ristk\u00fclik. Silindri &nbsp;p\u00f5hjadeks on ringid. Base &#8211; silindri p\u00f5hi Curved surface &#8211; silindri k\u00fclgpind &nbsp; Silindri pindala 2 \u00b7 P\u00f5hja pindala&nbsp;+ k\u00fclgpindala St= 2\u03c0r2 + 2\u03c0rh St=2Sp +Sk P\u00f5hja pindala Sp = \u03c0r2&nbsp; P\u00f5hja \u00fcmberm\u00f5\u00f5t P = 2\u03c0r&nbsp; K\u00fclgpindala Sk = Ph =2\u03c0rh [&#8230;]<\/p>\n<p><a class=\"btn btn-secondary understrap-read-more-link\" href=\"https:\/\/domath.surju.ee\/et\/silinder\/\">Read More&#8230;<span class=\"screen-reader-text\"> from Silinder<\/span><\/a><\/p>\n","protected":false},"author":12,"featured_media":0,"parent":0,"menu_order":0,"comment_status":"closed","ping_status":"closed","template":"","meta":{"_eb_attr":"","_uag_custom_page_level_css":"","footnotes":""},"categories":[],"tags":[66,117,73],"class_list":["post-1365","page","type-page","status-publish","hentry","tag-english-c","tag-estonian-s","tag-greek-kappa"],"uagb_featured_image_src":{"full":false,"thumbnail":false,"medium":false,"medium_large":false,"large":false,"1536x1536":false,"2048x2048":false,"menu-24x24":false,"menu-36x36":false,"menu-48x48":false},"uagb_author_info":{"display_name":"Ave Kartau","author_link":"https:\/\/domath.surju.ee\/et\/author\/ave\/"},"uagb_comment_info":0,"uagb_excerpt":"Silinder Silinder on ruumiline(3D) keha, mille moodustab \u00fcmber oma \u00fche k\u00fclje p\u00f6\u00f6rlev ristk\u00fclik. Silindri &nbsp;p\u00f5hjadeks on ringid. Base &#8211; silindri p\u00f5hi Curved surface &#8211; silindri k\u00fclgpind &nbsp; Silindri pindala 2 \u00b7 P\u00f5hja pindala&nbsp;+ k\u00fclgpindala St= 2\u03c0r2 + 2\u03c0rh St=2Sp +Sk P\u00f5hja pindala Sp = \u03c0r2&nbsp; P\u00f5hja \u00fcmberm\u00f5\u00f5t P = 2\u03c0r&nbsp; K\u00fclgpindala Sk = Ph =2\u03c0rh&hellip;","_links":{"self":[{"href":"https:\/\/domath.surju.ee\/et\/wp-json\/wp\/v2\/pages\/1365","targetHints":{"allow":["GET"]}}],"collection":[{"href":"https:\/\/domath.surju.ee\/et\/wp-json\/wp\/v2\/pages"}],"about":[{"href":"https:\/\/domath.surju.ee\/et\/wp-json\/wp\/v2\/types\/page"}],"author":[{"embeddable":true,"href":"https:\/\/domath.surju.ee\/et\/wp-json\/wp\/v2\/users\/12"}],"replies":[{"embeddable":true,"href":"https:\/\/domath.surju.ee\/et\/wp-json\/wp\/v2\/comments?post=1365"}],"version-history":[{"count":24,"href":"https:\/\/domath.surju.ee\/et\/wp-json\/wp\/v2\/pages\/1365\/revisions"}],"predecessor-version":[{"id":5019,"href":"https:\/\/domath.surju.ee\/et\/wp-json\/wp\/v2\/pages\/1365\/revisions\/5019"}],"wp:attachment":[{"href":"https:\/\/domath.surju.ee\/et\/wp-json\/wp\/v2\/media?parent=1365"}],"wp:term":[{"taxonomy":"category","embeddable":true,"href":"https:\/\/domath.surju.ee\/et\/wp-json\/wp\/v2\/categories?post=1365"},{"taxonomy":"post_tag","embeddable":true,"href":"https:\/\/domath.surju.ee\/et\/wp-json\/wp\/v2\/tags?post=1365"}],"curies":[{"name":"wp","href":"https:\/\/api.w.org\/{rel}","templated":true}]}}