{"id":1363,"date":"2024-03-03T21:01:12","date_gmt":"2024-03-03T21:01:12","guid":{"rendered":"https:\/\/domath.surju.ee\/?page_id=1363"},"modified":"2024-12-27T01:34:25","modified_gmt":"2024-12-27T01:34:25","slug":"cuboid","status":"publish","type":"page","link":"https:\/\/domath.surju.ee\/et\/risttahukas\/","title":{"rendered":"Risttahukas"},"content":{"rendered":"<h1 style=\"text-align: center;\"><strong><span style=\"color: #008000;\">Risttahukas<\/span><\/strong><\/h1>\r\n<p><strong><span style=\"color: #ff0000;\"><br \/>\r\nRisttahukas<\/span><\/strong> on kolmem\u00f5\u00f5tmeline kujund, millel on <strong>6 tahku<\/strong>, <strong>8 tippu<\/strong> ning <strong>12 serva<\/strong>.<\/p>\r\n<p><strong>Risttahukal<\/strong> on kolm m\u00f5\u00f5det, nendeks on k\u00f5rgus, pikkus ja laius.&nbsp;<\/p>\r\n<p><img loading=\"lazy\" decoding=\"async\" class=\"size-medium wp-image-3297 alignleft\" src=\"https:\/\/domath.surju.ee\/wp-content\/uploads\/2024\/07\/cuboid2-300x119.gif\" alt=\"\" width=\"300\" height=\"119\" srcset=\"https:\/\/domath.surju.ee\/wp-content\/uploads\/2024\/07\/cuboid2-300x119.gif 300w, https:\/\/domath.surju.ee\/wp-content\/uploads\/2024\/07\/cuboid2-24x9.gif 24w, https:\/\/domath.surju.ee\/wp-content\/uploads\/2024\/07\/cuboid2-36x14.gif 36w, https:\/\/domath.surju.ee\/wp-content\/uploads\/2024\/07\/cuboid2-48x19.gif 48w\" sizes=\"auto, (max-width: 300px) 100vw, 300px\" \/><\/p>\r\n<p style=\"text-align: left;\"><span style=\"color: #333399;\"><strong>&nbsp; &nbsp; &nbsp;l = a &#8211;&nbsp; pikkus<br \/>\r\n&nbsp; &nbsp; &nbsp;w = b- laius<\/strong><\/span><span style=\"color: #333399;\"><strong><span style=\"font-size: revert; background-color: var(--bs-body-bg); font-family: var(--bs-body-font-family);\"><br \/>\r\n<\/span>&nbsp; &nbsp; &nbsp;h = c &#8211; k\u00f5rgus<\/strong><\/span><\/p>\r\n<p>&nbsp;<\/p>\r\n<p style=\"text-align: center;\"><strong><span style=\"color: #99ccff; background-color: #333399;\">Risttahukas<\/span><\/strong><\/p>\r\n<p style=\"text-align: left;\"><strong>&nbsp; <img loading=\"lazy\" decoding=\"async\" class=\"size-full wp-image-3299 alignleft\" src=\"https:\/\/domath.surju.ee\/wp-content\/uploads\/2024\/07\/Cuboid_no_label2.png\" alt=\"\" width=\"165\" height=\"98\" srcset=\"https:\/\/domath.surju.ee\/wp-content\/uploads\/2024\/07\/Cuboid_no_label2.png 165w, https:\/\/domath.surju.ee\/wp-content\/uploads\/2024\/07\/Cuboid_no_label2-24x14.png 24w, https:\/\/domath.surju.ee\/wp-content\/uploads\/2024\/07\/Cuboid_no_label2-36x21.png 36w, https:\/\/domath.surju.ee\/wp-content\/uploads\/2024\/07\/Cuboid_no_label2-48x29.png 48w\" sizes=\"auto, (max-width: 165px) 100vw, 165px\" \/>&nbsp; &nbsp; &nbsp; &nbsp;Risttahuka pindala = 2\u00b7 l\u00b7w + 2\u00b7 l\u00b7h +&nbsp; 2 \u00b7w\u00b7h = 2(lw + lh + wh)<br \/>\r\n<span style=\"color: #ff0000;\">&nbsp; &nbsp; &nbsp; S = 2(ab + ac + bc)<\/span><\/strong><\/p>\r\n<p style=\"text-align: left;\"><strong>&nbsp; &nbsp; &nbsp; &nbsp; &nbsp;Risttahuka ruumala = l \u00b7 w \u00b7 h<br \/>\r\n<span style=\"color: #ff0000;\">&nbsp; &nbsp; &nbsp; &nbsp; &nbsp; &nbsp; &nbsp; &nbsp; &nbsp; V= abc<\/span><br \/>\r\n<\/strong><\/p>\r\n\r\n<hr class=\"wp-block-separator has-alpha-channel-opacity\" \/>\r\n <iframe loading=\"lazy\" style=\"border: 0px;\" title=\"Risttahukas,ristk\u00fclikukujuline\" src=\"https:\/\/www.geogebra.org\/material\/iframe\/id\/vcbujy4z\/width\/1000\/height\/550\/border\/888888\/sfsb\/true\/smb\/false\/stb\/false\/stbh\/false\/ai\/false\/asb\/false\/sri\/false\/rc\/false\/ld\/false\/sdz\/false\/ctl\/false\" width=\"600px\" height=\"350px\" scrolling=\"no\"> <\/iframe> \r\n<p><a href=\"https:\/\/www.geogebra.org\/u\/geogebra+team\"><span class=\"notranslate\">GeoGebra Materials Team<\/span><\/a>&nbsp;<\/p>\r\n<p>License<a href=\"https:\/\/creativecommons.org\/licenses\/by-sa\/3.0\">CC-BY-SA<\/a>,&nbsp;<a href=\"https:\/\/www.geogebra.org\/tos\">GeoGebra Terms of Use<\/a><\/p>\r\n <iframe loading=\"lazy\" style=\"border: 0px;\" title=\"risttahuka pinnalaotus ja pindala\" src=\"https:\/\/www.geogebra.org\/material\/iframe\/id\/ynycrxwv\/width\/1000\/height\/550\/border\/888888\/sfsb\/true\/smb\/false\/stb\/false\/stbh\/false\/ai\/false\/asb\/false\/sri\/false\/rc\/false\/ld\/false\/sdz\/false\/ctl\/false\" width=\"600px\" height=\"350px\" scrolling=\"no\"> <\/iframe> \r\n <iframe loading=\"lazy\" style=\"border: 0px;\" title=\"Ristk\u00fcliku pindala, ruumala\" src=\"https:\/\/www.geogebra.org\/material\/iframe\/id\/c8rpmkwg\/width\/1000\/height\/550\/border\/888888\/sfsb\/true\/smb\/false\/stb\/false\/stbh\/false\/ai\/false\/asb\/false\/sri\/false\/rc\/false\/ld\/false\/sdz\/false\/ctl\/false\" width=\"600px\" height=\"350px\" scrolling=\"no\"> <\/iframe> \r\n\r\n<hr class=\"wp-block-separator has-alpha-channel-opacity\" \/>\r\n<h5 style=\"text-align: center;\"><span style=\"color: #99ccff; background-color: #333399;\"><strong>Erinevaid risttahukaid<\/strong><\/span><\/h5>\r\n<div class=\"wp-block-image\">\r\n<figure class=\"aligncenter size-full is-resized\"><img loading=\"lazy\" decoding=\"async\" width=\"880\" height=\"766\" class=\"wp-image-3303\" style=\"width: 571px; height: auto;\" src=\"https:\/\/domath.surju.ee\/wp-content\/uploads\/2024\/07\/Kuvatommis-2024-07-31-014852.png\" alt=\"\" srcset=\"https:\/\/domath.surju.ee\/wp-content\/uploads\/2024\/07\/Kuvatommis-2024-07-31-014852.png 880w, https:\/\/domath.surju.ee\/wp-content\/uploads\/2024\/07\/Kuvatommis-2024-07-31-014852-300x261.png 300w, https:\/\/domath.surju.ee\/wp-content\/uploads\/2024\/07\/Kuvatommis-2024-07-31-014852-768x669.png 768w, https:\/\/domath.surju.ee\/wp-content\/uploads\/2024\/07\/Kuvatommis-2024-07-31-014852-24x21.png 24w, https:\/\/domath.surju.ee\/wp-content\/uploads\/2024\/07\/Kuvatommis-2024-07-31-014852-36x31.png 36w, https:\/\/domath.surju.ee\/wp-content\/uploads\/2024\/07\/Kuvatommis-2024-07-31-014852-48x42.png 48w\" sizes=\"auto, (max-width: 880px) 100vw, 880px\" \/><\/figure><\/div>\r\n<div class=\"wp-block-image\">\r\n<figure class=\"aligncenter size-full is-resized\"><img loading=\"lazy\" decoding=\"async\" width=\"889\" height=\"730\" class=\"wp-image-3304\" style=\"width: 570px; height: auto;\" src=\"https:\/\/domath.surju.ee\/wp-content\/uploads\/2024\/07\/Kuvatommis-2024-07-31-014923.png\" alt=\"\" srcset=\"https:\/\/domath.surju.ee\/wp-content\/uploads\/2024\/07\/Kuvatommis-2024-07-31-014923.png 889w, https:\/\/domath.surju.ee\/wp-content\/uploads\/2024\/07\/Kuvatommis-2024-07-31-014923-300x246.png 300w, https:\/\/domath.surju.ee\/wp-content\/uploads\/2024\/07\/Kuvatommis-2024-07-31-014923-768x631.png 768w, https:\/\/domath.surju.ee\/wp-content\/uploads\/2024\/07\/Kuvatommis-2024-07-31-014923-24x20.png 24w, https:\/\/domath.surju.ee\/wp-content\/uploads\/2024\/07\/Kuvatommis-2024-07-31-014923-36x30.png 36w, https:\/\/domath.surju.ee\/wp-content\/uploads\/2024\/07\/Kuvatommis-2024-07-31-014923-48x39.png 48w\" sizes=\"auto, (max-width: 889px) 100vw, 889px\" \/><\/figure><\/div>\r\n<p style=\"text-align: center;\"><a href=\"https:\/\/en.wikipedia.org\/wiki\/Cuboid\">https:\/\/en.wikipedia.org\/wiki\/Cuboid<\/a><\/p>","protected":false},"excerpt":{"rendered":"<p>Risttahukas Risttahukas on kolmem\u00f5\u00f5tmeline kujund, millel on 6 tahku, 8 tippu ning 12 serva. Risttahukal on kolm m\u00f5\u00f5det, nendeks on k\u00f5rgus, pikkus ja laius.&nbsp; &nbsp; &nbsp; &nbsp;l = a &#8211;&nbsp; pikkus &nbsp; &nbsp; &nbsp;w = b- laius &nbsp; &nbsp; &nbsp;h = c &#8211; k\u00f5rgus &nbsp; Risttahukas &nbsp; &nbsp; &nbsp; &nbsp; &nbsp;Risttahuka pindala = 2\u00b7 l\u00b7w [&#8230;]<\/p>\n<p><a class=\"btn btn-secondary understrap-read-more-link\" href=\"https:\/\/domath.surju.ee\/et\/risttahukas\/\">Read More&#8230;<span class=\"screen-reader-text\"> from Risttahukas<\/span><\/a><\/p>\n","protected":false},"author":12,"featured_media":0,"parent":0,"menu_order":0,"comment_status":"closed","ping_status":"closed","template":"","meta":{"_eb_attr":"","_uag_custom_page_level_css":"","footnotes":""},"categories":[],"tags":[66,116,150],"class_list":["post-1363","page","type-page","status-publish","hentry","tag-english-c","tag-estonian-r","tag-greek-sigma"],"uagb_featured_image_src":{"full":false,"thumbnail":false,"medium":false,"medium_large":false,"large":false,"1536x1536":false,"2048x2048":false,"menu-24x24":false,"menu-36x36":false,"menu-48x48":false},"uagb_author_info":{"display_name":"Ave Kartau","author_link":"https:\/\/domath.surju.ee\/et\/author\/ave\/"},"uagb_comment_info":0,"uagb_excerpt":"Risttahukas Risttahukas on kolmem\u00f5\u00f5tmeline kujund, millel on 6 tahku, 8 tippu ning 12 serva. Risttahukal on kolm m\u00f5\u00f5det, nendeks on k\u00f5rgus, pikkus ja laius.&nbsp; &nbsp; &nbsp; &nbsp;l = a &#8211;&nbsp; pikkus &nbsp; &nbsp; &nbsp;w = b- laius &nbsp; &nbsp; &nbsp;h = c &#8211; k\u00f5rgus &nbsp; Risttahukas &nbsp; &nbsp; &nbsp; &nbsp; &nbsp;Risttahuka pindala = 2\u00b7 l\u00b7w&hellip;","_links":{"self":[{"href":"https:\/\/domath.surju.ee\/et\/wp-json\/wp\/v2\/pages\/1363","targetHints":{"allow":["GET"]}}],"collection":[{"href":"https:\/\/domath.surju.ee\/et\/wp-json\/wp\/v2\/pages"}],"about":[{"href":"https:\/\/domath.surju.ee\/et\/wp-json\/wp\/v2\/types\/page"}],"author":[{"embeddable":true,"href":"https:\/\/domath.surju.ee\/et\/wp-json\/wp\/v2\/users\/12"}],"replies":[{"embeddable":true,"href":"https:\/\/domath.surju.ee\/et\/wp-json\/wp\/v2\/comments?post=1363"}],"version-history":[{"count":8,"href":"https:\/\/domath.surju.ee\/et\/wp-json\/wp\/v2\/pages\/1363\/revisions"}],"predecessor-version":[{"id":3306,"href":"https:\/\/domath.surju.ee\/et\/wp-json\/wp\/v2\/pages\/1363\/revisions\/3306"}],"wp:attachment":[{"href":"https:\/\/domath.surju.ee\/et\/wp-json\/wp\/v2\/media?parent=1363"}],"wp:term":[{"taxonomy":"category","embeddable":true,"href":"https:\/\/domath.surju.ee\/et\/wp-json\/wp\/v2\/categories?post=1363"},{"taxonomy":"post_tag","embeddable":true,"href":"https:\/\/domath.surju.ee\/et\/wp-json\/wp\/v2\/tags?post=1363"}],"curies":[{"name":"wp","href":"https:\/\/api.w.org\/{rel}","templated":true}]}}