{"id":1361,"date":"2024-03-03T20:59:09","date_gmt":"2024-03-03T20:59:09","guid":{"rendered":"https:\/\/domath.surju.ee\/?page_id=1361"},"modified":"2024-12-01T08:24:22","modified_gmt":"2024-12-01T08:24:22","slug":"cubic-metre","status":"publish","type":"page","link":"https:\/\/domath.surju.ee\/et\/kuupmeeter\/","title":{"rendered":"Kuupmeeter"},"content":{"rendered":"<h1 style=\"text-align: center;\"><span style=\"color: #008000;\"><strong>Kuupmeeter<\/strong><\/span><\/h1>\r\n<p><span style=\"color: #ff0000;\">Kuupmeeter<\/span> on mahu\u00fchik. &nbsp;Seda kasutatakse rahvusvahelises m\u00f5\u00f5t\u00fchikute s\u00fcsteemis( <strong>SI<\/strong>) See on kuubi ruumala, kui kuubi servapikkus on 1 meeter.&nbsp;<\/p>\r\n<p>&nbsp;<\/p>\r\n<p><img loading=\"lazy\" decoding=\"async\" class=\"size-full wp-image-3282 alignleft\" src=\"https:\/\/domath.surju.ee\/wp-content\/uploads\/2024\/07\/kuupmeeter.gif\" alt=\"\" width=\"208\" height=\"189\" \/>Joonisel on kuubi ruumala, kui kuubi servapikkus on 1 m.<\/p>\r\n<p>\u00dcks kuupmeeter on ruumala, kui kuubi m\u00f5\u00f5dud on&nbsp;<strong>1m x1m x 1m.<\/strong><\/p>\r\n<p><strong>Kuupmeetri t\u00e4his on m<sup>3<\/sup>.<\/strong><\/p>\r\n<p>&nbsp;<\/p>\r\n<p>&nbsp;<\/p>\r\n\r\n<hr class=\"wp-block-separator has-alpha-channel-opacity\" \/>\r\n<p style=\"text-align: center;\"><span style=\"color: #ff0000;\"><strong>m<sup>3<\/sup>&nbsp; &nbsp;\u2013 dm<sup>3<\/sup>&nbsp;\u2013 cm<sup>3<\/sup>&nbsp;\u2013&nbsp; mm<sup>3<\/sup><\/strong><\/span><\/p>\r\n<p style=\"text-align: center;\">1 kuupsentimeeter = 1000 kuupmillimeetrit<br \/>\r\n1 kuupdetsimeeter = 1000 kuupsentimeetrit<br \/>\r\n1 kuupmeeter = 1000 kuupdetsimeetrit<br \/>\r\n1 kuupmeeter = 1 000 000 kuupsentimeetrit<br \/>\r\n1 kuupmeeter = 1000 liitriga<br \/>\r\n<strong>&nbsp;1 l = 1dm<sup>3<\/sup>&nbsp;<\/strong>&nbsp;&nbsp;&nbsp;<br \/>\r\n<strong>1 m<sup>3<\/sup> = 1000 l<\/strong><\/p>\r\n<p style=\"text-align: center;\"><strong>kuupmillimeeter&nbsp; \u2013 mm<sup>3&nbsp;<\/sup><br \/>\r\nkuupsentimeeter \u2013&nbsp; cm<sup>3<br \/>\r\n<\/sup><\/strong><strong>kuupdetsimeeter \u2013&nbsp; dm<sup>3<\/sup><br \/>\r\nkuupmeeter&nbsp; \u2013 m<sup>3<\/sup><\/strong><\/p>\r\n\r\n<hr class=\"wp-block-separator has-alpha-channel-opacity\" \/>\r\n<div class=\"wp-block-image\">\r\n<figure class=\"aligncenter size-full is-resized\"><img loading=\"lazy\" decoding=\"async\" width=\"750\" height=\"429\" class=\"wp-image-3266\" style=\"width: 314px; height: auto;\" src=\"https:\/\/domath.surju.ee\/wp-content\/uploads\/2024\/07\/common-denominators-1-1.png\" alt=\"\" srcset=\"https:\/\/domath.surju.ee\/wp-content\/uploads\/2024\/07\/common-denominators-1-1.png 750w, https:\/\/domath.surju.ee\/wp-content\/uploads\/2024\/07\/common-denominators-1-1-300x172.png 300w, https:\/\/domath.surju.ee\/wp-content\/uploads\/2024\/07\/common-denominators-1-1-24x14.png 24w, https:\/\/domath.surju.ee\/wp-content\/uploads\/2024\/07\/common-denominators-1-1-36x21.png 36w, https:\/\/domath.surju.ee\/wp-content\/uploads\/2024\/07\/common-denominators-1-1-48x27.png 48w\" sizes=\"auto, (max-width: 750px) 100vw, 750px\" \/><\/figure><\/div>\r\n\r\n<p>&nbsp;<\/p>\r\n","protected":false},"excerpt":{"rendered":"<p>Kuupmeeter Kuupmeeter on mahu\u00fchik. &nbsp;Seda kasutatakse rahvusvahelises m\u00f5\u00f5t\u00fchikute s\u00fcsteemis( SI) See on kuubi ruumala, kui kuubi servapikkus on 1 meeter.&nbsp; &nbsp; Joonisel on kuubi ruumala, kui kuubi servapikkus on 1 m. \u00dcks kuupmeeter on ruumala, kui kuubi m\u00f5\u00f5dud on&nbsp;1m x1m x 1m. Kuupmeetri t\u00e4his on m3. &nbsp; &nbsp; m3&nbsp; &nbsp;\u2013 dm3&nbsp;\u2013 cm3&nbsp;\u2013&nbsp; mm3 1 kuupsentimeeter [&#8230;]<\/p>\n<p><a class=\"btn btn-secondary understrap-read-more-link\" href=\"https:\/\/domath.surju.ee\/et\/kuupmeeter\/\">Read More&#8230;<span class=\"screen-reader-text\"> from Kuupmeeter<\/span><\/a><\/p>\n","protected":false},"author":12,"featured_media":0,"parent":0,"menu_order":0,"comment_status":"closed","ping_status":"closed","template":"","meta":{"_eb_attr":"","_uag_custom_page_level_css":"","footnotes":""},"categories":[],"tags":[66,76,73],"class_list":["post-1361","page","type-page","status-publish","hentry","tag-english-c","tag-estonian-k","tag-greek-kappa"],"uagb_featured_image_src":{"full":false,"thumbnail":false,"medium":false,"medium_large":false,"large":false,"1536x1536":false,"2048x2048":false,"menu-24x24":false,"menu-36x36":false,"menu-48x48":false},"uagb_author_info":{"display_name":"Ave Kartau","author_link":"https:\/\/domath.surju.ee\/et\/author\/ave\/"},"uagb_comment_info":0,"uagb_excerpt":"Kuupmeeter Kuupmeeter on mahu\u00fchik. &nbsp;Seda kasutatakse rahvusvahelises m\u00f5\u00f5t\u00fchikute s\u00fcsteemis( SI) See on kuubi ruumala, kui kuubi servapikkus on 1 meeter.&nbsp; &nbsp; Joonisel on kuubi ruumala, kui kuubi servapikkus on 1 m. \u00dcks kuupmeeter on ruumala, kui kuubi m\u00f5\u00f5dud on&nbsp;1m x1m x 1m. Kuupmeetri t\u00e4his on m3. &nbsp; &nbsp; m3&nbsp; &nbsp;\u2013 dm3&nbsp;\u2013 cm3&nbsp;\u2013&nbsp; mm3 1 kuupsentimeeter&hellip;","_links":{"self":[{"href":"https:\/\/domath.surju.ee\/et\/wp-json\/wp\/v2\/pages\/1361","targetHints":{"allow":["GET"]}}],"collection":[{"href":"https:\/\/domath.surju.ee\/et\/wp-json\/wp\/v2\/pages"}],"about":[{"href":"https:\/\/domath.surju.ee\/et\/wp-json\/wp\/v2\/types\/page"}],"author":[{"embeddable":true,"href":"https:\/\/domath.surju.ee\/et\/wp-json\/wp\/v2\/users\/12"}],"replies":[{"embeddable":true,"href":"https:\/\/domath.surju.ee\/et\/wp-json\/wp\/v2\/comments?post=1361"}],"version-history":[{"count":6,"href":"https:\/\/domath.surju.ee\/et\/wp-json\/wp\/v2\/pages\/1361\/revisions"}],"predecessor-version":[{"id":3288,"href":"https:\/\/domath.surju.ee\/et\/wp-json\/wp\/v2\/pages\/1361\/revisions\/3288"}],"wp:attachment":[{"href":"https:\/\/domath.surju.ee\/et\/wp-json\/wp\/v2\/media?parent=1361"}],"wp:term":[{"taxonomy":"category","embeddable":true,"href":"https:\/\/domath.surju.ee\/et\/wp-json\/wp\/v2\/categories?post=1361"},{"taxonomy":"post_tag","embeddable":true,"href":"https:\/\/domath.surju.ee\/et\/wp-json\/wp\/v2\/tags?post=1361"}],"curies":[{"name":"wp","href":"https:\/\/api.w.org\/{rel}","templated":true}]}}