{"id":1359,"date":"2024-03-03T20:55:30","date_gmt":"2024-03-03T20:55:30","guid":{"rendered":"https:\/\/domath.surju.ee\/?page_id=1359"},"modified":"2024-12-27T01:16:00","modified_gmt":"2024-12-27T01:16:00","slug":"cubic-centimetre","status":"publish","type":"page","link":"https:\/\/domath.surju.ee\/et\/kuupsentimeeter\/","title":{"rendered":"Kuupsentimeeter"},"content":{"rendered":"<h1 style=\"text-align: center;\"><span style=\"color: #008000;\"><strong>Kuupsentimeeter<\/strong><\/span><\/h1>\r\n<p><strong>Kuupsentimeeter<\/strong> (l\u00fchend cm<sup>3<\/sup>) on mahu\u00fchik, mille aluseks on&nbsp; kuup, mille iga k\u00fclje pikkus on 1 cm.<\/p>\r\n<p>Kuupsentimeeter on mahu\u00fchik rahvusvahelises m\u00f5\u00f5t\u00fchikute s\u00fcsteemis<strong>&nbsp;(SI).<\/strong><\/p>\r\n<p><strong>&nbsp; <img loading=\"lazy\" decoding=\"async\" class=\"wp-image-3249 alignnone\" src=\"https:\/\/domath.surju.ee\/wp-content\/uploads\/2024\/07\/kuupsentimeeter.png\" alt=\"\" width=\"125\" height=\"58\" srcset=\"https:\/\/domath.surju.ee\/wp-content\/uploads\/2024\/07\/kuupsentimeeter.png 203w, https:\/\/domath.surju.ee\/wp-content\/uploads\/2024\/07\/kuupsentimeeter-24x11.png 24w, https:\/\/domath.surju.ee\/wp-content\/uploads\/2024\/07\/kuupsentimeeter-36x17.png 36w, https:\/\/domath.surju.ee\/wp-content\/uploads\/2024\/07\/kuupsentimeeter-48x22.png 48w\" sizes=\"auto, (max-width: 125px) 100vw, 125px\" \/>&nbsp; &nbsp; &nbsp; &nbsp; &nbsp; &nbsp; &nbsp; &nbsp; 1 cm x 1cm x 1cm = 1 cm<sup>3&nbsp; <\/sup><\/strong>&nbsp;<br \/>\r\n&nbsp; &nbsp; &nbsp; &nbsp; &nbsp; &nbsp; &nbsp; &nbsp; &nbsp; &nbsp; &nbsp; &nbsp; &nbsp; &nbsp; &nbsp; &nbsp; &nbsp; &nbsp; &nbsp; &nbsp; &nbsp; &nbsp; &nbsp; &nbsp;Selle kujundi ruumala on<strong><span style=\"color: #333399;\">&nbsp; 1 cm<sup>3&nbsp; <\/sup><\/span>&nbsp;<\/strong><\/p>\r\n<p style=\"text-align: center;\"><span style=\"color: #ff0000;\"><strong><img loading=\"lazy\" decoding=\"async\" class=\"wp-image-3257 alignleft\" src=\"https:\/\/domath.surju.ee\/wp-content\/uploads\/2024\/07\/kuupdetsimeeter-2.png\" alt=\"\" width=\"328\" height=\"417\" srcset=\"https:\/\/domath.surju.ee\/wp-content\/uploads\/2024\/07\/kuupdetsimeeter-2.png 675w, https:\/\/domath.surju.ee\/wp-content\/uploads\/2024\/07\/kuupdetsimeeter-2-236x300.png 236w, https:\/\/domath.surju.ee\/wp-content\/uploads\/2024\/07\/kuupdetsimeeter-2-19x24.png 19w, https:\/\/domath.surju.ee\/wp-content\/uploads\/2024\/07\/kuupdetsimeeter-2-28x36.png 28w, https:\/\/domath.surju.ee\/wp-content\/uploads\/2024\/07\/kuupdetsimeeter-2-38x48.png 38w\" sizes=\"auto, (max-width: 328px) 100vw, 328px\" \/>&nbsp;m<sup>3<\/sup>&nbsp; &nbsp;&#8211; dm<sup>3<\/sup> &#8211; cm<sup>3<\/sup> &#8211;&nbsp; mm<sup>3<\/sup><\/strong><\/span><\/p>\r\n<h5 style=\"text-align: center;\">&nbsp;<\/h5>\r\n<\/span><\/h5>\r\n<p>1 kuupsentimeeter = 1000 kuupmillimeetrit<br \/>\r\n<span style=\"font-weight: 400;\">1 kuupdetsimeeter= 1000 kuupsentimeetrit<br \/>\r\n<\/span><span style=\"font-weight: 400;\">1 kuupmeeter = 1,000 kuupdetsimeetrit<br \/>\r\n<\/span><span style=\"font-weight: 400;\">1 kuupmeeter = 1,000,000 kuupsentimeetrit<\/span><\/p>\r\n<p style=\"text-align: center;\"><span style=\"font-weight: 400;\"><br \/>\r\n&nbsp;<span style=\"color: #ff0000;\"><strong> 1 l = 1dm<sup>3<\/sup>&nbsp;<\/strong> <\/span>&nbsp;&nbsp;<\/span><\/p>\r\n<p style=\"text-align: center;\"><strong>&nbsp; &nbsp; &nbsp; &nbsp; &nbsp; &nbsp; &nbsp; kuupmillimeeter&nbsp; &#8211; mm<sup>3&nbsp;<\/sup><br \/>\r\nkuupsentimeeter &#8211;&nbsp; cm<sup>3<br \/>\r\n<\/sup><\/strong><strong>kuupdetsimeeter &#8211;&nbsp; dm<sup>3<\/sup> <br \/>\r\nkuupmeeter &#8211; m<sup>3<\/sup><\/strong><\/p>\r\n<h5 style=\"text-align: center;\"><span style=\"font-weight: 400;\"><\/span><\/h5>\r\n<hr class=\"wp-block-separator has-alpha-channel-opacity\" \/>\r\n<h5 style=\"text-align: center;\"><span style=\"font-weight: 400;\">\r\n<\/span><\/h5>\r\n<figure class=\"wp-block-image aligncenter size-full is-resized\"><img loading=\"lazy\" decoding=\"async\" width=\"750\" height=\"429\" class=\"wp-image-3266\" style=\"width: 311px; height: auto;\" src=\"https:\/\/domath.surju.ee\/wp-content\/uploads\/2024\/07\/common-denominators-1-1.png\" alt=\"\" srcset=\"https:\/\/domath.surju.ee\/wp-content\/uploads\/2024\/07\/common-denominators-1-1.png 750w, https:\/\/domath.surju.ee\/wp-content\/uploads\/2024\/07\/common-denominators-1-1-300x172.png 300w, https:\/\/domath.surju.ee\/wp-content\/uploads\/2024\/07\/common-denominators-1-1-24x14.png 24w, https:\/\/domath.surju.ee\/wp-content\/uploads\/2024\/07\/common-denominators-1-1-36x21.png 36w, https:\/\/domath.surju.ee\/wp-content\/uploads\/2024\/07\/common-denominators-1-1-48x27.png 48w\" sizes=\"auto, (max-width: 750px) 100vw, 750px\" \/><\/figure>\r\n<h5 style=\"text-align: center;\"><span style=\"font-weight: 400;\">\r\n<\/span><\/h5>\r\n<hr class=\"wp-block-separator has-alpha-channel-opacity\" \/>\r\n<h5 style=\"text-align: center;\"><span style=\"font-weight: 400;\"><\/span><\/h5>\r\n<p><strong><span style=\"color: #0000ff;\">N\u00e4ide:<\/span><\/strong><\/p>\r\n<p>&nbsp; <img loading=\"lazy\" decoding=\"async\" class=\"wp-image-3232 alignleft\" src=\"https:\/\/domath.surju.ee\/wp-content\/uploads\/2024\/07\/rubiks-cube-147615_640-291x300.png\" alt=\"\" width=\"166\" height=\"172\" srcset=\"https:\/\/domath.surju.ee\/wp-content\/uploads\/2024\/07\/rubiks-cube-147615_640-291x300.png 291w, https:\/\/domath.surju.ee\/wp-content\/uploads\/2024\/07\/rubiks-cube-147615_640-24x24.png 24w, https:\/\/domath.surju.ee\/wp-content\/uploads\/2024\/07\/rubiks-cube-147615_640-36x36.png 36w, https:\/\/domath.surju.ee\/wp-content\/uploads\/2024\/07\/rubiks-cube-147615_640.png 620w\" sizes=\"auto, (max-width: 166px) 100vw, 166px\" \/><strong>\u00dche klotsi ruumala on 1cm<sup>3<\/sup>&nbsp;<\/strong> &nbsp;<\/p>\r\n<p>Joonis koosneb 27 v\u00e4ikesest kuubist (3 kuupi laiuses, 3 kuupi s\u00fcgavuses, 3 kuupi k\u00f5rguses).<\/p>\r\n<p><strong>&nbsp;Kujundi ruumala V=3x3x3= 27 cm<sup>3<\/sup><sup>&nbsp;<\/sup>.<\/strong><\/p>","protected":false},"excerpt":{"rendered":"<p>Kuupsentimeeter Kuupsentimeeter (l\u00fchend cm3) on mahu\u00fchik, mille aluseks on&nbsp; kuup, mille iga k\u00fclje pikkus on 1 cm. Kuupsentimeeter on mahu\u00fchik rahvusvahelises m\u00f5\u00f5t\u00fchikute s\u00fcsteemis&nbsp;(SI). &nbsp; &nbsp; &nbsp; &nbsp; &nbsp; &nbsp; &nbsp; &nbsp; &nbsp; 1 cm x 1cm x 1cm = 1 cm3&nbsp; &nbsp; &nbsp; &nbsp; &nbsp; &nbsp; &nbsp; &nbsp; &nbsp; &nbsp; &nbsp; &nbsp; &nbsp; &nbsp; &nbsp; [&#8230;]<\/p>\n<p><a class=\"btn btn-secondary understrap-read-more-link\" href=\"https:\/\/domath.surju.ee\/et\/kuupsentimeeter\/\">Read More&#8230;<span class=\"screen-reader-text\"> from Kuupsentimeeter<\/span><\/a><\/p>\n","protected":false},"author":12,"featured_media":0,"parent":0,"menu_order":0,"comment_status":"closed","ping_status":"closed","template":"","meta":{"_eb_attr":"","_uag_custom_page_level_css":"","footnotes":""},"categories":[],"tags":[66,76,73],"class_list":["post-1359","page","type-page","status-publish","hentry","tag-english-c","tag-estonian-k","tag-greek-kappa"],"uagb_featured_image_src":{"full":false,"thumbnail":false,"medium":false,"medium_large":false,"large":false,"1536x1536":false,"2048x2048":false,"menu-24x24":false,"menu-36x36":false,"menu-48x48":false},"uagb_author_info":{"display_name":"Ave Kartau","author_link":"https:\/\/domath.surju.ee\/et\/author\/ave\/"},"uagb_comment_info":0,"uagb_excerpt":"Kuupsentimeeter Kuupsentimeeter (l\u00fchend cm3) on mahu\u00fchik, mille aluseks on&nbsp; kuup, mille iga k\u00fclje pikkus on 1 cm. Kuupsentimeeter on mahu\u00fchik rahvusvahelises m\u00f5\u00f5t\u00fchikute s\u00fcsteemis&nbsp;(SI). &nbsp; &nbsp; &nbsp; &nbsp; &nbsp; &nbsp; &nbsp; &nbsp; &nbsp; 1 cm x 1cm x 1cm = 1 cm3&nbsp; &nbsp; &nbsp; &nbsp; &nbsp; &nbsp; &nbsp; &nbsp; &nbsp; &nbsp; &nbsp; &nbsp; &nbsp; &nbsp; &nbsp;&hellip;","_links":{"self":[{"href":"https:\/\/domath.surju.ee\/et\/wp-json\/wp\/v2\/pages\/1359","targetHints":{"allow":["GET"]}}],"collection":[{"href":"https:\/\/domath.surju.ee\/et\/wp-json\/wp\/v2\/pages"}],"about":[{"href":"https:\/\/domath.surju.ee\/et\/wp-json\/wp\/v2\/types\/page"}],"author":[{"embeddable":true,"href":"https:\/\/domath.surju.ee\/et\/wp-json\/wp\/v2\/users\/12"}],"replies":[{"embeddable":true,"href":"https:\/\/domath.surju.ee\/et\/wp-json\/wp\/v2\/comments?post=1359"}],"version-history":[{"count":24,"href":"https:\/\/domath.surju.ee\/et\/wp-json\/wp\/v2\/pages\/1359\/revisions"}],"predecessor-version":[{"id":4999,"href":"https:\/\/domath.surju.ee\/et\/wp-json\/wp\/v2\/pages\/1359\/revisions\/4999"}],"wp:attachment":[{"href":"https:\/\/domath.surju.ee\/et\/wp-json\/wp\/v2\/media?parent=1359"}],"wp:term":[{"taxonomy":"category","embeddable":true,"href":"https:\/\/domath.surju.ee\/et\/wp-json\/wp\/v2\/categories?post=1359"},{"taxonomy":"post_tag","embeddable":true,"href":"https:\/\/domath.surju.ee\/et\/wp-json\/wp\/v2\/tags?post=1359"}],"curies":[{"name":"wp","href":"https:\/\/api.w.org\/{rel}","templated":true}]}}