{"id":1357,"date":"2024-03-03T20:52:59","date_gmt":"2024-03-03T20:52:59","guid":{"rendered":"https:\/\/domath.surju.ee\/?page_id=1357"},"modified":"2024-12-27T01:04:43","modified_gmt":"2024-12-27T01:04:43","slug":"cube","status":"publish","type":"page","link":"https:\/\/domath.surju.ee\/et\/kuup\/","title":{"rendered":"Kuup"},"content":{"rendered":"<h1 style=\"text-align: center;\"><span style=\"color: #008000;\"><strong>Kuup<\/strong><\/span><\/h1>\r\n<p><span style=\"color: #ff0000;\"><strong>Kuup <\/strong><\/span>&nbsp; on korrap\u00e4rane kuustahukas.<br \/>\r\nKuubi tahkudeks on <strong>6&nbsp;ruutu<\/strong>, kuubil on 1<strong>2 serva<\/strong> ja <strong>8 tippu.&nbsp;<\/strong><\/p>\r\n<p>Kuupi nimetatakse ka korrap\u00e4raseks <strong><span style=\"color: #ff0000;\">heksaeedriks<\/span><\/strong>.<br \/>\r\n<br \/>\r\nKuubi pindala:&nbsp; <span style=\"color: #ff0000;\"><strong>S = 6a<sup>2<\/sup><\/strong><\/span><br \/>\r\n<br \/>\r\nKuubi ruumala:&nbsp; <span style=\"color: #ff0000;\"><strong>V= a<sup>3<\/sup><br \/>\r\n<br \/>\r\n<\/strong><span style=\"color: #000000;\">a &#8211; kuubi k\u00fclgserv<\/span><\/span><\/p>\r\n <iframe loading=\"lazy\" style=\"border: 0px;\" title=\"Kuup\" src=\"https:\/\/www.geogebra.org\/material\/iframe\/id\/t3yfczfc\/width\/900\/height\/650\/border\/888888\/sfsb\/true\/smb\/false\/stb\/false\/stbh\/false\/ai\/false\/asb\/false\/sri\/false\/rc\/false\/ld\/false\/sdz\/false\/ctl\/false\" width=\"600px\" height=\"450px\" scrolling=\"no\"> <\/iframe> \r\n<p><a href=\"https:\/\/www.geogebra.org\/u\/geogebra+team\"><span class=\"notranslate\">GeoGebra Materials Team<\/span><\/a>&nbsp;<\/p>\r\n<p>License<a href=\"https:\/\/creativecommons.org\/licenses\/by-sa\/3.0\">CC-BY-SA<\/a>,&nbsp;<a href=\"https:\/\/www.geogebra.org\/tos\">GeoGebra Terms of Use<\/a><br \/>\r\n<br \/>\r\n<span style=\"color: #008000; font-size: 14pt;\"><strong>Kuubi pindala ja ruumala arvutamine.<\/strong><\/span><\/p>\r\n <iframe loading=\"lazy\" style=\"border: 0px;\" title=\"Kuup, pindala, ruumala\" src=\"https:\/\/www.geogebra.org\/material\/iframe\/id\/tevv8mpe\/width\/1000\/height\/650\/border\/888888\/sfsb\/true\/smb\/false\/stb\/false\/stbh\/false\/ai\/false\/asb\/false\/sri\/false\/rc\/false\/ld\/false\/sdz\/false\/ctl\/false\" width=\"700px\" height=\"450px\" scrolling=\"no\"> <\/iframe> \r\n\r\n<hr class=\"wp-block-separator has-alpha-channel-opacity\" \/>\r\n<h5>&nbsp;<\/h5>\r\n<h5 style=\"text-align: center;\"><span style=\"color: #99ccff; background-color: #333399;\">N\u00e4ited igap\u00e4evaelust<\/span><\/h5>\r\n\r\n<div class=\"section-wrapper\" data-id=\"Xfj8eQ\">\r\n<section class=\"wp-block-gutenverse-section guten-element guten-section guten-Xfj8eQ layout-boxed align-stretch\">\r\n<div class=\"guten-background-overlay\">&nbsp;<\/div>\r\n<div class=\"guten-shape-divider guten-shape-divider-top\">&nbsp;<\/div>\r\n<div class=\"guten-shape-divider guten-shape-divider-bottom\">&nbsp;<\/div>\r\n<div class=\"guten-container guten-column-gap-default\">\r\n<div class=\"wp-block-gutenverse-column guten-element guten-column guten-8sPjFG\">\r\n<div class=\"guten-background-overlay\">&nbsp;<\/div>\r\n<div class=\"sticky-wrapper\" data-id=\"8sPjFG\">\r\n<div class=\"guten-column-wrapper\">\r\n<div class=\"section-wrapper\" data-id=\"iIhHdE\">\r\n<section class=\"wp-block-gutenverse-section guten-element guten-section guten-iIhHdE layout-boxed align-stretch\">\r\n<div class=\"guten-background-overlay\">&nbsp;<\/div>\r\n<div class=\"guten-shape-divider guten-shape-divider-top\">&nbsp;<\/div>\r\n<div class=\"guten-shape-divider guten-shape-divider-bottom\">&nbsp;<\/div>\r\n<div class=\"guten-container guten-column-gap-default\">\r\n<div class=\"wp-block-gutenverse-column guten-element guten-column guten-J3EjP0\">\r\n<div class=\"guten-background-overlay\">&nbsp;<\/div>\r\n<div class=\"sticky-wrapper\" data-id=\"J3EjP0\">\r\n<div class=\"guten-column-wrapper\">\r\n<figure class=\"wp-block-image size-large is-resized\"><img loading=\"lazy\" decoding=\"async\" width=\"640\" height=\"612\" class=\"wp-image-3235\" style=\"width: 105px; height: auto;\" src=\"https:\/\/domath.surju.ee\/wp-content\/uploads\/2024\/07\/block-576504_640.png\" alt=\"\" srcset=\"https:\/\/domath.surju.ee\/wp-content\/uploads\/2024\/07\/block-576504_640.png 640w, https:\/\/domath.surju.ee\/wp-content\/uploads\/2024\/07\/block-576504_640-300x287.png 300w, https:\/\/domath.surju.ee\/wp-content\/uploads\/2024\/07\/block-576504_640-24x24.png 24w, https:\/\/domath.surju.ee\/wp-content\/uploads\/2024\/07\/block-576504_640-36x34.png 36w, https:\/\/domath.surju.ee\/wp-content\/uploads\/2024\/07\/block-576504_640-48x46.png 48w\" sizes=\"auto, (max-width: 640px) 100vw, 640px\" \/><\/figure>\r\n<\/div>\r\n<\/div>\r\n<\/div>\r\n<\/div>\r\n<\/section>\r\n<\/div>\r\n\r\n<div class=\"wp-block-image\">\r\n<figure class=\"aligncenter size-full is-resized\"><img loading=\"lazy\" decoding=\"async\" width=\"591\" height=\"640\" class=\"wp-image-3230\" style=\"width: 58px; height: auto;\" src=\"https:\/\/domath.surju.ee\/wp-content\/uploads\/2024\/07\/dice-307408_640.png\" alt=\"\" srcset=\"https:\/\/domath.surju.ee\/wp-content\/uploads\/2024\/07\/dice-307408_640.png 591w, https:\/\/domath.surju.ee\/wp-content\/uploads\/2024\/07\/dice-307408_640-277x300.png 277w, https:\/\/domath.surju.ee\/wp-content\/uploads\/2024\/07\/dice-307408_640-22x24.png 22w, https:\/\/domath.surju.ee\/wp-content\/uploads\/2024\/07\/dice-307408_640-33x36.png 33w, https:\/\/domath.surju.ee\/wp-content\/uploads\/2024\/07\/dice-307408_640-44x48.png 44w\" sizes=\"auto, (max-width: 591px) 100vw, 591px\" \/><\/figure><\/div><\/div>\r\n<\/div>\r\n<\/div>\r\n\r\n\r\n<div class=\"wp-block-gutenverse-column guten-element guten-column guten-gQoONC\">\r\n<div class=\"guten-background-overlay\">&nbsp;<\/div>\r\n<div class=\"sticky-wrapper\" data-id=\"gQoONC\">\r\n<div class=\"guten-column-wrapper\">\r\n<figure class=\"wp-block-image size-full is-resized\"><img loading=\"lazy\" decoding=\"async\" width=\"620\" height=\"640\" class=\"wp-image-3232\" style=\"width: 94px; height: auto;\" src=\"https:\/\/domath.surju.ee\/wp-content\/uploads\/2024\/07\/rubiks-cube-147615_640.png\" alt=\"\" srcset=\"https:\/\/domath.surju.ee\/wp-content\/uploads\/2024\/07\/rubiks-cube-147615_640.png 620w, https:\/\/domath.surju.ee\/wp-content\/uploads\/2024\/07\/rubiks-cube-147615_640-291x300.png 291w, https:\/\/domath.surju.ee\/wp-content\/uploads\/2024\/07\/rubiks-cube-147615_640-24x24.png 24w, https:\/\/domath.surju.ee\/wp-content\/uploads\/2024\/07\/rubiks-cube-147615_640-36x36.png 36w\" sizes=\"auto, (max-width: 620px) 100vw, 620px\" \/><\/figure>\r\n<\/div>\r\n<\/div>\r\n<\/div>\r\n\r\n\r\n<div class=\"wp-block-gutenverse-column guten-element guten-column guten-angdsV\">\r\n<div class=\"guten-background-overlay\">&nbsp;<\/div>\r\n<div class=\"sticky-wrapper\" data-id=\"angdsV\">\r\n<div class=\"guten-column-wrapper\">\r\n<figure class=\"wp-block-image size-full is-resized\"><img loading=\"lazy\" decoding=\"async\" width=\"622\" height=\"640\" class=\"wp-image-3233\" style=\"width: 176px; height: auto;\" src=\"https:\/\/domath.surju.ee\/wp-content\/uploads\/2024\/07\/gift-box-310224_640.png\" alt=\"\" srcset=\"https:\/\/domath.surju.ee\/wp-content\/uploads\/2024\/07\/gift-box-310224_640.png 622w, https:\/\/domath.surju.ee\/wp-content\/uploads\/2024\/07\/gift-box-310224_640-292x300.png 292w, https:\/\/domath.surju.ee\/wp-content\/uploads\/2024\/07\/gift-box-310224_640-24x24.png 24w, https:\/\/domath.surju.ee\/wp-content\/uploads\/2024\/07\/gift-box-310224_640-36x36.png 36w, https:\/\/domath.surju.ee\/wp-content\/uploads\/2024\/07\/gift-box-310224_640-48x48.png 48w\" sizes=\"auto, (max-width: 622px) 100vw, 622px\" \/><\/figure>\r\n<\/div>\r\n<\/div>\r\n<\/div>\r\n\r\n\r\n<div class=\"wp-block-gutenverse-column guten-element guten-column guten-PwKVPH\">\r\n<div class=\"guten-background-overlay\">&nbsp;<\/div>\r\n<div class=\"sticky-wrapper\" data-id=\"PwKVPH\">\r\n<div class=\"guten-column-wrapper\">\r\n<figure class=\"wp-block-gallery has-nested-images columns-default is-cropped wp-block-gallery-1 is-layout-flex wp-block-gallery-is-layout-flex\">\r\n<figure class=\"wp-block-image size-large is-resized\"><img loading=\"lazy\" decoding=\"async\" width=\"483\" height=\"640\" data-id=\"3234\" class=\"wp-image-3234\" style=\"width: 177px; height: auto;\" src=\"https:\/\/domath.surju.ee\/wp-content\/uploads\/2024\/07\/wooden-46796_640.png\" alt=\"\" srcset=\"https:\/\/domath.surju.ee\/wp-content\/uploads\/2024\/07\/wooden-46796_640.png 483w, https:\/\/domath.surju.ee\/wp-content\/uploads\/2024\/07\/wooden-46796_640-226x300.png 226w, https:\/\/domath.surju.ee\/wp-content\/uploads\/2024\/07\/wooden-46796_640-18x24.png 18w, https:\/\/domath.surju.ee\/wp-content\/uploads\/2024\/07\/wooden-46796_640-27x36.png 27w, https:\/\/domath.surju.ee\/wp-content\/uploads\/2024\/07\/wooden-46796_640-36x48.png 36w\" sizes=\"auto, (max-width: 483px) 100vw, 483px\" \/><\/figure>\r\n<\/figure>\r\n<\/div>\r\n<\/div>\r\n<\/div>\r\n<\/div>\r\n<\/section>\r\n<\/div>\r\n","protected":false},"excerpt":{"rendered":"<p>Kuup Kuup &nbsp; on korrap\u00e4rane kuustahukas. Kuubi tahkudeks on 6&nbsp;ruutu, kuubil on 12 serva ja 8 tippu.&nbsp; Kuupi nimetatakse ka korrap\u00e4raseks heksaeedriks. Kuubi pindala:&nbsp; S = 6a2 Kuubi ruumala:&nbsp; V= a3 a &#8211; kuubi k\u00fclgserv GeoGebra Materials Team&nbsp; LicenseCC-BY-SA,&nbsp;GeoGebra Terms of Use Kuubi pindala ja ruumala arvutamine. &nbsp; N\u00e4ited igap\u00e4evaelust &nbsp; &nbsp; &nbsp; &nbsp; &nbsp; [&#8230;]<\/p>\n<p><a class=\"btn btn-secondary understrap-read-more-link\" href=\"https:\/\/domath.surju.ee\/et\/kuup\/\">Read More&#8230;<span class=\"screen-reader-text\"> from Kuup<\/span><\/a><\/p>\n","protected":false},"author":12,"featured_media":0,"parent":0,"menu_order":0,"comment_status":"closed","ping_status":"closed","template":"","meta":{"_eb_attr":"","_uag_custom_page_level_css":"","footnotes":""},"categories":[],"tags":[66,76,73],"class_list":["post-1357","page","type-page","status-publish","hentry","tag-english-c","tag-estonian-k","tag-greek-kappa"],"uagb_featured_image_src":{"full":false,"thumbnail":false,"medium":false,"medium_large":false,"large":false,"1536x1536":false,"2048x2048":false,"menu-24x24":false,"menu-36x36":false,"menu-48x48":false},"uagb_author_info":{"display_name":"Ave Kartau","author_link":"https:\/\/domath.surju.ee\/et\/author\/ave\/"},"uagb_comment_info":0,"uagb_excerpt":"Kuup Kuup &nbsp; on korrap\u00e4rane kuustahukas. Kuubi tahkudeks on 6&nbsp;ruutu, kuubil on 12 serva ja 8 tippu.&nbsp; Kuupi nimetatakse ka korrap\u00e4raseks heksaeedriks. Kuubi pindala:&nbsp; S = 6a2 Kuubi ruumala:&nbsp; V= a3 a &#8211; kuubi k\u00fclgserv GeoGebra Materials Team&nbsp; LicenseCC-BY-SA,&nbsp;GeoGebra Terms of Use Kuubi pindala ja ruumala arvutamine. &nbsp; N\u00e4ited igap\u00e4evaelust &nbsp; &nbsp; &nbsp; &nbsp; &nbsp;&hellip;","_links":{"self":[{"href":"https:\/\/domath.surju.ee\/et\/wp-json\/wp\/v2\/pages\/1357","targetHints":{"allow":["GET"]}}],"collection":[{"href":"https:\/\/domath.surju.ee\/et\/wp-json\/wp\/v2\/pages"}],"about":[{"href":"https:\/\/domath.surju.ee\/et\/wp-json\/wp\/v2\/types\/page"}],"author":[{"embeddable":true,"href":"https:\/\/domath.surju.ee\/et\/wp-json\/wp\/v2\/users\/12"}],"replies":[{"embeddable":true,"href":"https:\/\/domath.surju.ee\/et\/wp-json\/wp\/v2\/comments?post=1357"}],"version-history":[{"count":10,"href":"https:\/\/domath.surju.ee\/et\/wp-json\/wp\/v2\/pages\/1357\/revisions"}],"predecessor-version":[{"id":4997,"href":"https:\/\/domath.surju.ee\/et\/wp-json\/wp\/v2\/pages\/1357\/revisions\/4997"}],"wp:attachment":[{"href":"https:\/\/domath.surju.ee\/et\/wp-json\/wp\/v2\/media?parent=1357"}],"wp:term":[{"taxonomy":"category","embeddable":true,"href":"https:\/\/domath.surju.ee\/et\/wp-json\/wp\/v2\/categories?post=1357"},{"taxonomy":"post_tag","embeddable":true,"href":"https:\/\/domath.surju.ee\/et\/wp-json\/wp\/v2\/tags?post=1357"}],"curies":[{"name":"wp","href":"https:\/\/api.w.org\/{rel}","templated":true}]}}