{"id":1355,"date":"2024-03-03T20:51:12","date_gmt":"2024-03-03T20:51:12","guid":{"rendered":"https:\/\/domath.surju.ee\/?page_id=1355"},"modified":"2024-12-27T00:48:22","modified_gmt":"2024-12-27T00:48:22","slug":"cross-multiplication","status":"publish","type":"page","link":"https:\/\/domath.surju.ee\/et\/v6rre\/","title":{"rendered":"V\u00f5rre, v\u00f5rdekujuline v\u00f5rrand"},"content":{"rendered":"\r\n<h1 style=\"text-align: center;\"><span style=\"color: #008000;\"><strong>V\u00f5rre<\/strong><\/span><\/h1>\r\n<p><span style=\"color: #ff0000;\"><strong>V\u00f5rre<\/strong><\/span> on t\u00f5ene v\u00f5rdus, mille m\u00f5lemad pooled on jagatised.<br \/>\r\n<br \/>\r\n<span style=\"color: #ff0000;\"><span style=\"font-size: 14pt;\"><strong>&nbsp; &nbsp;a : b = c : d<\/strong><\/span><br \/>\r\n<img loading=\"lazy\" decoding=\"async\" class=\"alignnone  wp-image-4996\" src=\"https:\/\/domath.surju.ee\/wp-content\/uploads\/2024\/12\/vorre.png\" alt=\"\" width=\"117\" height=\"91\" srcset=\"https:\/\/domath.surju.ee\/wp-content\/uploads\/2024\/12\/vorre.png 205w, https:\/\/domath.surju.ee\/wp-content\/uploads\/2024\/12\/vorre-24x19.png 24w, https:\/\/domath.surju.ee\/wp-content\/uploads\/2024\/12\/vorre-36x28.png 36w, https:\/\/domath.surju.ee\/wp-content\/uploads\/2024\/12\/vorre-48x37.png 48w\" sizes=\"auto, (max-width: 117px) 100vw, 117px\" \/><br \/>\r\n<br \/>\r\n<strong>V\u00f5rde p\u00f5hiomadus:&nbsp;<\/strong><\/span> V\u00f5rde v\u00e4lisliikmete korrutis v\u00f5rdub tema siseliikmete korrutisega.&nbsp;<br \/>\r\na,d &#8211;&nbsp; v\u00e4lisliikmed<br \/>\r\nb,c &#8211; siseliikmed<\/p>\r\n\r\n<figure class=\"wp-block-image aligncenter size-large is-resized\"><img loading=\"lazy\" decoding=\"async\" width=\"1024\" height=\"403\" class=\"wp-image-3206\" style=\"width: 325px; height: auto;\" src=\"https:\/\/domath.surju.ee\/wp-content\/uploads\/2024\/07\/geogebra-export-11-1024x403.png\" alt=\"\" srcset=\"https:\/\/domath.surju.ee\/wp-content\/uploads\/2024\/07\/geogebra-export-11-1024x403.png 1024w, https:\/\/domath.surju.ee\/wp-content\/uploads\/2024\/07\/geogebra-export-11-300x118.png 300w, https:\/\/domath.surju.ee\/wp-content\/uploads\/2024\/07\/geogebra-export-11-768x302.png 768w, https:\/\/domath.surju.ee\/wp-content\/uploads\/2024\/07\/geogebra-export-11-1536x605.png 1536w, https:\/\/domath.surju.ee\/wp-content\/uploads\/2024\/07\/geogebra-export-11-2048x806.png 2048w, https:\/\/domath.surju.ee\/wp-content\/uploads\/2024\/07\/geogebra-export-11-24x9.png 24w, https:\/\/domath.surju.ee\/wp-content\/uploads\/2024\/07\/geogebra-export-11-36x14.png 36w, https:\/\/domath.surju.ee\/wp-content\/uploads\/2024\/07\/geogebra-export-11-48x19.png 48w\" sizes=\"auto, (max-width: 1024px) 100vw, 1024px\" \/><br \/>\r\n<br \/>\r\n<\/figure>\r\n\r\n\r\n<hr class=\"wp-block-separator has-alpha-channel-opacity\" \/>\r\n<h5><strong><span style=\"color: #0000ff;\"><span style=\"font-size: 12pt;\"><span style=\"color: #ff0000;\">V\u00f5rdekujuline v\u00f5rrand<\/span> <span style=\"color: #993300;\">on v\u00f5rre, mis sisaldab tundmatut suurust<\/span><\/span><\/span><\/strong><span style=\"color: #000000;\"><span style=\"font-size: 12pt;\"> (n\u00e4ited 2, 3, 4, 5).<\/span><\/span><strong><span style=\"color: #0000ff;\"><br \/>\r\n<br \/>\r\nN\u00e4ited<\/span><\/strong><\/h5>\r\n\r\n<div class=\"section-wrapper\" data-id=\"j9NIZJ\">\r\n<section class=\"wp-block-gutenverse-section guten-element guten-section guten-j9NIZJ layout-boxed align-stretch\">\r\n<div class=\"guten-shape-divider guten-shape-divider-bottom\">&nbsp;<\/div>\r\n<div class=\"guten-container guten-column-gap-default\">\r\n<div class=\"wp-block-gutenverse-column guten-element guten-column guten-DQ9r6a\">\r\n<div class=\"guten-background-overlay\">&nbsp;<\/div>\r\n<div class=\"sticky-wrapper\" data-id=\"DQ9r6a\">\r\n<div class=\"guten-column-wrapper\">\r\n<figure class=\"wp-block-image size-large is-resized\">1)<img loading=\"lazy\" decoding=\"async\" width=\"1024\" height=\"790\" class=\"wp-image-3224\" style=\"width: 149px; height: auto;\" src=\"https:\/\/domath.surju.ee\/wp-content\/uploads\/2024\/07\/pildid-mida-saab-kasutada1-3-1024x790.png\" alt=\"\" srcset=\"https:\/\/domath.surju.ee\/wp-content\/uploads\/2024\/07\/pildid-mida-saab-kasutada1-3-1024x790.png 1024w, https:\/\/domath.surju.ee\/wp-content\/uploads\/2024\/07\/pildid-mida-saab-kasutada1-3-300x232.png 300w, https:\/\/domath.surju.ee\/wp-content\/uploads\/2024\/07\/pildid-mida-saab-kasutada1-3-768x593.png 768w, https:\/\/domath.surju.ee\/wp-content\/uploads\/2024\/07\/pildid-mida-saab-kasutada1-3-1536x1185.png 1536w, https:\/\/domath.surju.ee\/wp-content\/uploads\/2024\/07\/pildid-mida-saab-kasutada1-3-2048x1580.png 2048w, https:\/\/domath.surju.ee\/wp-content\/uploads\/2024\/07\/pildid-mida-saab-kasutada1-3-24x19.png 24w, https:\/\/domath.surju.ee\/wp-content\/uploads\/2024\/07\/pildid-mida-saab-kasutada1-3-36x28.png 36w, https:\/\/domath.surju.ee\/wp-content\/uploads\/2024\/07\/pildid-mida-saab-kasutada1-3-48x37.png 48w\" sizes=\"auto, (max-width: 1024px) 100vw, 1024px\" \/><\/figure>\r\n<\/div>\r\n<\/div>\r\n<\/div>\r\n\r\n\r\n<div class=\"wp-block-gutenverse-column guten-element guten-column guten-jNn5Fv\">\r\n<div class=\"guten-background-overlay\">&nbsp;<\/div>\r\n<div class=\"sticky-wrapper\" data-id=\"jNn5Fv\">\r\n<div class=\"guten-column-wrapper\">\r\n<figure class=\"wp-block-image size-large is-resized\">2) <img loading=\"lazy\" decoding=\"async\" width=\"820\" height=\"1024\" class=\"wp-image-3214\" style=\"width: 128px; height: auto;\" src=\"https:\/\/domath.surju.ee\/wp-content\/uploads\/2024\/07\/pildid-mida-saab-kasutada-12-820x1024.png\" alt=\"\" srcset=\"https:\/\/domath.surju.ee\/wp-content\/uploads\/2024\/07\/pildid-mida-saab-kasutada-12-820x1024.png 820w, https:\/\/domath.surju.ee\/wp-content\/uploads\/2024\/07\/pildid-mida-saab-kasutada-12-240x300.png 240w, https:\/\/domath.surju.ee\/wp-content\/uploads\/2024\/07\/pildid-mida-saab-kasutada-12-768x959.png 768w, https:\/\/domath.surju.ee\/wp-content\/uploads\/2024\/07\/pildid-mida-saab-kasutada-12-1230x1536.png 1230w, https:\/\/domath.surju.ee\/wp-content\/uploads\/2024\/07\/pildid-mida-saab-kasutada-12-1640x2048.png 1640w, https:\/\/domath.surju.ee\/wp-content\/uploads\/2024\/07\/pildid-mida-saab-kasutada-12-19x24.png 19w, https:\/\/domath.surju.ee\/wp-content\/uploads\/2024\/07\/pildid-mida-saab-kasutada-12-29x36.png 29w, https:\/\/domath.surju.ee\/wp-content\/uploads\/2024\/07\/pildid-mida-saab-kasutada-12-38x48.png 38w\" sizes=\"auto, (max-width: 820px) 100vw, 820px\" \/><\/figure>\r\n<\/div>\r\n<\/div>\r\n<\/div>\r\n\r\n\r\n<div class=\"wp-block-gutenverse-column guten-element guten-column guten-V0lWTg\">\r\n<div class=\"guten-background-overlay\">&nbsp;<\/div>\r\n<div class=\"sticky-wrapper\" data-id=\"V0lWTg\">\r\n<div class=\"guten-column-wrapper\">\r\n<figure class=\"wp-block-image size-large is-resized\">3)<img loading=\"lazy\" decoding=\"async\" width=\"649\" height=\"1024\" class=\"wp-image-3216\" style=\"width: 125px; height: auto;\" src=\"https:\/\/domath.surju.ee\/wp-content\/uploads\/2024\/07\/pildid-mida-saab-kasutada-23-649x1024.png\" alt=\"\" srcset=\"https:\/\/domath.surju.ee\/wp-content\/uploads\/2024\/07\/pildid-mida-saab-kasutada-23-649x1024.png 649w, https:\/\/domath.surju.ee\/wp-content\/uploads\/2024\/07\/pildid-mida-saab-kasutada-23-190x300.png 190w, https:\/\/domath.surju.ee\/wp-content\/uploads\/2024\/07\/pildid-mida-saab-kasutada-23-768x1211.png 768w, https:\/\/domath.surju.ee\/wp-content\/uploads\/2024\/07\/pildid-mida-saab-kasutada-23-974x1536.png 974w, https:\/\/domath.surju.ee\/wp-content\/uploads\/2024\/07\/pildid-mida-saab-kasutada-23-1298x2048.png 1298w, https:\/\/domath.surju.ee\/wp-content\/uploads\/2024\/07\/pildid-mida-saab-kasutada-23-15x24.png 15w, https:\/\/domath.surju.ee\/wp-content\/uploads\/2024\/07\/pildid-mida-saab-kasutada-23-23x36.png 23w, https:\/\/domath.surju.ee\/wp-content\/uploads\/2024\/07\/pildid-mida-saab-kasutada-23-30x48.png 30w\" sizes=\"auto, (max-width: 649px) 100vw, 649px\" \/><\/figure>\r\n<\/div>\r\n<\/div>\r\n<\/div>\r\n\r\n\r\n<div class=\"wp-block-gutenverse-column guten-element guten-column guten-daXi7W\">\r\n<div class=\"guten-background-overlay\">&nbsp;<\/div>\r\n<div class=\"sticky-wrapper\" data-id=\"daXi7W\">\r\n<div class=\"guten-column-wrapper\">\r\n<figure class=\"wp-block-image size-large is-resized\">4)<img loading=\"lazy\" decoding=\"async\" width=\"806\" height=\"1024\" class=\"wp-image-3218\" style=\"width: 143px; height: auto;\" src=\"https:\/\/domath.surju.ee\/wp-content\/uploads\/2024\/07\/pildid-mida-saab-kasutada-34-806x1024.png\" alt=\"\" srcset=\"https:\/\/domath.surju.ee\/wp-content\/uploads\/2024\/07\/pildid-mida-saab-kasutada-34-806x1024.png 806w, https:\/\/domath.surju.ee\/wp-content\/uploads\/2024\/07\/pildid-mida-saab-kasutada-34-236x300.png 236w, https:\/\/domath.surju.ee\/wp-content\/uploads\/2024\/07\/pildid-mida-saab-kasutada-34-768x976.png 768w, https:\/\/domath.surju.ee\/wp-content\/uploads\/2024\/07\/pildid-mida-saab-kasutada-34-1209x1536.png 1209w, https:\/\/domath.surju.ee\/wp-content\/uploads\/2024\/07\/pildid-mida-saab-kasutada-34-1612x2048.png 1612w, https:\/\/domath.surju.ee\/wp-content\/uploads\/2024\/07\/pildid-mida-saab-kasutada-34-19x24.png 19w, https:\/\/domath.surju.ee\/wp-content\/uploads\/2024\/07\/pildid-mida-saab-kasutada-34-28x36.png 28w, https:\/\/domath.surju.ee\/wp-content\/uploads\/2024\/07\/pildid-mida-saab-kasutada-34-38x48.png 38w\" sizes=\"auto, (max-width: 806px) 100vw, 806px\" \/><\/figure>\r\n<\/div>\r\n<\/div>\r\n<\/div>\r\n\r\n\r\n<div class=\"wp-block-gutenverse-column guten-element guten-column guten-bqOBC7\">\r\n<div class=\"guten-background-overlay\">&nbsp;<\/div>\r\n<div class=\"sticky-wrapper\" data-id=\"bqOBC7\">\r\n<div class=\"guten-column-wrapper\">\r\n<figure class=\"wp-block-image size-large is-resized\">5)<img loading=\"lazy\" decoding=\"async\" width=\"761\" height=\"1024\" class=\"wp-image-3219\" style=\"width: 132px; height: auto;\" src=\"https:\/\/domath.surju.ee\/wp-content\/uploads\/2024\/07\/pildid-mida-saab-kasutada-45-761x1024.png\" alt=\"\" srcset=\"https:\/\/domath.surju.ee\/wp-content\/uploads\/2024\/07\/pildid-mida-saab-kasutada-45-761x1024.png 761w, https:\/\/domath.surju.ee\/wp-content\/uploads\/2024\/07\/pildid-mida-saab-kasutada-45-223x300.png 223w, https:\/\/domath.surju.ee\/wp-content\/uploads\/2024\/07\/pildid-mida-saab-kasutada-45-768x1033.png 768w, https:\/\/domath.surju.ee\/wp-content\/uploads\/2024\/07\/pildid-mida-saab-kasutada-45-1142x1536.png 1142w, https:\/\/domath.surju.ee\/wp-content\/uploads\/2024\/07\/pildid-mida-saab-kasutada-45-1523x2048.png 1523w, https:\/\/domath.surju.ee\/wp-content\/uploads\/2024\/07\/pildid-mida-saab-kasutada-45-18x24.png 18w, https:\/\/domath.surju.ee\/wp-content\/uploads\/2024\/07\/pildid-mida-saab-kasutada-45-27x36.png 27w, https:\/\/domath.surju.ee\/wp-content\/uploads\/2024\/07\/pildid-mida-saab-kasutada-45-36x48.png 36w\" sizes=\"auto, (max-width: 761px) 100vw, 761px\" \/><\/figure>\r\n<\/div>\r\n<\/div>\r\n<\/div>\r\n<\/div>\r\n<\/section>\r\n<\/div>\r\n\r\n\r\n<hr class=\"wp-block-separator has-alpha-channel-opacity\" \/>\r\n <iframe loading=\"lazy\" style=\"max-width: 100%;\" src=\"https:\/\/wordwall.net\/embed\/2e686f68e4494722b3497e1972d17f64?themeId=21&amp;templateId=69&amp;fontStackId=0\" width=\"500\" height=\"380\" frameborder=\"0\" allowfullscreen=\"allowfullscreen\"><\/iframe> ","protected":false},"excerpt":{"rendered":"<p>V\u00f5rre V\u00f5rre on t\u00f5ene v\u00f5rdus, mille m\u00f5lemad pooled on jagatised. &nbsp; &nbsp;a : b = c : d V\u00f5rde p\u00f5hiomadus:&nbsp; V\u00f5rde v\u00e4lisliikmete korrutis v\u00f5rdub tema siseliikmete korrutisega.&nbsp; a,d &#8211;&nbsp; v\u00e4lisliikmed b,c &#8211; siseliikmed V\u00f5rdekujuline v\u00f5rrand on v\u00f5rre, mis sisaldab tundmatut suurust (n\u00e4ited 2, 3, 4, 5). N\u00e4ited &nbsp; &nbsp; 1) &nbsp; 2) &nbsp; 3) &nbsp; [&#8230;]<\/p>\n<p><a class=\"btn btn-secondary understrap-read-more-link\" href=\"https:\/\/domath.surju.ee\/et\/v6rre\/\">Read More&#8230;<span class=\"screen-reader-text\"> from V\u00f5rre, v\u00f5rdekujuline v\u00f5rrand<\/span><\/a><\/p>\n","protected":false},"author":12,"featured_media":0,"parent":0,"menu_order":0,"comment_status":"closed","ping_status":"closed","template":"","meta":{"_eb_attr":"","_uag_custom_page_level_css":"","footnotes":""},"categories":[],"tags":[66,119,154],"class_list":["post-1355","page","type-page","status-publish","hentry","tag-english-c","tag-estonian-v","tag-greek-chi"],"uagb_featured_image_src":{"full":false,"thumbnail":false,"medium":false,"medium_large":false,"large":false,"1536x1536":false,"2048x2048":false,"menu-24x24":false,"menu-36x36":false,"menu-48x48":false},"uagb_author_info":{"display_name":"Ave Kartau","author_link":"https:\/\/domath.surju.ee\/et\/author\/ave\/"},"uagb_comment_info":0,"uagb_excerpt":"V\u00f5rre V\u00f5rre on t\u00f5ene v\u00f5rdus, mille m\u00f5lemad pooled on jagatised. &nbsp; &nbsp;a : b = c : d V\u00f5rde p\u00f5hiomadus:&nbsp; V\u00f5rde v\u00e4lisliikmete korrutis v\u00f5rdub tema siseliikmete korrutisega.&nbsp; a,d &#8211;&nbsp; v\u00e4lisliikmed b,c &#8211; siseliikmed V\u00f5rdekujuline v\u00f5rrand on v\u00f5rre, mis sisaldab tundmatut suurust (n\u00e4ited 2, 3, 4, 5). N\u00e4ited &nbsp; &nbsp; 1) &nbsp; 2) &nbsp; 3) &nbsp;&hellip;","_links":{"self":[{"href":"https:\/\/domath.surju.ee\/et\/wp-json\/wp\/v2\/pages\/1355","targetHints":{"allow":["GET"]}}],"collection":[{"href":"https:\/\/domath.surju.ee\/et\/wp-json\/wp\/v2\/pages"}],"about":[{"href":"https:\/\/domath.surju.ee\/et\/wp-json\/wp\/v2\/types\/page"}],"author":[{"embeddable":true,"href":"https:\/\/domath.surju.ee\/et\/wp-json\/wp\/v2\/users\/12"}],"replies":[{"embeddable":true,"href":"https:\/\/domath.surju.ee\/et\/wp-json\/wp\/v2\/comments?post=1355"}],"version-history":[{"count":8,"href":"https:\/\/domath.surju.ee\/et\/wp-json\/wp\/v2\/pages\/1355\/revisions"}],"predecessor-version":[{"id":3229,"href":"https:\/\/domath.surju.ee\/et\/wp-json\/wp\/v2\/pages\/1355\/revisions\/3229"}],"wp:attachment":[{"href":"https:\/\/domath.surju.ee\/et\/wp-json\/wp\/v2\/media?parent=1355"}],"wp:term":[{"taxonomy":"category","embeddable":true,"href":"https:\/\/domath.surju.ee\/et\/wp-json\/wp\/v2\/categories?post=1355"},{"taxonomy":"post_tag","embeddable":true,"href":"https:\/\/domath.surju.ee\/et\/wp-json\/wp\/v2\/tags?post=1355"}],"curies":[{"name":"wp","href":"https:\/\/api.w.org\/{rel}","templated":true}]}}