{"id":1353,"date":"2024-03-03T20:46:17","date_gmt":"2024-03-03T20:46:17","guid":{"rendered":"https:\/\/domath.surju.ee\/?page_id=1353"},"modified":"2024-12-27T00:25:38","modified_gmt":"2024-12-27T00:25:38","slug":"counting","status":"publish","type":"page","link":"https:\/\/domath.surju.ee\/et\/loendamine\/","title":{"rendered":"Loendamine"},"content":{"rendered":"<h1 style=\"text-align: center;\"><span style=\"color: #008000;\"><strong>Loendamine <\/strong><\/span><\/h1>\r\n<p><strong><span style=\"color: #ff0000;\">Loendamine<\/span>&nbsp; <\/strong>on samaaegselt k\u00e4eline ja s\u00f5naline tegevus, mis seab loendatavad esemed ja j\u00e4rjestikused arvs\u00f5nad \u00fcks-\u00fchesesse vastavusse. <br \/>\r\n<strong>Loendamine<\/strong> on ainus tegevus (vahend), mille abil saab kindlaks<strong> teha esemete arvu<\/strong>.&nbsp;<\/p>\r\n<p><strong><span style=\"color: #ff0000;\">Loendatav arv<\/span><\/strong> on iga arv hulgast {1, 2, 3, 4, &#8230; }.<\/p>\r\n<p><strong>Loendamisel saab kasutada p\u00f5hiarve 1, 2, 3&#8230;.<\/strong> v\u00f5i <strong>j\u00e4rgarve<\/strong> <strong>1. (esimene), 2.(teine), 3.(kolmas)&#8230;&#8230;.&nbsp;<\/strong><\/p>\r\n<p>Loendamisel kasutatakse <strong><span style=\"color: #ff0000;\">naturaalarve<\/span><\/strong>.&nbsp;<br \/>\r\nNaturaalarvude hulka t\u00e4histatakse t\u00e4hega N.<br \/>\r\n<strong>N{ 1, 2, 3, 4, &#8230; }<br \/>\r\n<iframe loading=\"lazy\" title=\"YouTube video player\" src=\"\/\/www.youtube.com\/embed\/0VLxWIHRD4E?si=8B3pY9-Fd0dGsgo2\" width=\"560\" height=\"315\" frameborder=\"0\" allowfullscreen=\"allowfullscreen\"><\/iframe><br \/>\r\n<\/strong><\/p>\r\n\r\n\r\n<p>&nbsp;<\/p>\r\n","protected":false},"excerpt":{"rendered":"<p>Loendamine Loendamine&nbsp; on samaaegselt k\u00e4eline ja s\u00f5naline tegevus, mis seab loendatavad esemed ja j\u00e4rjestikused arvs\u00f5nad \u00fcks-\u00fchesesse vastavusse. Loendamine on ainus tegevus (vahend), mille abil saab kindlaks teha esemete arvu.&nbsp; Loendatav arv on iga arv hulgast {1, 2, 3, 4, &#8230; }. Loendamisel saab kasutada p\u00f5hiarve 1, 2, 3&#8230;. v\u00f5i j\u00e4rgarve 1. (esimene), 2.(teine), 3.(kolmas)&#8230;&#8230;.&nbsp; Loendamisel [&#8230;]<\/p>\n<p><a class=\"btn btn-secondary understrap-read-more-link\" href=\"https:\/\/domath.surju.ee\/et\/loendamine\/\">Read More&#8230;<span class=\"screen-reader-text\"> from Loendamine<\/span><\/a><\/p>\n","protected":false},"author":12,"featured_media":0,"parent":0,"menu_order":0,"comment_status":"closed","ping_status":"closed","template":"","meta":{"_eb_attr":"","_uag_custom_page_level_css":"","footnotes":""},"categories":[],"tags":[66,4,86],"class_list":["post-1353","page","type-page","status-publish","hentry","tag-english-c","tag-estonian-l","tag-greek-alpha"],"uagb_featured_image_src":{"full":false,"thumbnail":false,"medium":false,"medium_large":false,"large":false,"1536x1536":false,"2048x2048":false,"menu-24x24":false,"menu-36x36":false,"menu-48x48":false},"uagb_author_info":{"display_name":"Ave Kartau","author_link":"https:\/\/domath.surju.ee\/et\/author\/ave\/"},"uagb_comment_info":0,"uagb_excerpt":"Loendamine Loendamine&nbsp; on samaaegselt k\u00e4eline ja s\u00f5naline tegevus, mis seab loendatavad esemed ja j\u00e4rjestikused arvs\u00f5nad \u00fcks-\u00fchesesse vastavusse. Loendamine on ainus tegevus (vahend), mille abil saab kindlaks teha esemete arvu.&nbsp; Loendatav arv on iga arv hulgast {1, 2, 3, 4, &#8230; }. Loendamisel saab kasutada p\u00f5hiarve 1, 2, 3&#8230;. v\u00f5i j\u00e4rgarve 1. (esimene), 2.(teine), 3.(kolmas)&#8230;&#8230;.&nbsp; Loendamisel&hellip;","_links":{"self":[{"href":"https:\/\/domath.surju.ee\/et\/wp-json\/wp\/v2\/pages\/1353","targetHints":{"allow":["GET"]}}],"collection":[{"href":"https:\/\/domath.surju.ee\/et\/wp-json\/wp\/v2\/pages"}],"about":[{"href":"https:\/\/domath.surju.ee\/et\/wp-json\/wp\/v2\/types\/page"}],"author":[{"embeddable":true,"href":"https:\/\/domath.surju.ee\/et\/wp-json\/wp\/v2\/users\/12"}],"replies":[{"embeddable":true,"href":"https:\/\/domath.surju.ee\/et\/wp-json\/wp\/v2\/comments?post=1353"}],"version-history":[{"count":3,"href":"https:\/\/domath.surju.ee\/et\/wp-json\/wp\/v2\/pages\/1353\/revisions"}],"predecessor-version":[{"id":4995,"href":"https:\/\/domath.surju.ee\/et\/wp-json\/wp\/v2\/pages\/1353\/revisions\/4995"}],"wp:attachment":[{"href":"https:\/\/domath.surju.ee\/et\/wp-json\/wp\/v2\/media?parent=1353"}],"wp:term":[{"taxonomy":"category","embeddable":true,"href":"https:\/\/domath.surju.ee\/et\/wp-json\/wp\/v2\/categories?post=1353"},{"taxonomy":"post_tag","embeddable":true,"href":"https:\/\/domath.surju.ee\/et\/wp-json\/wp\/v2\/tags?post=1353"}],"curies":[{"name":"wp","href":"https:\/\/api.w.org\/{rel}","templated":true}]}}