{"id":1352,"date":"2024-03-03T21:21:50","date_gmt":"2024-03-03T21:21:50","guid":{"rendered":"https:\/\/domath.surju.ee\/?page_id=1352"},"modified":"2024-12-22T18:45:30","modified_gmt":"2024-12-22T18:45:30","slug":"base","status":"publish","type":"page","link":"https:\/\/domath.surju.ee\/et\/alus\/","title":{"rendered":"Alus, p\u00f5hi, p\u00f5hitahk"},"content":{"rendered":"<h1 style=\"text-align: center;\"><span style=\"color: #008000;\">Alus<\/span><\/h1>\r\n<p><span style=\"color: #ff0000;\"><strong>Alus <\/strong><\/span>on hulknurga (kolmnurga, trapetsi, r\u00f6\u00f6pk\u00fcliku, rombi) k\u00fclg, millele (v\u00f5i mille pikendusele) on k\u00f5rgus t\u00f5mmatud.<\/p>\r\n\r\n<div class=\"wp-block-gutenverse-image guten-element guten-image guten-h4gnFX\">\r\n<div class=\"guten-image-wrapper\"><img loading=\"lazy\" decoding=\"async\" class=\"gutenverse-image-box-filled\" src=\"https:\/\/domath.surju.ee\/wp-content\/uploads\/2024\/03\/kujundid-1.png\" width=\"2396\" height=\"762\" \/><\/div>\r\n<\/div>\r\n\r\n<p><span style=\"color: #ff0000;\"><strong><br \/>\r\n<br \/>\r\n<\/strong><\/span><\/p>\r\n<h1 style=\"text-align: center;\"><span style=\"color: #008000;\">P\u00f5hi, p\u00f5hitahk<\/span><\/h1>\r\n<p><span style=\"color: #ff0000;\"><strong>&nbsp;<\/strong><\/span><\/p>\r\n<p>Ruumilise kujundi <span style=\"color: #ff0000;\"><strong>p\u00f5hjaks<\/strong><\/span> v\u00f5ivad olla erinevad <strong>tasandilised kujundid<\/strong> (ruut, ristk\u00fclik, romb, kolmnurk, ring jne.)<br \/>\r\n<br \/>\r\nRuumilistel kujunditel on \u00fcks (p\u00fcramiid, koonus) v\u00f5i kaks (prisma, silinder) <span style=\"color: #ff0000;\"><strong>p\u00f5hitahku<\/strong>.<\/span><br \/>\r\n<br \/>\r\n<strong>P\u00f5hitahke<\/strong>&nbsp;\u00fchendavad <strong>k\u00fclgtahud.<\/strong><\/p>\r\n<p><span style=\"color: #ff0000;\"><strong>&nbsp;<\/strong><\/span><\/p>\r\n\r\n<div class=\"section-wrapper\" data-id=\"Ub12r0\">\r\n<section class=\"wp-block-gutenverse-section guten-element guten-section guten-Ub12r0 layout-boxed align-stretch\">\r\n<div class=\"guten-container guten-column-gap-default\">\r\n<div class=\"wp-block-gutenverse-column guten-element guten-column guten-sXDDkO\">\r\n<div class=\"guten-column-wrapper\" data-id=\"sXDDkO\">\r\n<div class=\"wp-block-gutenverse-image guten-element guten-image guten-89lLvh\">\r\n<div class=\"guten-image-wrapper\"><img loading=\"lazy\" decoding=\"async\" class=\"gutenverse-image-box-filled\" src=\"https:\/\/domath.surju.ee\/wp-content\/uploads\/2024\/03\/pohi.png\" width=\"539\" height=\"408\" \/><\/div>\r\n<\/div>\r\n<\/div>\r\n<\/div>\r\n\r\n\r\n<div class=\"wp-block-gutenverse-column guten-element guten-column guten-XJmw8n\">\r\n<div class=\"guten-column-wrapper\" data-id=\"XJmw8n\">\r\n<div class=\"wp-block-gutenverse-image guten-element guten-image guten-XbxCVT\">\r\n<div class=\"guten-image-wrapper\"><img loading=\"lazy\" decoding=\"async\" class=\"gutenverse-image-box-filled\" src=\"https:\/\/domath.surju.ee\/wp-content\/uploads\/2024\/03\/pohi2.png\" width=\"425\" height=\"302\" \/><\/div>\r\n<\/div>\r\n<\/div>\r\n<\/div>\r\n<\/div>\r\n<\/section>\r\n<\/div>\r\n\r\n<h4>&nbsp;<\/h4>\r\n<h4 style=\"text-align: center;\"><span style=\"background-color: #000080; color: #99ccff;\"><strong>Prisma ja p\u00fcramiid on saanud nime oma p\u00f5hja kuju j\u00e4rgi<\/strong><\/span><\/h4>\r\n<p>&nbsp;<\/p>\r\n\r\n<div class=\"wp-block-gutenverse-image guten-element guten-image guten-Y9qo3T\">\r\n<div class=\"guten-image-wrapper\"><img loading=\"lazy\" decoding=\"async\" class=\"gutenverse-image-box-filled\" src=\"https:\/\/domath.surju.ee\/wp-content\/uploads\/2024\/03\/tipos-prisma-numero-lados2.png\" width=\"488\" height=\"206\" \/><\/div>\r\n<\/div>\r\n\r\n\r\n<div class=\"wp-block-gutenverse-image guten-element guten-image guten-WLxQPg\">\r\n<div class=\"guten-image-wrapper\"><img loading=\"lazy\" decoding=\"async\" class=\"gutenverse-image-box-filled\" src=\"https:\/\/domath.surju.ee\/wp-content\/uploads\/2024\/03\/tipos-prisma-numero-lados.jpg\" width=\"488\" height=\"206\" \/><\/div>\r\n<\/div>\r\n\r\n\r\n<p>kolmnurkne prisma,&nbsp; &nbsp; &nbsp;nelinurkne prisma,&nbsp; &nbsp;viisnurkne prisma,&nbsp; &nbsp;kuusnurkne prisma<br \/>\r\n<br \/>\r\n<br \/>\r\nKasutatud allikad: <a href=\"https:\/\/www.mathsisfun.com\/definitions\/base-geometry-.html\">https:\/\/www.mathsisfun.com\/definitions\/base-geometry-.html<\/a><\/p>\r\n\r\n<p><a href=\"https:\/\/www.universoformulas.com\/matematicas\/geometria\/tipos-prisma\/\">https:\/\/www.universoformulas.com\/matematicas\/geometria\/tipos-prisma\/<\/a><\/p>\r\n<p><a href=\"https:\/\/mathmonks.com\/cone\">https:\/\/mathmonks.com\/cone<\/a><\/p>\r\n<p><a href=\"https:\/\/www.math.net\/base\">https:\/\/www.math.net\/base<\/a><\/p>\r\n\r\n<div class=\"section-wrapper\" data-id=\"As5EWV\">\r\n<section class=\"wp-block-gutenverse-section guten-element guten-section guten-As5EWV layout-boxed align-stretch\">\r\n<div class=\"guten-container guten-column-gap-default\">\r\n<div class=\"wp-block-gutenverse-column guten-element guten-column guten-PCPjVR\">\r\n<div class=\"guten-column-wrapper\" data-id=\"PCPjVR\">&nbsp;<\/div>\r\n<\/div>\r\n\r\n\r\n<div class=\"wp-block-gutenverse-column guten-element guten-column guten-71XOCO\">\r\n<div class=\"guten-column-wrapper\" data-id=\"71XOCO\">&nbsp;<\/div>\r\n<\/div>\r\n<\/div>\r\n<\/section>\r\n<\/div>\r\n\r\n\r\n<p>&nbsp;<\/p>\r\n","protected":false},"excerpt":{"rendered":"<p>Alus Alus on hulknurga (kolmnurga, trapetsi, r\u00f6\u00f6pk\u00fcliku, rombi) k\u00fclg, millele (v\u00f5i mille pikendusele) on k\u00f5rgus t\u00f5mmatud. P\u00f5hi, p\u00f5hitahk &nbsp; Ruumilise kujundi p\u00f5hjaks v\u00f5ivad olla erinevad tasandilised kujundid (ruut, ristk\u00fclik, romb, kolmnurk, ring jne.) Ruumilistel kujunditel on \u00fcks (p\u00fcramiid, koonus) v\u00f5i kaks (prisma, silinder) p\u00f5hitahku. P\u00f5hitahke&nbsp;\u00fchendavad k\u00fclgtahud. &nbsp; &nbsp; Prisma ja p\u00fcramiid on saanud nime oma [&#8230;]<\/p>\n<p><a class=\"btn btn-secondary understrap-read-more-link\" href=\"https:\/\/domath.surju.ee\/et\/alus\/\">Read More&#8230;<span class=\"screen-reader-text\"> from Alus, p\u00f5hi, p\u00f5hitahk<\/span><\/a><\/p>\n","protected":false},"author":2,"featured_media":0,"parent":0,"menu_order":0,"comment_status":"closed","ping_status":"closed","template":"","meta":{"_eb_attr":"","_uag_custom_page_level_css":"","footnotes":""},"categories":[],"tags":[65,22,139,156],"class_list":["post-1352","page","type-page","status-publish","hentry","tag-english-b","tag-estonian-a","tag-greek-beta","tag-spanish-b"],"uagb_featured_image_src":{"full":false,"thumbnail":false,"medium":false,"medium_large":false,"large":false,"1536x1536":false,"2048x2048":false,"menu-24x24":false,"menu-36x36":false,"menu-48x48":false},"uagb_author_info":{"display_name":"Signe Reidla","author_link":"https:\/\/domath.surju.ee\/et\/author\/signe\/"},"uagb_comment_info":0,"uagb_excerpt":"Alus Alus on hulknurga (kolmnurga, trapetsi, r\u00f6\u00f6pk\u00fcliku, rombi) k\u00fclg, millele (v\u00f5i mille pikendusele) on k\u00f5rgus t\u00f5mmatud. P\u00f5hi, p\u00f5hitahk &nbsp; Ruumilise kujundi p\u00f5hjaks v\u00f5ivad olla erinevad tasandilised kujundid (ruut, ristk\u00fclik, romb, kolmnurk, ring jne.) Ruumilistel kujunditel on \u00fcks (p\u00fcramiid, koonus) v\u00f5i kaks (prisma, silinder) p\u00f5hitahku. P\u00f5hitahke&nbsp;\u00fchendavad k\u00fclgtahud. &nbsp; &nbsp; Prisma ja p\u00fcramiid on saanud nime oma&hellip;","_links":{"self":[{"href":"https:\/\/domath.surju.ee\/et\/wp-json\/wp\/v2\/pages\/1352","targetHints":{"allow":["GET"]}}],"collection":[{"href":"https:\/\/domath.surju.ee\/et\/wp-json\/wp\/v2\/pages"}],"about":[{"href":"https:\/\/domath.surju.ee\/et\/wp-json\/wp\/v2\/types\/page"}],"author":[{"embeddable":true,"href":"https:\/\/domath.surju.ee\/et\/wp-json\/wp\/v2\/users\/2"}],"replies":[{"embeddable":true,"href":"https:\/\/domath.surju.ee\/et\/wp-json\/wp\/v2\/comments?post=1352"}],"version-history":[{"count":9,"href":"https:\/\/domath.surju.ee\/et\/wp-json\/wp\/v2\/pages\/1352\/revisions"}],"predecessor-version":[{"id":4755,"href":"https:\/\/domath.surju.ee\/et\/wp-json\/wp\/v2\/pages\/1352\/revisions\/4755"}],"wp:attachment":[{"href":"https:\/\/domath.surju.ee\/et\/wp-json\/wp\/v2\/media?parent=1352"}],"wp:term":[{"taxonomy":"category","embeddable":true,"href":"https:\/\/domath.surju.ee\/et\/wp-json\/wp\/v2\/categories?post=1352"},{"taxonomy":"post_tag","embeddable":true,"href":"https:\/\/domath.surju.ee\/et\/wp-json\/wp\/v2\/tags?post=1352"}],"curies":[{"name":"wp","href":"https:\/\/api.w.org\/{rel}","templated":true}]}}