{"id":1348,"date":"2024-03-03T20:40:30","date_gmt":"2024-03-03T20:40:30","guid":{"rendered":"https:\/\/domath.surju.ee\/?page_id=1348"},"modified":"2024-12-26T23:06:14","modified_gmt":"2024-12-26T23:06:14","slug":"cone","status":"publish","type":"page","link":"https:\/\/domath.surju.ee\/et\/koonus\/","title":{"rendered":"Koonus"},"content":{"rendered":"<h1 style=\"text-align: center;\"><span style=\"color: #008000;\"><strong>Koonus<\/strong><\/span><\/h1>\r\n<p><b><span style=\"color: #ff0000;\">Koonus<\/span> <\/b>on p\u00f6\u00f6rdkeha, mille moodustab t\u00e4isnurkne kolmnurk, mis p\u00f6\u00f6rleb \u00fcmeber \u00fche kaateti<\/p>\r\n<table style=\"border-collapse: collapse; width: 100%; height: 215px;\">\r\n<tbody>\r\n<tr style=\"height: 27px;\">\r\n<td style=\"width: 50%; height: 27px;\">\r\n<h6 style=\"text-align: center;\">&nbsp;<\/h6>\r\n<\/td>\r\n<td style=\"width: 50%; height: 27px;\">\r\n<h6 style=\"text-align: center;\">&nbsp;<\/h6>\r\n<\/td>\r\n<\/tr>\r\n<tr style=\"height: 188px;\">\r\n<td style=\"width: 50%; height: 188px;\"><img loading=\"lazy\" decoding=\"async\" class=\"size-full wp-image-3126 aligncenter\" src=\"https:\/\/domath.surju.ee\/wp-content\/uploads\/2024\/07\/Cone_3d_2.png\" alt=\"\" width=\"187\" height=\"188\" srcset=\"https:\/\/domath.surju.ee\/wp-content\/uploads\/2024\/07\/Cone_3d_2.png 187w, https:\/\/domath.surju.ee\/wp-content\/uploads\/2024\/07\/Cone_3d_2-150x150.png 150w, https:\/\/domath.surju.ee\/wp-content\/uploads\/2024\/07\/Cone_3d_2-24x24.png 24w, https:\/\/domath.surju.ee\/wp-content\/uploads\/2024\/07\/Cone_3d_2-36x36.png 36w, https:\/\/domath.surju.ee\/wp-content\/uploads\/2024\/07\/Cone_3d_2-48x48.png 48w\" sizes=\"auto, (max-width: 187px) 100vw, 187px\" \/><\/td>\r\n<td style=\"width: 50%; height: 188px;\">Vetex (apex) \u2013 koonuse tipp<br \/>\r\nCurved surface \u2013 kumer pind, k\u00fclgpind<br \/>\r\nTrue height \u2013 koonuse k\u00f5rgus (h)<br \/>\r\nSlant height \u2013&nbsp; koonuse moodustaja (m)<br \/>\r\nRadius \u2013 raadius (r)<br \/>\r\nBase \u2013&nbsp; koonuse p\u00f5hi<\/td>\r\n<\/tr>\r\n<\/tbody>\r\n<\/table>\r\n<h6 style=\"text-align: center;\">&nbsp;<\/h6>\r\n<p><a href=\"https:\/\/en.wikipedia.org\/wiki\/Cone\" target=\"_blank\" rel=\"noopener\">https:\/\/en.wikipedia.org\/wiki\/Cone<\/a><\/p>\r\n\r\n<div class=\"wp-block-group is-nowrap is-layout-flex wp-container-core-group-is-layout-ad2f72ca wp-block-group-is-layout-flex\"><div class=\"wp-block-image\">\r\n<figure class=\"aligncenter size-full is-resized\"><img loading=\"lazy\" decoding=\"async\" width=\"679\" height=\"658\" class=\"wp-image-3127\" style=\"width: 321px; height: auto;\" src=\"https:\/\/domath.surju.ee\/wp-content\/uploads\/2024\/07\/Kuvatommis-2024-07-30-023520.png\" alt=\"\" srcset=\"https:\/\/domath.surju.ee\/wp-content\/uploads\/2024\/07\/Kuvatommis-2024-07-30-023520.png 679w, https:\/\/domath.surju.ee\/wp-content\/uploads\/2024\/07\/Kuvatommis-2024-07-30-023520-300x291.png 300w, https:\/\/domath.surju.ee\/wp-content\/uploads\/2024\/07\/Kuvatommis-2024-07-30-023520-24x24.png 24w, https:\/\/domath.surju.ee\/wp-content\/uploads\/2024\/07\/Kuvatommis-2024-07-30-023520-36x36.png 36w, https:\/\/domath.surju.ee\/wp-content\/uploads\/2024\/07\/Kuvatommis-2024-07-30-023520-48x48.png 48w\" sizes=\"auto, (max-width: 679px) 100vw, 679px\" \/><\/figure><\/div>\r\n\r\n<figure class=\"wp-block-image size-large is-resized\"><img loading=\"lazy\" decoding=\"async\" width=\"1024\" height=\"771\" class=\"wp-image-3135\" style=\"width: 419px; height: auto;\" src=\"https:\/\/domath.surju.ee\/wp-content\/uploads\/2024\/07\/geogebra-export-8-1-1024x771.png\" alt=\"\" srcset=\"https:\/\/domath.surju.ee\/wp-content\/uploads\/2024\/07\/geogebra-export-8-1-1024x771.png 1024w, https:\/\/domath.surju.ee\/wp-content\/uploads\/2024\/07\/geogebra-export-8-1-300x226.png 300w, https:\/\/domath.surju.ee\/wp-content\/uploads\/2024\/07\/geogebra-export-8-1-768x578.png 768w, https:\/\/domath.surju.ee\/wp-content\/uploads\/2024\/07\/geogebra-export-8-1-1536x1157.png 1536w, https:\/\/domath.surju.ee\/wp-content\/uploads\/2024\/07\/geogebra-export-8-1-2048x1542.png 2048w, https:\/\/domath.surju.ee\/wp-content\/uploads\/2024\/07\/geogebra-export-8-1-24x18.png 24w, https:\/\/domath.surju.ee\/wp-content\/uploads\/2024\/07\/geogebra-export-8-1-36x27.png 36w, https:\/\/domath.surju.ee\/wp-content\/uploads\/2024\/07\/geogebra-export-8-1-48x36.png 48w\" sizes=\"auto, (max-width: 1024px) 100vw, 1024px\" \/><\/figure>\r\n<\/div>\r\n\r\n<table style=\"border-collapse: collapse; width: 102.026%; height: 25px;\">\r\n<tbody>\r\n<tr>\r\n<td style=\"width: 50%;\">\r\n<h5 style=\"text-align: center;\"><span style=\"color: #99ccff; background-color: #333399;\">Pindala<\/span><\/h5>\r\n<\/td>\r\n<td style=\"width: 63.9946%;\">\r\n<h5 style=\"text-align: center;\"><span style=\"color: #99ccff; background-color: #333399;\"><strong>Ruumala<\/strong><\/span><\/h5>\r\n<\/td>\r\n<\/tr>\r\n<\/tbody>\r\n<\/table>\r\n<table style=\"border-collapse: collapse; width: 101.795%; height: 242px;\">\r\n<tbody>\r\n<tr style=\"height: 73px;\">\r\n<td style=\"width: 44.0374%; height: 73px;\">\r\n<p style=\"text-align: left;\"><strong>Pindala<\/strong><br \/>\r\n<strong>= K\u00fclgpindala+ P\u00f5hja pindala<\/strong><\/p>\r\n<\/td>\r\n<td style=\"width: 66.9555%; height: 73px; text-align: left;\"><strong>Ruumala = 1\/3 P\u00f5hja pindala \u00d7 K\u00f5rgus<\/strong><\/td>\r\n<\/tr>\r\n<tr style=\"height: 21px;\">\r\n<td style=\"width: 44.0374%; height: 21px;\"><img loading=\"lazy\" decoding=\"async\" class=\"wp-image-3144 alignleft\" src=\"https:\/\/domath.surju.ee\/wp-content\/uploads\/2024\/07\/common-denominators-2_1-300x44.png\" alt=\"\" width=\"273\" height=\"40\" srcset=\"https:\/\/domath.surju.ee\/wp-content\/uploads\/2024\/07\/common-denominators-2_1-300x44.png 300w, https:\/\/domath.surju.ee\/wp-content\/uploads\/2024\/07\/common-denominators-2_1-24x4.png 24w, https:\/\/domath.surju.ee\/wp-content\/uploads\/2024\/07\/common-denominators-2_1-36x5.png 36w, https:\/\/domath.surju.ee\/wp-content\/uploads\/2024\/07\/common-denominators-2_1-48x7.png 48w, https:\/\/domath.surju.ee\/wp-content\/uploads\/2024\/07\/common-denominators-2_1.png 569w\" sizes=\"auto, (max-width: 273px) 100vw, 273px\" \/><br \/>\r\nPindala: <strong>S<sub>t<\/sub>=S<sub>k<\/sub>+S<sub>p<\/sub><\/strong><br \/>\r\nK\u00fclgpindala: S<sub>k<\/sub>= \u03c0rm<br \/>\r\nP\u00f5hja pindala: Sp= \u03c0r<sup>2<\/sup><br \/>\r\n<span style=\"color: #ff0000;\"><strong>S<sub>t<\/sub>=\u03c0rm+\u03c0r<sup>2<\/sup><\/strong><\/span><\/td>\r\n<td style=\"width: 66.9555%; height: 21px;\"><img loading=\"lazy\" decoding=\"async\" class=\"wp-image-3145 alignnone\" src=\"https:\/\/domath.surju.ee\/wp-content\/uploads\/2024\/07\/common-denominators-2_2-300x87.png\" alt=\"\" width=\"207\" height=\"60\" srcset=\"https:\/\/domath.surju.ee\/wp-content\/uploads\/2024\/07\/common-denominators-2_2-300x87.png 300w, https:\/\/domath.surju.ee\/wp-content\/uploads\/2024\/07\/common-denominators-2_2-24x7.png 24w, https:\/\/domath.surju.ee\/wp-content\/uploads\/2024\/07\/common-denominators-2_2-36x10.png 36w, https:\/\/domath.surju.ee\/wp-content\/uploads\/2024\/07\/common-denominators-2_2-48x14.png 48w, https:\/\/domath.surju.ee\/wp-content\/uploads\/2024\/07\/common-denominators-2_2.png 540w\" sizes=\"auto, (max-width: 207px) 100vw, 207px\" \/><br \/>\r\n<br \/>\r\n<br \/>\r\nVolume &#8211;&nbsp; ruumala<br \/>\r\n<span style=\"color: #ff0000;\"><strong>V= 1\/3\u22c5 S<sub>p<\/sub>\u22c5h<\/strong><\/span><\/td>\r\n<\/tr>\r\n<\/tbody>\r\n<\/table>\r\n<br \/>\r\n<br \/>\r\nl<sub>s<\/sub>&nbsp;=m (koonuse moodustaja)<br \/>\r\nSurface Area \u2013 koonuse pindala<br \/>\r\nArea of Curved Surface \u2013&nbsp; k\u00fclgpindala<br \/>\r\nBase Area \u2013 p\u00f5hja pindala<br \/>\r\nheight \u2013 koonuse k\u00f5rgus <iframe loading=\"lazy\" style=\"border: 0px;\" title=\"Koonuse pindala ja ruumala\" src=\"https:\/\/www.geogebra.org\/material\/iframe\/id\/xst9jha2\/width\/1100\/height\/550\/border\/888888\/sfsb\/true\/smb\/false\/stb\/false\/stbh\/false\/ai\/false\/asb\/false\/sri\/false\/rc\/false\/ld\/false\/sdz\/false\/ctl\/false\" width=\"700px\" height=\"350px\" scrolling=\"no\"> <\/iframe> \r\n<p><span class=\"tc-neutral-700 mr-1\">Author:<\/span><a class=\"ggb-purple-text\" href=\"https:\/\/www.geogebra.org\/u\/heatherobrien31\">Heather O&#8217;Brien<\/a>,&nbsp;<a class=\"ggb-purple-text\" href=\"https:\/\/www.geogebra.org\/u\/lewws\">Lew W. S.<\/a>&nbsp;<br \/>\r\nLicense<a href=\"https:\/\/creativecommons.org\/licenses\/by-sa\/3.0\">CC-BY-SA<\/a>,&nbsp;<a href=\"https:\/\/www.geogebra.org\/tos\">GeoGebra Terms of Use<\/a><\/p>","protected":false},"excerpt":{"rendered":"<p>Koonus Koonus on p\u00f6\u00f6rdkeha, mille moodustab t\u00e4isnurkne kolmnurk, mis p\u00f6\u00f6rleb \u00fcmeber \u00fche kaateti &nbsp; &nbsp; Vetex (apex) \u2013 koonuse tipp Curved surface \u2013 kumer pind, k\u00fclgpind True height \u2013 koonuse k\u00f5rgus (h) Slant height \u2013&nbsp; koonuse moodustaja (m) Radius \u2013 raadius (r) Base \u2013&nbsp; koonuse p\u00f5hi &nbsp; https:\/\/en.wikipedia.org\/wiki\/Cone Pindala Ruumala Pindala = K\u00fclgpindala+ P\u00f5hja pindala [&#8230;]<\/p>\n<p><a class=\"btn btn-secondary understrap-read-more-link\" href=\"https:\/\/domath.surju.ee\/et\/koonus\/\">Read More&#8230;<span class=\"screen-reader-text\"> from Koonus<\/span><\/a><\/p>\n","protected":false},"author":12,"featured_media":0,"parent":0,"menu_order":0,"comment_status":"closed","ping_status":"closed","template":"","meta":{"_eb_attr":"","_uag_custom_page_level_css":"","footnotes":""},"categories":[],"tags":[66,76,73,136],"class_list":["post-1348","page","type-page","status-publish","hentry","tag-english-c","tag-estonian-k","tag-greek-kappa","tag-spanish-c"],"uagb_featured_image_src":{"full":false,"thumbnail":false,"medium":false,"medium_large":false,"large":false,"1536x1536":false,"2048x2048":false,"menu-24x24":false,"menu-36x36":false,"menu-48x48":false},"uagb_author_info":{"display_name":"Ave Kartau","author_link":"https:\/\/domath.surju.ee\/et\/author\/ave\/"},"uagb_comment_info":0,"uagb_excerpt":"Koonus Koonus on p\u00f6\u00f6rdkeha, mille moodustab t\u00e4isnurkne kolmnurk, mis p\u00f6\u00f6rleb \u00fcmeber \u00fche kaateti &nbsp; &nbsp; Vetex (apex) \u2013 koonuse tipp Curved surface \u2013 kumer pind, k\u00fclgpind True height \u2013 koonuse k\u00f5rgus (h) Slant height \u2013&nbsp; koonuse moodustaja (m) Radius \u2013 raadius (r) Base \u2013&nbsp; koonuse p\u00f5hi &nbsp; https:\/\/en.wikipedia.org\/wiki\/Cone Pindala Ruumala Pindala = K\u00fclgpindala+ P\u00f5hja pindala&hellip;","_links":{"self":[{"href":"https:\/\/domath.surju.ee\/et\/wp-json\/wp\/v2\/pages\/1348","targetHints":{"allow":["GET"]}}],"collection":[{"href":"https:\/\/domath.surju.ee\/et\/wp-json\/wp\/v2\/pages"}],"about":[{"href":"https:\/\/domath.surju.ee\/et\/wp-json\/wp\/v2\/types\/page"}],"author":[{"embeddable":true,"href":"https:\/\/domath.surju.ee\/et\/wp-json\/wp\/v2\/users\/12"}],"replies":[{"embeddable":true,"href":"https:\/\/domath.surju.ee\/et\/wp-json\/wp\/v2\/comments?post=1348"}],"version-history":[{"count":11,"href":"https:\/\/domath.surju.ee\/et\/wp-json\/wp\/v2\/pages\/1348\/revisions"}],"predecessor-version":[{"id":4457,"href":"https:\/\/domath.surju.ee\/et\/wp-json\/wp\/v2\/pages\/1348\/revisions\/4457"}],"wp:attachment":[{"href":"https:\/\/domath.surju.ee\/et\/wp-json\/wp\/v2\/media?parent=1348"}],"wp:term":[{"taxonomy":"category","embeddable":true,"href":"https:\/\/domath.surju.ee\/et\/wp-json\/wp\/v2\/categories?post=1348"},{"taxonomy":"post_tag","embeddable":true,"href":"https:\/\/domath.surju.ee\/et\/wp-json\/wp\/v2\/tags?post=1348"}],"curies":[{"name":"wp","href":"https:\/\/api.w.org\/{rel}","templated":true}]}}