{"id":1344,"date":"2024-03-03T20:30:12","date_gmt":"2024-03-03T20:30:12","guid":{"rendered":"https:\/\/domath.surju.ee\/?page_id=1344"},"modified":"2024-12-26T21:59:56","modified_gmt":"2024-12-26T21:59:56","slug":"commutative-law","status":"publish","type":"page","link":"https:\/\/domath.surju.ee\/et\/vahetuvusseadus\/","title":{"rendered":"Vahetuvusseadus"},"content":{"rendered":"<h1 style=\"text-align: center;\"><span style=\"color: #008000;\"><strong>Vahetuvusseadus<\/strong><\/span><\/h1>\r\n<p><strong><span style=\"color: #ff0000;\">Vahetuvusseadus (kommutatiivsuse seadus)<\/span><\/strong> t\u00e4hendab, et liitmisel ja korrutamisel summa v\u00f5i korrutis ei muutu, kui me muudame liidetavate v\u00f5i&nbsp; tegurite j\u00e4rjekorda. Seega saame numbrite asendit muutes ikka sama tulemuse.<\/p>\r\n<p>&nbsp;<\/p>\r\n<h4><strong><span style=\"color: #0000ff;\">N\u00e4iteks:<\/span><\/strong><\/h4>\r\n<table style=\"border-collapse: collapse; width: 87.0238%; height: 42px;\">\r\n<tbody>\r\n<tr style=\"height: 21px;\">\r\n<td style=\"width: 50%; height: 21px;\">\r\n<h6 style=\"text-align: center;\"><span style=\"color: #333399;\"><strong>Liitmine<\/strong><\/span><\/h6>\r\n<\/td>\r\n<td style=\"width: 50%; height: 21px;\">\r\n<h6 style=\"text-align: center;\"><strong><span style=\"color: #333399;\">Korrutamine<\/span><\/strong><\/h6>\r\n<\/td>\r\n<\/tr>\r\n<tr style=\"height: 21px;\">\r\n<td style=\"width: 50%; height: 21px; text-align: center;\"><span style=\"color: #ff0000;\"><strong>a + b = b + a<\/strong><\/span><\/td>\r\n<td style=\"width: 50%; height: 21px; text-align: center;\"><span style=\"color: #ff0000;\"><strong>a * b = b * a<\/strong><\/span>&nbsp; v\u00f5i&nbsp; <span style=\"color: #ff0000;\"><strong>ab =ba<\/strong><\/span><\/td>\r\n<\/tr>\r\n<\/tbody>\r\n<\/table>\r\n<table style=\"border-collapse: collapse; width: 86.9048%; height: 42px;\">\r\n<tbody>\r\n<tr style=\"height: 21px;\">\r\n<td style=\"width: 50%; height: 21px; text-align: center;\"><img loading=\"lazy\" decoding=\"async\" class=\"wp-image-3116 aligncenter\" src=\"https:\/\/domath.surju.ee\/wp-content\/uploads\/2024\/07\/geogebra-export-6-1-300x173.png\" alt=\"\" width=\"156\" height=\"90\" srcset=\"https:\/\/domath.surju.ee\/wp-content\/uploads\/2024\/07\/geogebra-export-6-1-300x173.png 300w, https:\/\/domath.surju.ee\/wp-content\/uploads\/2024\/07\/geogebra-export-6-1-1024x592.png 1024w, https:\/\/domath.surju.ee\/wp-content\/uploads\/2024\/07\/geogebra-export-6-1-768x444.png 768w, https:\/\/domath.surju.ee\/wp-content\/uploads\/2024\/07\/geogebra-export-6-1-1536x888.png 1536w, https:\/\/domath.surju.ee\/wp-content\/uploads\/2024\/07\/geogebra-export-6-1-2048x1184.png 2048w, https:\/\/domath.surju.ee\/wp-content\/uploads\/2024\/07\/geogebra-export-6-1-24x14.png 24w, https:\/\/domath.surju.ee\/wp-content\/uploads\/2024\/07\/geogebra-export-6-1-36x21.png 36w, https:\/\/domath.surju.ee\/wp-content\/uploads\/2024\/07\/geogebra-export-6-1-48x28.png 48w\" sizes=\"auto, (max-width: 156px) 100vw, 156px\" \/><\/td>\r\n<td style=\"width: 50%; height: 21px; text-align: center;\"><img loading=\"lazy\" decoding=\"async\" class=\"wp-image-3117 aligncenter\" src=\"https:\/\/domath.surju.ee\/wp-content\/uploads\/2024\/07\/geogebra-export-7-1-300x143.png\" alt=\"\" width=\"193\" height=\"92\" srcset=\"https:\/\/domath.surju.ee\/wp-content\/uploads\/2024\/07\/geogebra-export-7-1-300x143.png 300w, https:\/\/domath.surju.ee\/wp-content\/uploads\/2024\/07\/geogebra-export-7-1-1024x487.png 1024w, https:\/\/domath.surju.ee\/wp-content\/uploads\/2024\/07\/geogebra-export-7-1-768x365.png 768w, https:\/\/domath.surju.ee\/wp-content\/uploads\/2024\/07\/geogebra-export-7-1-1536x731.png 1536w, https:\/\/domath.surju.ee\/wp-content\/uploads\/2024\/07\/geogebra-export-7-1-2048x974.png 2048w, https:\/\/domath.surju.ee\/wp-content\/uploads\/2024\/07\/geogebra-export-7-1-24x11.png 24w, https:\/\/domath.surju.ee\/wp-content\/uploads\/2024\/07\/geogebra-export-7-1-36x17.png 36w, https:\/\/domath.surju.ee\/wp-content\/uploads\/2024\/07\/geogebra-export-7-1-48x23.png 48w\" sizes=\"auto, (max-width: 193px) 100vw, 193px\" \/><\/td>\r\n<\/tr>\r\n<tr style=\"height: 21px;\">\r\n<td style=\"width: 50%; height: 21px; text-align: center;\">\r\n<p>4 + 2 = 2 + 4<\/p>\r\n<p>4 + 2 = 6 ja 2 + 4 = 6<\/p>\r\n<\/td>\r\n<td style=\"width: 50%; height: 21px; text-align: center;\">\r\n<p>4 * 2 = 2 * 4<\/p>\r\n<p>4 * 2 = 8 ja 2 * 4 = 8<\/p>\r\n<\/td>\r\n<\/tr>\r\n<\/tbody>\r\n<\/table>\r\n <iframe loading=\"lazy\" style=\"border: 0px;\" title=\"Liitmise kommutatiivsuse seadus\" src=\"https:\/\/www.geogebra.org\/material\/iframe\/id\/g74m4krq\/width\/1200\/height\/585\/border\/888888\/sfsb\/true\/smb\/false\/stb\/false\/stbh\/false\/ai\/false\/asb\/false\/sri\/false\/rc\/false\/ld\/false\/sdz\/false\/ctl\/false\" width=\"700px\" height=\"385px\" scrolling=\"no\"> <\/iframe> \r\n<p><a href=\"https:\/\/www.geogebra.org\/u\/prashanthirao\"><span class=\"notranslate\">Prashanthi Rao , License<\/span><\/a><a href=\"https:\/\/creativecommons.org\/licenses\/by-sa\/3.0\">CC-BY-SA<\/a>,&nbsp;<a href=\"https:\/\/www.geogebra.org\/tos\">GeoGebra Terms of Use<\/a><\/p>\r\n <iframe loading=\"lazy\" style=\"border: 0px;\" title=\"Liitmise vahtetuvusseadus\" src=\"https:\/\/www.geogebra.org\/material\/iframe\/id\/wme9gwsu\/width\/900\/height\/485\/border\/888888\/sfsb\/true\/smb\/false\/stb\/false\/stbh\/false\/ai\/false\/asb\/false\/sri\/false\/rc\/false\/ld\/false\/sdz\/false\/ctl\/false\" width=\"700px\" height=\"385px\" scrolling=\"no\"> <\/iframe> \r\n<p>&nbsp;<a class=\"ggb-purple-text\" href=\"https:\/\/www.geogebra.org\/u\/lfs-d\">Linda Fahlberg-Stojanovska<\/a>,&nbsp; License<a href=\"https:\/\/creativecommons.org\/licenses\/by-sa\/3.0\">CC-BY-SA<\/a>,&nbsp;<a href=\"https:\/\/www.geogebra.org\/tos\">GeoGebra Terms of Use<\/a><\/p>\r\n <iframe loading=\"lazy\" style=\"border: 0px;\" title=\"Kommutatiivsuse seadus\" src=\"https:\/\/www.geogebra.org\/material\/iframe\/id\/k3nxht4s\/width\/900\/height\/585\/border\/888888\/sfsb\/true\/smb\/false\/stb\/false\/stbh\/false\/ai\/false\/asb\/false\/sri\/false\/rc\/false\/ld\/false\/sdz\/false\/ctl\/false\" width=\"700px\" height=\"485px\" scrolling=\"no\"> <\/iframe> \r\n<p><a href=\"https:\/\/www.geogebra.org\/u\/lfs-d\"><span class=\"notranslate\">Linda Fahlberg-Stojanovska<\/span><\/a> , License<a href=\"https:\/\/creativecommons.org\/licenses\/by-sa\/3.0\">CC-BY-SA<\/a>,&nbsp;<a href=\"https:\/\/www.geogebra.org\/tos\">GeoGebra Terms of Use<\/a><\/p>\r\n <iframe loading=\"lazy\" style=\"border: 0px;\" title=\"liitmise vahetuvuse seadus2\" src=\"https:\/\/www.geogebra.org\/material\/iframe\/id\/vwftu2ac\/width\/900\/height\/485\/border\/888888\/sfsb\/true\/smb\/false\/stb\/false\/stbh\/false\/ai\/false\/asb\/false\/sri\/false\/rc\/false\/ld\/false\/sdz\/false\/ctl\/false\" width=\"700px\" height=\"385px\" scrolling=\"no\"> <\/iframe> ","protected":false},"excerpt":{"rendered":"<p>Vahetuvusseadus Vahetuvusseadus (kommutatiivsuse seadus) t\u00e4hendab, et liitmisel ja korrutamisel summa v\u00f5i korrutis ei muutu, kui me muudame liidetavate v\u00f5i&nbsp; tegurite j\u00e4rjekorda. Seega saame numbrite asendit muutes ikka sama tulemuse. &nbsp; N\u00e4iteks: Liitmine Korrutamine a + b = b + a a * b = b * a&nbsp; v\u00f5i&nbsp; ab =ba 4 + 2 = 2 [&#8230;]<\/p>\n<p><a class=\"btn btn-secondary understrap-read-more-link\" href=\"https:\/\/domath.surju.ee\/et\/vahetuvusseadus\/\">Read More&#8230;<span class=\"screen-reader-text\"> from Vahetuvusseadus<\/span><\/a><\/p>\n","protected":false},"author":12,"featured_media":0,"parent":0,"menu_order":0,"comment_status":"closed","ping_status":"closed","template":"","meta":{"_eb_attr":"","_uag_custom_page_level_css":"","footnotes":""},"categories":[],"tags":[66,119,86,59],"class_list":["post-1344","page","type-page","status-publish","hentry","tag-english-c","tag-estonian-v","tag-greek-alpha","tag-spanish-p"],"uagb_featured_image_src":{"full":false,"thumbnail":false,"medium":false,"medium_large":false,"large":false,"1536x1536":false,"2048x2048":false,"menu-24x24":false,"menu-36x36":false,"menu-48x48":false},"uagb_author_info":{"display_name":"Ave Kartau","author_link":"https:\/\/domath.surju.ee\/et\/author\/ave\/"},"uagb_comment_info":0,"uagb_excerpt":"Vahetuvusseadus Vahetuvusseadus (kommutatiivsuse seadus) t\u00e4hendab, et liitmisel ja korrutamisel summa v\u00f5i korrutis ei muutu, kui me muudame liidetavate v\u00f5i&nbsp; tegurite j\u00e4rjekorda. Seega saame numbrite asendit muutes ikka sama tulemuse. &nbsp; N\u00e4iteks: Liitmine Korrutamine a + b = b + a a * b = b * a&nbsp; v\u00f5i&nbsp; ab =ba 4 + 2 = 2&hellip;","_links":{"self":[{"href":"https:\/\/domath.surju.ee\/et\/wp-json\/wp\/v2\/pages\/1344","targetHints":{"allow":["GET"]}}],"collection":[{"href":"https:\/\/domath.surju.ee\/et\/wp-json\/wp\/v2\/pages"}],"about":[{"href":"https:\/\/domath.surju.ee\/et\/wp-json\/wp\/v2\/types\/page"}],"author":[{"embeddable":true,"href":"https:\/\/domath.surju.ee\/et\/wp-json\/wp\/v2\/users\/12"}],"replies":[{"embeddable":true,"href":"https:\/\/domath.surju.ee\/et\/wp-json\/wp\/v2\/comments?post=1344"}],"version-history":[{"count":14,"href":"https:\/\/domath.surju.ee\/et\/wp-json\/wp\/v2\/pages\/1344\/revisions"}],"predecessor-version":[{"id":4164,"href":"https:\/\/domath.surju.ee\/et\/wp-json\/wp\/v2\/pages\/1344\/revisions\/4164"}],"wp:attachment":[{"href":"https:\/\/domath.surju.ee\/et\/wp-json\/wp\/v2\/media?parent=1344"}],"wp:term":[{"taxonomy":"category","embeddable":true,"href":"https:\/\/domath.surju.ee\/et\/wp-json\/wp\/v2\/categories?post=1344"},{"taxonomy":"post_tag","embeddable":true,"href":"https:\/\/domath.surju.ee\/et\/wp-json\/wp\/v2\/tags?post=1344"}],"curies":[{"name":"wp","href":"https:\/\/api.w.org\/{rel}","templated":true}]}}