{"id":1340,"date":"2024-03-03T20:13:36","date_gmt":"2024-03-03T20:13:36","guid":{"rendered":"https:\/\/domath.surju.ee\/?page_id=1340"},"modified":"2024-12-26T21:37:23","modified_gmt":"2024-12-26T21:37:23","slug":"common-factor","status":"publish","type":"page","link":"https:\/\/domath.surju.ee\/et\/uhistegur\/","title":{"rendered":"\u00dchistegur, suurim \u00fchistegur"},"content":{"rendered":"<h1 style=\"text-align: center;\"><span style=\"color: #008000;\"><strong>\u00dchistegur, suurim \u00fchistegur<\/strong><\/span><\/h1>\r\n<p><b>\u00dchistegur<\/b> &nbsp;on naturaalarv, millega jagub iga antud arv. <br \/>\r\nN\u00e4iteks arvude 24 ja 60 \u00fchistegurid on 1, 2, 3, 4, 6 ja 12. <br \/>\r\nArvude jagajad on arvud, millega antud arv jagub.&nbsp;<\/p>\r\n<p>Kui kahel v\u00f5i enamal arvul on samasugused tegurid, siis on neil on <strong><span style=\"color: #ff0000;\">\u00fchistegurid<\/span><\/strong>.<br \/>\r\n<br \/>\r\nAntud arvude <strong><span style=\"color: #ff0000;\">suurim \u00fchistegur (S\u00dcT) <\/span><\/strong><span style=\"color: #ff0000;\"><span style=\"color: #000000;\">o<\/span><\/span>n suurim arv, millega jagub iga antud arv.&nbsp;<br \/>\r\nSuurimat \u00fchistegurit kasutatakse <strong>harilike<\/strong> <strong>murdude taandamisel.<\/strong><\/p>\r\n<h5><span style=\"color: #0000ff;\"><strong>N\u00e4iteks:<\/strong><\/span><\/h5>\r\n<p><strong>1) Leiame 12 ja 16 \u00fchistegurid ja suurima \u00fchisteguri.&nbsp;<\/strong><br \/>\r\n\u2022 12 tegurid on: <strong><span style=\"color: #ff0000;\">1<\/span>,<span style=\"color: #ff0000;\"> 2<\/span>, 3, <span style=\"color: #ff0000;\">4<\/span>, 6 ja 12<\/strong><br \/>\r\n\u2022 16 tegurid on: <strong><span style=\"color: #ff0000;\">1,<\/span> <span style=\"color: #ff0000;\">2,<\/span> <span style=\"color: #ff0000;\">4<\/span>, 8 ja 16<\/strong><br \/>\r\nSeega 12 ja 16 \u00fchistegurid on: <strong>1, 2 ja 4<br \/>\r\n<\/strong>Arvude 12 ja 16 suurim \u00fchistegur on 4, sest m\u00f5lemad arvud jaguvad arvuga 4 ja see on antud arvude suurim jagaja.&nbsp;<strong><br \/>\r\n<span style=\"color: #ff0000;\">S\u00dcT(12;16)=4<br \/>\r\n<br \/>\r\n<\/span><\/strong><\/p>\r\n<h5><span style=\"color: #0000ff;\"><strong>N\u00e4ide:<\/strong><\/span><\/h5>\r\n<p>Arvude 12, 20, ja 24 \u00fchistegurid on 1, 2 ja 4.&nbsp;<\/p>\r\n<p><span style=\"color: #ff0000;\"><strong>Suurim \u00fchistegur on 4.<\/strong><\/span><\/p>\r\n<p>S\u00dcT(12, 20, 24) = 4.<\/p>\r\n<p><span style=\"color: #008000;\"><strong>Meetod I: arvude tegurite leidmine.<\/strong><\/span><\/p>\r\n<p>Arvu 12 tegurid on: <strong><span style=\"color: #ff0000;\">1<\/span>,<span style=\"color: #ff0000;\"> 2<\/span>, 3, <span style=\"color: #ff0000;\">4<\/span>, 6, 12.<\/strong><br \/>\r\nArvu 20 tegurid on: <strong><span style=\"color: #ff0000;\">1,<\/span> <span style=\"color: #ff0000;\">2,<\/span> <span style=\"color: #ff0000;\">4<\/span>, 5, 10, 20.&nbsp;&nbsp;<\/strong><\/p>\r\n<p>Arvu&nbsp; 24 tegurid on: <strong><span style=\"color: #ff0000;\">1,<\/span> <span style=\"color: #ff0000;\">2, <\/span>3, <span style=\"color: #ff0000;\">4, <\/span>&nbsp;6, 8, 12, 24.&nbsp;&nbsp;<\/strong><br \/>\r\nArvude&nbsp; 12, 20 ja 24 \u00fchised tegurid on: <strong>1, 2 ja 4.<\/strong><\/p>\r\n<p><strong><span style=\"color: #ff0000;\">Antud arvude suurim \u00fchistegur on 4.&nbsp;<\/span><\/strong><\/p>\r\n<p><strong><span style=\"color: #008000;\">Method II: antud arvude&nbsp; lahutamine algteguriteks.<br \/>\r\n<\/span><\/strong><span style=\"color: #000000;\">Suurima \u00fchisteguri leidmiseks tuleb antud arvud <strong>lahutada algteguriteks<\/strong> ja leida nende arvude k\u00f5ikide <strong>\u00fchiste algtegurite korrutis.<\/strong>&nbsp;<\/span><strong><span style=\"color: #008000;\"><br \/>\r\n<\/span><\/strong><\/p>\r\n<p>Arvu 12 algtegurite korrutis: <span style=\"color: #ff0000;\"><strong>2<\/strong> \u22c5 <strong>2<\/strong><\/span> \u22c5 3<\/p>\r\n<p>Arvu 20 algtegurite korrutis: <strong><span style=\"color: #ff0000;\">2 \u22c5 2<\/span><\/strong> \u22c5 5<\/p>\r\n<p>Arvu 24 algtegurite korrutis: <span style=\"color: #ff0000;\"><strong>2 \u22c5 2<\/strong><\/span> \u22c5 2 \u22c5 3<\/p>\r\n<p><strong>\u00dchiste algtegurite korrutis:<\/strong> <strong><span style=\"color: #ff0000;\">2 \u22c5 2 =4,&nbsp; S\u00dcT(12, 20, 24) =4<\/span><\/strong><\/p>\r\n<p><strong><span style=\"color: #ff0000;\">&nbsp;<\/span><\/strong><\/p>\r\n<h5 style=\"text-align: center;\"><span style=\"color: #99ccff; background-color: #333399;\"><strong>M\u00e4ngi <\/strong><\/span><\/h5>\r\n<div class=\"wp-block-image\">\r\n<figure class=\"aligncenter size-large is-resized\"><a href=\"https:\/\/www.sheppardsoftware.com\/math\/fractions\/greatest-common-factor-game\/\"><img loading=\"lazy\" decoding=\"async\" width=\"1024\" height=\"761\" class=\"wp-image-3089\" style=\"width: 583px; height: auto;\" src=\"https:\/\/domath.surju.ee\/wp-content\/uploads\/2024\/07\/image-2-1024x761.png\" alt=\"\" srcset=\"https:\/\/domath.surju.ee\/wp-content\/uploads\/2024\/07\/image-2-1024x761.png 1024w, https:\/\/domath.surju.ee\/wp-content\/uploads\/2024\/07\/image-2-300x223.png 300w, https:\/\/domath.surju.ee\/wp-content\/uploads\/2024\/07\/image-2-768x571.png 768w, https:\/\/domath.surju.ee\/wp-content\/uploads\/2024\/07\/image-2-24x18.png 24w, https:\/\/domath.surju.ee\/wp-content\/uploads\/2024\/07\/image-2-36x27.png 36w, https:\/\/domath.surju.ee\/wp-content\/uploads\/2024\/07\/image-2-48x36.png 48w, https:\/\/domath.surju.ee\/wp-content\/uploads\/2024\/07\/image-2.png 1132w\" sizes=\"auto, (max-width: 1024px) 100vw, 1024px\" \/><\/a><\/figure><\/div>\r\n<p style=\"text-align: center;\"><a href=\"https:\/\/www.sheppardsoftware.com\/math\/fractions\/greatest-common-factor-game\/\" target=\"_blank\" rel=\"noopener\">https:\/\/www.sheppardsoftware.com\/math\/fractions\/greatest-common-factor-game\/<\/a><\/p>\r\n\r\n<p>&nbsp;<\/p>\r\n\r\n\r\n<p>&nbsp;<\/p>\r\n","protected":false},"excerpt":{"rendered":"<p>\u00dchistegur, suurim \u00fchistegur \u00dchistegur &nbsp;on naturaalarv, millega jagub iga antud arv. N\u00e4iteks arvude 24 ja 60 \u00fchistegurid on 1, 2, 3, 4, 6 ja 12. Arvude jagajad on arvud, millega antud arv jagub.&nbsp; Kui kahel v\u00f5i enamal arvul on samasugused tegurid, siis on neil on \u00fchistegurid. Antud arvude suurim \u00fchistegur (S\u00dcT) on suurim arv, millega [&#8230;]<\/p>\n<p><a class=\"btn btn-secondary understrap-read-more-link\" href=\"https:\/\/domath.surju.ee\/et\/uhistegur\/\">Read More&#8230;<span class=\"screen-reader-text\"> from \u00dchistegur, suurim \u00fchistegur<\/span><\/a><\/p>\n","protected":false},"author":12,"featured_media":0,"parent":0,"menu_order":0,"comment_status":"closed","ping_status":"closed","template":"","meta":{"_eb_attr":"","_uag_custom_page_level_css":"","footnotes":""},"categories":[],"tags":[66,127,73,157],"class_list":["post-1340","page","type-page","status-publish","hentry","tag-english-c","tag-estonian-ue","tag-greek-kappa","tag-spanish-f"],"uagb_featured_image_src":{"full":false,"thumbnail":false,"medium":false,"medium_large":false,"large":false,"1536x1536":false,"2048x2048":false,"menu-24x24":false,"menu-36x36":false,"menu-48x48":false},"uagb_author_info":{"display_name":"Ave Kartau","author_link":"https:\/\/domath.surju.ee\/et\/author\/ave\/"},"uagb_comment_info":0,"uagb_excerpt":"\u00dchistegur, suurim \u00fchistegur \u00dchistegur &nbsp;on naturaalarv, millega jagub iga antud arv. N\u00e4iteks arvude 24 ja 60 \u00fchistegurid on 1, 2, 3, 4, 6 ja 12. Arvude jagajad on arvud, millega antud arv jagub.&nbsp; Kui kahel v\u00f5i enamal arvul on samasugused tegurid, siis on neil on \u00fchistegurid. Antud arvude suurim \u00fchistegur (S\u00dcT) on suurim arv, millega&hellip;","_links":{"self":[{"href":"https:\/\/domath.surju.ee\/et\/wp-json\/wp\/v2\/pages\/1340","targetHints":{"allow":["GET"]}}],"collection":[{"href":"https:\/\/domath.surju.ee\/et\/wp-json\/wp\/v2\/pages"}],"about":[{"href":"https:\/\/domath.surju.ee\/et\/wp-json\/wp\/v2\/types\/page"}],"author":[{"embeddable":true,"href":"https:\/\/domath.surju.ee\/et\/wp-json\/wp\/v2\/users\/12"}],"replies":[{"embeddable":true,"href":"https:\/\/domath.surju.ee\/et\/wp-json\/wp\/v2\/comments?post=1340"}],"version-history":[{"count":6,"href":"https:\/\/domath.surju.ee\/et\/wp-json\/wp\/v2\/pages\/1340\/revisions"}],"predecessor-version":[{"id":4991,"href":"https:\/\/domath.surju.ee\/et\/wp-json\/wp\/v2\/pages\/1340\/revisions\/4991"}],"wp:attachment":[{"href":"https:\/\/domath.surju.ee\/et\/wp-json\/wp\/v2\/media?parent=1340"}],"wp:term":[{"taxonomy":"category","embeddable":true,"href":"https:\/\/domath.surju.ee\/et\/wp-json\/wp\/v2\/categories?post=1340"},{"taxonomy":"post_tag","embeddable":true,"href":"https:\/\/domath.surju.ee\/et\/wp-json\/wp\/v2\/tags?post=1340"}],"curies":[{"name":"wp","href":"https:\/\/api.w.org\/{rel}","templated":true}]}}