{"id":1338,"date":"2024-03-03T20:08:09","date_gmt":"2024-03-03T20:08:09","guid":{"rendered":"https:\/\/domath.surju.ee\/?page_id=1338"},"modified":"2024-12-26T20:16:02","modified_gmt":"2024-12-26T20:16:02","slug":"common-denominator","status":"publish","type":"page","link":"https:\/\/domath.surju.ee\/et\/uhine-nimetaja\/","title":{"rendered":"\u00dchine nimetaja"},"content":{"rendered":"<h1 style=\"text-align: center;\"><span style=\"color: #008000;\"><strong>\u00dchine nimetaja<\/strong><\/span><\/h1>\r\n<p><strong><span style=\"color: #ff0000;\">Murru nimetaja <\/span>&nbsp;on hariliku murru murrujoone all olev arv.<\/strong><\/p>\r\n<p>Nimetaja n\u00e4itab mitmeks v\u00f5rdseks osaks arv on jagatud.<\/p>\r\n<p>Kui kahe v\u00f5i enama hariliku murru nimetajad on samad, siis on neil <span style=\"color: #ff0000;\">\u00fchine nimetaja<\/span>. <br \/>\r\n<br \/>\r\n\u00dchise nimetaja leidmiseks on vaja leida antud murdude nimetajate v\u00e4him \u00fchiskordne.<br \/>\r\n<br \/>\r\n<strong>Antud arvude v\u00e4himaks \u00fchiskordseks<\/strong> nimetatakse v\u00e4himat nullist erinevat arvu, mis jagub iga antud arvuga.<\/p>\r\n<p>&nbsp;<\/p>\r\n<p><span style=\"color: #0000ff;\"><strong>N\u00e4iteks:&nbsp; \u00dchise nimetaja leidmine<br \/>\r\n<br \/>\r\n<img loading=\"lazy\" decoding=\"async\" class=\"alignnone  wp-image-4985\" src=\"https:\/\/domath.surju.ee\/wp-content\/uploads\/2024\/12\/common-2-300x169.png\" alt=\"\" width=\"473\" height=\"267\" srcset=\"https:\/\/domath.surju.ee\/wp-content\/uploads\/2024\/12\/common-2-300x169.png 300w, https:\/\/domath.surju.ee\/wp-content\/uploads\/2024\/12\/common-2-768x432.png 768w, https:\/\/domath.surju.ee\/wp-content\/uploads\/2024\/12\/common-2-24x14.png 24w, https:\/\/domath.surju.ee\/wp-content\/uploads\/2024\/12\/common-2-36x20.png 36w, https:\/\/domath.surju.ee\/wp-content\/uploads\/2024\/12\/common-2-48x27.png 48w, https:\/\/domath.surju.ee\/wp-content\/uploads\/2024\/12\/common-2.png 960w\" sizes=\"auto, (max-width: 473px) 100vw, 473px\" \/><\/strong><strong><br \/>\r\n<\/strong><\/span><img alt=\"\" \/><br \/>\r\n<span style=\"color: #0000ff;\"><span style=\"color: #000000;\">&nbsp;Leiame antud murude nimetajate v\u00e4hima \u00fchiskordse.<br \/>\r\n1) Arvu 3 kordsed on: 3; 6; 9; 12; <strong><span style=\"color: #ff0000;\">15<\/span><\/strong>; 18; 21; &#8230;<br \/>\r\nArvu 5 kordsed on: 5; 10; <span style=\"color: #ff0000;\"><strong>15<\/strong><\/span>; 20; 25; &#8230;<br \/>\r\n2) Arvude 3 ja 5 v\u00e4him \u00fchiskordne on <span style=\"color: #ff0000;\"><strong>15,<\/strong><\/span><br \/>\r\nV\u00dcK (3;5) =<span style=\"color: #ff0000;\"><strong>15<\/strong><span style=\"color: #000000;\"><br \/>\r\n<\/span><\/span>Murdude 1\/3 ja 2\/5 \u00fchiseks nimetajaks on arv<\/span> <strong><span style=\"color: #ff0000;\">15.&nbsp;<\/span><\/strong><br \/>\r\n<span style=\"color: #000000;\">3) Jagame v\u00e4hima \u00fchiskordse kummagi murru nimetajaga, leiame murdude laiendajad<\/span><br \/>\r\n<span style=\"color: #000000;\">15 : 3 = <strong><span style=\"color: #ff0000;\">5<\/span><\/strong> ja 15 : 5 = <span style=\"color: #ff0000;\"><strong>3<br \/>\r\n<\/strong><\/span>M\u00e4rgime laiendajad kaarekesega murru kohale.<\/span><br \/>\r\n<span style=\"color: #000000;\">Korrutame murdude lugejad ja nimetajad murru laiendajaga<\/span><\/span><br \/>\r\n<br \/>\r\n<br \/>\r\n<\/p>\r\n<p><\/p>\r\n\r\n<h4 style=\"text-align: center;\"><span style=\"color: #99ccff; background-color: #333399;\">Play games<\/span><\/h4>\r\n<p><a href=\"https:\/\/www.sheppardsoftware.com\/math\/fractions\/least-common-denominator\/\"><img loading=\"lazy\" decoding=\"async\" class=\" wp-image-3083 aligncenter\" src=\"https:\/\/domath.surju.ee\/wp-content\/uploads\/2024\/07\/Kuvatommis-2024-07-29-223425-300x165.png\" alt=\"\" width=\"404\" height=\"222\" srcset=\"https:\/\/domath.surju.ee\/wp-content\/uploads\/2024\/07\/Kuvatommis-2024-07-29-223425-300x165.png 300w, https:\/\/domath.surju.ee\/wp-content\/uploads\/2024\/07\/Kuvatommis-2024-07-29-223425-1024x563.png 1024w, https:\/\/domath.surju.ee\/wp-content\/uploads\/2024\/07\/Kuvatommis-2024-07-29-223425-768x422.png 768w, https:\/\/domath.surju.ee\/wp-content\/uploads\/2024\/07\/Kuvatommis-2024-07-29-223425-24x13.png 24w, https:\/\/domath.surju.ee\/wp-content\/uploads\/2024\/07\/Kuvatommis-2024-07-29-223425-36x20.png 36w, https:\/\/domath.surju.ee\/wp-content\/uploads\/2024\/07\/Kuvatommis-2024-07-29-223425-48x26.png 48w, https:\/\/domath.surju.ee\/wp-content\/uploads\/2024\/07\/Kuvatommis-2024-07-29-223425.png 1492w\" sizes=\"auto, (max-width: 404px) 100vw, 404px\" \/><\/a><\/p>\r\n<p>&nbsp;<\/p>\r\n<p style=\"text-align: center;\"><a href=\"https:\/\/www.sheppardsoftware.com\/math\/fractions\/least-common-denominator\/\">https:\/\/www.sheppardsoftware.com\/math\/fractions\/least-common-denominator\/<\/a><\/p>\r\n\r\n<p>&nbsp;<\/p>\r\n","protected":false},"excerpt":{"rendered":"<p>\u00dchine nimetaja Murru nimetaja &nbsp;on hariliku murru murrujoone all olev arv. Nimetaja n\u00e4itab mitmeks v\u00f5rdseks osaks arv on jagatud. Kui kahe v\u00f5i enama hariliku murru nimetajad on samad, siis on neil \u00fchine nimetaja. \u00dchise nimetaja leidmiseks on vaja leida antud murdude nimetajate v\u00e4him \u00fchiskordne. Antud arvude v\u00e4himaks \u00fchiskordseks nimetatakse v\u00e4himat nullist erinevat arvu, mis jagub [&#8230;]<\/p>\n<p><a class=\"btn btn-secondary understrap-read-more-link\" href=\"https:\/\/domath.surju.ee\/et\/uhine-nimetaja\/\">Read More&#8230;<span class=\"screen-reader-text\"> from \u00dchine nimetaja<\/span><\/a><\/p>\n","protected":false},"author":12,"featured_media":0,"parent":0,"menu_order":0,"comment_status":"closed","ping_status":"closed","template":"","meta":{"_eb_attr":"","_uag_custom_page_level_css":"","footnotes":""},"categories":[],"tags":[66,127,73,136],"class_list":["post-1338","page","type-page","status-publish","hentry","tag-english-c","tag-estonian-ue","tag-greek-kappa","tag-spanish-c"],"uagb_featured_image_src":{"full":false,"thumbnail":false,"medium":false,"medium_large":false,"large":false,"1536x1536":false,"2048x2048":false,"menu-24x24":false,"menu-36x36":false,"menu-48x48":false},"uagb_author_info":{"display_name":"Ave Kartau","author_link":"https:\/\/domath.surju.ee\/et\/author\/ave\/"},"uagb_comment_info":0,"uagb_excerpt":"\u00dchine nimetaja Murru nimetaja &nbsp;on hariliku murru murrujoone all olev arv. Nimetaja n\u00e4itab mitmeks v\u00f5rdseks osaks arv on jagatud. Kui kahe v\u00f5i enama hariliku murru nimetajad on samad, siis on neil \u00fchine nimetaja. \u00dchise nimetaja leidmiseks on vaja leida antud murdude nimetajate v\u00e4him \u00fchiskordne. Antud arvude v\u00e4himaks \u00fchiskordseks nimetatakse v\u00e4himat nullist erinevat arvu, mis jagub&hellip;","_links":{"self":[{"href":"https:\/\/domath.surju.ee\/et\/wp-json\/wp\/v2\/pages\/1338","targetHints":{"allow":["GET"]}}],"collection":[{"href":"https:\/\/domath.surju.ee\/et\/wp-json\/wp\/v2\/pages"}],"about":[{"href":"https:\/\/domath.surju.ee\/et\/wp-json\/wp\/v2\/types\/page"}],"author":[{"embeddable":true,"href":"https:\/\/domath.surju.ee\/et\/wp-json\/wp\/v2\/users\/12"}],"replies":[{"embeddable":true,"href":"https:\/\/domath.surju.ee\/et\/wp-json\/wp\/v2\/comments?post=1338"}],"version-history":[{"count":4,"href":"https:\/\/domath.surju.ee\/et\/wp-json\/wp\/v2\/pages\/1338\/revisions"}],"predecessor-version":[{"id":4764,"href":"https:\/\/domath.surju.ee\/et\/wp-json\/wp\/v2\/pages\/1338\/revisions\/4764"}],"wp:attachment":[{"href":"https:\/\/domath.surju.ee\/et\/wp-json\/wp\/v2\/media?parent=1338"}],"wp:term":[{"taxonomy":"category","embeddable":true,"href":"https:\/\/domath.surju.ee\/et\/wp-json\/wp\/v2\/categories?post=1338"},{"taxonomy":"post_tag","embeddable":true,"href":"https:\/\/domath.surju.ee\/et\/wp-json\/wp\/v2\/tags?post=1338"}],"curies":[{"name":"wp","href":"https:\/\/api.w.org\/{rel}","templated":true}]}}