{"id":1336,"date":"2024-03-03T20:05:09","date_gmt":"2024-03-03T20:05:09","guid":{"rendered":"https:\/\/domath.surju.ee\/?page_id=1336"},"modified":"2024-12-23T20:02:39","modified_gmt":"2024-12-23T20:02:39","slug":"clockwise","status":"publish","type":"page","link":"https:\/\/domath.surju.ee\/et\/paripaeva\/","title":{"rendered":"P\u00e4rip\u00e4eva"},"content":{"rendered":"<h1 style=\"text-align: center;\"><span style=\"color: #008000;\"><strong>P\u00e4rip\u00e4eva<\/strong><\/span><\/h1>\r\n<p>Kui miski liigub <strong><span style=\"color: #ff0000;\">p\u00e4rip\u00e4eva<\/span><\/strong>, t\u00e4hendab see, et liikumine toimub P\u00e4ikese n\u00e4iva liikumise suunas, idast l\u00f5una kaudu l\u00e4\u00e4nde, vasakult \u00fcles paremale ehk kellaosutite liikumisega samas suunas.<\/p>\r\n<div class=\"section-wrapper\" data-id=\"jBPuFh\">\r\n<section class=\"wp-block-gutenverse-section guten-element guten-section guten-jBPuFh layout-boxed align-stretch\">\r\n<div class=\"guten-container guten-column-gap-default\">\r\n<div class=\"wp-block-gutenverse-column guten-element guten-column guten-TyHwzN\">\r\n<div class=\"sticky-wrapper\" data-id=\"TyHwzN\">\r\n<div class=\"guten-column-wrapper\"><!-- \/wp:post-content --><\/div>\r\n<\/div>\r\n<\/div>\r\n<!-- \/wp:gutenverse\/column --><\/div>\r\n<\/section>\r\n<\/div>\r\n<!-- \/wp:gutenverse\/section -->\r\n<!-- wp:html --><br \/>\r\n<table style=\"border-collapse: collapse; width: 89.1667%; height: 244px;\">\r\n<tbody>\r\n<tr style=\"height: 200px;\">\r\n<td style=\"width: 50%; height: 200px;\"><img loading=\"lazy\" decoding=\"async\" width=\"210\" height=\"200\" class=\"wp-image-3068 aligncenter\" src=\"https:\/\/domath.surju.ee\/wp-content\/uploads\/2024\/07\/Clockwise_arrow.svg_.png\" alt=\"\" srcset=\"https:\/\/domath.surju.ee\/wp-content\/uploads\/2024\/07\/Clockwise_arrow.svg_.png 210w, https:\/\/domath.surju.ee\/wp-content\/uploads\/2024\/07\/Clockwise_arrow.svg_-24x24.png 24w, https:\/\/domath.surju.ee\/wp-content\/uploads\/2024\/07\/Clockwise_arrow.svg_-36x34.png 36w, https:\/\/domath.surju.ee\/wp-content\/uploads\/2024\/07\/Clockwise_arrow.svg_-48x46.png 48w\" sizes=\"auto, (max-width: 210px) 100vw, 210px\" \/><\/td>\r\n<td style=\"width: 50%; height: 200px;\"><img loading=\"lazy\" decoding=\"async\" width=\"210\" height=\"200\" class=\"wp-image-3069 aligncenter\" src=\"https:\/\/domath.surju.ee\/wp-content\/uploads\/2024\/07\/Counterclockwise_arrow.svg_.png\" alt=\"\" srcset=\"https:\/\/domath.surju.ee\/wp-content\/uploads\/2024\/07\/Counterclockwise_arrow.svg_.png 210w, https:\/\/domath.surju.ee\/wp-content\/uploads\/2024\/07\/Counterclockwise_arrow.svg_-24x24.png 24w, https:\/\/domath.surju.ee\/wp-content\/uploads\/2024\/07\/Counterclockwise_arrow.svg_-36x34.png 36w, https:\/\/domath.surju.ee\/wp-content\/uploads\/2024\/07\/Counterclockwise_arrow.svg_-48x46.png 48w\" sizes=\"auto, (max-width: 210px) 100vw, 210px\" \/><\/td>\r\n<\/tr>\r\n<tr style=\"height: 21px;\">\r\n<td style=\"width: 50%; height: 21px; text-align: center;\"><span style=\"color: #ff0000;\"><strong>P\u00e4rip\u00e4eva suund<\/strong><\/span><\/td>\r\n<td style=\"width: 50%; height: 21px; text-align: center;\"><strong>Vastup\u00e4eva suund<\/strong><\/td>\r\n<\/tr>\r\n<\/tbody>\r\n<\/table>\r\n<p>&nbsp;<\/p>\r\n<p><!-- wp:image {\"id\":3068,\"width\":\"216px\",\"height\":\"auto\",\"sizeSlug\":\"large\",\"linkDestination\":\"none\"} --><\/p>\r\n<figure class=\"wp-block-image size-large is-resized\">&nbsp; &nbsp; &nbsp; &nbsp; &nbsp; &nbsp; &nbsp; &nbsp; &nbsp; &nbsp; &nbsp; &nbsp; &nbsp; &nbsp; &nbsp;<!-- wp:image {\"id\":3069,\"width\":\"216px\",\"height\":\"auto\",\"sizeSlug\":\"large\",\"linkDestination\":\"none\"} --><br \/>\r\n<!-- \/wp:image --><\/figure>\r\n<p><!-- \/wp:image --><\/p>\r\n<!-- wp:paragraph -->\r\n<p>&nbsp;<\/p>\r\n<!-- \/wp:paragraph -->\r\n<!-- wp:html --> <iframe loading=\"lazy\" src=\"https:\/\/drive.google.com\/file\/d\/1h_riaJbBsANedS4_bW9J4aO1fRrmCBLk\/preview\" width=\"640\" height=\"480\"><\/iframe> <!-- \/wp:html -->\r\n<p><a href=\"https:\/\/en.wikipedia.org\/wiki\/Clockwise\">https:\/\/en.wikipedia.org\/wiki\/Clockwise<\/a><\/p>\r\n<!-- \/wp:html -->","protected":false},"excerpt":{"rendered":"<p>P\u00e4rip\u00e4eva Kui miski liigub p\u00e4rip\u00e4eva, t\u00e4hendab see, et liikumine toimub P\u00e4ikese n\u00e4iva liikumise suunas, idast l\u00f5una kaudu l\u00e4\u00e4nde, vasakult \u00fcles paremale ehk kellaosutite liikumisega samas suunas. P\u00e4rip\u00e4eva suund Vastup\u00e4eva suund &nbsp; &nbsp; &nbsp; &nbsp; &nbsp; &nbsp; &nbsp; &nbsp; &nbsp; &nbsp; &nbsp; &nbsp; &nbsp; &nbsp; &nbsp; &nbsp; &nbsp; https:\/\/en.wikipedia.org\/wiki\/Clockwise [&#8230;]<\/p>\n<p><a class=\"btn btn-secondary understrap-read-more-link\" href=\"https:\/\/domath.surju.ee\/et\/paripaeva\/\">Read More&#8230;<span class=\"screen-reader-text\"> from P\u00e4rip\u00e4eva<\/span><\/a><\/p>\n","protected":false},"author":12,"featured_media":0,"parent":0,"menu_order":0,"comment_status":"closed","ping_status":"closed","template":"","meta":{"_eb_attr":"","_uag_custom_page_level_css":"","footnotes":""},"categories":[],"tags":[66,57,74,62],"class_list":["post-1336","page","type-page","status-publish","hentry","tag-english-c","tag-estonian-p","tag-greek-delta","tag-spanish-s"],"uagb_featured_image_src":{"full":false,"thumbnail":false,"medium":false,"medium_large":false,"large":false,"1536x1536":false,"2048x2048":false,"menu-24x24":false,"menu-36x36":false,"menu-48x48":false},"uagb_author_info":{"display_name":"Ave Kartau","author_link":"https:\/\/domath.surju.ee\/et\/author\/ave\/"},"uagb_comment_info":0,"uagb_excerpt":"P\u00e4rip\u00e4eva Kui miski liigub p\u00e4rip\u00e4eva, t\u00e4hendab see, et liikumine toimub P\u00e4ikese n\u00e4iva liikumise suunas, idast l\u00f5una kaudu l\u00e4\u00e4nde, vasakult \u00fcles paremale ehk kellaosutite liikumisega samas suunas. P\u00e4rip\u00e4eva suund Vastup\u00e4eva suund &nbsp; &nbsp; &nbsp; &nbsp; &nbsp; &nbsp; &nbsp; &nbsp; &nbsp; &nbsp; &nbsp; &nbsp; &nbsp; &nbsp; &nbsp; &nbsp; &nbsp; https:\/\/en.wikipedia.org\/wiki\/Clockwise [...]Read More... from P\u00e4rip\u00e4eva","_links":{"self":[{"href":"https:\/\/domath.surju.ee\/et\/wp-json\/wp\/v2\/pages\/1336","targetHints":{"allow":["GET"]}}],"collection":[{"href":"https:\/\/domath.surju.ee\/et\/wp-json\/wp\/v2\/pages"}],"about":[{"href":"https:\/\/domath.surju.ee\/et\/wp-json\/wp\/v2\/types\/page"}],"author":[{"embeddable":true,"href":"https:\/\/domath.surju.ee\/et\/wp-json\/wp\/v2\/users\/12"}],"replies":[{"embeddable":true,"href":"https:\/\/domath.surju.ee\/et\/wp-json\/wp\/v2\/comments?post=1336"}],"version-history":[{"count":9,"href":"https:\/\/domath.surju.ee\/et\/wp-json\/wp\/v2\/pages\/1336\/revisions"}],"predecessor-version":[{"id":4978,"href":"https:\/\/domath.surju.ee\/et\/wp-json\/wp\/v2\/pages\/1336\/revisions\/4978"}],"wp:attachment":[{"href":"https:\/\/domath.surju.ee\/et\/wp-json\/wp\/v2\/media?parent=1336"}],"wp:term":[{"taxonomy":"category","embeddable":true,"href":"https:\/\/domath.surju.ee\/et\/wp-json\/wp\/v2\/categories?post=1336"},{"taxonomy":"post_tag","embeddable":true,"href":"https:\/\/domath.surju.ee\/et\/wp-json\/wp\/v2\/tags?post=1336"}],"curies":[{"name":"wp","href":"https:\/\/api.w.org\/{rel}","templated":true}]}}