{"id":1331,"date":"2024-03-03T19:54:08","date_gmt":"2024-03-03T19:54:08","guid":{"rendered":"https:\/\/domath.surju.ee\/?page_id=1331"},"modified":"2024-12-23T19:39:49","modified_gmt":"2024-12-23T19:39:49","slug":"chance","status":"publish","type":"page","link":"https:\/\/domath.surju.ee\/et\/syndmuse_toenaosus\/","title":{"rendered":"Juhus, juhuslik s\u00fcndmus"},"content":{"rendered":"<h1 style=\"text-align: center;\"><span style=\"color: #008000;\"><strong>Juhus, Juhuslik s\u00fcndmus<\/strong><\/span><\/h1>\r\n<p><span style=\"color: #ff0000;\"><strong>Juhus <\/strong><span style=\"color: #000000;\">on v\u00f5imalus, et midagi toimub v\u00f5i juhtub.<\/span><strong><br \/>\r\nJuhuslik s\u00fcndmus<\/strong>&nbsp; <span style=\"color: #000000;\">on s\u00fcndmus, mis katse v\u00f5i vaatluse korral v\u00f5ib toimuda, aga v\u00f5ib ka mitte toimuda.<\/span> <span style=\"color: #000000;\"><br \/>\r\n<strong>Suhteline sagedus<\/strong> n\u00e4itab, kui suur on t\u00f5en\u00e4osus mingi s\u00fcndmuse toimumiseks.<br \/>\r\n<br \/>\r\n<span style=\"color: #0000ff;\"><strong>N\u00e4ide.&nbsp;<\/strong><\/span> Konkreetsete tulemuste saavutamise t\u00f5en\u00e4osused.<\/span><\/span><\/p>\r\n\r\n<figure class=\"wp-block-image size-large\"><img loading=\"lazy\" decoding=\"async\" class=\"wp-image-3044\" src=\"https:\/\/domath.surju.ee\/wp-content\/uploads\/2024\/07\/toenaosus7-1024x489.png\" alt=\"\" width=\"428\" height=\"204\" srcset=\"https:\/\/domath.surju.ee\/wp-content\/uploads\/2024\/07\/toenaosus7-1024x489.png 1024w, https:\/\/domath.surju.ee\/wp-content\/uploads\/2024\/07\/toenaosus7-300x143.png 300w, https:\/\/domath.surju.ee\/wp-content\/uploads\/2024\/07\/toenaosus7-768x367.png 768w, https:\/\/domath.surju.ee\/wp-content\/uploads\/2024\/07\/toenaosus7-24x11.png 24w, https:\/\/domath.surju.ee\/wp-content\/uploads\/2024\/07\/toenaosus7-36x17.png 36w, https:\/\/domath.surju.ee\/wp-content\/uploads\/2024\/07\/toenaosus7-48x23.png 48w, https:\/\/domath.surju.ee\/wp-content\/uploads\/2024\/07\/toenaosus7.png 1534w\" sizes=\"auto, (max-width: 428px) 100vw, 428px\" \/><br \/>\r\n<strong>Juhusliku s\u00fcndmuse t\u00f5en\u00e4osus<\/strong> on alati arvude nulli ja \u00fche vahel.<br \/>\r\n<br \/>\r\n<strong><span style=\"font-size: 14pt;\">0\u2264P(A)\u22641<\/span><\/strong><br \/>\r\n<br \/>\r\n<strong>S\u00fcndmuse t\u00f5en\u00e4osus:&nbsp;<\/strong> <a href=\"https:\/\/domath.surju.ee\/et\/toenaosus\/\">https:\/\/domath.surju.ee\/et\/toenaosus\/<\/a><\/figure>\r\n","protected":false},"excerpt":{"rendered":"<p>Juhus, Juhuslik s\u00fcndmus Juhus on v\u00f5imalus, et midagi toimub v\u00f5i juhtub. Juhuslik s\u00fcndmus&nbsp; on s\u00fcndmus, mis katse v\u00f5i vaatluse korral v\u00f5ib toimuda, aga v\u00f5ib ka mitte toimuda. Suhteline sagedus n\u00e4itab, kui suur on t\u00f5en\u00e4osus mingi s\u00fcndmuse toimumiseks. N\u00e4ide.&nbsp; Konkreetsete tulemuste saavutamise t\u00f5en\u00e4osused. Juhusliku s\u00fcndmuse t\u00f5en\u00e4osus on alati arvude nulli ja \u00fche vahel. 0\u2264P(A)\u22641 S\u00fcndmuse t\u00f5en\u00e4osus:&nbsp; [&#8230;]<\/p>\n<p><a class=\"btn btn-secondary understrap-read-more-link\" href=\"https:\/\/domath.surju.ee\/et\/syndmuse_toenaosus\/\">Read More&#8230;<span class=\"screen-reader-text\"> from Juhus, juhuslik s\u00fcndmus<\/span><\/a><\/p>\n","protected":false},"author":12,"featured_media":0,"parent":0,"menu_order":0,"comment_status":"closed","ping_status":"closed","template":"","meta":{"_eb_attr":"","_uag_custom_page_level_css":"","footnotes":""},"categories":[],"tags":[66,5,63],"class_list":["post-1331","page","type-page","status-publish","hentry","tag-english-c","tag-estonian-j","tag-greek-pi"],"uagb_featured_image_src":{"full":false,"thumbnail":false,"medium":false,"medium_large":false,"large":false,"1536x1536":false,"2048x2048":false,"menu-24x24":false,"menu-36x36":false,"menu-48x48":false},"uagb_author_info":{"display_name":"Ave Kartau","author_link":"https:\/\/domath.surju.ee\/et\/author\/ave\/"},"uagb_comment_info":0,"uagb_excerpt":"Juhus, Juhuslik s\u00fcndmus Juhus on v\u00f5imalus, et midagi toimub v\u00f5i juhtub. Juhuslik s\u00fcndmus&nbsp; on s\u00fcndmus, mis katse v\u00f5i vaatluse korral v\u00f5ib toimuda, aga v\u00f5ib ka mitte toimuda. Suhteline sagedus n\u00e4itab, kui suur on t\u00f5en\u00e4osus mingi s\u00fcndmuse toimumiseks. N\u00e4ide.&nbsp; Konkreetsete tulemuste saavutamise t\u00f5en\u00e4osused. Juhusliku s\u00fcndmuse t\u00f5en\u00e4osus on alati arvude nulli ja \u00fche vahel. 0\u2264P(A)\u22641 S\u00fcndmuse t\u00f5en\u00e4osus:&nbsp;&hellip;","_links":{"self":[{"href":"https:\/\/domath.surju.ee\/et\/wp-json\/wp\/v2\/pages\/1331","targetHints":{"allow":["GET"]}}],"collection":[{"href":"https:\/\/domath.surju.ee\/et\/wp-json\/wp\/v2\/pages"}],"about":[{"href":"https:\/\/domath.surju.ee\/et\/wp-json\/wp\/v2\/types\/page"}],"author":[{"embeddable":true,"href":"https:\/\/domath.surju.ee\/et\/wp-json\/wp\/v2\/users\/12"}],"replies":[{"embeddable":true,"href":"https:\/\/domath.surju.ee\/et\/wp-json\/wp\/v2\/comments?post=1331"}],"version-history":[{"count":3,"href":"https:\/\/domath.surju.ee\/et\/wp-json\/wp\/v2\/pages\/1331\/revisions"}],"predecessor-version":[{"id":4915,"href":"https:\/\/domath.surju.ee\/et\/wp-json\/wp\/v2\/pages\/1331\/revisions\/4915"}],"wp:attachment":[{"href":"https:\/\/domath.surju.ee\/et\/wp-json\/wp\/v2\/media?parent=1331"}],"wp:term":[{"taxonomy":"category","embeddable":true,"href":"https:\/\/domath.surju.ee\/et\/wp-json\/wp\/v2\/categories?post=1331"},{"taxonomy":"post_tag","embeddable":true,"href":"https:\/\/domath.surju.ee\/et\/wp-json\/wp\/v2\/tags?post=1331"}],"curies":[{"name":"wp","href":"https:\/\/api.w.org\/{rel}","templated":true}]}}