{"id":1328,"date":"2024-03-03T19:46:35","date_gmt":"2024-03-03T19:46:35","guid":{"rendered":"https:\/\/domath.surju.ee\/?page_id=1328"},"modified":"2024-12-23T18:28:41","modified_gmt":"2024-12-23T18:28:41","slug":"century","status":"publish","type":"page","link":"https:\/\/domath.surju.ee\/et\/sajand\/","title":{"rendered":"Sajand"},"content":{"rendered":"\r\n<h1 style=\"text-align: center;\"><span style=\"color: #008000;\"><strong>Sajand<\/strong><\/span><\/h1>\r\n<p><span style=\"color: #ff0000;\"><strong>Sajand<\/strong><\/span> on 100-aasta pikkune&nbsp; periood ajaarvamises. <br \/>\r\n<strong>Sada aastat<\/strong> on \u00fcks sajand, sajandeid saame arvutada arvkiirel.<br \/>\r\nPraegu on 21. sajand. Eelmine sajand oli 20. sajand ja \u00fcle-eelmine sajand oli 19. sajand.&nbsp;<br \/>\r\nTuhat aastat&nbsp; ehk 10 sajandit moodustavad millenniumi.<br \/>\r\n<strong><span style=\"color: #0000ff;\">N\u00e4iteks:<\/span><\/strong>&nbsp;<br \/>\r\n<strong>&nbsp;&#8211; 19. sajand<\/strong> oli ajaperiood aastast&nbsp; <strong>1801 kuni 1900.<br \/>\r\n<br \/>\r\n<\/strong><b>&#8211; 21. sajand<\/b> algas 1. jaanuaril 2001 ja l\u00f5peb 31. detsembril 2100.&nbsp; <br \/>\r\nSee on <strong>3.millenniumi<\/strong> (3. aastatuhande) esimene sajand.&nbsp;<br \/>\r\n<br \/>\r\n<br \/>\r\n<strong>T\u00e4nap\u00e4eval on Gregoriuse kalender, kus aasta keskmiseks&nbsp;kestuseks&nbsp;tuleb 365,2425&nbsp;keskmist p\u00e4ikesep\u00e4eva, enimkasutatav kalendris\u00fcsteem( Gregoriuse kalender <\/strong>ehk uus kalender on paavst Gregorius XIII poolt 1582. aastal kehtestatud t\u00e4psustatud ajaarvamiss\u00fcsteem).&nbsp; Aastaarvudele lisatav m\u00e4rge <strong>Anno Domini ehk A.D (issanda aastal) t\u00e4hendab aastat peale Kristuse s\u00fcndi (pKr).&nbsp;<\/strong><br \/>\r\nSee on t\u00e4his, mida kasutatakse kristliku ajaarvamise aastaarvude juures selleks, et m\u00e4rkida nende kuulumist meie ajaarvamise alla ning aastaga 1 pKr alanud ajastusse ehk aega p\u00e4rast meie ajaarvamise alguspunkti.<br \/>\r\n<br \/>\r\n<strong><span style=\"color: #0000ff;\">Nt:<\/span><\/strong>&nbsp; Anno Domini 1343 ehk 1343 pKr<br \/>\r\n<br \/>\r\nAjaarvamist &#8220;A.D.&#8221; hakati kasutama aastast 525,&nbsp; laiemalt kasutusele v\u00f5eti see alles p\u00e4rast aastat 800.<br \/>\r\n<br \/>\r\n<\/p>\r\n","protected":false},"excerpt":{"rendered":"<p>Sajand Sajand on 100-aasta pikkune&nbsp; periood ajaarvamises. Sada aastat on \u00fcks sajand, sajandeid saame arvutada arvkiirel. Praegu on 21. sajand. Eelmine sajand oli 20. sajand ja \u00fcle-eelmine sajand oli 19. sajand.&nbsp; Tuhat aastat&nbsp; ehk 10 sajandit moodustavad millenniumi. N\u00e4iteks:&nbsp; &nbsp;&#8211; 19. sajand oli ajaperiood aastast&nbsp; 1801 kuni 1900. &#8211; 21. sajand algas 1. jaanuaril 2001 [&#8230;]<\/p>\n<p><a class=\"btn btn-secondary understrap-read-more-link\" href=\"https:\/\/domath.surju.ee\/et\/sajand\/\">Read More&#8230;<span class=\"screen-reader-text\"> from Sajand<\/span><\/a><\/p>\n","protected":false},"author":12,"featured_media":0,"parent":0,"menu_order":0,"comment_status":"closed","ping_status":"closed","template":"","meta":{"_eb_attr":"","_uag_custom_page_level_css":"","footnotes":""},"categories":[],"tags":[66,117,86,62],"class_list":["post-1328","page","type-page","status-publish","hentry","tag-english-c","tag-estonian-s","tag-greek-alpha","tag-spanish-s"],"uagb_featured_image_src":{"full":false,"thumbnail":false,"medium":false,"medium_large":false,"large":false,"1536x1536":false,"2048x2048":false,"menu-24x24":false,"menu-36x36":false,"menu-48x48":false},"uagb_author_info":{"display_name":"Ave Kartau","author_link":"https:\/\/domath.surju.ee\/et\/author\/ave\/"},"uagb_comment_info":0,"uagb_excerpt":"Sajand Sajand on 100-aasta pikkune&nbsp; periood ajaarvamises. Sada aastat on \u00fcks sajand, sajandeid saame arvutada arvkiirel. Praegu on 21. sajand. Eelmine sajand oli 20. sajand ja \u00fcle-eelmine sajand oli 19. sajand.&nbsp; Tuhat aastat&nbsp; ehk 10 sajandit moodustavad millenniumi. N\u00e4iteks:&nbsp; &nbsp;&#8211; 19. sajand oli ajaperiood aastast&nbsp; 1801 kuni 1900. &#8211; 21. sajand algas 1. jaanuaril 2001&hellip;","_links":{"self":[{"href":"https:\/\/domath.surju.ee\/et\/wp-json\/wp\/v2\/pages\/1328","targetHints":{"allow":["GET"]}}],"collection":[{"href":"https:\/\/domath.surju.ee\/et\/wp-json\/wp\/v2\/pages"}],"about":[{"href":"https:\/\/domath.surju.ee\/et\/wp-json\/wp\/v2\/types\/page"}],"author":[{"embeddable":true,"href":"https:\/\/domath.surju.ee\/et\/wp-json\/wp\/v2\/users\/12"}],"replies":[{"embeddable":true,"href":"https:\/\/domath.surju.ee\/et\/wp-json\/wp\/v2\/comments?post=1328"}],"version-history":[{"count":4,"href":"https:\/\/domath.surju.ee\/et\/wp-json\/wp\/v2\/pages\/1328\/revisions"}],"predecessor-version":[{"id":4663,"href":"https:\/\/domath.surju.ee\/et\/wp-json\/wp\/v2\/pages\/1328\/revisions\/4663"}],"wp:attachment":[{"href":"https:\/\/domath.surju.ee\/et\/wp-json\/wp\/v2\/media?parent=1328"}],"wp:term":[{"taxonomy":"category","embeddable":true,"href":"https:\/\/domath.surju.ee\/et\/wp-json\/wp\/v2\/categories?post=1328"},{"taxonomy":"post_tag","embeddable":true,"href":"https:\/\/domath.surju.ee\/et\/wp-json\/wp\/v2\/tags?post=1328"}],"curies":[{"name":"wp","href":"https:\/\/api.w.org\/{rel}","templated":true}]}}