{"id":1323,"date":"2024-03-03T19:29:54","date_gmt":"2024-03-03T19:29:54","guid":{"rendered":"https:\/\/domath.surju.ee\/?page_id=1323"},"modified":"2024-12-23T18:23:01","modified_gmt":"2024-12-23T18:23:01","slug":"cent","status":"publish","type":"page","link":"https:\/\/domath.surju.ee\/et\/sent\/","title":{"rendered":"Sent"},"content":{"rendered":"<h1 style=\"text-align: center;\"><strong><span style=\"color: #008000;\">Sent<\/span><\/strong><\/h1>\r\n<p><span style=\"color: #ff0000;\"><b>Sent<\/b><\/span>&nbsp;on&nbsp;raha\u00fchik, mille v\u00e4\u00e4rtus on 1\/100 k\u00e4ibivast p\u00f5hi\u00fchikust.<\/p>\r\n<p>Sendid on k\u00e4ibel paljudes riikides.&nbsp;Ameerika \u00dchendriigid&nbsp;on neist \u00fcks tuntumaid (1&nbsp;USA dollar&nbsp;on 100 senti (<i>cent<\/i>)). <br \/>\r\n\u00dcks euro jaguneb sajaks eurosendiks.&nbsp;<\/p>\r\n<p>1 USA sent (cent) = 1\/100 dollarit<br \/>\r\n1 eurosent = 1\/100 eurot<\/p>\r\n<p style=\"text-align: center;\"><strong><b>Sent<\/b>&nbsp;on&nbsp;raha\u00fchik, mille v\u00e4\u00e4rtus on 1\/100 k\u00e4ibivast p\u00f5hi\u00fchikust.<\/strong><br \/>\r\n<strong>100 sent = 1 euro<\/strong><br \/>\r\n<strong>&nbsp;T\u00e4his on&nbsp; s<\/strong><\/p>\r\n<p><img loading=\"lazy\" decoding=\"async\" class=\"wp-image-3003 alignleft\" src=\"https:\/\/domath.surju.ee\/wp-content\/uploads\/2024\/07\/Flag_of_Europe.svg_.png\" alt=\"\" width=\"92\" height=\"62\" srcset=\"https:\/\/domath.surju.ee\/wp-content\/uploads\/2024\/07\/Flag_of_Europe.svg_.png 188w, https:\/\/domath.surju.ee\/wp-content\/uploads\/2024\/07\/Flag_of_Europe.svg_-24x16.png 24w, https:\/\/domath.surju.ee\/wp-content\/uploads\/2024\/07\/Flag_of_Europe.svg_-36x24.png 36w, https:\/\/domath.surju.ee\/wp-content\/uploads\/2024\/07\/Flag_of_Europe.svg_-48x32.png 48w\" sizes=\"auto, (max-width: 92px) 100vw, 92px\" \/><\/p>\r\n<p>&nbsp;<\/p>\r\n<p style=\"text-align: left;\"><span style=\"background-color: #333399; color: #99ccff;\"><strong>Euroopa Liit<\/strong><\/span><\/p>\r\n<p>&nbsp;<\/p>\r\n<p><img loading=\"lazy\" decoding=\"async\" class=\"alignnone  wp-image-2990\" src=\"https:\/\/domath.surju.ee\/wp-content\/uploads\/2024\/07\/1_cent_euro_coin_common_side.png\" alt=\"\" width=\"51\" height=\"52\" srcset=\"https:\/\/domath.surju.ee\/wp-content\/uploads\/2024\/07\/1_cent_euro_coin_common_side.png 105w, https:\/\/domath.surju.ee\/wp-content\/uploads\/2024\/07\/1_cent_euro_coin_common_side-24x24.png 24w, https:\/\/domath.surju.ee\/wp-content\/uploads\/2024\/07\/1_cent_euro_coin_common_side-36x36.png 36w, https:\/\/domath.surju.ee\/wp-content\/uploads\/2024\/07\/1_cent_euro_coin_common_side-48x48.png 48w\" sizes=\"auto, (max-width: 51px) 100vw, 51px\" \/><img loading=\"lazy\" decoding=\"async\" class=\"alignnone  wp-image-2991\" src=\"https:\/\/domath.surju.ee\/wp-content\/uploads\/2024\/07\/2_eurocent_common_1999.png\" alt=\"\" width=\"61\" height=\"61\" srcset=\"https:\/\/domath.surju.ee\/wp-content\/uploads\/2024\/07\/2_eurocent_common_1999.png 182w, https:\/\/domath.surju.ee\/wp-content\/uploads\/2024\/07\/2_eurocent_common_1999-150x150.png 150w, https:\/\/domath.surju.ee\/wp-content\/uploads\/2024\/07\/2_eurocent_common_1999-24x24.png 24w, https:\/\/domath.surju.ee\/wp-content\/uploads\/2024\/07\/2_eurocent_common_1999-36x36.png 36w, https:\/\/domath.surju.ee\/wp-content\/uploads\/2024\/07\/2_eurocent_common_1999-48x48.png 48w\" sizes=\"auto, (max-width: 61px) 100vw, 61px\" \/><img loading=\"lazy\" decoding=\"async\" class=\"alignnone  wp-image-2992\" src=\"https:\/\/domath.surju.ee\/wp-content\/uploads\/2024\/07\/5_eurocent_common_1999.png\" alt=\"\" width=\"74\" height=\"74\" srcset=\"https:\/\/domath.surju.ee\/wp-content\/uploads\/2024\/07\/5_eurocent_common_1999.png 206w, https:\/\/domath.surju.ee\/wp-content\/uploads\/2024\/07\/5_eurocent_common_1999-150x150.png 150w, https:\/\/domath.surju.ee\/wp-content\/uploads\/2024\/07\/5_eurocent_common_1999-24x24.png 24w, https:\/\/domath.surju.ee\/wp-content\/uploads\/2024\/07\/5_eurocent_common_1999-36x36.png 36w, https:\/\/domath.surju.ee\/wp-content\/uploads\/2024\/07\/5_eurocent_common_1999-48x48.png 48w\" sizes=\"auto, (max-width: 74px) 100vw, 74px\" \/><img loading=\"lazy\" decoding=\"async\" class=\"alignnone  wp-image-2993\" src=\"https:\/\/domath.surju.ee\/wp-content\/uploads\/2024\/07\/10_eurocent_common_2007.png\" alt=\"\" width=\"72\" height=\"72\" srcset=\"https:\/\/domath.surju.ee\/wp-content\/uploads\/2024\/07\/10_eurocent_common_2007.png 192w, https:\/\/domath.surju.ee\/wp-content\/uploads\/2024\/07\/10_eurocent_common_2007-150x150.png 150w, https:\/\/domath.surju.ee\/wp-content\/uploads\/2024\/07\/10_eurocent_common_2007-24x24.png 24w, https:\/\/domath.surju.ee\/wp-content\/uploads\/2024\/07\/10_eurocent_common_2007-36x36.png 36w, https:\/\/domath.surju.ee\/wp-content\/uploads\/2024\/07\/10_eurocent_common_2007-48x48.png 48w\" sizes=\"auto, (max-width: 72px) 100vw, 72px\" \/><img loading=\"lazy\" decoding=\"async\" class=\"alignnone  wp-image-2995\" src=\"https:\/\/domath.surju.ee\/wp-content\/uploads\/2024\/07\/20_eurocent_common_2007.png\" alt=\"\" width=\"92\" height=\"92\" srcset=\"https:\/\/domath.surju.ee\/wp-content\/uploads\/2024\/07\/20_eurocent_common_2007.png 216w, https:\/\/domath.surju.ee\/wp-content\/uploads\/2024\/07\/20_eurocent_common_2007-150x150.png 150w, https:\/\/domath.surju.ee\/wp-content\/uploads\/2024\/07\/20_eurocent_common_2007-24x24.png 24w, https:\/\/domath.surju.ee\/wp-content\/uploads\/2024\/07\/20_eurocent_common_2007-36x36.png 36w, https:\/\/domath.surju.ee\/wp-content\/uploads\/2024\/07\/20_eurocent_common_2007-48x48.png 48w\" sizes=\"auto, (max-width: 92px) 100vw, 92px\" \/><img loading=\"lazy\" decoding=\"async\" class=\"alignnone  wp-image-2996\" src=\"https:\/\/domath.surju.ee\/wp-content\/uploads\/2024\/07\/50_eurocent_common_2007.png\" alt=\"\" width=\"101\" height=\"101\" srcset=\"https:\/\/domath.surju.ee\/wp-content\/uploads\/2024\/07\/50_eurocent_common_2007.png 236w, https:\/\/domath.surju.ee\/wp-content\/uploads\/2024\/07\/50_eurocent_common_2007-150x150.png 150w, https:\/\/domath.surju.ee\/wp-content\/uploads\/2024\/07\/50_eurocent_common_2007-24x24.png 24w, https:\/\/domath.surju.ee\/wp-content\/uploads\/2024\/07\/50_eurocent_common_2007-36x36.png 36w, https:\/\/domath.surju.ee\/wp-content\/uploads\/2024\/07\/50_eurocent_common_2007-48x48.png 48w\" sizes=\"auto, (max-width: 101px) 100vw, 101px\" \/><img loading=\"lazy\" decoding=\"async\" class=\"alignnone  wp-image-2997\" src=\"https:\/\/domath.surju.ee\/wp-content\/uploads\/2024\/07\/Common_face_of_one_euro_coin.png\" alt=\"\" width=\"130\" height=\"129\" srcset=\"https:\/\/domath.surju.ee\/wp-content\/uploads\/2024\/07\/Common_face_of_one_euro_coin.png 225w, https:\/\/domath.surju.ee\/wp-content\/uploads\/2024\/07\/Common_face_of_one_euro_coin-150x150.png 150w, https:\/\/domath.surju.ee\/wp-content\/uploads\/2024\/07\/Common_face_of_one_euro_coin-24x24.png 24w, https:\/\/domath.surju.ee\/wp-content\/uploads\/2024\/07\/Common_face_of_one_euro_coin-36x36.png 36w, https:\/\/domath.surju.ee\/wp-content\/uploads\/2024\/07\/Common_face_of_one_euro_coin-48x48.png 48w\" sizes=\"auto, (max-width: 130px) 100vw, 130px\" \/><img loading=\"lazy\" decoding=\"async\" class=\"alignnone  wp-image-2998\" src=\"https:\/\/domath.surju.ee\/wp-content\/uploads\/2024\/07\/Common_face_of_two_euro_coin.png\" alt=\"\" width=\"145\" height=\"145\" srcset=\"https:\/\/domath.surju.ee\/wp-content\/uploads\/2024\/07\/Common_face_of_two_euro_coin.png 225w, https:\/\/domath.surju.ee\/wp-content\/uploads\/2024\/07\/Common_face_of_two_euro_coin-150x150.png 150w, https:\/\/domath.surju.ee\/wp-content\/uploads\/2024\/07\/Common_face_of_two_euro_coin-24x24.png 24w, https:\/\/domath.surju.ee\/wp-content\/uploads\/2024\/07\/Common_face_of_two_euro_coin-36x36.png 36w, https:\/\/domath.surju.ee\/wp-content\/uploads\/2024\/07\/Common_face_of_two_euro_coin-48x48.png 48w\" sizes=\"auto, (max-width: 145px) 100vw, 145px\" \/><\/p>\r\n <iframe style=\"border: 0px; width: 100%; height: 500px;\" src=\"https:\/\/learningapps.org\/watch?v=p38cs74ok24\" allowfullscreen=\"allowfullscreen\"><\/iframe> ","protected":false},"excerpt":{"rendered":"<p>Sent Sent&nbsp;on&nbsp;raha\u00fchik, mille v\u00e4\u00e4rtus on 1\/100 k\u00e4ibivast p\u00f5hi\u00fchikust. Sendid on k\u00e4ibel paljudes riikides.&nbsp;Ameerika \u00dchendriigid&nbsp;on neist \u00fcks tuntumaid (1&nbsp;USA dollar&nbsp;on 100 senti (cent)). \u00dcks euro jaguneb sajaks eurosendiks.&nbsp; 1 USA sent (cent) = 1\/100 dollarit 1 eurosent = 1\/100 eurot Sent&nbsp;on&nbsp;raha\u00fchik, mille v\u00e4\u00e4rtus on 1\/100 k\u00e4ibivast p\u00f5hi\u00fchikust. 100 sent = 1 euro &nbsp;T\u00e4his on&nbsp; s &nbsp; [&#8230;]<\/p>\n<p><a class=\"btn btn-secondary understrap-read-more-link\" href=\"https:\/\/domath.surju.ee\/et\/sent\/\">Read More&#8230;<span class=\"screen-reader-text\"> from Sent<\/span><\/a><\/p>\n","protected":false},"author":12,"featured_media":0,"parent":0,"menu_order":0,"comment_status":"closed","ping_status":"closed","template":"","meta":{"_eb_attr":"","_uag_custom_page_level_css":"","footnotes":""},"categories":[],"tags":[66,117,144,136],"class_list":["post-1323","page","type-page","status-publish","hentry","tag-english-c","tag-estonian-s","tag-greek-lambda","tag-spanish-c"],"uagb_featured_image_src":{"full":false,"thumbnail":false,"medium":false,"medium_large":false,"large":false,"1536x1536":false,"2048x2048":false,"menu-24x24":false,"menu-36x36":false,"menu-48x48":false},"uagb_author_info":{"display_name":"Ave Kartau","author_link":"https:\/\/domath.surju.ee\/et\/author\/ave\/"},"uagb_comment_info":0,"uagb_excerpt":"Sent Sent&nbsp;on&nbsp;raha\u00fchik, mille v\u00e4\u00e4rtus on 1\/100 k\u00e4ibivast p\u00f5hi\u00fchikust. Sendid on k\u00e4ibel paljudes riikides.&nbsp;Ameerika \u00dchendriigid&nbsp;on neist \u00fcks tuntumaid (1&nbsp;USA dollar&nbsp;on 100 senti (cent)). \u00dcks euro jaguneb sajaks eurosendiks.&nbsp; 1 USA sent (cent) = 1\/100 dollarit 1 eurosent = 1\/100 eurot Sent&nbsp;on&nbsp;raha\u00fchik, mille v\u00e4\u00e4rtus on 1\/100 k\u00e4ibivast p\u00f5hi\u00fchikust. 100 sent = 1 euro &nbsp;T\u00e4his on&nbsp; s &nbsp;&hellip;","_links":{"self":[{"href":"https:\/\/domath.surju.ee\/et\/wp-json\/wp\/v2\/pages\/1323","targetHints":{"allow":["GET"]}}],"collection":[{"href":"https:\/\/domath.surju.ee\/et\/wp-json\/wp\/v2\/pages"}],"about":[{"href":"https:\/\/domath.surju.ee\/et\/wp-json\/wp\/v2\/types\/page"}],"author":[{"embeddable":true,"href":"https:\/\/domath.surju.ee\/et\/wp-json\/wp\/v2\/users\/12"}],"replies":[{"embeddable":true,"href":"https:\/\/domath.surju.ee\/et\/wp-json\/wp\/v2\/comments?post=1323"}],"version-history":[{"count":8,"href":"https:\/\/domath.surju.ee\/et\/wp-json\/wp\/v2\/pages\/1323\/revisions"}],"predecessor-version":[{"id":4913,"href":"https:\/\/domath.surju.ee\/et\/wp-json\/wp\/v2\/pages\/1323\/revisions\/4913"}],"wp:attachment":[{"href":"https:\/\/domath.surju.ee\/et\/wp-json\/wp\/v2\/media?parent=1323"}],"wp:term":[{"taxonomy":"category","embeddable":true,"href":"https:\/\/domath.surju.ee\/et\/wp-json\/wp\/v2\/categories?post=1323"},{"taxonomy":"post_tag","embeddable":true,"href":"https:\/\/domath.surju.ee\/et\/wp-json\/wp\/v2\/tags?post=1323"}],"curies":[{"name":"wp","href":"https:\/\/api.w.org\/{rel}","templated":true}]}}