{"id":1319,"date":"2024-03-03T19:27:30","date_gmt":"2024-03-03T19:27:30","guid":{"rendered":"https:\/\/domath.surju.ee\/?page_id=1319"},"modified":"2024-12-21T19:42:30","modified_gmt":"2024-12-21T19:42:30","slug":"celsius","status":"publish","type":"page","link":"https:\/\/domath.surju.ee\/et\/temperatuuriskaala-celsius\/","title":{"rendered":"Temperatuuriskaala Celsius"},"content":{"rendered":"<h1 style=\"text-align: center;\"><span style=\"color: #008000;\"><strong>Temperatuuriskaala Celsius<\/strong><\/span><\/h1>\r\n\r\n<div class=\"section-wrapper\" data-id=\"YRauTK\">\r\n<section class=\"wp-block-gutenverse-section guten-element guten-section guten-YRauTK layout-boxed align-stretch\">\r\n<div class=\"guten-background-overlay\">&nbsp;<\/div>\r\n<div class=\"guten-shape-divider guten-shape-divider-top\">&nbsp;<\/div>\r\n<div class=\"guten-shape-divider guten-shape-divider-bottom\">&nbsp;<\/div>\r\n<div class=\"guten-container guten-column-gap-default\">\r\n<div class=\"wp-block-gutenverse-column guten-element guten-column guten-PHFcbb\">\r\n<div class=\"guten-background-overlay\">&nbsp;<\/div>\r\n<div class=\"sticky-wrapper\" data-id=\"PHFcbb\">\r\n<div class=\"guten-column-wrapper\">\r\n<figure class=\"wp-block-image size-full is-resized\"><img loading=\"lazy\" decoding=\"async\" width=\"320\" height=\"640\" class=\"wp-image-2972\" style=\"width: 157px; height: auto;\" src=\"https:\/\/domath.surju.ee\/wp-content\/uploads\/2024\/07\/thermometer-1134182_640.png\" alt=\"\" srcset=\"https:\/\/domath.surju.ee\/wp-content\/uploads\/2024\/07\/thermometer-1134182_640.png 320w, https:\/\/domath.surju.ee\/wp-content\/uploads\/2024\/07\/thermometer-1134182_640-150x300.png 150w, https:\/\/domath.surju.ee\/wp-content\/uploads\/2024\/07\/thermometer-1134182_640-12x24.png 12w, https:\/\/domath.surju.ee\/wp-content\/uploads\/2024\/07\/thermometer-1134182_640-18x36.png 18w, https:\/\/domath.surju.ee\/wp-content\/uploads\/2024\/07\/thermometer-1134182_640-24x48.png 24w\" sizes=\"auto, (max-width: 320px) 100vw, 320px\" \/><\/figure>\r\n<\/div>\r\n<\/div>\r\n<\/div>\r\n\r\n\r\n<div class=\"wp-block-gutenverse-column guten-element guten-column guten-6UQO6I\">\r\n<div class=\"guten-background-overlay\">&nbsp;<\/div>\r\n<div class=\"sticky-wrapper\" data-id=\"6UQO6I\">\r\n<div class=\"guten-column-wrapper\">\r\n<p><span style=\"color: #ff0000;\"><strong>Celsius<\/strong> on temperatuuriskaala<\/span>, millel vesi j\u00e4\u00e4tub 0 kraadi juures ja keeb 100 kraadi juures.&nbsp; T\u00e4hiseks on \u00b0C.<\/p>\r\n<p>Celsiuse kraad<strong> (s\u00fcmbol: \u00b0C)<\/strong> v\u00f5ib n\u00e4idata kindlat punkti Celsiuse temperatuuriskaalal v\u00f5i kahe temperatuuri vahet ehk erinevust.&nbsp;<\/p>\r\n<p><span style=\"color: #000080;\"><span style=\"color: #000000;\">Celsiuse temperatuuriskaala on nime saanud rootsi f\u00fc\u00fcsiku ja astronoomi<\/span><\/span><strong><span style=\"color: #000080;\"> Anders Celsiuse <\/span><\/strong><span style=\"color: #000080;\"><span style=\"color: #000000;\">j\u00e4rgi<\/span><\/span><strong><span style=\"color: #000080;\">(<\/span><\/strong>1701\u20131744), kes pakkus esimese versiooni v\u00e4lja <strong>1742 <\/strong>a.<\/p>\r\n<\/div>\r\n<\/div>\r\n<\/div>\r\n<\/div>\r\n<\/section>\r\n<\/div>\r\n\r\n<h5 style=\"text-align: center;\"><span style=\"background-color: #99ccff;\">Temperatuuriskaala, kus vesi <strong><span style=\"color: #ff0000;\">k\u00fclmub<\/span><\/strong> <strong><span style=\"color: #000080;\">0 kraadi<\/span><\/strong><\/span><\/h5>\r\n<h5 style=\"text-align: center;\"><span style=\"background-color: #99ccff;\">ja&nbsp; <strong><span style=\"color: #ff0000;\">keeb <\/span><span style=\"color: #000080;\">100 kraadi <\/span><\/strong><span style=\"color: #000080;\"><span style=\"color: #000000;\">juures<\/span><\/span><\/span><\/h5>\r\n<p><img loading=\"lazy\" decoding=\"async\" class=\" wp-image-2970 aligncenter\" src=\"https:\/\/domath.surju.ee\/wp-content\/uploads\/2024\/07\/Kuvatommis-2024-07-29-130019-300x147.png\" alt=\"\" width=\"439\" height=\"215\" srcset=\"https:\/\/domath.surju.ee\/wp-content\/uploads\/2024\/07\/Kuvatommis-2024-07-29-130019-300x147.png 300w, https:\/\/domath.surju.ee\/wp-content\/uploads\/2024\/07\/Kuvatommis-2024-07-29-130019-1024x501.png 1024w, https:\/\/domath.surju.ee\/wp-content\/uploads\/2024\/07\/Kuvatommis-2024-07-29-130019-768x376.png 768w, https:\/\/domath.surju.ee\/wp-content\/uploads\/2024\/07\/Kuvatommis-2024-07-29-130019-24x12.png 24w, https:\/\/domath.surju.ee\/wp-content\/uploads\/2024\/07\/Kuvatommis-2024-07-29-130019-36x18.png 36w, https:\/\/domath.surju.ee\/wp-content\/uploads\/2024\/07\/Kuvatommis-2024-07-29-130019-48x23.png 48w, https:\/\/domath.surju.ee\/wp-content\/uploads\/2024\/07\/Kuvatommis-2024-07-29-130019.png 1045w\" sizes=\"auto, (max-width: 439px) 100vw, 439px\" \/><\/p>\r\n<p style=\"text-align: center;\">https:\/\/flippy-ai.com\/definitions\/7234\/celsius%20scale&nbsp;<\/p>\r\n\r\n<div class=\"guten-element gutenverse-text-editor guten-WLScim\">\r\n<div class=\"text-content-inner\">\r\n<p style=\"text-align: center;\"><a href=\"https:\/\/www.topmarks.co.uk\/Flash.aspx?f=Temperaturev2\">M\u00e4ngud:<br \/>\r\n<img loading=\"lazy\" decoding=\"async\" class=\"size-medium wp-image-2984 aligncenter\" src=\"https:\/\/domath.surju.ee\/wp-content\/uploads\/2024\/07\/Kuvatommis-2024-07-29-131216-300x207.png\" alt=\"\" width=\"300\" height=\"207\" srcset=\"https:\/\/domath.surju.ee\/wp-content\/uploads\/2024\/07\/Kuvatommis-2024-07-29-131216-300x207.png 300w, https:\/\/domath.surju.ee\/wp-content\/uploads\/2024\/07\/Kuvatommis-2024-07-29-131216-1024x706.png 1024w, https:\/\/domath.surju.ee\/wp-content\/uploads\/2024\/07\/Kuvatommis-2024-07-29-131216-768x529.png 768w, https:\/\/domath.surju.ee\/wp-content\/uploads\/2024\/07\/Kuvatommis-2024-07-29-131216-24x17.png 24w, https:\/\/domath.surju.ee\/wp-content\/uploads\/2024\/07\/Kuvatommis-2024-07-29-131216-36x25.png 36w, https:\/\/domath.surju.ee\/wp-content\/uploads\/2024\/07\/Kuvatommis-2024-07-29-131216-48x33.png 48w, https:\/\/domath.surju.ee\/wp-content\/uploads\/2024\/07\/Kuvatommis-2024-07-29-131216.png 1129w\" sizes=\"auto, (max-width: 300px) 100vw, 300px\" \/><\/a><\/p>\r\n<\/div>\r\n<\/div>\r\n\r\n\r\n<p class=\"has-text-align-center\"><a href=\"https:\/\/www.topmarks.co.uk\/Flash.aspx?f=Temperaturev2\">https:\/\/www.topmarks.co.uk\/Flash.aspx?f=Temperaturev2<\/a><\/p>\r\n","protected":false},"excerpt":{"rendered":"<p>Temperatuuriskaala Celsius &nbsp; &nbsp; &nbsp; &nbsp; &nbsp; Celsius on temperatuuriskaala, millel vesi j\u00e4\u00e4tub 0 kraadi juures ja keeb 100 kraadi juures.&nbsp; T\u00e4hiseks on \u00b0C. Celsiuse kraad (s\u00fcmbol: \u00b0C) v\u00f5ib n\u00e4idata kindlat punkti Celsiuse temperatuuriskaalal v\u00f5i kahe temperatuuri vahet ehk erinevust.&nbsp; Celsiuse temperatuuriskaala on nime saanud rootsi f\u00fc\u00fcsiku ja astronoomi Anders Celsiuse j\u00e4rgi(1701\u20131744), kes pakkus esimese [&#8230;]<\/p>\n<p><a class=\"btn btn-secondary understrap-read-more-link\" href=\"https:\/\/domath.surju.ee\/et\/temperatuuriskaala-celsius\/\">Read More&#8230;<span class=\"screen-reader-text\"> from Temperatuuriskaala Celsius<\/span><\/a><\/p>\n","protected":false},"author":12,"featured_media":0,"parent":0,"menu_order":0,"comment_status":"closed","ping_status":"closed","template":"","meta":{"_eb_attr":"","_uag_custom_page_level_css":"","footnotes":""},"categories":[],"tags":[66,40,73,75],"class_list":["post-1319","page","type-page","status-publish","hentry","tag-english-c","tag-estonian-t","tag-greek-kappa","tag-spanish-g"],"uagb_featured_image_src":{"full":false,"thumbnail":false,"medium":false,"medium_large":false,"large":false,"1536x1536":false,"2048x2048":false,"menu-24x24":false,"menu-36x36":false,"menu-48x48":false},"uagb_author_info":{"display_name":"Ave Kartau","author_link":"https:\/\/domath.surju.ee\/et\/author\/ave\/"},"uagb_comment_info":0,"uagb_excerpt":"Temperatuuriskaala Celsius &nbsp; &nbsp; &nbsp; &nbsp; &nbsp; Celsius on temperatuuriskaala, millel vesi j\u00e4\u00e4tub 0 kraadi juures ja keeb 100 kraadi juures.&nbsp; T\u00e4hiseks on \u00b0C. Celsiuse kraad (s\u00fcmbol: \u00b0C) v\u00f5ib n\u00e4idata kindlat punkti Celsiuse temperatuuriskaalal v\u00f5i kahe temperatuuri vahet ehk erinevust.&nbsp; Celsiuse temperatuuriskaala on nime saanud rootsi f\u00fc\u00fcsiku ja astronoomi Anders Celsiuse j\u00e4rgi(1701\u20131744), kes pakkus esimese&hellip;","_links":{"self":[{"href":"https:\/\/domath.surju.ee\/et\/wp-json\/wp\/v2\/pages\/1319","targetHints":{"allow":["GET"]}}],"collection":[{"href":"https:\/\/domath.surju.ee\/et\/wp-json\/wp\/v2\/pages"}],"about":[{"href":"https:\/\/domath.surju.ee\/et\/wp-json\/wp\/v2\/types\/page"}],"author":[{"embeddable":true,"href":"https:\/\/domath.surju.ee\/et\/wp-json\/wp\/v2\/users\/12"}],"replies":[{"embeddable":true,"href":"https:\/\/domath.surju.ee\/et\/wp-json\/wp\/v2\/comments?post=1319"}],"version-history":[{"count":26,"href":"https:\/\/domath.surju.ee\/et\/wp-json\/wp\/v2\/pages\/1319\/revisions"}],"predecessor-version":[{"id":3033,"href":"https:\/\/domath.surju.ee\/et\/wp-json\/wp\/v2\/pages\/1319\/revisions\/3033"}],"wp:attachment":[{"href":"https:\/\/domath.surju.ee\/et\/wp-json\/wp\/v2\/media?parent=1319"}],"wp:term":[{"taxonomy":"category","embeddable":true,"href":"https:\/\/domath.surju.ee\/et\/wp-json\/wp\/v2\/categories?post=1319"},{"taxonomy":"post_tag","embeddable":true,"href":"https:\/\/domath.surju.ee\/et\/wp-json\/wp\/v2\/tags?post=1319"}],"curies":[{"name":"wp","href":"https:\/\/api.w.org\/{rel}","templated":true}]}}