{"id":1316,"date":"2024-03-03T19:25:56","date_gmt":"2024-03-03T19:25:56","guid":{"rendered":"https:\/\/domath.surju.ee\/?page_id=1316"},"modified":"2024-12-23T18:12:53","modified_gmt":"2024-12-23T18:12:53","slug":"capacity","status":"publish","type":"page","link":"https:\/\/domath.surju.ee\/et\/mahutavus\/","title":{"rendered":"Mahutavus"},"content":{"rendered":"<h1 style=\"text-align: center;\"><span style=\"color: #008000;\"><strong>Mahutavus<\/strong><\/span><\/h1>\n<p><span style=\"color: #ff0000;\"><strong><b>Mahutavus <\/b><\/strong><\/span><span style=\"color: #000000;\">onf\u00fc\u00fcsikaline suurus, mille abil v\u00e4ljendatakse keha mahtu v\u00f5i aine mahulist kogust (energiamahutavus, soojusmahutavus, veemahutavus).<strong><br \/>\n<\/strong>&nbsp;&#8211; Paak mahutavusega 800 liitrit. <br \/>\n&nbsp;&#8211; Suure mahutavusega laod,&nbsp; hoidlad.<br \/>\n&nbsp;&#8211; Linnaliinidele on vaja suurema mahutavusega busse. <br \/>\n&nbsp;&#8211; Laeva mahutavust m\u00f5\u00f5detakse registertonnides.<strong><\/p>\n<p>Matemaatikas on mahutavus sama, mis ruumala.&nbsp;&nbsp;<br \/>\n<\/strong>Ruumala ehk mahutavus n\u00e4itab, kui palju anumasse midagi mahub.&nbsp;<br \/>\nMahutavus viitab mahuti mahutava vedeliku kogusele, v\u00e4ljendatuna \u00fchikutes nagu liitrid (L), milliliitrid (ml) jne. <br \/>\n<\/span>&nbsp;<img loading=\"lazy\" decoding=\"async\" class=\"wp-image-2944 alignleft\" src=\"https:\/\/domath.surju.ee\/wp-content\/uploads\/2024\/07\/cup-1300566_640-300x296.png\" alt=\"\" width=\"176\" height=\"174\" srcset=\"https:\/\/domath.surju.ee\/wp-content\/uploads\/2024\/07\/cup-1300566_640-300x296.png 300w, https:\/\/domath.surju.ee\/wp-content\/uploads\/2024\/07\/cup-1300566_640-24x24.png 24w, https:\/\/domath.surju.ee\/wp-content\/uploads\/2024\/07\/cup-1300566_640-36x36.png 36w, https:\/\/domath.surju.ee\/wp-content\/uploads\/2024\/07\/cup-1300566_640-48x48.png 48w, https:\/\/domath.surju.ee\/wp-content\/uploads\/2024\/07\/cup-1300566_640.png 640w\" sizes=\"auto, (max-width: 176px) 100vw, 176px\" \/> <strong>&nbsp; &nbsp; &nbsp; &nbsp; &nbsp; &nbsp; &nbsp; &nbsp; &nbsp;<\/strong> <strong>&nbsp; &nbsp; &nbsp; &nbsp; &nbsp; &nbsp; &nbsp; &nbsp; &nbsp; &nbsp;1 ml&nbsp; = 1 cm<sup>3&nbsp; &nbsp; &nbsp; &nbsp; &nbsp; &nbsp; &nbsp;<\/sup><\/strong><strong>1 L = 1 dm<sup>3<\/sup><\/strong><\/p>\n<table style=\"border-collapse: collapse; width: 95.2381%; height: 300px;\">\n<tbody>\n<tr>\n<td style=\"width: 50%; text-align: center;\"><span style=\"color: #99ccff;\"><span style=\"background-color: #333399;\"><b>L\u00fchendid<br \/>\n<\/b><\/span><\/span>milliliiter- ml;&nbsp; <br \/>\nliiter- l <br \/>\nkiloliiter- kl;&nbsp; megaliiter- Ml; gigaliiter-GL<\/td>\n<td style=\"width: 50%; height: 148px;\">\n<p style=\"text-align: center;\"><span style=\"color: #99ccff;\"><span style=\"background-color: #333399;\"><b>Mahutavus, vedeliku kogus<\/b><\/span><\/span><\/p>\n<p class=\"NotesBodyText\" style=\"text-align: center;\">10 milliliitrit = 1 sentiliiter <br \/>\n10 sentiliitrit= 1 detsiliiter <br \/>\n10 detsiliitrit = 1 liiter<br \/>\n1000 liitrit = 1 kiloliiter <br \/>\n1 000 000 liitrit = 1 megaliiter<br \/>\n1 000 000 000 liitrit = 1 gigaliiter<\/p>\n<p class=\"NotesBodyText\" style=\"text-align: center;\">1 liiter = 1000 milliliitrit <br \/>\n500 milliliitrit = 0,5 liiter<\/p>\n<\/td>\n<\/tr>\n<\/tbody>\n<\/table>\n","protected":false},"excerpt":{"rendered":"<p>Mahutavus Mahutavus onf\u00fc\u00fcsikaline suurus, mille abil v\u00e4ljendatakse keha mahtu v\u00f5i aine mahulist kogust (energiamahutavus, soojusmahutavus, veemahutavus). &nbsp;&#8211; Paak mahutavusega 800 liitrit. &nbsp;&#8211; Suure mahutavusega laod,&nbsp; hoidlad. &nbsp;&#8211; Linnaliinidele on vaja suurema mahutavusega busse. &nbsp;&#8211; Laeva mahutavust m\u00f5\u00f5detakse registertonnides. Matemaatikas on mahutavus sama, mis ruumala.&nbsp;&nbsp; Ruumala ehk mahutavus n\u00e4itab, kui palju anumasse midagi mahub.&nbsp; Mahutavus viitab [&#8230;]<\/p>\n<p><a class=\"btn btn-secondary understrap-read-more-link\" href=\"https:\/\/domath.surju.ee\/et\/mahutavus\/\">Read More&#8230;<span class=\"screen-reader-text\"> from Mahutavus<\/span><\/a><\/p>\n","protected":false},"author":12,"featured_media":0,"parent":0,"menu_order":0,"comment_status":"closed","ping_status":"closed","template":"","meta":{"_eb_attr":"","_uag_custom_page_level_css":"","footnotes":""},"categories":[],"tags":[66,113,154,136],"class_list":["post-1316","page","type-page","status-publish","hentry","tag-english-c","tag-estonian-m","tag-greek-chi","tag-spanish-c"],"uagb_featured_image_src":{"full":false,"thumbnail":false,"medium":false,"medium_large":false,"large":false,"1536x1536":false,"2048x2048":false,"menu-24x24":false,"menu-36x36":false,"menu-48x48":false},"uagb_author_info":{"display_name":"Ave Kartau","author_link":"https:\/\/domath.surju.ee\/et\/author\/ave\/"},"uagb_comment_info":0,"uagb_excerpt":"Mahutavus Mahutavus onf\u00fc\u00fcsikaline suurus, mille abil v\u00e4ljendatakse keha mahtu v\u00f5i aine mahulist kogust (energiamahutavus, soojusmahutavus, veemahutavus). &nbsp;&#8211; Paak mahutavusega 800 liitrit. &nbsp;&#8211; Suure mahutavusega laod,&nbsp; hoidlad. &nbsp;&#8211; Linnaliinidele on vaja suurema mahutavusega busse. &nbsp;&#8211; Laeva mahutavust m\u00f5\u00f5detakse registertonnides. Matemaatikas on mahutavus sama, mis ruumala.&nbsp;&nbsp; Ruumala ehk mahutavus n\u00e4itab, kui palju anumasse midagi mahub.&nbsp; Mahutavus viitab&hellip;","_links":{"self":[{"href":"https:\/\/domath.surju.ee\/et\/wp-json\/wp\/v2\/pages\/1316","targetHints":{"allow":["GET"]}}],"collection":[{"href":"https:\/\/domath.surju.ee\/et\/wp-json\/wp\/v2\/pages"}],"about":[{"href":"https:\/\/domath.surju.ee\/et\/wp-json\/wp\/v2\/types\/page"}],"author":[{"embeddable":true,"href":"https:\/\/domath.surju.ee\/et\/wp-json\/wp\/v2\/users\/12"}],"replies":[{"embeddable":true,"href":"https:\/\/domath.surju.ee\/et\/wp-json\/wp\/v2\/comments?post=1316"}],"version-history":[{"count":13,"href":"https:\/\/domath.surju.ee\/et\/wp-json\/wp\/v2\/pages\/1316\/revisions"}],"predecessor-version":[{"id":2961,"href":"https:\/\/domath.surju.ee\/et\/wp-json\/wp\/v2\/pages\/1316\/revisions\/2961"}],"wp:attachment":[{"href":"https:\/\/domath.surju.ee\/et\/wp-json\/wp\/v2\/media?parent=1316"}],"wp:term":[{"taxonomy":"category","embeddable":true,"href":"https:\/\/domath.surju.ee\/et\/wp-json\/wp\/v2\/categories?post=1316"},{"taxonomy":"post_tag","embeddable":true,"href":"https:\/\/domath.surju.ee\/et\/wp-json\/wp\/v2\/tags?post=1316"}],"curies":[{"name":"wp","href":"https:\/\/api.w.org\/{rel}","templated":true}]}}