{"id":1300,"date":"2024-03-03T19:04:20","date_gmt":"2024-03-03T19:04:20","guid":{"rendered":"https:\/\/domath.surju.ee\/?page_id=1300"},"modified":"2024-11-21T16:17:10","modified_gmt":"2024-11-21T16:17:10","slug":"balance-2","status":"publish","type":"page","link":"https:\/\/domath.surju.ee\/et\/kalender\/","title":{"rendered":"Kalender"},"content":{"rendered":"<h1 style=\"text-align: center;\"><span style=\"color: #008000;\">Kalender<\/span><\/h1>\r\n<h1 style=\"text-align: center;\">&nbsp;<\/h1>\r\n<h3 style=\"text-align: center;\"><span style=\"background-color: #000080; color: #ccffff;\">12 kuud = 1 aasta<\/span><\/h3>\r\n\r\n<p><strong>Kalender <\/strong> on kindel ajaarvamiss\u00fcsteem. Kalender on n\u00e4iteks tr\u00fckis, mis n\u00e4itab p\u00e4evi, n\u00e4dalaid ja kuid. <br \/>\r\nKalendrisse on m\u00e4rgitud ka t\u00e4htp\u00e4evad ning p\u00fchad, P\u00e4ikese ja Kuu t\u00f5usu ning loojangu ajad ja Kuu faasid.<br \/>\r\n<br \/>\r\n<strong>Kuud on:&nbsp;<\/strong><\/p>\r\n\r\n\r\n<p><span style=\"color: #000080;\"><strong>jaanuar<br \/>\r\n<\/strong><\/span><span style=\"color: #000080;\"><strong>veebruar<br \/>\r\n<\/strong><\/span><span style=\"color: #000080;\"><strong>m\u00e4rts<br \/>\r\n<\/strong><\/span><span style=\"color: #000080;\"><strong>aprill<br \/>\r\n<\/strong><\/span><span style=\"color: #000080;\"><strong>mai<br \/>\r\n<\/strong><\/span><span style=\"color: #000080;\"><strong>juuni<br \/>\r\n<\/strong><\/span><span style=\"color: #000080;\"><strong>juuli<br \/>\r\n<\/strong><\/span><span style=\"color: #000080;\"><strong>august<br \/>\r\n<\/strong><\/span><span style=\"color: #000080;\"><strong>september<br \/>\r\n<\/strong><\/span><span style=\"color: #000080;\"><strong>oktoober<br \/>\r\n<\/strong><\/span><span style=\"color: #000080;\"><strong>november<br \/>\r\n<\/strong><\/span><span style=\"color: #000080;\"><strong>detsember<\/strong><\/span><\/p>\r\n\r\n\r\n<p><a href=\"https:\/\/www.timeanddate.com\/calendar\">https:\/\/www.timeanddate.com\/calendar<\/a><\/p>\r\n\r\n \r\n<style>\r\n  .calendar {\r\n    font-family: Arial, sans-serif;\r\n    max-width: 900px;\r\n    margin: 0 auto;\r\n    text-align: center;\r\n  }\r\n  .row {\r\n    display: flex;\r\n    justify-content: space-between;\r\n    margin-bottom: 20px;\r\n  }\r\n  .column {\r\n    flex: 1;\r\n    border: 1px solid #000;\r\n    box-sizing: border-box;\r\n  }\r\n  table {\r\n    width: 100%;\r\n    border-collapse: collapse;\r\n  }\r\n  table th {\r\n    padding: 10px 0;\r\n    border: 1px solid #000;\r\n    font-weight: normal;\r\n    color: #000;\r\n  }\r\n  table td {\r\n    padding: 10px 0;\r\n    border: 1px solid #000;\r\n    color: #000;\r\n  }\r\n  .month-name {\r\n    font-weight: bold;\r\n    color: green; \/* Kuude v\u00e4rv *\/\r\n  }\r\n  .day-name {\r\n    font-weight: bold;\r\n    color: blue; \/* N\u00e4dalap\u00e4evade v\u00e4rv *\/\r\n  }<span data-mce-type=\"bookmark\" style=\"display: inline-block; width: 0px; overflow: hidden; line-height: 0;\" class=\"mce_SELRES_start\">\ufeff<\/span>\r\n<\/style>\r\n<div class=\"calendar\">\r\n<h2 id=\"calendar-title\">Kalender<\/h2>\r\n<label for=\"language\">Keel:&nbsp;<\/label><select id=\"language\" onchange=\"generateCalendar()\">\r\n<option value=\"et\">Eesti<\/option>\r\n<option value=\"en\">English<\/option>\r\n<option value=\"es\">Espa\u00f1ol<\/option>\r\n<option value=\"el\">\u0395\u03bb\u03bb\u03b7\u03bd\u03b9\u03ba\u03ac<\/option>\r\n<\/select><br \/>\r\n<br \/>\r\n<label for=\"year\">Aasta:&nbsp;<\/label><select id=\"year\" onchange=\"generateCalendar()\">\r\n<option value=\"2022\">2022<\/option>\r\n<option value=\"2023\">2023<\/option>\r\n<option value=\"2024\">2024<\/option>\r\n<option value=\"2025\">2025<\/option>\r\n<option value=\"2026\">2026<\/option>\r\n<option value=\"2027\">2027<\/option>\r\n<option value=\"2028\">2028<\/option>\r\n<option value=\"2029\">2029<\/option>\r\n<option value=\"2030\">2030<\/option>\r\n<option value=\"2031\">2031<\/option>\r\n<\/select><br \/>\r\n<br \/>\r\n<div class=\"calendar-container\">&nbsp;<\/div>\r\n<\/div>\r\n<script>\r\nfunction generateCalendar() {\r\n  var year = document.getElementById(\"year\").value;\r\n  var lang = document.getElementById(\"language\").value;\r\n  var calendarContainer = document.querySelector(\".calendar-container\");\r\n  calendarContainer.innerHTML = \"\"; \/\/ T\u00fchjendame kalendri sisu enne uue genereerimist\r\n  \r\n  \/\/ Kuud ja n\u00e4dalap\u00e4evad vastavalt valitud keelele\r\n  var months = {\r\n    \"et\": [\"Jaanuar\", \"Veebruar\", \"M\u00e4rts\", \"Aprill\", \"Mai\", \"Juuni\", \"Juuli\", \"August\", \"September\", \"Oktoober\", \"November\", \"Detsember\"],\r\n    \"en\": [\"January\", \"February\", \"March\", \"April\", \"May\", \"June\", \"July\", \"August\", \"September\", \"October\", \"November\", \"December\"],\r\n    \"es\": [\"Enero\", \"Febrero\", \"Marzo\", \"Abril\", \"Mayo\", \"Junio\", \"Julio\", \"Agosto\", \"Septiembre\", \"Octubre\", \"Noviembre\", \"Diciembre\"],\r\n    \"el\": [\"\u0399\u03b1\u03bd\u03bf\u03c5\u03ac\u03c1\u03b9\u03bf\u03c2\", \"\u03a6\u03b5\u03b2\u03c1\u03bf\u03c5\u03ac\u03c1\u03b9\u03bf\u03c2\", \"\u039c\u03ac\u03c1\u03c4\u03b9\u03bf\u03c2\", \"\u0391\u03c0\u03c1\u03af\u03bb\u03b9\u03bf\u03c2\", \"\u039c\u03ac\u03b9\u03bf\u03c2\", \"\u0399\u03bf\u03cd\u03bd\u03b9\u03bf\u03c2\", \"\u0399\u03bf\u03cd\u03bb\u03b9\u03bf\u03c2\", \"\u0391\u03cd\u03b3\u03bf\u03c5\u03c3\u03c4\u03bf\u03c2\", \"\u03a3\u03b5\u03c0\u03c4\u03ad\u03bc\u03b2\u03c1\u03b9\u03bf\u03c2\", \"\u039f\u03ba\u03c4\u03ce\u03b2\u03c1\u03b9\u03bf\u03c2\", \"\u039d\u03bf\u03ad\u03bc\u03b2\u03c1\u03b9\u03bf\u03c2\", \"\u0394\u03b5\u03ba\u03ad\u03bc\u03b2\u03c1\u03b9\u03bf\u03c2\"]\r\n  };\r\n  var dayNames = {\r\n    \"et\": [\"E\", \"T\", \"K\", \"N\", \"R\", \"L\", \"P\"],\r\n    \"en\": [\"Mon\", \"Tue\", \"Wed\", \"Thu\", \"Fri\", \"Sat\", \"Sun\"],\r\n    \"es\": [\"Lun\", \"Mar\", \"Mi\u00e9\", \"Jue\", \"Vie\", \"S\u00e1b\", \"Dom\"],\r\n    \"el\": [\"\u0394\u03b5\u03c5\", \"\u03a4\u03c1\u03af\", \"\u03a4\u03b5\u03c4\", \"\u03a0\u03ad\u03bc\", \"\u03a0\u03b1\u03c1\", \"\u03a3\u03ac\u03b2\", \"\u039a\u03c5\u03c1\"]\r\n  };\r\n  \r\n  \/\/ Iga kuu jaoks\r\n  for (var i = 0; i < 12; i += 3) {\r\n    var rowDiv = document.createElement(\"div\");\r\n    rowDiv.classList.add(\"row\");\r\n    for (var j = 0; j < 3; j++) {\r\n      var monthDiv = document.createElement(\"div\");\r\n      monthDiv.classList.add(\"column\");\r\n      \r\n      var monthHeader = document.createElement(\"h3\");\r\n      monthHeader.classList.add(\"month-name\");\r\n      monthHeader.textContent = months[lang][i + j] + \" \" + year;\r\n      monthDiv.appendChild(monthHeader);\r\n      \r\n      var monthTable = document.createElement(\"table\");\r\n      \r\n      \/\/ Kuup\u00e4eva pealkirjad\r\n      var dayNamesRow = document.createElement(\"tr\");\r\n      dayNames[lang].forEach(function(weekday) {\r\n        var dayNameCell = document.createElement(\"th\");\r\n        dayNameCell.textContent = weekday;\r\n        dayNameCell.classList.add(\"day-name\");\r\n        dayNamesRow.appendChild(dayNameCell);\r\n      });\r\n      monthTable.appendChild(dayNamesRow);\r\n      \r\n      \/\/ Leiame esimese kuup\u00e4eva n\u00e4dalap\u00e4eva\r\n      var firstDayOfWeek = new Date(year, i + j, 1).getDay(); \/\/ 0 (P) kuni 6 (L)\r\n      if (firstDayOfWeek === 0) firstDayOfWeek = 7; \/\/ Muudame p\u00fchap\u00e4eva (0) esmasp\u00e4evaks (7)\r\n      \r\n      \/\/ Loome esimese rea t\u00fchikute lisamiseks enne esimest kuup\u00e4eva\r\n      var firstRow = document.createElement(\"tr\");\r\n      for (var k = 1; k < firstDayOfWeek; k++) {\r\n        var emptyCell = document.createElement(\"td\");\r\n        firstRow.appendChild(emptyCell);\r\n      }\r\n      \r\n      \/\/ Kuu p\u00e4evade lisamine tabelisse\r\n      var daysInMonth = new Date(year, i + j + 1, 0).getDate(); \/\/ Saame kuu p\u00e4evade arvu\r\n      var dayCounter = 1;\r\n      for (var k = firstDayOfWeek; k <= 7; k++) {\r\n        var tableData = document.createElement(\"td\");\r\n        tableData.textContent = dayCounter;\r\n        firstRow.appendChild(tableData);\r\n        dayCounter++;\r\n      }\r\n      monthTable.appendChild(firstRow);\r\n      \r\n      \/\/ \u00dclej\u00e4\u00e4nud p\u00e4evade lisamine tabelisse\r\n      for (var k = 0; k < 5; k++) {\r\n        var tableRow = document.createElement(\"tr\");\r\n        for (var l = 0; l < 7; l++) {\r\n          if (dayCounter <= daysInMonth) {\r\n            var tableData = document.createElement(\"td\");\r\n            tableData.textContent = dayCounter;\r\n            tableRow.appendChild(tableData);\r\n            dayCounter++;\r\n          } else {\r\n            var emptyCell = document.createElement(\"td\");\r\n            tableRow.appendChild(emptyCell);\r\n          }\r\n        }\r\n        monthTable.appendChild(tableRow);\r\n      }\r\n      \r\n      monthDiv.appendChild(monthTable);\r\n      rowDiv.appendChild(monthDiv);\r\n    }\r\n    calendarContainer.appendChild(rowDiv);\r\n  }\r\n}\r\n\r\n\/\/ Genereerime kalendri esmakordsel laadimisel\r\nwindow.onload = generateCalendar;\r\n<\/script>","protected":false},"excerpt":{"rendered":"<p>Kalender &nbsp; 12 kuud = 1 aasta Kalender on kindel ajaarvamiss\u00fcsteem. Kalender on n\u00e4iteks tr\u00fckis, mis n\u00e4itab p\u00e4evi, n\u00e4dalaid ja kuid. Kalendrisse on m\u00e4rgitud ka t\u00e4htp\u00e4evad ning p\u00fchad, P\u00e4ikese ja Kuu t\u00f5usu ning loojangu ajad ja Kuu faasid. Kuud on:&nbsp; jaanuar veebruar m\u00e4rts aprill mai juuni juuli august september oktoober november detsember https:\/\/www.timeanddate.com\/calendar Kalender Keel:&nbsp;EestiEnglishEspa\u00f1ol\u0395\u03bb\u03bb\u03b7\u03bd\u03b9\u03ba\u03ac [&#8230;]<\/p>\n<p><a class=\"btn btn-secondary understrap-read-more-link\" href=\"https:\/\/domath.surju.ee\/et\/kalender\/\">Read More&#8230;<span class=\"screen-reader-text\"> from Kalender<\/span><\/a><\/p>\n","protected":false},"author":12,"featured_media":0,"parent":0,"menu_order":0,"comment_status":"closed","ping_status":"closed","template":"","meta":{"_eb_attr":"","_uag_custom_page_level_css":"","footnotes":""},"categories":[],"tags":[66,76,141,136],"class_list":["post-1300","page","type-page","status-publish","hentry","tag-english-c","tag-estonian-k","tag-greek-eta","tag-spanish-c"],"uagb_featured_image_src":{"full":false,"thumbnail":false,"medium":false,"medium_large":false,"large":false,"1536x1536":false,"2048x2048":false,"menu-24x24":false,"menu-36x36":false,"menu-48x48":false},"uagb_author_info":{"display_name":"Ave Kartau","author_link":"https:\/\/domath.surju.ee\/et\/author\/ave\/"},"uagb_comment_info":0,"uagb_excerpt":"Kalender &nbsp; 12 kuud = 1 aasta Kalender on kindel ajaarvamiss\u00fcsteem. Kalender on n\u00e4iteks tr\u00fckis, mis n\u00e4itab p\u00e4evi, n\u00e4dalaid ja kuid. Kalendrisse on m\u00e4rgitud ka t\u00e4htp\u00e4evad ning p\u00fchad, P\u00e4ikese ja Kuu t\u00f5usu ning loojangu ajad ja Kuu faasid. Kuud on:&nbsp; jaanuar veebruar m\u00e4rts aprill mai juuni juuli august september oktoober november detsember https:\/\/www.timeanddate.com\/calendar Kalender Keel:&nbsp;EestiEnglishEspa\u00f1ol\u0395\u03bb\u03bb\u03b7\u03bd\u03b9\u03ba\u03ac&hellip;","_links":{"self":[{"href":"https:\/\/domath.surju.ee\/et\/wp-json\/wp\/v2\/pages\/1300","targetHints":{"allow":["GET"]}}],"collection":[{"href":"https:\/\/domath.surju.ee\/et\/wp-json\/wp\/v2\/pages"}],"about":[{"href":"https:\/\/domath.surju.ee\/et\/wp-json\/wp\/v2\/types\/page"}],"author":[{"embeddable":true,"href":"https:\/\/domath.surju.ee\/et\/wp-json\/wp\/v2\/users\/12"}],"replies":[{"embeddable":true,"href":"https:\/\/domath.surju.ee\/et\/wp-json\/wp\/v2\/comments?post=1300"}],"version-history":[{"count":18,"href":"https:\/\/domath.surju.ee\/et\/wp-json\/wp\/v2\/pages\/1300\/revisions"}],"predecessor-version":[{"id":4666,"href":"https:\/\/domath.surju.ee\/et\/wp-json\/wp\/v2\/pages\/1300\/revisions\/4666"}],"wp:attachment":[{"href":"https:\/\/domath.surju.ee\/et\/wp-json\/wp\/v2\/media?parent=1300"}],"wp:term":[{"taxonomy":"category","embeddable":true,"href":"https:\/\/domath.surju.ee\/et\/wp-json\/wp\/v2\/categories?post=1300"},{"taxonomy":"post_tag","embeddable":true,"href":"https:\/\/domath.surju.ee\/et\/wp-json\/wp\/v2\/tags?post=1300"}],"curies":[{"name":"wp","href":"https:\/\/api.w.org\/{rel}","templated":true}]}}