{"id":1293,"date":"2024-03-03T18:54:45","date_gmt":"2024-03-03T18:54:45","guid":{"rendered":"https:\/\/domath.surju.ee\/?page_id=1293"},"modified":"2024-12-08T05:03:47","modified_gmt":"2024-12-08T05:03:47","slug":"balance","status":"publish","type":"page","link":"https:\/\/domath.surju.ee\/et\/tasakaal\/","title":{"rendered":"Tasakaal"},"content":{"rendered":"<h1 style=\"text-align: center;\"><span style=\"color: #008000;\">Tasakaal<\/span><\/h1>\r\n<p>1. M\u00f5lemal poolel on sama mass ehk raskus.<br \/>\r\n2. Kangkaal (kaal, mis on v\u00f5rdsete \u00f5lgadega ja mille \u00f5lgade suhe on muutuv).<br \/>\r\n<br \/>\r\nKasuta grammiseid kaaluvihte, et m\u00e4\u00e4rata objektide massi.<\/p>\r\n<p>&nbsp;<\/p>\r\n\r\n<p><a href=\"https:\/\/www.roomrecess.com\/Tools\/PanBalance\/play.html\">https:\/\/www.roomrecess.com\/Tools\/PanBalance\/play.html<\/a><\/p>\r\n\r\n<p><img loading=\"lazy\" decoding=\"async\" class=\"alignnone size-medium wp-image-1295\" src=\"https:\/\/domath.surju.ee\/wp-content\/uploads\/2024\/03\/pilt-300x128.png\" alt=\"\" width=\"300\" height=\"128\" srcset=\"https:\/\/domath.surju.ee\/wp-content\/uploads\/2024\/03\/pilt-300x128.png 300w, https:\/\/domath.surju.ee\/wp-content\/uploads\/2024\/03\/pilt-768x327.png 768w, https:\/\/domath.surju.ee\/wp-content\/uploads\/2024\/03\/pilt-24x10.png 24w, https:\/\/domath.surju.ee\/wp-content\/uploads\/2024\/03\/pilt-36x15.png 36w, https:\/\/domath.surju.ee\/wp-content\/uploads\/2024\/03\/pilt-48x20.png 48w, https:\/\/domath.surju.ee\/wp-content\/uploads\/2024\/03\/pilt.png 919w\" sizes=\"auto, (max-width: 300px) 100vw, 300px\" \/><\/p>\r\n<p><img loading=\"lazy\" decoding=\"async\" class=\"size-medium wp-image-1296 alignleft\" src=\"https:\/\/domath.surju.ee\/wp-content\/uploads\/2024\/03\/Kuvatommis-2024-03-03-205022-300x156.png\" alt=\"\" width=\"300\" height=\"156\" srcset=\"https:\/\/domath.surju.ee\/wp-content\/uploads\/2024\/03\/Kuvatommis-2024-03-03-205022-300x156.png 300w, https:\/\/domath.surju.ee\/wp-content\/uploads\/2024\/03\/Kuvatommis-2024-03-03-205022-768x400.png 768w, https:\/\/domath.surju.ee\/wp-content\/uploads\/2024\/03\/Kuvatommis-2024-03-03-205022-24x12.png 24w, https:\/\/domath.surju.ee\/wp-content\/uploads\/2024\/03\/Kuvatommis-2024-03-03-205022-36x19.png 36w, https:\/\/domath.surju.ee\/wp-content\/uploads\/2024\/03\/Kuvatommis-2024-03-03-205022-48x25.png 48w, https:\/\/domath.surju.ee\/wp-content\/uploads\/2024\/03\/Kuvatommis-2024-03-03-205022.png 790w\" sizes=\"auto, (max-width: 300px) 100vw, 300px\" \/><\/p>\r\n<p><img loading=\"lazy\" decoding=\"async\" class=\"size-medium wp-image-1297 alignleft\" src=\"https:\/\/domath.surju.ee\/wp-content\/uploads\/2024\/03\/Kuvatommis-2024-03-03-205000-300x149.png\" alt=\"\" width=\"300\" height=\"149\" srcset=\"https:\/\/domath.surju.ee\/wp-content\/uploads\/2024\/03\/Kuvatommis-2024-03-03-205000-300x149.png 300w, https:\/\/domath.surju.ee\/wp-content\/uploads\/2024\/03\/Kuvatommis-2024-03-03-205000-768x380.png 768w, https:\/\/domath.surju.ee\/wp-content\/uploads\/2024\/03\/Kuvatommis-2024-03-03-205000-24x12.png 24w, https:\/\/domath.surju.ee\/wp-content\/uploads\/2024\/03\/Kuvatommis-2024-03-03-205000-36x18.png 36w, https:\/\/domath.surju.ee\/wp-content\/uploads\/2024\/03\/Kuvatommis-2024-03-03-205000-48x24.png 48w, https:\/\/domath.surju.ee\/wp-content\/uploads\/2024\/03\/Kuvatommis-2024-03-03-205000.png 862w\" sizes=\"auto, (max-width: 300px) 100vw, 300px\" \/>&nbsp;<\/p>\r\n<p>&nbsp;<\/p>\r\n<p>&nbsp;<\/p>\r\n<p>&nbsp;<\/p>\r\n<p>&nbsp;<\/p>\r\n<p><span style=\"color: #000080;\"><strong>Play the game<\/strong><\/span><\/p>\r\n<p><a href=\"https:\/\/www.roomrecess.com\/Tools\/PanBalance\/play.html\"><img loading=\"lazy\" decoding=\"async\" class=\"wp-image-1311 size-medium alignnone\" src=\"https:\/\/domath.surju.ee\/wp-content\/uploads\/2024\/03\/mang-300x186.png\" alt=\"\" width=\"300\" height=\"186\" srcset=\"https:\/\/domath.surju.ee\/wp-content\/uploads\/2024\/03\/mang-300x186.png 300w, https:\/\/domath.surju.ee\/wp-content\/uploads\/2024\/03\/mang-1024x634.png 1024w, https:\/\/domath.surju.ee\/wp-content\/uploads\/2024\/03\/mang-768x475.png 768w, https:\/\/domath.surju.ee\/wp-content\/uploads\/2024\/03\/mang-24x15.png 24w, https:\/\/domath.surju.ee\/wp-content\/uploads\/2024\/03\/mang-36x22.png 36w, https:\/\/domath.surju.ee\/wp-content\/uploads\/2024\/03\/mang-48x30.png 48w, https:\/\/domath.surju.ee\/wp-content\/uploads\/2024\/03\/mang.png 1402w\" sizes=\"auto, (max-width: 300px) 100vw, 300px\" \/><\/a><\/p>\r\n <iframe loading=\"lazy\" src=\"https:\/\/www.roomrecess.com\/Tools\/PanBalance\/play.html\" width=\"600\" height=\"1200\"><\/iframe> \r\n<p><a href=\"https:\/\/www.roomrecess.com\/Tools\/PanBalance\/play.html\">https:\/\/www.roomrecess.com\/Tools\/PanBalance\/play.html<\/a><\/p>\r\n <iframe loading=\"lazy\" src=\"https:\/\/toytheater.com\/scale\/\" width=\"600\" height=\"1200\"><\/iframe> \r\n<p><a href=\"https:\/\/toytheater.com\/scale\/\">https:\/\/toytheater.com\/scale\/<\/a><\/p>","protected":false},"excerpt":{"rendered":"<p>Tasakaal 1. M\u00f5lemal poolel on sama mass ehk raskus. 2. Kangkaal (kaal, mis on v\u00f5rdsete \u00f5lgadega ja mille \u00f5lgade suhe on muutuv). Kasuta grammiseid kaaluvihte, et m\u00e4\u00e4rata objektide massi. &nbsp; https:\/\/www.roomrecess.com\/Tools\/PanBalance\/play.html &nbsp; &nbsp; &nbsp; &nbsp; &nbsp; Play the game https:\/\/www.roomrecess.com\/Tools\/PanBalance\/play.html https:\/\/toytheater.com\/scale\/ [&#8230;]<\/p>\n<p><a class=\"btn btn-secondary understrap-read-more-link\" href=\"https:\/\/domath.surju.ee\/et\/tasakaal\/\">Read More&#8230;<span class=\"screen-reader-text\"> from Tasakaal<\/span><\/a><\/p>\n","protected":false},"author":2,"featured_media":0,"parent":0,"menu_order":0,"comment_status":"closed","ping_status":"closed","template":"","meta":{"_eb_attr":"","_uag_custom_page_level_css":"","footnotes":"[]"},"categories":[],"tags":[65,40,143,156],"class_list":["post-1293","page","type-page","status-publish","hentry","tag-english-b","tag-estonian-t","tag-greek-iota","tag-spanish-b"],"uagb_featured_image_src":{"full":false,"thumbnail":false,"medium":false,"medium_large":false,"large":false,"1536x1536":false,"2048x2048":false,"menu-24x24":false,"menu-36x36":false,"menu-48x48":false},"uagb_author_info":{"display_name":"Signe Reidla","author_link":"https:\/\/domath.surju.ee\/et\/author\/signe\/"},"uagb_comment_info":0,"uagb_excerpt":"Tasakaal 1. M\u00f5lemal poolel on sama mass ehk raskus. 2. Kangkaal (kaal, mis on v\u00f5rdsete \u00f5lgadega ja mille \u00f5lgade suhe on muutuv). Kasuta grammiseid kaaluvihte, et m\u00e4\u00e4rata objektide massi. &nbsp; https:\/\/www.roomrecess.com\/Tools\/PanBalance\/play.html &nbsp; &nbsp; &nbsp; &nbsp; &nbsp; Play the game https:\/\/www.roomrecess.com\/Tools\/PanBalance\/play.html https:\/\/toytheater.com\/scale\/ [...]Read More... from Tasakaal","_links":{"self":[{"href":"https:\/\/domath.surju.ee\/et\/wp-json\/wp\/v2\/pages\/1293","targetHints":{"allow":["GET"]}}],"collection":[{"href":"https:\/\/domath.surju.ee\/et\/wp-json\/wp\/v2\/pages"}],"about":[{"href":"https:\/\/domath.surju.ee\/et\/wp-json\/wp\/v2\/types\/page"}],"author":[{"embeddable":true,"href":"https:\/\/domath.surju.ee\/et\/wp-json\/wp\/v2\/users\/2"}],"replies":[{"embeddable":true,"href":"https:\/\/domath.surju.ee\/et\/wp-json\/wp\/v2\/comments?post=1293"}],"version-history":[{"count":11,"href":"https:\/\/domath.surju.ee\/et\/wp-json\/wp\/v2\/pages\/1293\/revisions"}],"predecessor-version":[{"id":4954,"href":"https:\/\/domath.surju.ee\/et\/wp-json\/wp\/v2\/pages\/1293\/revisions\/4954"}],"wp:attachment":[{"href":"https:\/\/domath.surju.ee\/et\/wp-json\/wp\/v2\/media?parent=1293"}],"wp:term":[{"taxonomy":"category","embeddable":true,"href":"https:\/\/domath.surju.ee\/et\/wp-json\/wp\/v2\/categories?post=1293"},{"taxonomy":"post_tag","embeddable":true,"href":"https:\/\/domath.surju.ee\/et\/wp-json\/wp\/v2\/tags?post=1293"}],"curies":[{"name":"wp","href":"https:\/\/api.w.org\/{rel}","templated":true}]}}