{"id":1277,"date":"2024-03-03T13:29:12","date_gmt":"2024-03-03T13:29:12","guid":{"rendered":"https:\/\/domath.surju.ee\/?page_id=1277"},"modified":"2024-12-04T17:42:46","modified_gmt":"2024-12-04T17:42:46","slug":"axis-axes","status":"publish","type":"page","link":"https:\/\/domath.surju.ee\/et\/telg-teljed\/","title":{"rendered":"Telg, teljed"},"content":{"rendered":"\r\n<p>&nbsp;<\/p>\r\n\r\n<h1 style=\"text-align: center;\"><span style=\"color: #008000;\">Telg, teljed&nbsp;<\/span><\/h1>\r\n<h3 style=\"text-align: center;\"><span style=\"background-color: #000080; color: #ccffff;\">Graafikud ja koordinaatteljestikud<\/span><\/h3>\r\n<p><br \/>\r\nGraafikutel ja koordinaatteljestikel on <span style=\"color: #ff0000;\"><strong>horisontaalne<\/strong> <\/span>telg ja <strong><span style=\"color: #ff0000;\">vertikaalne<\/span> <\/strong>telg.&nbsp;<br \/>\r\n<br \/>\r\nvertical axis &#8211; vertikaaltelg<br \/>\r\nHorisontal axis &#8211; horisontaaltelg<\/p>\r\n <iframe loading=\"lazy\" style=\"border: 0px;\" title=\"Teljed2\" src=\"https:\/\/www.geogebra.org\/material\/iframe\/id\/jbfnx7md\/width\/1280\/height\/585\/border\/888888\/sfsb\/true\/smb\/false\/stb\/false\/stbh\/false\/ai\/false\/asb\/false\/sri\/false\/rc\/false\/ld\/false\/sdz\/false\/ctl\/false\" width=\"700px\" height=\"400px\" scrolling=\"no\"> <\/iframe> \r\n<h3>&nbsp;<\/h3>\r\n<h3 style=\"text-align: center;\"><span style=\"background-color: #000080; color: #ccffff;\">S\u00fcmmeetriatelg<\/span><\/h3>\r\n<p><span style=\"color: #339966;\"><strong><br \/>\r\nS\u00fcmmeetria <\/strong><span style=\"color: #000000;\">lihtsaim liik on peegeldus sirgest.<\/span><strong><br \/>\r\nS\u00fcmmeetriatelg <\/strong><span style=\"color: #000000;\">on sirge, mille suhtes&nbsp; kujundi m\u00f5lemad pooled on&nbsp; peegelpildis.<\/span><br \/>\r\n<strong><br \/>\r\nS\u00fcmmeetriatelg<\/strong> <\/span>poolitab s\u00fcmmeetrilisi objekte kaheks identseks ehk \u00fchesuguseks pooleks.&nbsp;<br \/>\r\n<br \/>\r\nKujundid, mis on iseendaga s\u00fcmmeetrilised mingi sirge suhtes nim <span style=\"color: #008000;\"><strong>telgs\u00fcmmeetrilisteks kujunditeks.<\/strong><\/span><\/p>\r\n <iframe loading=\"lazy\" style=\"border: 0px;\" title=\"As\u00fcmmeetria2\" src=\"https:\/\/www.geogebra.org\/material\/iframe\/id\/c44zktht\/width\/1280\/height\/585\/border\/888888\/sfsb\/true\/smb\/false\/stb\/false\/stbh\/false\/ai\/false\/asb\/false\/sri\/false\/rc\/false\/ld\/false\/sdz\/false\/ctl\/false\" width=\"700px\" height=\"400px\" scrolling=\"no\"> <\/iframe> \r\n\r\n<p><a href=\"https:\/\/2hpencil.com\/2012\/12\/15\/symmetry\/\">https:\/\/2hpencil.com\/2012\/12\/15\/symmetry\/<\/a> &#8211; butterfly<\/p>\r\n\r\n\r\n<p>&nbsp;<\/p>\r\n\r\n\r\n<p>&nbsp;<\/p>\r\n\r\n<p>&nbsp;<\/p>\r\n<p><img loading=\"lazy\" decoding=\"async\" class=\"alignnone  wp-image-1289\" src=\"https:\/\/domath.surju.ee\/wp-content\/uploads\/2024\/03\/symmetry1-1-1024x287-1-300x84.jpg\" alt=\"\" width=\"454\" height=\"127\" srcset=\"https:\/\/domath.surju.ee\/wp-content\/uploads\/2024\/03\/symmetry1-1-1024x287-1-300x84.jpg 300w, https:\/\/domath.surju.ee\/wp-content\/uploads\/2024\/03\/symmetry1-1-1024x287-1-768x215.jpg 768w, https:\/\/domath.surju.ee\/wp-content\/uploads\/2024\/03\/symmetry1-1-1024x287-1-24x7.jpg 24w, https:\/\/domath.surju.ee\/wp-content\/uploads\/2024\/03\/symmetry1-1-1024x287-1-36x10.jpg 36w, https:\/\/domath.surju.ee\/wp-content\/uploads\/2024\/03\/symmetry1-1-1024x287-1-48x13.jpg 48w, https:\/\/domath.surju.ee\/wp-content\/uploads\/2024\/03\/symmetry1-1-1024x287-1.jpg 1024w\" sizes=\"auto, (max-width: 454px) 100vw, 454px\" \/><\/p>\r\n<p><a href=\"https:\/\/mathcurious.com\/2020\/04\/08\/symmetry-in-nature\/\">https:\/\/mathcurious.com\/2020\/04\/08\/symmetry-in-nature\/<\/a><\/p>\r\n<pre id=\"tw-target-text\" class=\"tw-data-text tw-text-large tw-ta\" dir=\"ltr\" data-placeholder=\"Translation\" data-ved=\"2ahUKEwi3l9jkmNiEAxWSHhAIHXTwD6kQ3ewLegQICRAU\"><strong><span class=\"Y2IQFc\" lang=\"en\">Draw symmetrical objects<\/span><\/strong><\/pre>\r\n <iframe loading=\"lazy\" style=\"border: 0px;\" title=\"As\u00fcmmeetria3\" src=\"https:\/\/www.geogebra.org\/material\/iframe\/id\/v6ddnk2a\/width\/1280\/height\/585\/border\/888888\/sfsb\/true\/smb\/false\/stb\/false\/stbh\/false\/ai\/false\/asb\/false\/sri\/false\/rc\/false\/ld\/false\/sdz\/false\/ctl\/false\" width=\"700px\" height=\"400px\" scrolling=\"no\"> <\/iframe> \r\n<h3>&nbsp;<\/h3>\r\n<h3 style=\"text-align: center;\"><span style=\"background-color: #000080; color: #ccffff;\">Koordinaatteljed<\/span><\/h3>\r\n<p><span style=\"color: #008000;\"><strong>Koordinaats\u00fcsteemis <\/strong><span style=\"color: #000000;\">on tavaliselt <span style=\"color: #ff0000;\"><strong>kaks telge<\/strong><\/span>: horisontaalne <strong><span style=\"color: #3366ff;\">x-telg<\/span><\/strong> ja vertikaalne <strong><span style=\"color: #3366ff;\">y-telg<\/span><\/strong>.<\/span><\/span><\/p>\r\n<p>Need teljed ristuvad tavaliselt alguspunktis, mida t\u00e4histatakse tavaliselt punktiga (<strong>0,0<\/strong>).<\/p>\r\n <iframe loading=\"lazy\" style=\"border: 0px;\" title=\"Koordinaatteljestik2\" src=\"https:\/\/www.geogebra.org\/material\/iframe\/id\/bksne8mg\/width\/1280\/height\/585\/border\/888888\/sfsb\/true\/smb\/false\/stb\/false\/stbh\/false\/ai\/false\/asb\/false\/sri\/false\/rc\/false\/ld\/false\/sdz\/false\/ctl\/false\" width=\"700px\" height=\"400px\" scrolling=\"no\"> <\/iframe> \r\n\r\n<div class=\"wp-block-group is-nowrap is-layout-flex wp-container-core-group-is-layout-ad2f72ca wp-block-group-is-layout-flex\">\r\n<p><span style=\"color: #339966;\"><strong>Kolmem\u00f5\u00f5tmelises<\/strong> <strong>ruumis<\/strong> <span style=\"color: #000000;\">on <strong><span style=\"color: #ff0000;\">lisatelg<\/span><\/strong>, mida tavaliselt t\u00e4histatakse <strong><span style=\"color: #3366ff;\">z-teljena<\/span><\/strong> ja mis asub risti <span style=\"color: #ff0000;\"><strong>x-<\/strong><\/span> ja <strong><span style=\"color: #ff0000;\">y-telgedega<\/span><\/strong>.<\/span><\/span><\/p>\r\n<\/div>\r\n\r\n<p><img loading=\"lazy\" decoding=\"async\" class=\"alignnone size-medium wp-image-1286\" src=\"https:\/\/domath.surju.ee\/wp-content\/uploads\/2024\/03\/Coord_planes_color.svg_-300x262.png\" alt=\"\" width=\"300\" height=\"262\" srcset=\"https:\/\/domath.surju.ee\/wp-content\/uploads\/2024\/03\/Coord_planes_color.svg_-300x262.png 300w, https:\/\/domath.surju.ee\/wp-content\/uploads\/2024\/03\/Coord_planes_color.svg_-24x21.png 24w, https:\/\/domath.surju.ee\/wp-content\/uploads\/2024\/03\/Coord_planes_color.svg_-36x31.png 36w, https:\/\/domath.surju.ee\/wp-content\/uploads\/2024\/03\/Coord_planes_color.svg_-48x42.png 48w, https:\/\/domath.surju.ee\/wp-content\/uploads\/2024\/03\/Coord_planes_color.svg_.png 330w\" sizes=\"auto, (max-width: 300px) 100vw, 300px\" \/>&nbsp;<\/p>\r\n<p><a href=\"https:\/\/en.wikipedia.org\/wiki\/Three-dimensional_space\">https:\/\/en.wikipedia.org\/wiki\/Three-dimensional_space<\/a><\/p>","protected":false},"excerpt":{"rendered":"<p>&nbsp; Telg, teljed&nbsp; Graafikud ja koordinaatteljestikud Graafikutel ja koordinaatteljestikel on horisontaalne telg ja vertikaalne telg.&nbsp; vertical axis &#8211; vertikaaltelg Horisontal axis &#8211; horisontaaltelg &nbsp; S\u00fcmmeetriatelg S\u00fcmmeetria lihtsaim liik on peegeldus sirgest. S\u00fcmmeetriatelg on sirge, mille suhtes&nbsp; kujundi m\u00f5lemad pooled on&nbsp; peegelpildis. S\u00fcmmeetriatelg poolitab s\u00fcmmeetrilisi objekte kaheks identseks ehk \u00fchesuguseks pooleks.&nbsp; Kujundid, mis on iseendaga s\u00fcmmeetrilised [&#8230;]<\/p>\n<p><a class=\"btn btn-secondary understrap-read-more-link\" href=\"https:\/\/domath.surju.ee\/et\/telg-teljed\/\">Read More&#8230;<span class=\"screen-reader-text\"> from Telg, teljed<\/span><\/a><\/p>\n","protected":false},"author":2,"featured_media":0,"parent":0,"menu_order":0,"comment_status":"closed","ping_status":"closed","template":"","meta":{"_eb_attr":"","_uag_custom_page_level_css":"","footnotes":""},"categories":[],"tags":[37,86,131],"class_list":["post-1277","page","type-page","status-publish","hentry","tag-english-a","tag-greek-alpha","tag-spanish-e"],"uagb_featured_image_src":{"full":false,"thumbnail":false,"medium":false,"medium_large":false,"large":false,"1536x1536":false,"2048x2048":false,"menu-24x24":false,"menu-36x36":false,"menu-48x48":false},"uagb_author_info":{"display_name":"Signe Reidla","author_link":"https:\/\/domath.surju.ee\/et\/author\/signe\/"},"uagb_comment_info":0,"uagb_excerpt":"&nbsp; Telg, teljed&nbsp; Graafikud ja koordinaatteljestikud Graafikutel ja koordinaatteljestikel on horisontaalne telg ja vertikaalne telg.&nbsp; vertical axis &#8211; vertikaaltelg Horisontal axis &#8211; horisontaaltelg &nbsp; S\u00fcmmeetriatelg S\u00fcmmeetria lihtsaim liik on peegeldus sirgest. S\u00fcmmeetriatelg on sirge, mille suhtes&nbsp; kujundi m\u00f5lemad pooled on&nbsp; peegelpildis. S\u00fcmmeetriatelg poolitab s\u00fcmmeetrilisi objekte kaheks identseks ehk \u00fchesuguseks pooleks.&nbsp; Kujundid, mis on iseendaga s\u00fcmmeetrilised&hellip;","_links":{"self":[{"href":"https:\/\/domath.surju.ee\/et\/wp-json\/wp\/v2\/pages\/1277","targetHints":{"allow":["GET"]}}],"collection":[{"href":"https:\/\/domath.surju.ee\/et\/wp-json\/wp\/v2\/pages"}],"about":[{"href":"https:\/\/domath.surju.ee\/et\/wp-json\/wp\/v2\/types\/page"}],"author":[{"embeddable":true,"href":"https:\/\/domath.surju.ee\/et\/wp-json\/wp\/v2\/users\/2"}],"replies":[{"embeddable":true,"href":"https:\/\/domath.surju.ee\/et\/wp-json\/wp\/v2\/comments?post=1277"}],"version-history":[{"count":16,"href":"https:\/\/domath.surju.ee\/et\/wp-json\/wp\/v2\/pages\/1277\/revisions"}],"predecessor-version":[{"id":2442,"href":"https:\/\/domath.surju.ee\/et\/wp-json\/wp\/v2\/pages\/1277\/revisions\/2442"}],"wp:attachment":[{"href":"https:\/\/domath.surju.ee\/et\/wp-json\/wp\/v2\/media?parent=1277"}],"wp:term":[{"taxonomy":"category","embeddable":true,"href":"https:\/\/domath.surju.ee\/et\/wp-json\/wp\/v2\/categories?post=1277"},{"taxonomy":"post_tag","embeddable":true,"href":"https:\/\/domath.surju.ee\/et\/wp-json\/wp\/v2\/tags?post=1277"}],"curies":[{"name":"wp","href":"https:\/\/api.w.org\/{rel}","templated":true}]}}