{"id":126,"date":"2023-09-18T08:42:37","date_gmt":"2023-09-18T08:42:37","guid":{"rendered":"https:\/\/domath.surju.ee\/?page_id=126"},"modified":"2024-12-17T13:27:54","modified_gmt":"2024-12-17T13:27:54","slug":"avaleht","status":"publish","type":"page","link":"https:\/\/domath.surju.ee\/et\/","title":{"rendered":"Tere tulemast!"},"content":{"rendered":"<p><\/p>\r\n<p>Tere tulemast! See on meie veebip\u00f5hine Matemaatika S\u00f5naraamat &#8211; koost\u00f6\u00f6projekt, mille loojateks on grupp \u00f5petajaid&nbsp; Kreeka, Eesti ja Hispaania koolidest. See \u00f5ppevahend koondab olulisemad matemaatilised p\u00f5him\u00f5isted, et toetada eelk\u00f5ige 1.-6. klassi \u00f5pilaste matemaatika\u00f5pinguid.<\/p>\r\n<h2 class=\"mb-2 mt-6 text-lg first:mt-3\"><span style=\"color: #008000; font-size: 18pt;\"><strong>Miks kasutada meie s\u00f5naraamatut?<\/strong><\/span><\/h2>\r\n<ul class=\"marker:text-textOff list-disc pl-8\">\r\n\t<li><span style=\"color: #008000;\"><strong>\u00dclevaatlikud selgitused<\/strong>:<\/span> Iga sissekanne sisaldab konkreetseid m\u00f5isteid, p\u00f5hjalikke selgitusi ja arvukalt erinevaid n\u00e4iteid, et aidata \u00f5pilastel paremini aru saada&nbsp; keerulistest matemaatilistest m\u00f5istetest.<\/li>\r\n\t<li><span style=\"color: #008000;\"><strong>Interaktiivsed \u00fclesanded<\/strong>:&nbsp;<\/span> Erinevate \u00fclesannete lahendamine lihtsustab m\u00f5istete \u00f5ppimist ja n\u00e4itlikustab matemaatiliste p\u00f5him\u00f5tete praktilist rakendamist igap\u00e4evaelus.<\/li>\r\n\t<li><span style=\"color: #008000;\"><strong>Mitmekeelne tugi<\/strong>:<\/span> S\u00f5naraamatust leiate inglise-, eesti-, kreeka- ja hispaaniakeelsed&nbsp; matemaatilised p\u00f5him\u00f5isted, mida kasutatakse igap\u00e4evaselt matemaatikat \u00f5petades 1.-6. klassis. Lisaks m\u00f5istetele on s\u00f5naraamatus n\u00e4ite\u00fclesandeid, jooniseid, skeeme, m\u00e4nge ja \u00f5ppevideoid. See lihtsustab materjali m\u00f5istmist ja seostamist.<\/li>\r\n\t<li><span style=\"color: #008000;\"><strong>Kasutajas\u00f5bralik \u00fclesehitus<\/strong>:<\/span> S\u00f5naraamatus on m\u00f5isted esitatud t\u00e4hestikulises j\u00e4rjekorras, seega on v\u00f5imalik matemaatilisi termineid ja m\u00f5isteid kiiresti leida ja v\u00f5rrelda.<\/li>\r\n<\/ul>\r\n<h2 class=\"mb-2 mt-6 text-lg first:mt-3\"><span style=\"color: #008000; font-size: 18pt;\"><strong>Euroopa Liidu toetus<\/strong><\/span><\/h2>\r\n<p>Projekt on l\u00e4bi viidud Euroopa Liidu kaasrahastuse toel, see on v\u00f5imaldanud meil luua&nbsp; \u00f5ppevahendi, mis on kasutajas\u00f5bralik ja k\u00f5igile \u00f5pilastele ja \u00f5petajatele k\u00e4ttesaadav. Kutsume teid kasutama meie s\u00f5naraamatut kui v\u00e4\u00e4rtuslikku \u00f5ppevahendit. <br \/>\r\nHead kasutamist ja \u00f5ppimist!<\/p>\r\n<p><\/p>","protected":false},"excerpt":{"rendered":"<p>Tere tulemast! See on meie veebip\u00f5hine Matemaatika S\u00f5naraamat &#8211; koost\u00f6\u00f6projekt, mille loojateks on grupp \u00f5petajaid&nbsp; Kreeka, Eesti ja Hispaania koolidest. See \u00f5ppevahend koondab olulisemad matemaatilised p\u00f5him\u00f5isted, et toetada eelk\u00f5ige 1.-6. klassi \u00f5pilaste matemaatika\u00f5pinguid. Miks kasutada meie s\u00f5naraamatut? \u00dclevaatlikud selgitused: Iga sissekanne sisaldab konkreetseid m\u00f5isteid, p\u00f5hjalikke selgitusi ja arvukalt erinevaid n\u00e4iteid, et aidata \u00f5pilastel paremini aru [&#8230;]<\/p>\n<p><a class=\"btn btn-secondary understrap-read-more-link\" href=\"https:\/\/domath.surju.ee\/et\/\">Read More&#8230;<span class=\"screen-reader-text\"> from Tere tulemast!<\/span><\/a><\/p>\n","protected":false},"author":1,"featured_media":0,"parent":0,"menu_order":0,"comment_status":"closed","ping_status":"closed","template":"","meta":{"_eb_attr":"","_uag_custom_page_level_css":"","footnotes":""},"categories":[],"tags":[],"class_list":["post-126","page","type-page","status-publish","hentry"],"uagb_featured_image_src":{"full":false,"thumbnail":false,"medium":false,"medium_large":false,"large":false,"1536x1536":false,"2048x2048":false,"menu-24x24":false,"menu-36x36":false,"menu-48x48":false},"uagb_author_info":{"display_name":"valter","author_link":"https:\/\/domath.surju.ee\/et\/author\/valter\/"},"uagb_comment_info":0,"uagb_excerpt":"Tere tulemast! See on meie veebip\u00f5hine Matemaatika S\u00f5naraamat &#8211; koost\u00f6\u00f6projekt, mille loojateks on grupp \u00f5petajaid&nbsp; Kreeka, Eesti ja Hispaania koolidest. See \u00f5ppevahend koondab olulisemad matemaatilised p\u00f5him\u00f5isted, et toetada eelk\u00f5ige 1.-6. klassi \u00f5pilaste matemaatika\u00f5pinguid. Miks kasutada meie s\u00f5naraamatut? \u00dclevaatlikud selgitused: Iga sissekanne sisaldab konkreetseid m\u00f5isteid, p\u00f5hjalikke selgitusi ja arvukalt erinevaid n\u00e4iteid, et aidata \u00f5pilastel paremini aru&hellip;","_links":{"self":[{"href":"https:\/\/domath.surju.ee\/et\/wp-json\/wp\/v2\/pages\/126","targetHints":{"allow":["GET"]}}],"collection":[{"href":"https:\/\/domath.surju.ee\/et\/wp-json\/wp\/v2\/pages"}],"about":[{"href":"https:\/\/domath.surju.ee\/et\/wp-json\/wp\/v2\/types\/page"}],"author":[{"embeddable":true,"href":"https:\/\/domath.surju.ee\/et\/wp-json\/wp\/v2\/users\/1"}],"replies":[{"embeddable":true,"href":"https:\/\/domath.surju.ee\/et\/wp-json\/wp\/v2\/comments?post=126"}],"version-history":[{"count":13,"href":"https:\/\/domath.surju.ee\/et\/wp-json\/wp\/v2\/pages\/126\/revisions"}],"predecessor-version":[{"id":4911,"href":"https:\/\/domath.surju.ee\/et\/wp-json\/wp\/v2\/pages\/126\/revisions\/4911"}],"wp:attachment":[{"href":"https:\/\/domath.surju.ee\/et\/wp-json\/wp\/v2\/media?parent=126"}],"wp:term":[{"taxonomy":"category","embeddable":true,"href":"https:\/\/domath.surju.ee\/et\/wp-json\/wp\/v2\/categories?post=126"},{"taxonomy":"post_tag","embeddable":true,"href":"https:\/\/domath.surju.ee\/et\/wp-json\/wp\/v2\/tags?post=126"}],"curies":[{"name":"wp","href":"https:\/\/api.w.org\/{rel}","templated":true}]}}