{"id":1250,"date":"2024-02-29T18:49:49","date_gmt":"2024-02-29T18:49:49","guid":{"rendered":"https:\/\/domath.surju.ee\/?page_id=1250"},"modified":"2024-12-29T21:19:51","modified_gmt":"2024-12-29T21:19:51","slug":"litre-l-l","status":"publish","type":"page","link":"https:\/\/domath.surju.ee\/et\/liiter\/","title":{"rendered":"Liiter"},"content":{"rendered":"\r\n<h1 style=\"text-align: center;\"><span style=\"color: #008000;\"><strong>Liiter, l<\/strong><\/span><\/h1>\r\n<p><span style=\"color: #ff0000;\"><strong>Liiter<\/strong><\/span> on mahum\u00f5\u00f5t ehk ruumala\u00fchik, mis n\u00e4itab kui palju vedelikku vastava ruumalaga n\u00f5usse mahub.<br \/>\r\nVedeliku kogust m\u00f5\u00f5detakse <strong>liitrites<\/strong>.&nbsp;<br \/>\r\n<strong>Liiter<\/strong> kirjutatakse l\u00fchemalt <strong>l.&nbsp;<\/strong><br \/>\r\n1 <strong>liiter<\/strong> v\u00f5rdub 1 kuupdetsimeetriga (dm\u00b3), 1000 kuupsentimeetriga (cm\u00b3), 0,001 kuupmeetriga (m\u00b3).<br \/>\r\n<strong><span style=\"color: #ff0000;\">1 l = 1 dm\u00b3 &#8211; 1000 cm\u00b3 = 0,001 m\u00b3<\/span><\/strong><br \/>\r\n1 <strong>liiter<\/strong> jaguneb tuhandeks milliliitriks (ml), sajaks sentiliitriks (cl) v\u00f5i k\u00fcmneks detsiliitriks (dl).<br \/>\r\n<strong>1 l = 1000 ml<\/strong><br \/>\r\n<strong>1 l = 100 cl<\/strong><br \/>\r\n<strong>1 l =10 dl<br \/>\r\n<\/strong><br \/>\r\n<span style=\"color: #0000ff;\"><strong>N\u00e4ited:&nbsp;<\/strong><\/span><br \/>\r\n1) Piimapakis on tavaliselt piima \u00fcks liiter.<br \/>\r\n2) Suured \u0161ampooni- v\u00f5i palsamipudelid&nbsp; vedelseebi s\u00e4ilitamiseks on tavaliselt \u00fcheliitrised.<br \/>\r\n3) T\u00e4iskasvanud inimene peab p\u00e4evas jooma umbes kaks liitrit vett.&nbsp;<br \/>\r\n4) Autosse saab panna umbes 70 liitrit bensiini.<br \/>\r\n<br \/>\r\n<br \/>\r\n<span style=\"color: #333399;\"><strong>Siin on m\u00f5ned harjutused liitri ja milliliitri kohta:&nbsp;<\/strong><\/span><br \/>\r\n<a href=\"https:\/\/www.tinytap.com\/activities\/g235o\/play\/liters-and-milliliters\">https:\/\/www.tinytap.com\/activities\/g235o\/play\/liters-and-milliliters<\/a><br \/>\r\n<br \/>\r\n<span style=\"color: #008080;\"><strong>M\u00f5istekaart liitri, sentiliitri ja milliliitri kohta:&nbsp;<\/strong><\/span><br \/>\r\n<br \/>\r\n<img loading=\"lazy\" decoding=\"async\" class=\" wp-image-2168 aligncenter\" src=\"https:\/\/domath.surju.ee\/wp-content\/uploads\/2024\/04\/A-1-1-300x300.png\" alt=\"\" width=\"565\" height=\"565\" srcset=\"https:\/\/domath.surju.ee\/wp-content\/uploads\/2024\/04\/A-1-1-300x300.png 300w, https:\/\/domath.surju.ee\/wp-content\/uploads\/2024\/04\/A-1-1-1024x1024.png 1024w, https:\/\/domath.surju.ee\/wp-content\/uploads\/2024\/04\/A-1-1-150x150.png 150w, https:\/\/domath.surju.ee\/wp-content\/uploads\/2024\/04\/A-1-1-768x768.png 768w, https:\/\/domath.surju.ee\/wp-content\/uploads\/2024\/04\/A-1-1-1536x1536.png 1536w, https:\/\/domath.surju.ee\/wp-content\/uploads\/2024\/04\/A-1-1-2048x2048.png 2048w, https:\/\/domath.surju.ee\/wp-content\/uploads\/2024\/04\/A-1-1-24x24.png 24w, https:\/\/domath.surju.ee\/wp-content\/uploads\/2024\/04\/A-1-1-36x36.png 36w, https:\/\/domath.surju.ee\/wp-content\/uploads\/2024\/04\/A-1-1-48x48.png 48w\" sizes=\"auto, (max-width: 565px) 100vw, 565px\" \/><\/p>\r\n\r\n\r\n<p>&nbsp;<\/p>\r\n","protected":false},"excerpt":{"rendered":"<p>Liiter, l Liiter on mahum\u00f5\u00f5t ehk ruumala\u00fchik, mis n\u00e4itab kui palju vedelikku vastava ruumalaga n\u00f5usse mahub. Vedeliku kogust m\u00f5\u00f5detakse liitrites.&nbsp; Liiter kirjutatakse l\u00fchemalt l.&nbsp; 1 liiter v\u00f5rdub 1 kuupdetsimeetriga (dm\u00b3), 1000 kuupsentimeetriga (cm\u00b3), 0,001 kuupmeetriga (m\u00b3). 1 l = 1 dm\u00b3 &#8211; 1000 cm\u00b3 = 0,001 m\u00b3 1 liiter jaguneb tuhandeks milliliitriks (ml), sajaks sentiliitriks [&#8230;]<\/p>\n<p><a class=\"btn btn-secondary understrap-read-more-link\" href=\"https:\/\/domath.surju.ee\/et\/liiter\/\">Read More&#8230;<span class=\"screen-reader-text\"> from Liiter<\/span><\/a><\/p>\n","protected":false},"author":5,"featured_media":0,"parent":0,"menu_order":0,"comment_status":"closed","ping_status":"closed","template":"","meta":{"_eb_attr":"","_uag_custom_page_level_css":"","footnotes":""},"categories":[],"tags":[42,4,144,130],"class_list":["post-1250","page","type-page","status-publish","hentry","tag-english-l","tag-estonian-l","tag-greek-lambda","tag-spanish-l"],"uagb_featured_image_src":{"full":false,"thumbnail":false,"medium":false,"medium_large":false,"large":false,"1536x1536":false,"2048x2048":false,"menu-24x24":false,"menu-36x36":false,"menu-48x48":false},"uagb_author_info":{"display_name":"Einar Aleman","author_link":"https:\/\/domath.surju.ee\/et\/author\/einar\/"},"uagb_comment_info":0,"uagb_excerpt":"Liiter, l Liiter on mahum\u00f5\u00f5t ehk ruumala\u00fchik, mis n\u00e4itab kui palju vedelikku vastava ruumalaga n\u00f5usse mahub. Vedeliku kogust m\u00f5\u00f5detakse liitrites.&nbsp; Liiter kirjutatakse l\u00fchemalt l.&nbsp; 1 liiter v\u00f5rdub 1 kuupdetsimeetriga (dm\u00b3), 1000 kuupsentimeetriga (cm\u00b3), 0,001 kuupmeetriga (m\u00b3). 1 l = 1 dm\u00b3 &#8211; 1000 cm\u00b3 = 0,001 m\u00b3 1 liiter jaguneb tuhandeks milliliitriks (ml), sajaks sentiliitriks&hellip;","_links":{"self":[{"href":"https:\/\/domath.surju.ee\/et\/wp-json\/wp\/v2\/pages\/1250","targetHints":{"allow":["GET"]}}],"collection":[{"href":"https:\/\/domath.surju.ee\/et\/wp-json\/wp\/v2\/pages"}],"about":[{"href":"https:\/\/domath.surju.ee\/et\/wp-json\/wp\/v2\/types\/page"}],"author":[{"embeddable":true,"href":"https:\/\/domath.surju.ee\/et\/wp-json\/wp\/v2\/users\/5"}],"replies":[{"embeddable":true,"href":"https:\/\/domath.surju.ee\/et\/wp-json\/wp\/v2\/comments?post=1250"}],"version-history":[{"count":4,"href":"https:\/\/domath.surju.ee\/et\/wp-json\/wp\/v2\/pages\/1250\/revisions"}],"predecessor-version":[{"id":4141,"href":"https:\/\/domath.surju.ee\/et\/wp-json\/wp\/v2\/pages\/1250\/revisions\/4141"}],"wp:attachment":[{"href":"https:\/\/domath.surju.ee\/et\/wp-json\/wp\/v2\/media?parent=1250"}],"wp:term":[{"taxonomy":"category","embeddable":true,"href":"https:\/\/domath.surju.ee\/et\/wp-json\/wp\/v2\/categories?post=1250"},{"taxonomy":"post_tag","embeddable":true,"href":"https:\/\/domath.surju.ee\/et\/wp-json\/wp\/v2\/tags?post=1250"}],"curies":[{"name":"wp","href":"https:\/\/api.w.org\/{rel}","templated":true}]}}