{"id":1245,"date":"2024-02-29T13:25:11","date_gmt":"2024-02-29T13:25:11","guid":{"rendered":"https:\/\/domath.surju.ee\/?page_id=1245"},"modified":"2024-12-29T17:46:31","modified_gmt":"2024-12-29T17:46:31","slug":"hour","status":"publish","type":"page","link":"https:\/\/domath.surju.ee\/et\/tund\/","title":{"rendered":"Tund"},"content":{"rendered":"<h1 style=\"text-align: center;\"><span style=\"color: #008000;\"><strong>Tund<\/strong><\/span><\/h1>\r\n\r\n<p><span style=\"color: #ff0000;\"><strong>Tund<\/strong> <\/span>on aja m\u00f5\u00f5t\u00fchik, mis on 60 minutit ehk 3600 sekundit (1h=60 min=3600s).<br \/>\r\n<span style=\"color: #ff0000;\"><strong>Tund on aja\u00fchik.&nbsp;<\/strong><\/span><\/p>\r\n<p><b>Pool tundi<\/b> on 30 minutit, see on ka <img loading=\"lazy\" decoding=\"async\" class=\"alignnone size-full wp-image-5136\" src=\"https:\/\/domath.surju.ee\/wp-content\/uploads\/2024\/12\/joonis1-1.gif\" alt=\"\" width=\"6\" height=\"26\" \/> &nbsp;tundi ehk 0,5 tundi (30 min = <img loading=\"lazy\" decoding=\"async\" class=\"alignnone size-full wp-image-5136\" src=\"https:\/\/domath.surju.ee\/wp-content\/uploads\/2024\/12\/joonis1-1.gif\" alt=\"\" width=\"6\" height=\"26\" \/> h = 0,5h).<br \/>\r\n<br \/>\r\n<\/p>\r\n<p><b>Veerand tundi<\/b> saame, kui jagame tunni neljaks v\u00f5rdseks osaks.<br \/>\r\nVeerand tundi on 15 minutit, see on ka <img loading=\"lazy\" decoding=\"async\" class=\"alignnone size-full wp-image-5137\" src=\"https:\/\/domath.surju.ee\/wp-content\/uploads\/2024\/12\/joonis2-1.gif\" alt=\"\" width=\"6\" height=\"26\" \/> tundi ehk 0,25 tundi (15 min =<img loading=\"lazy\" decoding=\"async\" class=\"alignnone size-full wp-image-5137\" src=\"https:\/\/domath.surju.ee\/wp-content\/uploads\/2024\/12\/joonis2-1.gif\" alt=\"\" width=\"6\" height=\"26\" \/> h = 0,25h).<\/p>\r\n<p><b>Kolmveerand tundi<\/b> on 45 minutit, see on&nbsp;<img loading=\"lazy\" decoding=\"async\" class=\"alignnone size-full wp-image-5138\" src=\"https:\/\/domath.surju.ee\/wp-content\/uploads\/2024\/12\/joonis3.gif\" alt=\"\" width=\"6\" height=\"26\" \/> tundi ehk 0,75 tundi <br \/>\r\n(45 min = <img loading=\"lazy\" decoding=\"async\" class=\"alignnone size-full wp-image-5138\" src=\"https:\/\/domath.surju.ee\/wp-content\/uploads\/2024\/12\/joonis3.gif\" alt=\"\" width=\"6\" height=\"26\" \/> h = 0,75h).<\/p>\r\n<p><strong><br \/>\r\n<br \/>\r\nAja\u00fchikud:<\/strong><br \/>\r\nMinut \u2013 1 min = 60 s<br \/>\r\nTund \u2013 1 h = 60 min = 3600 s<br \/>\r\n\u00d6\u00f6p\u00e4ev \u2013 1 d = 24 h = 1440 min = 86400 s<br \/>\r\nAasta \u2013 1 a = 365 d = 8760 h = 525600 min = 31536000 s<br \/>\r\n<br \/>\r\n<strong><em>Liigaasta<\/em><\/strong>&nbsp;on aasta, millel on 366 p\u00e4eva, tavalise 365 p\u00e4eva asemel.&nbsp;<br \/>\r\n<em>Liigaasta<\/em>&nbsp;on tavaliselt iga nelja aasta tagant.<br \/>\r\n<br \/>\r\n<\/p>\r\n<p><img loading=\"lazy\" decoding=\"async\" class=\"size-medium wp-image-1246\" src=\"https:\/\/domath.surju.ee\/wp-content\/uploads\/2024\/02\/confused-young-pretty-woman-holds-clock-looking-side-isolated-orange-wall-300x226.jpg\" alt=\"\" width=\"300\" height=\"226\" srcset=\"https:\/\/domath.surju.ee\/wp-content\/uploads\/2024\/02\/confused-young-pretty-woman-holds-clock-looking-side-isolated-orange-wall-300x226.jpg 300w, https:\/\/domath.surju.ee\/wp-content\/uploads\/2024\/02\/confused-young-pretty-woman-holds-clock-looking-side-isolated-orange-wall-1024x773.jpg 1024w, https:\/\/domath.surju.ee\/wp-content\/uploads\/2024\/02\/confused-young-pretty-woman-holds-clock-looking-side-isolated-orange-wall-768x580.jpg 768w, https:\/\/domath.surju.ee\/wp-content\/uploads\/2024\/02\/confused-young-pretty-woman-holds-clock-looking-side-isolated-orange-wall-1536x1160.jpg 1536w, https:\/\/domath.surju.ee\/wp-content\/uploads\/2024\/02\/confused-young-pretty-woman-holds-clock-looking-side-isolated-orange-wall-2048x1546.jpg 2048w, https:\/\/domath.surju.ee\/wp-content\/uploads\/2024\/02\/confused-young-pretty-woman-holds-clock-looking-side-isolated-orange-wall-24x18.jpg 24w, https:\/\/domath.surju.ee\/wp-content\/uploads\/2024\/02\/confused-young-pretty-woman-holds-clock-looking-side-isolated-orange-wall-36x27.jpg 36w, https:\/\/domath.surju.ee\/wp-content\/uploads\/2024\/02\/confused-young-pretty-woman-holds-clock-looking-side-isolated-orange-wall-48x36.jpg 48w\" sizes=\"auto, (max-width: 300px) 100vw, 300px\" \/><br \/>\r\nSiit leiad erinevaid m\u00e4nge, et harjutada aja\u00fchikuid.<\/p>\r\n\r\n\r\n<p><a href=\"https:\/\/www.mathgames.com\/time\">https:\/\/www.mathgames.com\/time<\/a><br \/>\r\n<br \/>\r\n<br \/>\r\n<\/p>\r\n","protected":false},"excerpt":{"rendered":"<p>Tund Tund on aja m\u00f5\u00f5t\u00fchik, mis on 60 minutit ehk 3600 sekundit (1h=60 min=3600s). Tund on aja\u00fchik.&nbsp; Pool tundi on 30 minutit, see on ka &nbsp;tundi ehk 0,5 tundi (30 min = h = 0,5h). Veerand tundi saame, kui jagame tunni neljaks v\u00f5rdseks osaks. Veerand tundi on 15 minutit, see on ka tundi ehk 0,25 [&#8230;]<\/p>\n<p><a class=\"btn btn-secondary understrap-read-more-link\" href=\"https:\/\/domath.surju.ee\/et\/tund\/\">Read More&#8230;<span class=\"screen-reader-text\"> from Tund<\/span><\/a><\/p>\n","protected":false},"author":8,"featured_media":0,"parent":0,"menu_order":0,"comment_status":"closed","ping_status":"closed","template":"","meta":{"_eb_attr":"","_uag_custom_page_level_css":"","footnotes":""},"categories":[],"tags":[70,40,155,81],"class_list":["post-1245","page","type-page","status-publish","hentry","tag-english-h","tag-estonian-t","tag-greek-omega","tag-spanish-h"],"uagb_featured_image_src":{"full":false,"thumbnail":false,"medium":false,"medium_large":false,"large":false,"1536x1536":false,"2048x2048":false,"menu-24x24":false,"menu-36x36":false,"menu-48x48":false},"uagb_author_info":{"display_name":"Silvia Herrera","author_link":"https:\/\/domath.surju.ee\/et\/author\/silvia\/"},"uagb_comment_info":0,"uagb_excerpt":"Tund Tund on aja m\u00f5\u00f5t\u00fchik, mis on 60 minutit ehk 3600 sekundit (1h=60 min=3600s). Tund on aja\u00fchik.&nbsp; Pool tundi on 30 minutit, see on ka &nbsp;tundi ehk 0,5 tundi (30 min = h = 0,5h). Veerand tundi saame, kui jagame tunni neljaks v\u00f5rdseks osaks. Veerand tundi on 15 minutit, see on ka tundi ehk 0,25&hellip;","_links":{"self":[{"href":"https:\/\/domath.surju.ee\/et\/wp-json\/wp\/v2\/pages\/1245","targetHints":{"allow":["GET"]}}],"collection":[{"href":"https:\/\/domath.surju.ee\/et\/wp-json\/wp\/v2\/pages"}],"about":[{"href":"https:\/\/domath.surju.ee\/et\/wp-json\/wp\/v2\/types\/page"}],"author":[{"embeddable":true,"href":"https:\/\/domath.surju.ee\/et\/wp-json\/wp\/v2\/users\/8"}],"replies":[{"embeddable":true,"href":"https:\/\/domath.surju.ee\/et\/wp-json\/wp\/v2\/comments?post=1245"}],"version-history":[{"count":5,"href":"https:\/\/domath.surju.ee\/et\/wp-json\/wp\/v2\/pages\/1245\/revisions"}],"predecessor-version":[{"id":4117,"href":"https:\/\/domath.surju.ee\/et\/wp-json\/wp\/v2\/pages\/1245\/revisions\/4117"}],"wp:attachment":[{"href":"https:\/\/domath.surju.ee\/et\/wp-json\/wp\/v2\/media?parent=1245"}],"wp:term":[{"taxonomy":"category","embeddable":true,"href":"https:\/\/domath.surju.ee\/et\/wp-json\/wp\/v2\/categories?post=1245"},{"taxonomy":"post_tag","embeddable":true,"href":"https:\/\/domath.surju.ee\/et\/wp-json\/wp\/v2\/tags?post=1245"}],"curies":[{"name":"wp","href":"https:\/\/api.w.org\/{rel}","templated":true}]}}