{"id":1242,"date":"2024-02-29T13:24:44","date_gmt":"2024-02-29T13:24:44","guid":{"rendered":"https:\/\/domath.surju.ee\/?page_id=1242"},"modified":"2024-12-29T21:17:34","modified_gmt":"2024-12-29T21:17:34","slug":"less-less-than","status":"publish","type":"page","link":"https:\/\/domath.surju.ee\/et\/vahem-vaiksem-kui\/","title":{"rendered":"V\u00e4hem, v\u00e4iksem kui, v\u00f5rdlemine"},"content":{"rendered":"\r\n<h1 style=\"text-align: center;\"><span style=\"color: #008000;\"><strong>V\u00e4hem, v\u00e4iksem kui, v\u00f5rdlemine<\/strong><\/span><\/h1>\r\n<p>&#8220;V\u00e4iksem kui&#8221; t\u00e4histab seost kahe suuruse vahel, mis n\u00e4itab, et \u00fcks on teisest madalam, v\u00e4iksem.<br \/>\r\nSeose s\u00fcmbol on &#8220;<span style=\"color: #ff0000;\"><strong>&lt;<\/strong><\/span>&#8220;, mis&nbsp;v\u00f5imaldab v\u00f5rrelda erinevaid suuruseid.<br \/>\r\n<br \/>\r\n<br \/>\r\n<br \/>\r\n<strong>Avaldist, kus esineb m\u00e4rk &lt; v\u00f5i &gt;, nimetatakse <span style=\"color: #ff0000;\">v\u00f5rratuseks.<\/span><\/strong> V\u00f5rratusm\u00e4rgid on &gt; (on suurem kui) ja &lt; (<strong>on v\u00e4iksem kui<\/strong>).&nbsp;<br \/>\r\n<img loading=\"lazy\" decoding=\"async\" class=\"alignnone  wp-image-5176\" src=\"https:\/\/domath.surju.ee\/wp-content\/uploads\/2024\/12\/vahem-1-300x225.png\" alt=\"\" width=\"219\" height=\"164\" srcset=\"https:\/\/domath.surju.ee\/wp-content\/uploads\/2024\/12\/vahem-1-300x225.png 300w, https:\/\/domath.surju.ee\/wp-content\/uploads\/2024\/12\/vahem-1-1024x768.png 1024w, https:\/\/domath.surju.ee\/wp-content\/uploads\/2024\/12\/vahem-1-768x576.png 768w, https:\/\/domath.surju.ee\/wp-content\/uploads\/2024\/12\/vahem-1-24x18.png 24w, https:\/\/domath.surju.ee\/wp-content\/uploads\/2024\/12\/vahem-1-36x27.png 36w, https:\/\/domath.surju.ee\/wp-content\/uploads\/2024\/12\/vahem-1-48x36.png 48w, https:\/\/domath.surju.ee\/wp-content\/uploads\/2024\/12\/vahem-1.png 1200w\" sizes=\"auto, (max-width: 219px) 100vw, 219px\" \/><br \/>\r\n<br \/>\r\n<span style=\"color: #333399;\"><strong>3 &lt; 5<\/strong><\/span><br \/>\r\n<span style=\"color: #000080;\">3 on v\u00e4iksem kui 5<br \/>\r\n<br \/>\r\n<img loading=\"lazy\" decoding=\"async\" class=\"alignnone  wp-image-5177\" src=\"https:\/\/domath.surju.ee\/wp-content\/uploads\/2024\/12\/suurem-300x225.png\" alt=\"\" width=\"211\" height=\"158\" srcset=\"https:\/\/domath.surju.ee\/wp-content\/uploads\/2024\/12\/suurem-300x225.png 300w, https:\/\/domath.surju.ee\/wp-content\/uploads\/2024\/12\/suurem-1024x768.png 1024w, https:\/\/domath.surju.ee\/wp-content\/uploads\/2024\/12\/suurem-768x576.png 768w, https:\/\/domath.surju.ee\/wp-content\/uploads\/2024\/12\/suurem-24x18.png 24w, https:\/\/domath.surju.ee\/wp-content\/uploads\/2024\/12\/suurem-36x27.png 36w, https:\/\/domath.surju.ee\/wp-content\/uploads\/2024\/12\/suurem-48x36.png 48w, https:\/\/domath.surju.ee\/wp-content\/uploads\/2024\/12\/suurem.png 1200w\" sizes=\"auto, (max-width: 211px) 100vw, 211px\" \/><\/span><br \/>\r\n<span style=\"color: #333399;\"><strong>6 &gt; 5<\/strong><\/span><br \/>\r\n<span style=\"color: #000080;\">6 on suurem kui 5<\/span><br \/>\r\n<br \/>\r\n<br \/>\r\n<strong><span style=\"color: #0000ff;\">N\u00e4ited:&nbsp;<br \/>\r\n<\/span><\/strong><span style=\"color: #000000;\">Tekst\u00fclesannetes pead olema lugemisel t\u00e4helepanelik.&nbsp;<br \/>\r\n<strong><span style=\"color: #ff0000;\">V\u00f5rra <\/span><\/strong>&nbsp;t\u00e4hendab liitmist v\u00f5i lahutamist.&nbsp;<br \/>\r\n<span style=\"color: #ff0000;\"><strong>Korda<\/strong><\/span> v\u00e4hem t\u00e4hendab korrutamist v\u00f5i jagamist.&nbsp;<\/span><strong><span style=\"color: #0000ff;\"><br \/>\r\n<\/span><\/strong>1) Pillel on 18 pliiatsit. Jannel on 3 korda <strong>v\u00e4hem<\/strong>. Kui palju on t\u00fcdrukutel pliiatseid kokku?&nbsp;<br \/>\r\nLahendus:&nbsp;<br \/>\r\nMitu pliiatsit on Jannel?<br \/>\r\n18 : 3 = 6<br \/>\r\nKui palju on t\u00fcdrukutel pliiatseid kokku?&nbsp;<br \/>\r\n18+ 6 = 24&nbsp;<br \/>\r\nVastus: T\u00fcdrukutel on kokku 24 pliiatsit.&nbsp;<br \/>\r\n<br \/>\r\n2) Pillel on 18 pliiatsit. Jannel on pliiatseid 3 v\u00f5rra <strong>v\u00e4hem<\/strong>. Kui palju on t\u00fcdrukutel pliiatseid kokku?&nbsp;<br \/>\r\nLahendus:&nbsp;<br \/>\r\nMitu pliiatsit on Jannel?<br \/>\r\n18 &#8211; 3 = 15<br \/>\r\nKui palju on t\u00fcdrukutel pliiatseid kokku?&nbsp;<br \/>\r\n18+ 15 = 33&nbsp;<br \/>\r\nVastus: T\u00fcdrukutel on kokku 33 pliiatsit.&nbsp;<br \/>\r\n<br \/>\r\n<\/p>\r\n<p><strong><span style=\"color: #333399;\">Harjuta siin v\u00f5rratuste lahendamist:<\/span><\/strong> <a href=\"https:\/\/www.abcya.com\/games\/comparing_number_values_jr\">https:\/\/www.abcya.com\/games\/comparing_number_values_jr<\/a><\/p>\r\n\r\n\r\n<p>&nbsp;<\/p>\r\n\r\n\r\n<p>&nbsp;<\/p>\r\n","protected":false},"excerpt":{"rendered":"<p>V\u00e4hem, v\u00e4iksem kui, v\u00f5rdlemine &#8220;V\u00e4iksem kui&#8221; t\u00e4histab seost kahe suuruse vahel, mis n\u00e4itab, et \u00fcks on teisest madalam, v\u00e4iksem. Seose s\u00fcmbol on &#8220;&lt;&#8220;, mis&nbsp;v\u00f5imaldab v\u00f5rrelda erinevaid suuruseid. Avaldist, kus esineb m\u00e4rk &lt; v\u00f5i &gt;, nimetatakse v\u00f5rratuseks. V\u00f5rratusm\u00e4rgid on &gt; (on suurem kui) ja &lt; (on v\u00e4iksem kui).&nbsp; 3 &lt; 5 3 on v\u00e4iksem kui 5 [&#8230;]<\/p>\n<p><a class=\"btn btn-secondary understrap-read-more-link\" href=\"https:\/\/domath.surju.ee\/et\/vahem-vaiksem-kui\/\">Read More&#8230;<span class=\"screen-reader-text\"> from V\u00e4hem, v\u00e4iksem kui, v\u00f5rdlemine<\/span><\/a><\/p>\n","protected":false},"author":5,"featured_media":0,"parent":0,"menu_order":0,"comment_status":"closed","ping_status":"closed","template":"","meta":{"_eb_attr":"","_uag_custom_page_level_css":"","footnotes":""},"categories":[],"tags":[42,119,145,78],"class_list":["post-1242","page","type-page","status-publish","hentry","tag-english-l","tag-estonian-v","tag-greek-mu","tag-spanish-m"],"uagb_featured_image_src":{"full":false,"thumbnail":false,"medium":false,"medium_large":false,"large":false,"1536x1536":false,"2048x2048":false,"menu-24x24":false,"menu-36x36":false,"menu-48x48":false},"uagb_author_info":{"display_name":"Einar Aleman","author_link":"https:\/\/domath.surju.ee\/et\/author\/einar\/"},"uagb_comment_info":0,"uagb_excerpt":"V\u00e4hem, v\u00e4iksem kui, v\u00f5rdlemine &#8220;V\u00e4iksem kui&#8221; t\u00e4histab seost kahe suuruse vahel, mis n\u00e4itab, et \u00fcks on teisest madalam, v\u00e4iksem. Seose s\u00fcmbol on &#8220;&lt;&#8220;, mis&nbsp;v\u00f5imaldab v\u00f5rrelda erinevaid suuruseid. Avaldist, kus esineb m\u00e4rk &lt; v\u00f5i &gt;, nimetatakse v\u00f5rratuseks. V\u00f5rratusm\u00e4rgid on &gt; (on suurem kui) ja &lt; (on v\u00e4iksem kui).&nbsp; 3 &lt; 5 3 on v\u00e4iksem kui 5&hellip;","_links":{"self":[{"href":"https:\/\/domath.surju.ee\/et\/wp-json\/wp\/v2\/pages\/1242","targetHints":{"allow":["GET"]}}],"collection":[{"href":"https:\/\/domath.surju.ee\/et\/wp-json\/wp\/v2\/pages"}],"about":[{"href":"https:\/\/domath.surju.ee\/et\/wp-json\/wp\/v2\/types\/page"}],"author":[{"embeddable":true,"href":"https:\/\/domath.surju.ee\/et\/wp-json\/wp\/v2\/users\/5"}],"replies":[{"embeddable":true,"href":"https:\/\/domath.surju.ee\/et\/wp-json\/wp\/v2\/comments?post=1242"}],"version-history":[{"count":5,"href":"https:\/\/domath.surju.ee\/et\/wp-json\/wp\/v2\/pages\/1242\/revisions"}],"predecessor-version":[{"id":4140,"href":"https:\/\/domath.surju.ee\/et\/wp-json\/wp\/v2\/pages\/1242\/revisions\/4140"}],"wp:attachment":[{"href":"https:\/\/domath.surju.ee\/et\/wp-json\/wp\/v2\/media?parent=1242"}],"wp:term":[{"taxonomy":"category","embeddable":true,"href":"https:\/\/domath.surju.ee\/et\/wp-json\/wp\/v2\/categories?post=1242"},{"taxonomy":"post_tag","embeddable":true,"href":"https:\/\/domath.surju.ee\/et\/wp-json\/wp\/v2\/tags?post=1242"}],"curies":[{"name":"wp","href":"https:\/\/api.w.org\/{rel}","templated":true}]}}