{"id":1235,"date":"2024-02-28T20:27:04","date_gmt":"2024-02-28T20:27:04","guid":{"rendered":"https:\/\/domath.surju.ee\/?page_id=1235"},"modified":"2024-12-29T20:06:20","modified_gmt":"2024-12-29T20:06:20","slug":"kilogram-kilo-kg","status":"publish","type":"page","link":"https:\/\/domath.surju.ee\/et\/kilogramm-kilo-kg\/","title":{"rendered":"Kilogramm, kg"},"content":{"rendered":"\r\n<h1 style=\"text-align: center;\"><strong><span style=\"color: #008000;\">Kilogramm, kg<br \/>\r\n<br \/>\r\n<\/span><\/strong><\/h1>\r\n<p><span style=\"font-weight: 400;\"><strong><span style=\"color: #ff0000;\">Kilogramm<\/span><\/strong> on m\u00f5\u00f5t\u00fchik massi ehk raskuse m\u00f5\u00f5tmiseks.&nbsp; <br \/>\r\nK\u00f5ige tavap\u00e4rasemad massi m\u00f5\u00f5t\u00fchikud on gramm,&nbsp; <strong>kilogramm <\/strong>ja tonn. <br \/>\r\nK\u00f5nekeeles \u00f6eldakse&nbsp;<strong>kilogrammi<\/strong>&nbsp;asemel tihti kilo.&nbsp;<br \/>\r\n<strong>Kilogramm<\/strong> on 1000 grammi.&nbsp;<br \/>\r\nKilogrammi t\u00e4his on <strong>kg.&nbsp;<br \/>\r\n1kg = 1000g<br \/>\r\n<\/strong><\/span><\/p>\r\n<p class=\"notes2HeadingText\"><strong><span style=\"color: #000080;\">Massi\u00fchikute teisendamine<\/span><\/strong><\/p>\r\n<p class=\"notes2BodyText\">1 kilogramm&nbsp; = 1000 grammi<br \/>\r\n<strong>1 kg = 1000 g<\/strong><br \/>\r\n<br \/>\r\n1 kilogramm&nbsp; = 1 000 000 milligrammi&nbsp;<br \/>\r\n<strong>1kg = 1 000 000 mg<\/strong><br \/>\r\n<br \/>\r\n1 gramm = 1000 milligrammi<br \/>\r\n<strong>1 g = 1000 mg<\/strong><br \/>\r\n<br \/>\r\n1 tonn = 1000 kilogrammi<br \/>\r\n<strong>1 t = 1000 kg<\/strong><\/p>\r\n<p>Lingid:<\/p>\r\n<p><a href=\"https:\/\/study.com\/academy\/lesson\/grams-kilograms-lesson-for-kids.html\">https:\/\/study.com\/academy\/lesson\/grams-kilograms-lesson-for-kids.html<\/a><br \/>\r\n<br \/>\r\n<\/p>\r\n<p><iframe loading=\"lazy\" class=\"wp-embedded-content\" sandbox=\"allow-scripts\" security=\"restricted\" title=\"Equivalencias de Gramos y Kilogramos\" src=\"https:\/\/wordwall.net\/es\/embed\/c2444f686df649958388b314ee2119eb?themeId=0&#038;ref=oembed#?secret=Fon3W72pZk\" data-secret=\"Fon3W72pZk\" width=\"500\" height=\"380\" frameborder=\"0\"><\/iframe><\/p>\r\n<p>&nbsp;<\/p>\r\n","protected":false},"excerpt":{"rendered":"<p>Kilogramm, kg Kilogramm on m\u00f5\u00f5t\u00fchik massi ehk raskuse m\u00f5\u00f5tmiseks.&nbsp; K\u00f5ige tavap\u00e4rasemad massi m\u00f5\u00f5t\u00fchikud on gramm,&nbsp; kilogramm ja tonn. K\u00f5nekeeles \u00f6eldakse&nbsp;kilogrammi&nbsp;asemel tihti kilo.&nbsp; Kilogramm on 1000 grammi.&nbsp; Kilogrammi t\u00e4his on kg.&nbsp; 1kg = 1000g Massi\u00fchikute teisendamine 1 kilogramm&nbsp; = 1000 grammi 1 kg = 1000 g 1 kilogramm&nbsp; = 1 000 000 milligrammi&nbsp; 1kg = 1 [&#8230;]<\/p>\n<p><a class=\"btn btn-secondary understrap-read-more-link\" href=\"https:\/\/domath.surju.ee\/et\/kilogramm-kilo-kg\/\">Read More&#8230;<span class=\"screen-reader-text\"> from Kilogramm, kg<\/span><\/a><\/p>\n","protected":false},"author":6,"featured_media":0,"parent":0,"menu_order":0,"comment_status":"closed","ping_status":"closed","template":"","meta":{"_eb_attr":"","_uag_custom_page_level_css":"","footnotes":""},"categories":[],"tags":[96,76,154,73,132],"class_list":["post-1235","page","type-page","status-publish","hentry","tag-english-k","tag-estonian-k","tag-greek-chi","tag-greek-kappa","tag-spanish-k"],"uagb_featured_image_src":{"full":false,"thumbnail":false,"medium":false,"medium_large":false,"large":false,"1536x1536":false,"2048x2048":false,"menu-24x24":false,"menu-36x36":false,"menu-48x48":false},"uagb_author_info":{"display_name":"Yraya Santana","author_link":"https:\/\/domath.surju.ee\/et\/author\/yraya\/"},"uagb_comment_info":0,"uagb_excerpt":"Kilogramm, kg Kilogramm on m\u00f5\u00f5t\u00fchik massi ehk raskuse m\u00f5\u00f5tmiseks.&nbsp; K\u00f5ige tavap\u00e4rasemad massi m\u00f5\u00f5t\u00fchikud on gramm,&nbsp; kilogramm ja tonn. K\u00f5nekeeles \u00f6eldakse&nbsp;kilogrammi&nbsp;asemel tihti kilo.&nbsp; Kilogramm on 1000 grammi.&nbsp; Kilogrammi t\u00e4his on kg.&nbsp; 1kg = 1000g Massi\u00fchikute teisendamine 1 kilogramm&nbsp; = 1000 grammi 1 kg = 1000 g 1 kilogramm&nbsp; = 1 000 000 milligrammi&nbsp; 1kg = 1&hellip;","_links":{"self":[{"href":"https:\/\/domath.surju.ee\/et\/wp-json\/wp\/v2\/pages\/1235","targetHints":{"allow":["GET"]}}],"collection":[{"href":"https:\/\/domath.surju.ee\/et\/wp-json\/wp\/v2\/pages"}],"about":[{"href":"https:\/\/domath.surju.ee\/et\/wp-json\/wp\/v2\/types\/page"}],"author":[{"embeddable":true,"href":"https:\/\/domath.surju.ee\/et\/wp-json\/wp\/v2\/users\/6"}],"replies":[{"embeddable":true,"href":"https:\/\/domath.surju.ee\/et\/wp-json\/wp\/v2\/comments?post=1235"}],"version-history":[{"count":6,"href":"https:\/\/domath.surju.ee\/et\/wp-json\/wp\/v2\/pages\/1235\/revisions"}],"predecessor-version":[{"id":4128,"href":"https:\/\/domath.surju.ee\/et\/wp-json\/wp\/v2\/pages\/1235\/revisions\/4128"}],"wp:attachment":[{"href":"https:\/\/domath.surju.ee\/et\/wp-json\/wp\/v2\/media?parent=1235"}],"wp:term":[{"taxonomy":"category","embeddable":true,"href":"https:\/\/domath.surju.ee\/et\/wp-json\/wp\/v2\/categories?post=1235"},{"taxonomy":"post_tag","embeddable":true,"href":"https:\/\/domath.surju.ee\/et\/wp-json\/wp\/v2\/tags?post=1235"}],"curies":[{"name":"wp","href":"https:\/\/api.w.org\/{rel}","templated":true}]}}