{"id":1233,"date":"2024-02-28T20:22:25","date_gmt":"2024-02-28T20:22:25","guid":{"rendered":"https:\/\/domath.surju.ee\/?page_id=1233"},"modified":"2024-12-29T20:03:53","modified_gmt":"2024-12-29T20:03:53","slug":"kilo","status":"publish","type":"page","link":"https:\/\/domath.surju.ee\/et\/kilo\/","title":{"rendered":"Kilo-"},"content":{"rendered":"<h1 style=\"text-align: center;\"><strong><span style=\"color: #008000;\">Kilo-<\/span><\/strong><\/h1>\r\n\r\n<p><span style=\"color: #ff0000;\"><b>Kilo-<\/b><\/span>&nbsp;(t\u00e4his&nbsp;k) on eesliide.&nbsp;<br \/>\r\nSelle eesliitega moodustatud \u00fchik on alus\u00fchikust 1000 korda suurem. <br \/>\r\n<span style=\"color: #0000ff;\"><strong>N\u00e4iteks<\/strong> <\/span>teepikkus 1 <strong>kilo<\/strong>meeter (km) on 1000 meetrit v\u00f5i 1 <strong>kilo<\/strong>gramm on 1000 grammi.&nbsp;<b><br \/>\r\n<br \/>\r\n<\/b>Eesliide <strong>kilo-<\/strong> tuleb kreeka keele s\u00f5nast <span style=\"font-weight: 400;\">\u03c7\u03af\u03bb\u03b9\u03bf\u03b9 (chilioi), mis t\u00e4hendab &#8220;tuhat&#8221;. See v\u00f5eti esimest korda ametlikult kasutusele 1795. a koos meeterm\u00f5\u00f5dustikuga.&nbsp;<br \/>\r\n<br \/>\r\n<\/span><\/p>\r\n<p><br style=\"font-weight: 400;\" \/>\r\n<br style=\"font-weight: 400;\" \/>\r\n<\/p>\r\n\r\n\r\n<p>&nbsp;<\/p>\r\n","protected":false},"excerpt":{"rendered":"<p>Kilo- Kilo-&nbsp;(t\u00e4his&nbsp;k) on eesliide.&nbsp; Selle eesliitega moodustatud \u00fchik on alus\u00fchikust 1000 korda suurem. N\u00e4iteks teepikkus 1 kilomeeter (km) on 1000 meetrit v\u00f5i 1 kilogramm on 1000 grammi.&nbsp; Eesliide kilo- tuleb kreeka keele s\u00f5nast \u03c7\u03af\u03bb\u03b9\u03bf\u03b9 (chilioi), mis t\u00e4hendab &#8220;tuhat&#8221;. See v\u00f5eti esimest korda ametlikult kasutusele 1795. a koos meeterm\u00f5\u00f5dustikuga.&nbsp; &nbsp; [&#8230;]<\/p>\n<p><a class=\"btn btn-secondary understrap-read-more-link\" href=\"https:\/\/domath.surju.ee\/et\/kilo\/\">Read More&#8230;<span class=\"screen-reader-text\"> from Kilo-<\/span><\/a><\/p>\n","protected":false},"author":6,"featured_media":0,"parent":0,"menu_order":0,"comment_status":"closed","ping_status":"closed","template":"","meta":{"_eb_attr":"","_uag_custom_page_level_css":"","footnotes":""},"categories":[],"tags":[96,76,73,132],"class_list":["post-1233","page","type-page","status-publish","hentry","tag-english-k","tag-estonian-k","tag-greek-kappa","tag-spanish-k"],"uagb_featured_image_src":{"full":false,"thumbnail":false,"medium":false,"medium_large":false,"large":false,"1536x1536":false,"2048x2048":false,"menu-24x24":false,"menu-36x36":false,"menu-48x48":false},"uagb_author_info":{"display_name":"Yraya Santana","author_link":"https:\/\/domath.surju.ee\/et\/author\/yraya\/"},"uagb_comment_info":0,"uagb_excerpt":"Kilo- Kilo-&nbsp;(t\u00e4his&nbsp;k) on eesliide.&nbsp; Selle eesliitega moodustatud \u00fchik on alus\u00fchikust 1000 korda suurem. N\u00e4iteks teepikkus 1 kilomeeter (km) on 1000 meetrit v\u00f5i 1 kilogramm on 1000 grammi.&nbsp; Eesliide kilo- tuleb kreeka keele s\u00f5nast \u03c7\u03af\u03bb\u03b9\u03bf\u03b9 (chilioi), mis t\u00e4hendab &#8220;tuhat&#8221;. See v\u00f5eti esimest korda ametlikult kasutusele 1795. a koos meeterm\u00f5\u00f5dustikuga.&nbsp; &nbsp; [...]Read More... from Kilo-","_links":{"self":[{"href":"https:\/\/domath.surju.ee\/et\/wp-json\/wp\/v2\/pages\/1233","targetHints":{"allow":["GET"]}}],"collection":[{"href":"https:\/\/domath.surju.ee\/et\/wp-json\/wp\/v2\/pages"}],"about":[{"href":"https:\/\/domath.surju.ee\/et\/wp-json\/wp\/v2\/types\/page"}],"author":[{"embeddable":true,"href":"https:\/\/domath.surju.ee\/et\/wp-json\/wp\/v2\/users\/6"}],"replies":[{"embeddable":true,"href":"https:\/\/domath.surju.ee\/et\/wp-json\/wp\/v2\/comments?post=1233"}],"version-history":[{"count":4,"href":"https:\/\/domath.surju.ee\/et\/wp-json\/wp\/v2\/pages\/1233\/revisions"}],"predecessor-version":[{"id":4127,"href":"https:\/\/domath.surju.ee\/et\/wp-json\/wp\/v2\/pages\/1233\/revisions\/4127"}],"wp:attachment":[{"href":"https:\/\/domath.surju.ee\/et\/wp-json\/wp\/v2\/media?parent=1233"}],"wp:term":[{"taxonomy":"category","embeddable":true,"href":"https:\/\/domath.surju.ee\/et\/wp-json\/wp\/v2\/categories?post=1233"},{"taxonomy":"post_tag","embeddable":true,"href":"https:\/\/domath.surju.ee\/et\/wp-json\/wp\/v2\/tags?post=1233"}],"curies":[{"name":"wp","href":"https:\/\/api.w.org\/{rel}","templated":true}]}}