{"id":1230,"date":"2024-02-28T20:17:33","date_gmt":"2024-02-28T20:17:33","guid":{"rendered":"https:\/\/domath.surju.ee\/?page_id=1230"},"modified":"2024-12-29T19:50:34","modified_gmt":"2024-12-29T19:50:34","slug":"isosceles-triangle","status":"publish","type":"page","link":"https:\/\/domath.surju.ee\/et\/vordhaarne-kolmnurk\/","title":{"rendered":"V\u00f5rdhaarne kolmnurk"},"content":{"rendered":"<h1 style=\"text-align: center;\"><strong><span style=\"color: #008000;\">V\u00f5rdhaarne kolmnurk<\/span><\/strong><\/h1>\r\n<p><span style=\"font-family: helvetica, arial, sans-serif;\"><span style=\"color: #ff0000;\"><strong>V\u00f5rdhaarne kolmnurk<\/strong><\/span> on kolmnurk, mille on kaks k\u00fclge on v\u00f5rdse pikkusega.&nbsp;<br \/>\r\n<br \/>\r\n<\/span><\/p>\r\n<p>V\u00f5rdsete pikkustega k\u00fclgi nimetatakse&nbsp; v\u00f5rdhaarse kolmnurga <strong>haaradeks<\/strong> ja<br \/>\r\nkolmandat k\u00fclge nimetatakse <strong>aluseks.&nbsp;<br \/>\r\n<br \/>\r\nV\u00f5rdhaarse kolmnurga alusnurgad on v\u00f5rdsed ja tipunurga poolitaja poolitab aluse ja on alusega risti.<br \/>\r\n<br \/>\r\n<\/strong>\u2220ACB = \u03b3 on <strong>tipunurk.<\/strong><br \/>\r\n\u2220BAC = \u03b1&nbsp;ja \u2220ABC = \u03b2&nbsp; on <strong>alusnurgad<\/strong>,<br \/>\r\nV\u00f5rdhaarse kolmnurga alusnurgad on <strong>v\u00f5rdsed<\/strong>: \u2220BAC = \u2220ABC.<br \/>\r\n<br \/>\r\n<br \/>\r\n<strong><img loading=\"lazy\" decoding=\"async\" class=\" wp-image-5142 alignleft\" src=\"https:\/\/domath.surju.ee\/wp-content\/uploads\/2024\/12\/vordhaarne-kolmnurk-300x236.png\" alt=\"\" width=\"192\" height=\"151\" srcset=\"https:\/\/domath.surju.ee\/wp-content\/uploads\/2024\/12\/vordhaarne-kolmnurk-300x236.png 300w, https:\/\/domath.surju.ee\/wp-content\/uploads\/2024\/12\/vordhaarne-kolmnurk-1024x807.png 1024w, https:\/\/domath.surju.ee\/wp-content\/uploads\/2024\/12\/vordhaarne-kolmnurk-768x605.png 768w, https:\/\/domath.surju.ee\/wp-content\/uploads\/2024\/12\/vordhaarne-kolmnurk-24x19.png 24w, https:\/\/domath.surju.ee\/wp-content\/uploads\/2024\/12\/vordhaarne-kolmnurk-36x28.png 36w, https:\/\/domath.surju.ee\/wp-content\/uploads\/2024\/12\/vordhaarne-kolmnurk-48x38.png 48w, https:\/\/domath.surju.ee\/wp-content\/uploads\/2024\/12\/vordhaarne-kolmnurk.png 1536w\" sizes=\"auto, (max-width: 192px) 100vw, 192px\" \/><\/strong><span style=\"font-size: 12pt;\"><strong><span style=\"color: #800000;\">V\u00f5rdhaarse kolmnurga haarad on v\u00f5rdsed.<br \/>\r\n<\/span><\/strong><\/span><span style=\"font-size: 12pt;\"><strong><span style=\"color: #800000;\">AC = BC<\/span><\/strong><\/span><\/p>\r\n<p style=\"text-align: left;\"><span style=\"font-size: 12pt;\"><strong><span style=\"color: #800000;\"><br \/>\r\nL\u00f5ik CD poolitab tipunurga <\/span><\/strong><\/span><span style=\"font-size: 12pt;\"><strong><span style=\"color: #800000;\">\u2220ACB.<br \/>\r\n<\/span><span style=\"color: #800000;\">\u2220ACD = \u2220BCD<br \/>\r\n<br \/>\r\n<\/span><\/strong><\/span><span style=\"font-size: 12pt;\"><strong><span style=\"color: #800000;\"><br \/>\r\nCD on tipunurga poolitaja, mis on alusega AB risti ja poolitab aluse.<\/span><span style=\"color: #800000;\"><br \/>\r\nCD \u22a5 AB<br \/>\r\n<\/span><\/strong><\/span><span style=\"font-size: 12pt;\"><strong><span style=\"color: #800000;\">AD = DB<br \/>\r\n<br \/>\r\n<\/span><span style=\"color: #800000;\">V\u00f5rdhaarse kolmnurga alusnurga leidmine:<br \/>\r\n<\/span><\/strong><\/span><span style=\"font-size: 12pt;\"><strong><span style=\"color: #800000;\">\u2220A = \u2220B = (180\u00ba \u2013 \u2220C) : 2<br \/>\r\n<br \/>\r\nV\u00f5rdhaarse kolmnurga tipunurga leidmine:<br \/>\r\n<\/span><\/strong><\/span><span style=\"font-size: 12pt;\"><strong><span style=\"color: #800000;\">\u2220C = 180\u00ba -\u2220A \u2013 \u2220B&nbsp; =180 \u00ba \u2013 (\u2220A + \u2220B)<\/span><\/strong><\/span><\/p>\r\n<p><strong>&nbsp;<\/strong><\/p>\r\n<p style=\"text-align: left;\"><strong>V\u00f5rdhaarse kolmnurga liigid:<\/strong><br \/>\r\n&nbsp;&#8211; v\u00f5rdhaarne tervanurkne kolmnurk (k\u00f5ik nurgad on teravnurgad).<br \/>\r\n&#8211; v\u00f5rdhaarne nurinurkne kolmnurk (\u00fcks nurk on n\u00fcrinurk).<br \/>\r\n&#8211; v\u00f5rdhaarne t\u00e4isnurkne kolmnurk (\u00fcks nurk on t\u00e4isnurk ehk <span class=\"Y2IQFc\" lang=\"et\">90\u00b0 <\/span>ja teised nurgad on 45\u00b0).<br \/>\r\nV\u00f5rdhaarse kolmnurga eriliik on <strong>v\u00f5rdk\u00fclgne kolmnurk<\/strong>, mille k\u00f5ik kolm k\u00fclge on v\u00f5rdsed ja k\u00f5ik nurgad on 60\u00b0.<br \/>\r\n<br \/>\r\n<\/p>\r\n<hr class=\"wp-block-separator has-alpha-channel-opacity\" \/>\r\n<p><!-- \/wp:post-content --><\/p>\r\n<figure class=\"wp-block-image size-full is-resized\"><img loading=\"lazy\" decoding=\"async\" width=\"768\" height=\"351\" class=\"wp-image-5143\" style=\"width: 464px; height: auto;\" src=\"https:\/\/domath.surju.ee\/wp-content\/uploads\/2024\/12\/TYPES-OF-ISOSCELES-TRIANGLE-768x351-1.png\" alt=\"\" srcset=\"https:\/\/domath.surju.ee\/wp-content\/uploads\/2024\/12\/TYPES-OF-ISOSCELES-TRIANGLE-768x351-1.png 768w, https:\/\/domath.surju.ee\/wp-content\/uploads\/2024\/12\/TYPES-OF-ISOSCELES-TRIANGLE-768x351-1-300x137.png 300w, https:\/\/domath.surju.ee\/wp-content\/uploads\/2024\/12\/TYPES-OF-ISOSCELES-TRIANGLE-768x351-1-24x11.png 24w, https:\/\/domath.surju.ee\/wp-content\/uploads\/2024\/12\/TYPES-OF-ISOSCELES-TRIANGLE-768x351-1-36x16.png 36w, https:\/\/domath.surju.ee\/wp-content\/uploads\/2024\/12\/TYPES-OF-ISOSCELES-TRIANGLE-768x351-1-48x22.png 48w\" sizes=\"auto, (max-width: 768px) 100vw, 768px\" \/><\/figure>\r\n<p><strong><!-- wp:tadv\/classic-paragraph --><\/strong><\/p>\r\n<h5 style=\"text-align: center;\">&nbsp;<\/h5>\r\n<p>&nbsp;<\/p>\r\n<h1 style=\"text-align: center;\"><strong><span style=\"color: #008000;\"><!-- wp:tadv\/classic-paragraph --><\/span><\/strong><\/h1>\r\n<pre id=\"tw-target-text\" class=\"tw-data-text tw-text-large tw-ta\" dir=\"ltr\" data-placeholder=\"Translation\" aria-label=\"Translated text\" data-ved=\"2ahUKEwiclPyr2ciFAxXyCBAIHaa2DX4Q3ewLegQIBRAU\"><strong><span style=\"color: #008000;\"><!-- \/wp:tadv\/classic-paragraph -->\r\n<!-- wp:html --> <iframe loading=\"lazy\" title=\"YouTube video player\" src=\"https:\/\/www.youtube.com\/embed\/2Wp2SsEgyNA?si=iWgM8f1CvhX0ufAK\" width=\"560\" height=\"315\" frameborder=\"0\" allowfullscreen=\"allowfullscreen\" data-mce-fragment=\"1\"><\/iframe> <!-- \/wp:html -->\r\n<!-- wp:image {\"id\":5159,\"width\":\"371px\",\"height\":\"auto\",\"sizeSlug\":\"large\",\"linkDestination\":\"none\",\"align\":\"center\"} --><\/span><\/strong><\/pre>\r\n<figure class=\"wp-block-image aligncenter size-large is-resized\"><\/figure>\r\n<h1 style=\"text-align: center;\"><strong><span style=\"color: #008000;\"><!-- \/wp:image -->\r\n<!-- wp:separator --><\/span><\/strong><\/h1>\r\n<hr class=\"wp-block-separator has-alpha-channel-opacity\" \/>\r\n<h1 style=\"text-align: center;\"><strong><span style=\"color: #008000;\"><!-- \/wp:separator --><\/span><\/strong><\/h1>\r\n<p style=\"text-align: center;\">&nbsp;<\/p>\r\n<h1 style=\"text-align: center;\"><strong><span style=\"color: #008000;\"><!-- wp:html --> <iframe loading=\"lazy\" style=\"border: 0px;\" title=\"v\u00f5rdhaarse kolmnurga alusnurgad\" src=\"https:\/\/www.geogebra.org\/material\/iframe\/id\/kfwy28kv\/width\/1250\/height\/585\/border\/888888\/sfsb\/true\/smb\/false\/stb\/false\/stbh\/false\/ai\/false\/asb\/false\/sri\/false\/rc\/false\/ld\/false\/sdz\/false\/ctl\/false\" width=\"600px\" height=\"350px\" scrolling=\"no\" data-mce-fragment=\"1\"> <\/iframe> <!-- \/wp:html -->\r\n<!-- wp:html --> <iframe loading=\"lazy\" style=\"border: 0px;\" title=\"V\u00f5rdhaarne kolmnurk yl\" src=\"https:\/\/www.geogebra.org\/material\/iframe\/id\/pyem6qaa\/width\/1250\/height\/632\/border\/888888\/sfsb\/true\/smb\/false\/stb\/false\/stbh\/false\/ai\/false\/asb\/false\/sri\/false\/rc\/false\/ld\/false\/sdz\/false\/ctl\/false\" width=\"600px\" height=\"350px\" scrolling=\"no\" data-mce-fragment=\"1\"> <\/iframe><\/span><\/strong><\/h1><!-- \/wp:html --><!-- \/wp:tadv\/classic-paragraph -->\r\n<!-- wp:image {\"id\":5143,\"width\":\"464px\",\"height\":\"auto\",\"sizeSlug\":\"full\",\"linkDestination\":\"none\"} --><\/p>\r\n<figure class=\"wp-block-image size-full is-resized\"><img loading=\"lazy\" decoding=\"async\" width=\"768\" height=\"351\" class=\"wp-image-5143\" style=\"width: 464px; height: auto;\" src=\"https:\/\/domath.surju.ee\/wp-content\/uploads\/2024\/12\/TYPES-OF-ISOSCELES-TRIANGLE-768x351-1.png\" alt=\"\" srcset=\"https:\/\/domath.surju.ee\/wp-content\/uploads\/2024\/12\/TYPES-OF-ISOSCELES-TRIANGLE-768x351-1.png 768w, https:\/\/domath.surju.ee\/wp-content\/uploads\/2024\/12\/TYPES-OF-ISOSCELES-TRIANGLE-768x351-1-300x137.png 300w, https:\/\/domath.surju.ee\/wp-content\/uploads\/2024\/12\/TYPES-OF-ISOSCELES-TRIANGLE-768x351-1-24x11.png 24w, https:\/\/domath.surju.ee\/wp-content\/uploads\/2024\/12\/TYPES-OF-ISOSCELES-TRIANGLE-768x351-1-36x16.png 36w, https:\/\/domath.surju.ee\/wp-content\/uploads\/2024\/12\/TYPES-OF-ISOSCELES-TRIANGLE-768x351-1-48x22.png 48w\" sizes=\"auto, (max-width: 768px) 100vw, 768px\" \/><\/figure>\r\n<p><strong><!-- wp:tadv\/classic-paragraph --><\/strong><\/p>\r\n<h5 style=\"text-align: center;\">&nbsp;<\/h5>\r\n<p>&nbsp;<\/p>\r\n<h1 style=\"text-align: center;\"><strong><span style=\"color: #008000;\"><!-- wp:tadv\/classic-paragraph --><\/span><\/strong><\/h1>\r\n<pre id=\"tw-target-text\" class=\"tw-data-text tw-text-large tw-ta\" dir=\"ltr\" data-placeholder=\"Translation\" aria-label=\"Translated text\" data-ved=\"2ahUKEwiclPyr2ciFAxXyCBAIHaa2DX4Q3ewLegQIBRAU\"><strong><span style=\"color: #008000;\"><!-- \/wp:tadv\/classic-paragraph -->\r\n<!-- wp:html --> <iframe loading=\"lazy\" title=\"YouTube video player\" src=\"https:\/\/www.youtube.com\/embed\/2Wp2SsEgyNA?si=iWgM8f1CvhX0ufAK\" width=\"560\" height=\"315\" frameborder=\"0\" allowfullscreen=\"allowfullscreen\" data-mce-fragment=\"1\"><\/iframe> <!-- \/wp:html -->\r\n<!-- wp:image {\"id\":5159,\"width\":\"371px\",\"height\":\"auto\",\"sizeSlug\":\"large\",\"linkDestination\":\"none\",\"align\":\"center\"} --><\/span><\/strong><\/pre>\r\n<figure class=\"wp-block-image aligncenter size-large is-resized\"><\/figure>\r\n<h1 style=\"text-align: center;\"><strong><span style=\"color: #008000;\"><!-- \/wp:image -->\r\n<!-- wp:separator --><\/span><\/strong><\/h1>\r\n<hr class=\"wp-block-separator has-alpha-channel-opacity\" \/>\r\n<h1 style=\"text-align: center;\"><strong><span style=\"color: #008000;\"><!-- \/wp:separator --><\/span><\/strong><\/h1>\r\n<p style=\"text-align: center;\">&nbsp;<\/p>\r\n<h1 style=\"text-align: center;\"><strong><span style=\"color: #008000;\"><!-- wp:html --> <iframe loading=\"lazy\" style=\"border: 0px;\" title=\"v\u00f5rdhaarse kolmnurga alusnurgad\" src=\"https:\/\/www.geogebra.org\/material\/iframe\/id\/kfwy28kv\/width\/1250\/height\/585\/border\/888888\/sfsb\/true\/smb\/false\/stb\/false\/stbh\/false\/ai\/false\/asb\/false\/sri\/false\/rc\/false\/ld\/false\/sdz\/false\/ctl\/false\" width=\"600px\" height=\"350px\" scrolling=\"no\" data-mce-fragment=\"1\"> <\/iframe> <!-- \/wp:html -->\r\n<!-- wp:html --> <iframe loading=\"lazy\" style=\"border: 0px;\" title=\"V\u00f5rdhaarne kolmnurk yl\" src=\"https:\/\/www.geogebra.org\/material\/iframe\/id\/pyem6qaa\/width\/1250\/height\/632\/border\/888888\/sfsb\/true\/smb\/false\/stb\/false\/stbh\/false\/ai\/false\/asb\/false\/sri\/false\/rc\/false\/ld\/false\/sdz\/false\/ctl\/false\" width=\"600px\" height=\"350px\" scrolling=\"no\" data-mce-fragment=\"1\"> <\/iframe><\/span><\/strong><\/h1><!-- \/wp:post-content -->","protected":false},"excerpt":{"rendered":"<p>V\u00f5rdhaarne kolmnurk V\u00f5rdhaarne kolmnurk on kolmnurk, mille on kaks k\u00fclge on v\u00f5rdse pikkusega.&nbsp; V\u00f5rdsete pikkustega k\u00fclgi nimetatakse&nbsp; v\u00f5rdhaarse kolmnurga haaradeks ja kolmandat k\u00fclge nimetatakse aluseks.&nbsp; V\u00f5rdhaarse kolmnurga alusnurgad on v\u00f5rdsed ja tipunurga poolitaja poolitab aluse ja on alusega risti. \u2220ACB = \u03b3 on tipunurk. \u2220BAC = \u03b1&nbsp;ja \u2220ABC = \u03b2&nbsp; on alusnurgad, V\u00f5rdhaarse kolmnurga alusnurgad [&#8230;]<\/p>\n<p><a class=\"btn btn-secondary understrap-read-more-link\" href=\"https:\/\/domath.surju.ee\/et\/vordhaarne-kolmnurk\/\">Read More&#8230;<span class=\"screen-reader-text\"> from V\u00f5rdhaarne kolmnurk<\/span><\/a><\/p>\n","protected":false},"author":6,"featured_media":0,"parent":0,"menu_order":0,"comment_status":"closed","ping_status":"closed","template":"","meta":{"_eb_attr":"","_uag_custom_page_level_css":"","footnotes":""},"categories":[],"tags":[94,119,143,135],"class_list":["post-1230","page","type-page","status-publish","hentry","tag-english-i","tag-estonian-v","tag-greek-iota","tag-spanish-t"],"uagb_featured_image_src":{"full":false,"thumbnail":false,"medium":false,"medium_large":false,"large":false,"1536x1536":false,"2048x2048":false,"menu-24x24":false,"menu-36x36":false,"menu-48x48":false},"uagb_author_info":{"display_name":"Yraya Santana","author_link":"https:\/\/domath.surju.ee\/et\/author\/yraya\/"},"uagb_comment_info":0,"uagb_excerpt":"V\u00f5rdhaarne kolmnurk V\u00f5rdhaarne kolmnurk on kolmnurk, mille on kaks k\u00fclge on v\u00f5rdse pikkusega.&nbsp; V\u00f5rdsete pikkustega k\u00fclgi nimetatakse&nbsp; v\u00f5rdhaarse kolmnurga haaradeks ja kolmandat k\u00fclge nimetatakse aluseks.&nbsp; V\u00f5rdhaarse kolmnurga alusnurgad on v\u00f5rdsed ja tipunurga poolitaja poolitab aluse ja on alusega risti. \u2220ACB = \u03b3 on tipunurk. \u2220BAC = \u03b1&nbsp;ja \u2220ABC = \u03b2&nbsp; on alusnurgad, V\u00f5rdhaarse kolmnurga alusnurgad&hellip;","_links":{"self":[{"href":"https:\/\/domath.surju.ee\/et\/wp-json\/wp\/v2\/pages\/1230","targetHints":{"allow":["GET"]}}],"collection":[{"href":"https:\/\/domath.surju.ee\/et\/wp-json\/wp\/v2\/pages"}],"about":[{"href":"https:\/\/domath.surju.ee\/et\/wp-json\/wp\/v2\/types\/page"}],"author":[{"embeddable":true,"href":"https:\/\/domath.surju.ee\/et\/wp-json\/wp\/v2\/users\/6"}],"replies":[{"embeddable":true,"href":"https:\/\/domath.surju.ee\/et\/wp-json\/wp\/v2\/comments?post=1230"}],"version-history":[{"count":30,"href":"https:\/\/domath.surju.ee\/et\/wp-json\/wp\/v2\/pages\/1230\/revisions"}],"predecessor-version":[{"id":5164,"href":"https:\/\/domath.surju.ee\/et\/wp-json\/wp\/v2\/pages\/1230\/revisions\/5164"}],"wp:attachment":[{"href":"https:\/\/domath.surju.ee\/et\/wp-json\/wp\/v2\/media?parent=1230"}],"wp:term":[{"taxonomy":"category","embeddable":true,"href":"https:\/\/domath.surju.ee\/et\/wp-json\/wp\/v2\/categories?post=1230"},{"taxonomy":"post_tag","embeddable":true,"href":"https:\/\/domath.surju.ee\/et\/wp-json\/wp\/v2\/tags?post=1230"}],"curies":[{"name":"wp","href":"https:\/\/api.w.org\/{rel}","templated":true}]}}