{"id":1224,"date":"2024-02-28T19:58:05","date_gmt":"2024-02-28T19:58:05","guid":{"rendered":"https:\/\/domath.surju.ee\/?page_id=1224"},"modified":"2024-12-29T18:09:39","modified_gmt":"2024-12-29T18:09:39","slug":"integer","status":"publish","type":"page","link":"https:\/\/domath.surju.ee\/et\/taisarv\/","title":{"rendered":"T\u00e4isarv"},"content":{"rendered":"<h1 style=\"text-align: center;\"><span style=\"color: #008000;\"><strong>T\u00e4isarv<\/strong><\/span><\/h1>\r\n\r\n<p><b><span style=\"color: #ff0000;\">T\u00e4isarvud<\/span> <\/b>on naturaalarvud koos nende vastandarvudega.<br \/>\r\n<b>T\u00e4isarv<\/b><span style=\"font-weight: 400;\"> v\u00f5ib olla positiivne arv, negatiivne arv v\u00f5i null. <br \/>\r\n<strong>T\u00e4isarve<\/strong> kasutatakse loendamiseks, kauguste m\u00f5\u00f5tmiseks v\u00f5i hulkade puhul. <br \/>\r\n<strong>T\u00e4isarve<\/strong> kasutatakse ka matemaatika valemites ja v\u00f5rdustes.&nbsp;<br \/>\r\n<\/span><\/p>\r\n<p><span style=\"font-weight: 400;\">Siin on m\u00f5ned n\u00e4ited <strong>t\u00e4isarvude<\/strong> kohta<\/span><span style=\"font-weight: 400;\">:<\/span><\/p>\r\n<ul>\r\n\t<li style=\"font-weight: 400;\" aria-level=\"1\"><span style=\"font-weight: 400;\">1, 2, 3, 4, 5, &#8230; (positiivsed t\u00e4isarvud)<\/span><\/li>\r\n\t<li style=\"font-weight: 400;\" aria-level=\"1\"><span style=\"font-weight: 400;\">-1, -2, -3, -4, -5, &#8230; (negatiivsed t\u00e4isarvud)<\/span><\/li>\r\n\t<li style=\"font-weight: 400;\" aria-level=\"1\"><span style=\"font-weight: 400;\">0 (null)<\/span><\/li>\r\n<\/ul>\r\n<strong>T\u00e4isarvude<\/strong> hulka t\u00e4histatakse tavaliselt t\u00e4hega Z.&nbsp;<br \/>\r\n<img loading=\"lazy\" decoding=\"async\" class=\"alignnone  wp-image-5140\" src=\"https:\/\/domath.surju.ee\/wp-content\/uploads\/2024\/12\/TYPES-OF-ISOSCELES-TRIANGLE-5-300x189.png\" alt=\"\" width=\"387\" height=\"244\" srcset=\"https:\/\/domath.surju.ee\/wp-content\/uploads\/2024\/12\/TYPES-OF-ISOSCELES-TRIANGLE-5-300x189.png 300w, https:\/\/domath.surju.ee\/wp-content\/uploads\/2024\/12\/TYPES-OF-ISOSCELES-TRIANGLE-5-1024x644.png 1024w, https:\/\/domath.surju.ee\/wp-content\/uploads\/2024\/12\/TYPES-OF-ISOSCELES-TRIANGLE-5-768x483.png 768w, https:\/\/domath.surju.ee\/wp-content\/uploads\/2024\/12\/TYPES-OF-ISOSCELES-TRIANGLE-5-24x15.png 24w, https:\/\/domath.surju.ee\/wp-content\/uploads\/2024\/12\/TYPES-OF-ISOSCELES-TRIANGLE-5-36x23.png 36w, https:\/\/domath.surju.ee\/wp-content\/uploads\/2024\/12\/TYPES-OF-ISOSCELES-TRIANGLE-5-48x30.png 48w, https:\/\/domath.surju.ee\/wp-content\/uploads\/2024\/12\/TYPES-OF-ISOSCELES-TRIANGLE-5.png 1435w\" sizes=\"auto, (max-width: 387px) 100vw, 387px\" \/><br \/>\r\n<span style=\"font-weight: 400;\"><span style=\"color: #ff0000;\"><strong>T\u00e4isarvude hulk (Z)<\/strong> <\/span>sisaldab positiivseid naturaalarve, nende vastandarve ja arvu 0 <br \/>\r\n<strong><span style=\"color: #0000ff;\">N\u00e4iteks:&nbsp;<\/span><\/strong> {&#8230; -3, -2, -1, 0, 1, 2, 3, &#8230;}<\/span><br \/>\r\n<br \/>\r\n<strong><span style=\"color: #ff0000;\">T\u00e4isarvu \u2013a<\/span><\/strong>&nbsp;nimetatakse t\u00e4isarvu a vastandarvuks.&nbsp;<br \/>\r\n<span style=\"font-weight: 400;\"><strong><span style=\"color: #0000ff;\">N\u00e4iteks:&nbsp;&nbsp;<br \/>\r\n<\/span><\/strong><span style=\"color: #000000;\">Arvu 5 vastandarv on -5<\/span><strong><span style=\"color: #0000ff;\"><br \/>\r\n<\/span><\/strong><span style=\"color: #000000;\">Arvu -5 vastandarv on -(-5)=5<br \/>\r\n<\/span><\/span><br \/>\r\nNullist v\u00e4iksemaid <strong>t\u00e4isarve<\/strong> nimetatakse <span style=\"color: #ff0000;\"><strong>negatiivseteks<\/strong> <strong>t\u00e4isarvudeks<\/strong><\/span>, nullist suuremaid <strong>t\u00e4isarve<\/strong> nimetatakse <strong><span style=\"color: #ff0000;\">positiivseteks<\/span> <span style=\"color: #ff0000;\">t\u00e4isarvudeks.&nbsp;<\/span><\/strong><br \/>\r\n<p><span style=\"font-weight: 400;\"><br \/>\r\nSiin on m\u00f5ned n\u00e4ited <strong>t\u00e4isarvude<\/strong> kasutamisest tehetes:&nbsp;<\/span><\/p>\r\n<ul>\r\n\t<li style=\"font-weight: 400;\" aria-level=\"1\"><span style=\"font-weight: 400;\">1 + 2 = 3<\/span><\/li>\r\n\t<li style=\"font-weight: 400;\" aria-level=\"1\"><span style=\"font-weight: 400;\">5 &#8211; 3 = 2<\/span><\/li>\r\n\t<li style=\"font-weight: 400;\" aria-level=\"1\"><span style=\"font-weight: 400;\">4 * 2 = 8<\/span><\/li>\r\n\t<li style=\"font-weight: 400;\" aria-level=\"1\"><span style=\"font-weight: 400;\">10 \/ 2 = 5<\/span><\/li>\r\n<\/ul>\r\n<p><br \/>\r\n<br \/>\r\nLingid:&nbsp;<\/p>\r\n<p><a href=\"https:\/\/tutors.com\/lesson\/integers-definition-examples\">https:\/\/tutors.com\/lesson\/integers-definition-examples<\/a><\/p>\r\n<p><a href=\"https:\/\/www.mathplayground.com\/ASB_OrbitIntegers.html\">https:\/\/www.mathplayground.com\/ASB_OrbitIntegers.html<\/a><\/p>\r\n\r\n\r\n<p>&nbsp;<\/p>\r\n<p>&nbsp;<\/p>\r\n","protected":false},"excerpt":{"rendered":"<p>T\u00e4isarv T\u00e4isarvud on naturaalarvud koos nende vastandarvudega. T\u00e4isarv v\u00f5ib olla positiivne arv, negatiivne arv v\u00f5i null. T\u00e4isarve kasutatakse loendamiseks, kauguste m\u00f5\u00f5tmiseks v\u00f5i hulkade puhul. T\u00e4isarve kasutatakse ka matemaatika valemites ja v\u00f5rdustes.&nbsp; Siin on m\u00f5ned n\u00e4ited t\u00e4isarvude kohta: 1, 2, 3, 4, 5, &#8230; (positiivsed t\u00e4isarvud) -1, -2, -3, -4, -5, &#8230; (negatiivsed t\u00e4isarvud) 0 (null) [&#8230;]<\/p>\n<p><a class=\"btn btn-secondary understrap-read-more-link\" href=\"https:\/\/domath.surju.ee\/et\/taisarv\/\">Read More&#8230;<span class=\"screen-reader-text\"> from T\u00e4isarv<\/span><\/a><\/p>\n","protected":false},"author":6,"featured_media":0,"parent":0,"menu_order":0,"comment_status":"closed","ping_status":"closed","template":"","meta":{"_eb_attr":"","_uag_custom_page_level_css":"","footnotes":""},"categories":[],"tags":[94,40,86,129],"class_list":["post-1224","page","type-page","status-publish","hentry","tag-english-i","tag-estonian-t","tag-greek-alpha","tag-spanish-ne"],"uagb_featured_image_src":{"full":false,"thumbnail":false,"medium":false,"medium_large":false,"large":false,"1536x1536":false,"2048x2048":false,"menu-24x24":false,"menu-36x36":false,"menu-48x48":false},"uagb_author_info":{"display_name":"Yraya Santana","author_link":"https:\/\/domath.surju.ee\/et\/author\/yraya\/"},"uagb_comment_info":0,"uagb_excerpt":"T\u00e4isarv T\u00e4isarvud on naturaalarvud koos nende vastandarvudega. T\u00e4isarv v\u00f5ib olla positiivne arv, negatiivne arv v\u00f5i null. T\u00e4isarve kasutatakse loendamiseks, kauguste m\u00f5\u00f5tmiseks v\u00f5i hulkade puhul. T\u00e4isarve kasutatakse ka matemaatika valemites ja v\u00f5rdustes.&nbsp; Siin on m\u00f5ned n\u00e4ited t\u00e4isarvude kohta: 1, 2, 3, 4, 5, &#8230; (positiivsed t\u00e4isarvud) -1, -2, -3, -4, -5, &#8230; (negatiivsed t\u00e4isarvud) 0 (null)&hellip;","_links":{"self":[{"href":"https:\/\/domath.surju.ee\/et\/wp-json\/wp\/v2\/pages\/1224","targetHints":{"allow":["GET"]}}],"collection":[{"href":"https:\/\/domath.surju.ee\/et\/wp-json\/wp\/v2\/pages"}],"about":[{"href":"https:\/\/domath.surju.ee\/et\/wp-json\/wp\/v2\/types\/page"}],"author":[{"embeddable":true,"href":"https:\/\/domath.surju.ee\/et\/wp-json\/wp\/v2\/users\/6"}],"replies":[{"embeddable":true,"href":"https:\/\/domath.surju.ee\/et\/wp-json\/wp\/v2\/comments?post=1224"}],"version-history":[{"count":10,"href":"https:\/\/domath.surju.ee\/et\/wp-json\/wp\/v2\/pages\/1224\/revisions"}],"predecessor-version":[{"id":4120,"href":"https:\/\/domath.surju.ee\/et\/wp-json\/wp\/v2\/pages\/1224\/revisions\/4120"}],"wp:attachment":[{"href":"https:\/\/domath.surju.ee\/et\/wp-json\/wp\/v2\/media?parent=1224"}],"wp:term":[{"taxonomy":"category","embeddable":true,"href":"https:\/\/domath.surju.ee\/et\/wp-json\/wp\/v2\/categories?post=1224"},{"taxonomy":"post_tag","embeddable":true,"href":"https:\/\/domath.surju.ee\/et\/wp-json\/wp\/v2\/tags?post=1224"}],"curies":[{"name":"wp","href":"https:\/\/api.w.org\/{rel}","templated":true}]}}