{"id":1221,"date":"2024-02-28T18:00:05","date_gmt":"2024-02-28T18:00:05","guid":{"rendered":"https:\/\/domath.surju.ee\/?page_id=1221"},"modified":"2024-12-26T20:58:05","modified_gmt":"2024-12-26T20:58:05","slug":"least-common-multiple","status":"publish","type":"page","link":"https:\/\/domath.surju.ee\/et\/vahim-uhiskordne\/","title":{"rendered":"V\u00e4him \u00fchiskordne"},"content":{"rendered":"<h1 style=\"text-align: center;\"><span style=\"color: #008000;\"><strong>V\u00e4him \u00fchiskordne<\/strong><\/span><\/h1>\r\n<p><span style=\"font-weight: 400;\"><br \/>\r\n<strong><span style=\"color: #ff0000;\">V\u00e4him \u00fchiskordne (V\u00dcK<\/span>)<\/strong> on v\u00e4him nullist erinev arv, mis jagab iga antud arvudega.&nbsp;<br \/>\r\n<b>V\u00e4himat \u00fchiskordset<\/b> kasutatakse murdude v\u00f5rdlemisel,&nbsp; liitmisel ja lahutamisel, kus ta on murdude \u00fchiseks nimetajaks.&nbsp;<br \/>\r\n<br \/>\r\n\u00dchiskordne: <a href=\"https:\/\/domath.surju.ee\/et\/uhiskordne\/\">https:\/\/domath.surju.ee\/et\/uhiskordne\/<\/a><br \/>\r\n<br \/>\r\n<strong><span style=\"color: #0000ff;\">N\u00e4ited:&nbsp;<br \/>\r\n<\/span><\/strong><\/span>1. Leia arvude 6 ja 8<b> v\u00e4him \u00fchiskordne (V\u00dcK)<\/b><\/p>\r\n<ul>\r\n\t<li style=\"font-weight: 400;\" aria-checked=\"false\" aria-level=\"1\"><span style=\"font-weight: 400;\">Arvu 6 kordsed: 6, 12, 18, 24, 30,&#8230;<\/span><\/li>\r\n\t<li style=\"font-weight: 400;\" aria-checked=\"false\" aria-level=\"1\"><span style=\"font-weight: 400;\">Arvu 8 kordsed: 8, 16, 24, 32, 40,&#8230;<\/span><\/li>\r\n\t<li style=\"font-weight: 400;\" aria-checked=\"false\" aria-level=\"1\"><span style=\"font-weight: 400;\">V\u00dcK (6; 8) = 24, s<\/span>ee t\u00e4hendab, et arv 24 jagub m\u00f5lema antud&nbsp; arvuga.&nbsp;<\/li>\r\n<\/ul>\r\n<br \/>\r\n2. Leia arvude 5 ja 12 <strong>v\u00e4him \u00fchiskordne (V\u00dcK)<\/strong>\r\n<ul>\r\n\t<li style=\"font-weight: 400;\" aria-checked=\"false\" aria-level=\"1\"><span style=\"font-weight: 400;\">Arvu 5 kordsed: 5, 10, 15, 20, 25, 30,&#8230;, 60<\/span><\/li>\r\n\t<li style=\"font-weight: 400;\" aria-checked=\"false\" aria-level=\"1\"><span style=\"font-weight: 400;\">Arvu 12 kordsed: 12, 24, 36, 48, 60,&#8230;<\/span><\/li>\r\n\t<li aria-checked=\"false\" aria-level=\"1\">V\u00dcK (5; 12) = 60, see t\u00e4hendab, et arv 60 jagub m\u00f5lema antud arvuga<\/li>\r\n<\/ul>\r\n<br \/>\r\n3. Suuremate arvude puhul v\u00f5ib teha nii:&nbsp;<br \/>\r\n<p><span style=\"font-weight: 400;\"><b>V\u00e4<\/b><\/span><span style=\"font-weight: 400;\"><b>hima \u00fchiskordse <\/b>leidmiseks tuleb antud arvud lahutada algteguriteks ja leida korrutis, mille teguriteks on:<br \/>\r\n&#8211; k\u00f5ik esimese arvu tegurid (kogu esimene arv);<br \/>\r\n&#8211; teisest arvust need tegurid, mida esimeses arvus ei ole;<br \/>\r\n&#8211; j\u00e4rgmistest arvudest need tegurid, mida eelmistes arvus ei ole.<span style=\"color: #0000ff;\"><b><br \/>\r\n<\/b><\/span><br \/>\r\nLeiame arvude 8 ja 6 v\u00e4hima \u00fchiskordse. <br \/>\r\nLahutame arvud algteguriteks.&nbsp;<br \/>\r\nArvu 8 algtegurid on 2, 2, 2.&nbsp;<br \/>\r\nArvu 6 algtegurid on 2, 3.&nbsp;<br \/>\r\n<\/span><\/p>\r\n<p>Leiame <strong>v\u00e4hima \u00fchiskordse,<\/strong> selleks korrutame omavahel k\u00f5ik esimese arvu algtegurid ja teise arvu teguritest v\u00f5tame lisaks arvu 3, sest seda esimese arvu tegurite hulgas ei ole.<br \/>\r\n<br \/>\r\n<strong>V\u00dcK(8; 6) = 2 \u22c5 2 \u22c5 2 \u22c5 3 = 24<\/strong><\/p>\r\n<p>Vastus. Arvude 8 ja 6 <strong>v\u00e4him \u00fchiskordne<\/strong> on <span style=\"color: #ff0000;\"><strong>24.<\/strong><\/span><br \/>\r\nSee t\u00e4hendab, et arv 24 jagub m\u00f5lema eeltoodud arvuga.<\/p>\r\n<p><strong>Lingid:<\/strong><\/p>\r\n<ul>\r\n\t<li style=\"font-weight: 400;\" aria-checked=\"false\" aria-level=\"1\"><span style=\"font-weight: 400;\"><a href=\"https:\/\/wordwall.net\/resource\/29171346\/least-common-multiple-lcm-review\">https:\/\/wordwall.net\/resource\/29171346\/least-common-multiple-lcm-review<\/a><\/span><\/li>\r\n\t<li aria-checked=\"false\" aria-level=\"1\"><a href=\"https:\/\/wordwall.net\/resource\/32067673\/math\/lcm\">https:\/\/wordwall.net\/resource\/32067673\/math\/lcm<\/a><\/li>\r\n<\/ul>\r\n<br \/>\r\n<h5 style=\"text-align: center;\">&nbsp;<\/h5>\r\n <iframe loading=\"lazy\" style=\"border: 0px;\" title=\"Least Common Multiple \" src=\"https:\/\/www.geogebra.org\/material\/iframe\/id\/bhbssgka\/width\/1100\/height\/550\/border\/888888\/sfsb\/true\/smb\/false\/stb\/false\/stbh\/false\/ai\/false\/asb\/false\/sri\/false\/rc\/false\/ld\/false\/sdz\/false\/ctl\/false\" width=\"600px\" height=\"300px\" scrolling=\"no\"> <\/iframe> \r\n\r\n<hr class=\"wp-block-separator has-alpha-channel-opacity\" \/>\r\n<h5 style=\"text-align: center;\"><span style=\"color: #99ccff; background-color: #333399;\">Play games<\/span><\/h5>\r\n<div class=\"wp-block-image\">\r\n<figure class=\"aligncenter size-large is-resized\"><a href=\"https:\/\/www.esparklearning.com\/activities\/math\/panda-breakout-least-common-multiples\/\" target=\"_blank\" rel=\"noreferrer noopener\"><img loading=\"lazy\" decoding=\"async\" width=\"1024\" height=\"631\" class=\"wp-image-3092\" style=\"width: 612px; height: auto;\" src=\"https:\/\/domath.surju.ee\/wp-content\/uploads\/2024\/07\/Kuvatommis-2024-07-29-230726-1024x631.png\" alt=\"\" srcset=\"https:\/\/domath.surju.ee\/wp-content\/uploads\/2024\/07\/Kuvatommis-2024-07-29-230726-1024x631.png 1024w, https:\/\/domath.surju.ee\/wp-content\/uploads\/2024\/07\/Kuvatommis-2024-07-29-230726-300x185.png 300w, https:\/\/domath.surju.ee\/wp-content\/uploads\/2024\/07\/Kuvatommis-2024-07-29-230726-768x473.png 768w, https:\/\/domath.surju.ee\/wp-content\/uploads\/2024\/07\/Kuvatommis-2024-07-29-230726-24x15.png 24w, https:\/\/domath.surju.ee\/wp-content\/uploads\/2024\/07\/Kuvatommis-2024-07-29-230726-36x22.png 36w, https:\/\/domath.surju.ee\/wp-content\/uploads\/2024\/07\/Kuvatommis-2024-07-29-230726-48x30.png 48w, https:\/\/domath.surju.ee\/wp-content\/uploads\/2024\/07\/Kuvatommis-2024-07-29-230726.png 1258w\" sizes=\"auto, (max-width: 1024px) 100vw, 1024px\" \/><\/a><\/figure><\/div>\r\n\r\n<p class=\"has-text-align-center\"><a href=\"https:\/\/www.esparklearning.com\/activities\/math\/panda-breakout-least-common-multiples\">https:\/\/www.esparklearning.com\/activities\/math\/panda-breakout-least-common-multiples<\/a><\/p>\r\n\r\n\r\n<p>&nbsp;<\/p>\r\n\r\n<div class=\"wp-block-image\">\r\n<figure class=\"aligncenter size-large is-resized\"><a href=\"https:\/\/www.sheppardsoftware.com\/math\/multiples\/fruit-splat-game\/\" target=\"_blank\" rel=\"noreferrer noopener\"><img loading=\"lazy\" decoding=\"async\" width=\"1024\" height=\"752\" class=\"wp-image-3094\" style=\"width: 600px; height: auto;\" src=\"https:\/\/domath.surju.ee\/wp-content\/uploads\/2024\/07\/Kuvatommis-2024-07-29-231259-1024x752.png\" alt=\"\" srcset=\"https:\/\/domath.surju.ee\/wp-content\/uploads\/2024\/07\/Kuvatommis-2024-07-29-231259-1024x752.png 1024w, https:\/\/domath.surju.ee\/wp-content\/uploads\/2024\/07\/Kuvatommis-2024-07-29-231259-300x220.png 300w, https:\/\/domath.surju.ee\/wp-content\/uploads\/2024\/07\/Kuvatommis-2024-07-29-231259-768x564.png 768w, https:\/\/domath.surju.ee\/wp-content\/uploads\/2024\/07\/Kuvatommis-2024-07-29-231259-24x18.png 24w, https:\/\/domath.surju.ee\/wp-content\/uploads\/2024\/07\/Kuvatommis-2024-07-29-231259-36x26.png 36w, https:\/\/domath.surju.ee\/wp-content\/uploads\/2024\/07\/Kuvatommis-2024-07-29-231259-48x35.png 48w, https:\/\/domath.surju.ee\/wp-content\/uploads\/2024\/07\/Kuvatommis-2024-07-29-231259.png 1132w\" sizes=\"auto, (max-width: 1024px) 100vw, 1024px\" \/><\/a><\/figure><\/div>\r\n<p style=\"text-align: center;\"><a href=\"https:\/\/www.sheppardsoftware.com\/math\/multiples\/fruit-splat-game\/\">https:\/\/www.sheppardsoftware.com\/math\/multiples\/fruit-splat-game\/<\/a><\/p>\r\n<!-- \/wp:post-content -->","protected":false},"excerpt":{"rendered":"<p>V\u00e4him \u00fchiskordne V\u00e4him \u00fchiskordne (V\u00dcK) on v\u00e4him nullist erinev arv, mis jagab iga antud arvudega.&nbsp; V\u00e4himat \u00fchiskordset kasutatakse murdude v\u00f5rdlemisel,&nbsp; liitmisel ja lahutamisel, kus ta on murdude \u00fchiseks nimetajaks.&nbsp; \u00dchiskordne: https:\/\/domath.surju.ee\/et\/uhiskordne\/ N\u00e4ited:&nbsp; 1. Leia arvude 6 ja 8 v\u00e4him \u00fchiskordne (V\u00dcK) Arvu 6 kordsed: 6, 12, 18, 24, 30,&#8230; Arvu 8 kordsed: 8, 16, 24, [&#8230;]<\/p>\n<p><a class=\"btn btn-secondary understrap-read-more-link\" href=\"https:\/\/domath.surju.ee\/et\/vahim-uhiskordne\/\">Read More&#8230;<span class=\"screen-reader-text\"> from V\u00e4him \u00fchiskordne<\/span><\/a><\/p>\n","protected":false},"author":7,"featured_media":0,"parent":0,"menu_order":0,"comment_status":"closed","ping_status":"closed","template":"","meta":{"_eb_attr":"","_uag_custom_page_level_css":"","footnotes":""},"categories":[],"tags":[42,119,85,78],"class_list":["post-1221","page","type-page","status-publish","hentry","tag-english-l","tag-estonian-v","tag-greek-epsilon","tag-spanish-m"],"uagb_featured_image_src":{"full":false,"thumbnail":false,"medium":false,"medium_large":false,"large":false,"1536x1536":false,"2048x2048":false,"menu-24x24":false,"menu-36x36":false,"menu-48x48":false},"uagb_author_info":{"display_name":"Yessica Caceres","author_link":"https:\/\/domath.surju.ee\/et\/author\/yessica\/"},"uagb_comment_info":0,"uagb_excerpt":"V\u00e4him \u00fchiskordne V\u00e4him \u00fchiskordne (V\u00dcK) on v\u00e4him nullist erinev arv, mis jagab iga antud arvudega.&nbsp; V\u00e4himat \u00fchiskordset kasutatakse murdude v\u00f5rdlemisel,&nbsp; liitmisel ja lahutamisel, kus ta on murdude \u00fchiseks nimetajaks.&nbsp; \u00dchiskordne: https:\/\/domath.surju.ee\/et\/uhiskordne\/ N\u00e4ited:&nbsp; 1. Leia arvude 6 ja 8 v\u00e4him \u00fchiskordne (V\u00dcK) Arvu 6 kordsed: 6, 12, 18, 24, 30,&#8230; Arvu 8 kordsed: 8, 16, 24,&hellip;","_links":{"self":[{"href":"https:\/\/domath.surju.ee\/et\/wp-json\/wp\/v2\/pages\/1221","targetHints":{"allow":["GET"]}}],"collection":[{"href":"https:\/\/domath.surju.ee\/et\/wp-json\/wp\/v2\/pages"}],"about":[{"href":"https:\/\/domath.surju.ee\/et\/wp-json\/wp\/v2\/types\/page"}],"author":[{"embeddable":true,"href":"https:\/\/domath.surju.ee\/et\/wp-json\/wp\/v2\/users\/7"}],"replies":[{"embeddable":true,"href":"https:\/\/domath.surju.ee\/et\/wp-json\/wp\/v2\/comments?post=1221"}],"version-history":[{"count":3,"href":"https:\/\/domath.surju.ee\/et\/wp-json\/wp\/v2\/pages\/1221\/revisions"}],"predecessor-version":[{"id":4986,"href":"https:\/\/domath.surju.ee\/et\/wp-json\/wp\/v2\/pages\/1221\/revisions\/4986"}],"wp:attachment":[{"href":"https:\/\/domath.surju.ee\/et\/wp-json\/wp\/v2\/media?parent=1221"}],"wp:term":[{"taxonomy":"category","embeddable":true,"href":"https:\/\/domath.surju.ee\/et\/wp-json\/wp\/v2\/categories?post=1221"},{"taxonomy":"post_tag","embeddable":true,"href":"https:\/\/domath.surju.ee\/et\/wp-json\/wp\/v2\/tags?post=1221"}],"curies":[{"name":"wp","href":"https:\/\/api.w.org\/{rel}","templated":true}]}}