{"id":1219,"date":"2024-02-28T17:57:30","date_gmt":"2024-02-28T17:57:30","guid":{"rendered":"https:\/\/domath.surju.ee\/?page_id=1219"},"modified":"2024-12-26T20:15:11","modified_gmt":"2024-12-26T20:15:11","slug":"least-common-denominator","status":"publish","type":"page","link":"https:\/\/domath.surju.ee\/et\/vahim-uhine-nimetaja\/","title":{"rendered":"V\u00e4him \u00fchine nimetaja"},"content":{"rendered":"\r\n<h1 style=\"text-align: center;\"><span style=\"color: #008000;\"><strong>V\u00e4him \u00fchine nimetaja<br \/>\r\n<br \/>\r\n<\/strong><\/span><\/h1>\r\n<p><span style=\"font-weight: 400;\"><span id=\"s67477_9_d\" class=\"d\"><strong>\u00dchine nimetaja: <a href=\"https:\/\/domath.surju.ee\/et\/uhine-nimetaja\/\">https:\/\/domath.surju.ee\/et\/uhine-nimetaja\/<\/a><br \/>\r\n<br \/>\r\nMurru nimetaja &nbsp;<\/strong>on hariliku murru murrujoone all olev arv,&nbsp; mis n\u00e4itab, mitmeks osaks tervik on jagatud<\/span>.&nbsp;<br \/>\r\n<span id=\"s67477_10_n\" class=\"n\">Murdarvus&nbsp;<sup>5<\/sup>\/<sub>6<\/sub> on 5 lugeja (n\u00e4itab, mitu osa on v\u00f5etud) ja 6 nimetaja (n\u00e4itab, mitmeks osaks on tervik jaotatud). <br \/>\r\n<strong>\u00dchine nimetaja<\/strong><\/span> on <span id=\"s67477_11_nd\" class=\"nd\">vaadeldavate murdude nimetajate (v\u00e4him) \u00fchiskordne<\/span><span id=\"s67477_12_n\" class=\"n\">.<\/span><br \/>\r\n<span style=\"color: #ff0000;\"><strong>V\u00e4him \u00fchine nimetaja<\/strong><\/span> on k\u00f5ige v\u00e4iksem arv, mida saab jagada k\u00f5ikide antud nimetajates olevate arvudega.&nbsp;<br \/>\r\n<strong>Harilike murdude \u00fchine nimetaja<\/strong> v\u00f5imaldab harilike murdude v\u00f5rdlemist, liitmist ja lahutamist.<br \/>\r\n<br \/>\r\n<span style=\"color: #000000;\"><strong>Harilike murdude v\u00e4him \u00fchine nimetaja:<\/strong><\/span><br \/>\r\n1) teeb murdude v\u00f5rdlemise palju lihtsamaks;<br \/>\r\n2) on vajalik harilike murdude liitmisel ja lahutamisel.<br \/>\r\n<br \/>\r\n<span style=\"color: #008000;\"><strong>V\u00e4hima \u00fchise nimetaja leidmise meetodid<\/strong><\/span><br \/>\r\n<strong>I v\u00f5imalus:<\/strong> \u00dchise nimetaja leidmine kasutades iga nimetaja kordsete loetlemist kuni \u00fchise v\u00e4ikseima \u00fchiskordse leidmiseni.<br \/>\r\n<strong><span style=\"color: #0000ff;\">N\u00e4ited:&nbsp;<\/span><\/strong><br \/>\r\nMurdude 3\/5 ja 2\/3 \u00fchine nimetaja on <strong><span style=\"color: #ff0000;\">15.<\/span><\/strong>&nbsp;<br \/>\r\nArvu 5 kordsed on: 5; 10; <strong><span style=\"color: #ff0000;\">15<\/span><\/strong>; 20; 25; &#8230;<br \/>\r\nArvu 3 kordsed on: 3;&nbsp; 6; 9; 12; <span style=\"color: #ff0000;\"><strong>15<\/strong><\/span>; 18; 21; &#8230;<br \/>\r\nV\u00dcK(5; 3) = <strong><span style=\"color: #ff0000;\">15<br \/>\r\n<\/span><\/strong><br \/>\r\nMurdude 3\/8 ja 5\/6 \u00fchine nimetaja on <strong><span style=\"color: #ff0000;\">24.&nbsp;<\/span><br \/>\r\n<\/strong>Arvu 8 kordsed on: 8; 16; <strong><span style=\"color: #ff0000;\">24;<\/span><\/strong> 32; &#8230;<br \/>\r\nArvu 6 kordsed on: 6; 12; 18; <span style=\"color: #ff0000;\"><strong>24<\/strong><\/span>; 30; &#8230;<br \/>\r\nV\u00dcK(8; 6) =<strong><span style=\"color: #ff0000;\">24<br \/>\r\n<\/span><\/strong><br \/>\r\n<strong>II v\u00f5imalus:&nbsp; <\/strong>Algtegurite m\u00e4\u00e4ramine. Iga nimetaja tuleb jagada jagage&nbsp; algteguriteks, selleks korrutame omavahel k\u00f5ik esimese arvu algtegurid ja teise arvu teguritest need tegurid, mida eelmises arvus ei ole v\u00f5i on v\u00e4hem arv kordi. Leiame arvude v\u00e4hima \u00fchiskordse (V\u00dcK).<br \/>\r\n<br \/>\r\n<strong><span style=\"color: #0000ff;\">N\u00e4ide:<\/span><\/strong><br \/>\r\nMurdude 3\/8 ja 5\/6 \u00fchine nimetaja on <strong><span style=\"color: #ff0000;\">24.<br \/>\r\n<\/span><\/strong>Arvu 8 algtegurid on 2; 2; 2<br \/>\r\n8 = <strong>2 \u22c52 \u22c52<\/strong><br \/>\r\nArvu 6 algtegurid on 2; 3<br \/>\r\n6 = 2 \u22c5<strong>3<\/strong><br \/>\r\nV\u00dcK(8; 6) = 2 \u22c52 \u22c52 \u22c53 =<span style=\"color: #ff0000;\"><strong>24<\/strong><\/span><\/span><\/p>\r\n<p style=\"text-align: center;\"><img loading=\"lazy\" decoding=\"async\" class=\"alignnone  wp-image-2136\" src=\"https:\/\/domath.surju.ee\/wp-content\/uploads\/2024\/04\/0-5-300x169.png\" alt=\"\" width=\"718\" height=\"404\" srcset=\"https:\/\/domath.surju.ee\/wp-content\/uploads\/2024\/04\/0-5-300x169.png 300w, https:\/\/domath.surju.ee\/wp-content\/uploads\/2024\/04\/0-5-1024x576.png 1024w, https:\/\/domath.surju.ee\/wp-content\/uploads\/2024\/04\/0-5-768x432.png 768w, https:\/\/domath.surju.ee\/wp-content\/uploads\/2024\/04\/0-5-1536x864.png 1536w, https:\/\/domath.surju.ee\/wp-content\/uploads\/2024\/04\/0-5-24x14.png 24w, https:\/\/domath.surju.ee\/wp-content\/uploads\/2024\/04\/0-5-36x20.png 36w, https:\/\/domath.surju.ee\/wp-content\/uploads\/2024\/04\/0-5-48x27.png 48w, https:\/\/domath.surju.ee\/wp-content\/uploads\/2024\/04\/0-5.png 1920w\" sizes=\"auto, (max-width: 718px) 100vw, 718px\" \/><\/p>\r\n","protected":false},"excerpt":{"rendered":"<p>V\u00e4him \u00fchine nimetaja \u00dchine nimetaja: https:\/\/domath.surju.ee\/et\/uhine-nimetaja\/ Murru nimetaja &nbsp;on hariliku murru murrujoone all olev arv,&nbsp; mis n\u00e4itab, mitmeks osaks tervik on jagatud.&nbsp; Murdarvus&nbsp;5\/6 on 5 lugeja (n\u00e4itab, mitu osa on v\u00f5etud) ja 6 nimetaja (n\u00e4itab, mitmeks osaks on tervik jaotatud). \u00dchine nimetaja on vaadeldavate murdude nimetajate (v\u00e4him) \u00fchiskordne. V\u00e4him \u00fchine nimetaja on k\u00f5ige v\u00e4iksem arv, [&#8230;]<\/p>\n<p><a class=\"btn btn-secondary understrap-read-more-link\" href=\"https:\/\/domath.surju.ee\/et\/vahim-uhine-nimetaja\/\">Read More&#8230;<span class=\"screen-reader-text\"> from V\u00e4him \u00fchine nimetaja<\/span><\/a><\/p>\n","protected":false},"author":7,"featured_media":0,"parent":0,"menu_order":0,"comment_status":"closed","ping_status":"closed","template":"","meta":{"_eb_attr":"","_uag_custom_page_level_css":"","footnotes":""},"categories":[],"tags":[42,119,85,78],"class_list":["post-1219","page","type-page","status-publish","hentry","tag-english-l","tag-estonian-v","tag-greek-epsilon","tag-spanish-m"],"uagb_featured_image_src":{"full":false,"thumbnail":false,"medium":false,"medium_large":false,"large":false,"1536x1536":false,"2048x2048":false,"menu-24x24":false,"menu-36x36":false,"menu-48x48":false},"uagb_author_info":{"display_name":"Yessica Caceres","author_link":"https:\/\/domath.surju.ee\/et\/author\/yessica\/"},"uagb_comment_info":0,"uagb_excerpt":"V\u00e4him \u00fchine nimetaja \u00dchine nimetaja: https:\/\/domath.surju.ee\/et\/uhine-nimetaja\/ Murru nimetaja &nbsp;on hariliku murru murrujoone all olev arv,&nbsp; mis n\u00e4itab, mitmeks osaks tervik on jagatud.&nbsp; Murdarvus&nbsp;5\/6 on 5 lugeja (n\u00e4itab, mitu osa on v\u00f5etud) ja 6 nimetaja (n\u00e4itab, mitmeks osaks on tervik jaotatud). \u00dchine nimetaja on vaadeldavate murdude nimetajate (v\u00e4him) \u00fchiskordne. V\u00e4him \u00fchine nimetaja on k\u00f5ige v\u00e4iksem arv,&hellip;","_links":{"self":[{"href":"https:\/\/domath.surju.ee\/et\/wp-json\/wp\/v2\/pages\/1219","targetHints":{"allow":["GET"]}}],"collection":[{"href":"https:\/\/domath.surju.ee\/et\/wp-json\/wp\/v2\/pages"}],"about":[{"href":"https:\/\/domath.surju.ee\/et\/wp-json\/wp\/v2\/types\/page"}],"author":[{"embeddable":true,"href":"https:\/\/domath.surju.ee\/et\/wp-json\/wp\/v2\/users\/7"}],"replies":[{"embeddable":true,"href":"https:\/\/domath.surju.ee\/et\/wp-json\/wp\/v2\/comments?post=1219"}],"version-history":[{"count":4,"href":"https:\/\/domath.surju.ee\/et\/wp-json\/wp\/v2\/pages\/1219\/revisions"}],"predecessor-version":[{"id":4135,"href":"https:\/\/domath.surju.ee\/et\/wp-json\/wp\/v2\/pages\/1219\/revisions\/4135"}],"wp:attachment":[{"href":"https:\/\/domath.surju.ee\/et\/wp-json\/wp\/v2\/media?parent=1219"}],"wp:term":[{"taxonomy":"category","embeddable":true,"href":"https:\/\/domath.surju.ee\/et\/wp-json\/wp\/v2\/categories?post=1219"},{"taxonomy":"post_tag","embeddable":true,"href":"https:\/\/domath.surju.ee\/et\/wp-json\/wp\/v2\/tags?post=1219"}],"curies":[{"name":"wp","href":"https:\/\/api.w.org\/{rel}","templated":true}]}}