{"id":1217,"date":"2024-02-28T17:52:00","date_gmt":"2024-02-28T17:52:00","guid":{"rendered":"https:\/\/domath.surju.ee\/?page_id=1217"},"modified":"2024-12-29T20:19:55","modified_gmt":"2024-12-29T20:19:55","slug":"laws-of-addition","status":"publish","type":"page","link":"https:\/\/domath.surju.ee\/et\/liitmise-seadused\/","title":{"rendered":"Liitmise seadused"},"content":{"rendered":"\r\n<h1 style=\"text-align: center;\"><span style=\"color: #008000;\"><strong>Liitmise seadused<\/strong><\/span><\/h1>\r\n<p><span style=\"font-weight: 400;\"><br \/>\r\nLiitmise seadused on:&nbsp;<br \/>\r\n<strong>1. Liitmise vahetuvusseadus (kommutatiivsuse seadus): <\/strong>Summa ei muutu, kui muudame liidetavate j\u00e4rjekorda.&nbsp;<br \/>\r\n<strong><span style=\"color: #ff0000;\">a + b = b + a<\/span><\/strong><\/span><\/p>\r\n<p><strong><span style=\"color: #0000ff;\">N\u00e4ide:<\/span><\/strong><span style=\"font-weight: 400;\"> 3 + 5 = 5 + 3 = 8<br \/>\r\n<br \/>\r\n<strong>2. Liitmise \u00fchenduvusseadus (assiotsiatiivsuse seadus):<\/strong> Kahe arvu summa liitmiseks mingi arvuga v\u00f5ib liita selle arvuga enne \u00fche liidetava ja siis tulemusega teise liidetava.<br \/>\r\n<span style=\"color: #ff0000;\"><strong>(a + b) + c = a + (b + c)<\/strong><\/span><\/span><\/p>\r\n<p><strong><span style=\"color: #0000ff;\">N\u00e4ide:<\/span><\/strong><span style=\"font-weight: 400;\"> (2 + 3) + 4 = 2 + (3 + 4) = 9<br \/>\r\n<br \/>\r\n<\/span><strong style=\"color: var(--bs-body-color); font-family: var(--bs-body-font-family); font-size: var(--bs-body-font-size); text-align: var(--bs-body-text-align);\">3.<\/strong> <b style=\"color: var(--bs-body-color); font-family: var(--bs-body-font-family); font-size: var(--bs-body-font-size); text-align: var(--bs-body-text-align);\">Nulliga liitmine&nbsp;<br \/>\r\n<\/b>Nullile liidetud arv on v\u00f5rdne iseendaga.<b style=\"color: var(--bs-body-color); font-family: var(--bs-body-font-family); font-size: var(--bs-body-font-size); text-align: var(--bs-body-text-align);\"><br \/>\r\n<\/b><strong><span style=\"color: #ff0000;\">0 + a = a<\/span><\/strong><br \/>\r\n<strong><span style=\"color: #ff0000;\">a + 0 = a<\/span><\/strong><\/p>\r\n<strong><span style=\"color: #0000ff;\">N\u00e4ide:<\/span> <\/strong>0 + 6 = 6<br \/>\r\n7 + 0 = 7<br \/>\r\n<p>&nbsp;<\/p>\r\n<p><iframe loading=\"lazy\" class=\"wp-embedded-content\" sandbox=\"allow-scripts\" security=\"restricted\" title=\"Commutative Property of Addition\" src=\"https:\/\/wordwall.net\/embed\/f4c488c8d11f41e8b8b65e21071ffe8d?themeId=27&#038;ref=oembed#?secret=spPOlvezHA\" data-secret=\"spPOlvezHA\" width=\"500\" height=\"380\" frameborder=\"0\"><\/iframe><\/p>\r\n","protected":false},"excerpt":{"rendered":"<p>Liitmise seadused Liitmise seadused on:&nbsp; 1. Liitmise vahetuvusseadus (kommutatiivsuse seadus): Summa ei muutu, kui muudame liidetavate j\u00e4rjekorda.&nbsp; a + b = b + a N\u00e4ide: 3 + 5 = 5 + 3 = 8 2. Liitmise \u00fchenduvusseadus (assiotsiatiivsuse seadus): Kahe arvu summa liitmiseks mingi arvuga v\u00f5ib liita selle arvuga enne \u00fche liidetava ja siis tulemusega [&#8230;]<\/p>\n<p><a class=\"btn btn-secondary understrap-read-more-link\" href=\"https:\/\/domath.surju.ee\/et\/liitmise-seadused\/\">Read More&#8230;<span class=\"screen-reader-text\"> from Liitmise seadused<\/span><\/a><\/p>\n","protected":false},"author":7,"featured_media":0,"parent":0,"menu_order":0,"comment_status":"closed","ping_status":"closed","template":"","meta":{"_eb_attr":"","_uag_custom_page_level_css":"","footnotes":""},"categories":[],"tags":[42,4,143,59],"class_list":["post-1217","page","type-page","status-publish","hentry","tag-english-l","tag-estonian-l","tag-greek-iota","tag-spanish-p"],"uagb_featured_image_src":{"full":false,"thumbnail":false,"medium":false,"medium_large":false,"large":false,"1536x1536":false,"2048x2048":false,"menu-24x24":false,"menu-36x36":false,"menu-48x48":false},"uagb_author_info":{"display_name":"Yessica Caceres","author_link":"https:\/\/domath.surju.ee\/et\/author\/yessica\/"},"uagb_comment_info":0,"uagb_excerpt":"Liitmise seadused Liitmise seadused on:&nbsp; 1. Liitmise vahetuvusseadus (kommutatiivsuse seadus): Summa ei muutu, kui muudame liidetavate j\u00e4rjekorda.&nbsp; a + b = b + a N\u00e4ide: 3 + 5 = 5 + 3 = 8 2. Liitmise \u00fchenduvusseadus (assiotsiatiivsuse seadus): Kahe arvu summa liitmiseks mingi arvuga v\u00f5ib liita selle arvuga enne \u00fche liidetava ja siis tulemusega&hellip;","_links":{"self":[{"href":"https:\/\/domath.surju.ee\/et\/wp-json\/wp\/v2\/pages\/1217","targetHints":{"allow":["GET"]}}],"collection":[{"href":"https:\/\/domath.surju.ee\/et\/wp-json\/wp\/v2\/pages"}],"about":[{"href":"https:\/\/domath.surju.ee\/et\/wp-json\/wp\/v2\/types\/page"}],"author":[{"embeddable":true,"href":"https:\/\/domath.surju.ee\/et\/wp-json\/wp\/v2\/users\/7"}],"replies":[{"embeddable":true,"href":"https:\/\/domath.surju.ee\/et\/wp-json\/wp\/v2\/comments?post=1217"}],"version-history":[{"count":3,"href":"https:\/\/domath.surju.ee\/et\/wp-json\/wp\/v2\/pages\/1217\/revisions"}],"predecessor-version":[{"id":4718,"href":"https:\/\/domath.surju.ee\/et\/wp-json\/wp\/v2\/pages\/1217\/revisions\/4718"}],"wp:attachment":[{"href":"https:\/\/domath.surju.ee\/et\/wp-json\/wp\/v2\/media?parent=1217"}],"wp:term":[{"taxonomy":"category","embeddable":true,"href":"https:\/\/domath.surju.ee\/et\/wp-json\/wp\/v2\/categories?post=1217"},{"taxonomy":"post_tag","embeddable":true,"href":"https:\/\/domath.surju.ee\/et\/wp-json\/wp\/v2\/tags?post=1217"}],"curies":[{"name":"wp","href":"https:\/\/api.w.org\/{rel}","templated":true}]}}