{"id":1209,"date":"2024-02-28T17:42:03","date_gmt":"2024-02-28T17:42:03","guid":{"rendered":"https:\/\/domath.surju.ee\/?page_id=1209"},"modified":"2024-12-29T20:08:33","modified_gmt":"2024-12-29T20:08:33","slug":"km-h-kmh","status":"publish","type":"page","link":"https:\/\/domath.surju.ee\/et\/kilomeeter-tunnis-km-h-kmh\/","title":{"rendered":"Kilomeeter tunnis, km\/h"},"content":{"rendered":"<h1 style=\"text-align: center;\"><span style=\"color: #008000;\"><strong>Kilomeeter tunnis, km\/h<\/strong><\/span><\/h1>\n<p><span style=\"font-weight: 400;\"><br \/>\n<span style=\"color: #ff0000;\"><b>Kilomeeter tunnis<\/b> (<strong>km\/h<\/strong>)<\/span> on kiiruse m\u00f5\u00f5t\u00fchik,&nbsp; mis n\u00e4itab, mitu kilomeetrit l\u00e4bitakse \u00fches tunnis.&nbsp;<br \/>\n<\/span><span style=\"font-weight: 400;\">1 <strong>km\/h<\/strong> = 1000 meetrit \u00fches tunnis (m\/h)<\/span> <br \/>\nSee kiiruse m\u00f5\u00f5t\u00fchik on tavaliselt kasutuses riikides, kus kasutatakse meeters\u00fcsteemi.&nbsp;<\/p>\n<p><span style=\"color: #0000ff;\"><b>N\u00e4ited:<\/b><\/span><\/p>\n<ul>\n<li style=\"font-weight: 400;\" aria-checked=\"false\" aria-level=\"1\"><b>Auto kiirus: <\/b>Linnades on tihti kiiruspiirangud<span style=\"font-weight: 400;\"> 50 km\/h, aga kiirteedel v\u00f5ib s\u00f5ita ka 100-120 km\/h.<\/span><\/li>\n<li style=\"font-weight: 400;\" aria-checked=\"false\" aria-level=\"1\"><b>Rongi kiirus: <\/b>Kiirrongid v\u00f5ivad s\u00f5ita <span style=\"font-weight: 400;\">200-300 km\/h, tavalised rongid keskmiselt 80-120 km\/h.<\/span><\/li>\n<li style=\"font-weight: 400;\" aria-checked=\"false\" aria-level=\"1\"><b>Jalgratta kiirus: <\/b>Tavas\u00f5itja s\u00f5idab keskmiselt <span style=\"font-weight: 400;\">15-20 km\/h, aga treenitud sportlane<\/span><span style=\"font-weight: 400;\">&nbsp;30-40 km\/h. <\/span><\/li>\n<li style=\"font-weight: 400;\" aria-checked=\"false\" aria-level=\"1\"><strong>Lennuki kiirus: <\/strong>Reisilennukid s\u00f5idavad<span style=\"font-weight: 400;\"> 800-900 km\/h.<\/span><\/li>\n<\/ul>\n<p><strong>Tuule kiirus m\/s, km\/h<br \/>\n1 m\/s = 3,6 km\/h&nbsp;<br \/>\n1 km\/h \u2248 0.278 m\/s&nbsp;<\/strong><br \/>\n1h = 60 min = 3600 s<br \/>\n1 s = 1\/3600 h<br \/>\n1 m\/s = 0,001km :&nbsp; 1\/3600 h = 0,001 \u22c5 3600 km\/h&nbsp; = 3,6 km\/h&nbsp;<br \/>\n1 km\/h = 1000m\/3600s \u2248 0,278 m\/s<\/p>\n","protected":false},"excerpt":{"rendered":"<p>Kilomeeter tunnis, km\/h Kilomeeter tunnis (km\/h) on kiiruse m\u00f5\u00f5t\u00fchik,&nbsp; mis n\u00e4itab, mitu kilomeetrit l\u00e4bitakse \u00fches tunnis.&nbsp; 1 km\/h = 1000 meetrit \u00fches tunnis (m\/h) See kiiruse m\u00f5\u00f5t\u00fchik on tavaliselt kasutuses riikides, kus kasutatakse meeters\u00fcsteemi.&nbsp; N\u00e4ited: Auto kiirus: Linnades on tihti kiiruspiirangud 50 km\/h, aga kiirteedel v\u00f5ib s\u00f5ita ka 100-120 km\/h. Rongi kiirus: Kiirrongid v\u00f5ivad s\u00f5ita [&#8230;]<\/p>\n<p><a class=\"btn btn-secondary understrap-read-more-link\" href=\"https:\/\/domath.surju.ee\/et\/kilomeeter-tunnis-km-h-kmh\/\">Read More&#8230;<span class=\"screen-reader-text\"> from Kilomeeter tunnis, km\/h<\/span><\/a><\/p>\n","protected":false},"author":7,"featured_media":0,"parent":0,"menu_order":0,"comment_status":"closed","ping_status":"closed","template":"","meta":{"_eb_attr":"","_uag_custom_page_level_css":"","footnotes":""},"categories":[],"tags":[96,76,154,132],"class_list":["post-1209","page","type-page","status-publish","hentry","tag-english-k","tag-estonian-k","tag-greek-chi","tag-spanish-k"],"uagb_featured_image_src":{"full":false,"thumbnail":false,"medium":false,"medium_large":false,"large":false,"1536x1536":false,"2048x2048":false,"menu-24x24":false,"menu-36x36":false,"menu-48x48":false},"uagb_author_info":{"display_name":"Yessica Caceres","author_link":"https:\/\/domath.surju.ee\/et\/author\/yessica\/"},"uagb_comment_info":0,"uagb_excerpt":"Kilomeeter tunnis, km\/h Kilomeeter tunnis (km\/h) on kiiruse m\u00f5\u00f5t\u00fchik,&nbsp; mis n\u00e4itab, mitu kilomeetrit l\u00e4bitakse \u00fches tunnis.&nbsp; 1 km\/h = 1000 meetrit \u00fches tunnis (m\/h) See kiiruse m\u00f5\u00f5t\u00fchik on tavaliselt kasutuses riikides, kus kasutatakse meeters\u00fcsteemi.&nbsp; N\u00e4ited: Auto kiirus: Linnades on tihti kiiruspiirangud 50 km\/h, aga kiirteedel v\u00f5ib s\u00f5ita ka 100-120 km\/h. Rongi kiirus: Kiirrongid v\u00f5ivad s\u00f5ita&hellip;","_links":{"self":[{"href":"https:\/\/domath.surju.ee\/et\/wp-json\/wp\/v2\/pages\/1209","targetHints":{"allow":["GET"]}}],"collection":[{"href":"https:\/\/domath.surju.ee\/et\/wp-json\/wp\/v2\/pages"}],"about":[{"href":"https:\/\/domath.surju.ee\/et\/wp-json\/wp\/v2\/types\/page"}],"author":[{"embeddable":true,"href":"https:\/\/domath.surju.ee\/et\/wp-json\/wp\/v2\/users\/7"}],"replies":[{"embeddable":true,"href":"https:\/\/domath.surju.ee\/et\/wp-json\/wp\/v2\/comments?post=1209"}],"version-history":[{"count":4,"href":"https:\/\/domath.surju.ee\/et\/wp-json\/wp\/v2\/pages\/1209\/revisions"}],"predecessor-version":[{"id":4132,"href":"https:\/\/domath.surju.ee\/et\/wp-json\/wp\/v2\/pages\/1209\/revisions\/4132"}],"wp:attachment":[{"href":"https:\/\/domath.surju.ee\/et\/wp-json\/wp\/v2\/media?parent=1209"}],"wp:term":[{"taxonomy":"category","embeddable":true,"href":"https:\/\/domath.surju.ee\/et\/wp-json\/wp\/v2\/categories?post=1209"},{"taxonomy":"post_tag","embeddable":true,"href":"https:\/\/domath.surju.ee\/et\/wp-json\/wp\/v2\/tags?post=1209"}],"curies":[{"name":"wp","href":"https:\/\/api.w.org\/{rel}","templated":true}]}}