{"id":1207,"date":"2024-02-28T17:39:10","date_gmt":"2024-02-28T17:39:10","guid":{"rendered":"https:\/\/domath.surju.ee\/?page_id=1207"},"modified":"2024-12-29T20:07:19","modified_gmt":"2024-12-29T20:07:19","slug":"kilometre-km","status":"publish","type":"page","link":"https:\/\/domath.surju.ee\/et\/kilomeeter-km\/","title":{"rendered":"Kilomeeter, km"},"content":{"rendered":"\r\n\r\n<h1 style=\"text-align: center;\"><strong><span style=\"color: #008000;\">Kilomeeter, km<\/span><\/strong><\/h1>\r\n<p><span style=\"font-weight: 400;\"><span style=\"color: #ff0000;\"><strong>Kilomeeter<\/strong><\/span> on pikkus\u00fchik, mis v\u00f5rdub 1000 meetriga. Kilomeetrit t\u00e4histame <strong>km<\/strong>. Eesliide <strong>kilo-<\/strong> t\u00e4hendab tuhat.&nbsp;<br \/>\r\nL\u00fchemaid vahemaid m\u00f5\u00f5dame meetrites, pikemaid kilomeetrites.&nbsp;<br \/>\r\n1 km on v\u00f5rdne 0,6214 miiliga.&nbsp;<br \/>\r\n<\/span><\/p>\r\n<p><span style=\"color: #0000ff;\"><b>N\u00e4ited:<\/b><\/span><\/p>\r\n<ul>\r\n\t<li style=\"font-weight: 400;\" aria-checked=\"false\" aria-level=\"1\"><span style=\"font-weight: 400;\">Kaugus Londonist Pariisi on umbes 455 <\/span><b>km<\/b><\/li>\r\n\t<li style=\"font-weight: 400;\" aria-checked=\"false\" aria-level=\"1\"><span style=\"font-weight: 400;\">Mount Everesti k\u00f5rgus on 8,848.86 meters (8848 <\/span><b>km<\/b><span style=\"font-weight: 400;\">)<\/span><\/li>\r\n\t<li style=\"font-weight: 400;\" aria-checked=\"false\" aria-level=\"1\"><span style=\"font-weight: 400;\">Tavaline auto kiirus on 80 <\/span><b>km<\/b><span style=\"font-weight: 400;\">\/h<\/span><\/li>\r\n\t<li style=\"font-weight: 400;\" aria-checked=\"false\" aria-level=\"1\"><span style=\"font-weight: 400;\">Prantsusmaa pindala on 551 695 <\/span><b>km<\/b><span style=\"font-weight: 400;\">\u00b2<\/span><span style=\"font-weight: 400;\"><br \/>\r\n<\/span><\/li>\r\n<\/ul>\r\n<p>Siit saad rohkem teada:<\/p>\r\n<p><a href=\"https:\/\/study.com\/academy\/lesson\/what-is-a-kilometer.html\"><span style=\"font-weight: 400;\">https:\/\/study.com\/academy\/lesson\/what-is-a-kilometer.html<\/span><span style=\"font-weight: 400;\"><br \/>\r\n<\/span><\/a><\/p>\r\n<p><a href=\"https:\/\/wordwall.net\/resource\/1128735\/kilometer-meter\"><span style=\"font-weight: 400;\">https:\/\/wordwall.net\/resource\/1128735\/kilometer-meter<\/span><\/a><\/p>\r\n","protected":false},"excerpt":{"rendered":"<p>Kilomeeter, km Kilomeeter on pikkus\u00fchik, mis v\u00f5rdub 1000 meetriga. Kilomeetrit t\u00e4histame km. Eesliide kilo- t\u00e4hendab tuhat.&nbsp; L\u00fchemaid vahemaid m\u00f5\u00f5dame meetrites, pikemaid kilomeetrites.&nbsp; 1 km on v\u00f5rdne 0,6214 miiliga.&nbsp; N\u00e4ited: Kaugus Londonist Pariisi on umbes 455 km Mount Everesti k\u00f5rgus on 8,848.86 meters (8848 km) Tavaline auto kiirus on 80 km\/h Prantsusmaa pindala on 551 695 [&#8230;]<\/p>\n<p><a class=\"btn btn-secondary understrap-read-more-link\" href=\"https:\/\/domath.surju.ee\/et\/kilomeeter-km\/\">Read More&#8230;<span class=\"screen-reader-text\"> from Kilomeeter, km<\/span><\/a><\/p>\n","protected":false},"author":7,"featured_media":0,"parent":0,"menu_order":0,"comment_status":"closed","ping_status":"closed","template":"","meta":{"_eb_attr":"","_uag_custom_page_level_css":"","footnotes":""},"categories":[],"tags":[96,76,154,132],"class_list":["post-1207","page","type-page","status-publish","hentry","tag-english-k","tag-estonian-k","tag-greek-chi","tag-spanish-k"],"uagb_featured_image_src":{"full":false,"thumbnail":false,"medium":false,"medium_large":false,"large":false,"1536x1536":false,"2048x2048":false,"menu-24x24":false,"menu-36x36":false,"menu-48x48":false},"uagb_author_info":{"display_name":"Yessica Caceres","author_link":"https:\/\/domath.surju.ee\/et\/author\/yessica\/"},"uagb_comment_info":0,"uagb_excerpt":"Kilomeeter, km Kilomeeter on pikkus\u00fchik, mis v\u00f5rdub 1000 meetriga. Kilomeetrit t\u00e4histame km. Eesliide kilo- t\u00e4hendab tuhat.&nbsp; L\u00fchemaid vahemaid m\u00f5\u00f5dame meetrites, pikemaid kilomeetrites.&nbsp; 1 km on v\u00f5rdne 0,6214 miiliga.&nbsp; N\u00e4ited: Kaugus Londonist Pariisi on umbes 455 km Mount Everesti k\u00f5rgus on 8,848.86 meters (8848 km) Tavaline auto kiirus on 80 km\/h Prantsusmaa pindala on 551 695&hellip;","_links":{"self":[{"href":"https:\/\/domath.surju.ee\/et\/wp-json\/wp\/v2\/pages\/1207","targetHints":{"allow":["GET"]}}],"collection":[{"href":"https:\/\/domath.surju.ee\/et\/wp-json\/wp\/v2\/pages"}],"about":[{"href":"https:\/\/domath.surju.ee\/et\/wp-json\/wp\/v2\/types\/page"}],"author":[{"embeddable":true,"href":"https:\/\/domath.surju.ee\/et\/wp-json\/wp\/v2\/users\/7"}],"replies":[{"embeddable":true,"href":"https:\/\/domath.surju.ee\/et\/wp-json\/wp\/v2\/comments?post=1207"}],"version-history":[{"count":3,"href":"https:\/\/domath.surju.ee\/et\/wp-json\/wp\/v2\/pages\/1207\/revisions"}],"predecessor-version":[{"id":4129,"href":"https:\/\/domath.surju.ee\/et\/wp-json\/wp\/v2\/pages\/1207\/revisions\/4129"}],"wp:attachment":[{"href":"https:\/\/domath.surju.ee\/et\/wp-json\/wp\/v2\/media?parent=1207"}],"wp:term":[{"taxonomy":"category","embeddable":true,"href":"https:\/\/domath.surju.ee\/et\/wp-json\/wp\/v2\/categories?post=1207"},{"taxonomy":"post_tag","embeddable":true,"href":"https:\/\/domath.surju.ee\/et\/wp-json\/wp\/v2\/tags?post=1207"}],"curies":[{"name":"wp","href":"https:\/\/api.w.org\/{rel}","templated":true}]}}