{"id":1182,"date":"2024-02-05T17:48:30","date_gmt":"2024-02-05T17:48:30","guid":{"rendered":"https:\/\/domath.surju.ee\/?page_id=1182"},"modified":"2024-12-29T17:18:50","modified_gmt":"2024-12-29T17:18:50","slug":"hexagon","status":"publish","type":"page","link":"https:\/\/domath.surju.ee\/et\/korraparane-kuusnurk\/","title":{"rendered":"Korrap\u00e4rane kuusnurk"},"content":{"rendered":"<h2 style=\"text-align: center;\"><strong><span style=\"color: #008000;\">Korrap\u00e4rane kuusnurk<\/span><\/strong><\/h2>\r\n<p class=\" eplus-wrapper\"><br \/>\r\n<strong>Kuusnurgaks ehk heksagooniks<\/strong> nimetatakse hulknurka, millel on kuus tippu, kuus nurka ja kuus k\u00fclge.<br \/>\r\n<br \/>\r\nKuusnurkade liigitamine nende k\u00fclgede j\u00e4rgi: korrap\u00e4rased ja mittekorrap\u00e4rased kuusnurgad.<br \/>\r\n<br \/>\r\nKuusnurkade liigitamine nende nurkade j\u00e4rgi: kumerad ja mittekumerad kuusnurgad.<\/p>\r\n<p class=\" eplus-wrapper\"><span style=\"color: #ff0000;\"><strong>Korrap\u00e4rasel kuusnurgal<\/strong><\/span> on k\u00f5ik k\u00fcljed <strong>v\u00f5rdse pikkusega<\/strong> ja k\u00f5ik <strong>sisenurgad on 120\u00b0.<br \/>\r\n<\/strong><\/p>\r\n<img loading=\"lazy\" decoding=\"async\" class=\"wp-image-1187 alignleft\" src=\"https:\/\/domath.surju.ee\/wp-content\/uploads\/2024\/02\/image.jpeg\" alt=\"\" width=\"274\" height=\"274\" srcset=\"https:\/\/domath.surju.ee\/wp-content\/uploads\/2024\/02\/image.jpeg 1024w, https:\/\/domath.surju.ee\/wp-content\/uploads\/2024\/02\/image-300x300.jpeg 300w, https:\/\/domath.surju.ee\/wp-content\/uploads\/2024\/02\/image-150x150.jpeg 150w, https:\/\/domath.surju.ee\/wp-content\/uploads\/2024\/02\/image-768x768.jpeg 768w, https:\/\/domath.surju.ee\/wp-content\/uploads\/2024\/02\/image-24x24.jpeg 24w, https:\/\/domath.surju.ee\/wp-content\/uploads\/2024\/02\/image-36x36.jpeg 36w, https:\/\/domath.surju.ee\/wp-content\/uploads\/2024\/02\/image-48x48.jpeg 48w\" sizes=\"auto, (max-width: 274px) 100vw, 274px\" \/><br \/>\r\n<p class=\" eplus-wrapper\"><strong>&nbsp;<\/strong><\/p>\r\n<p><br \/>\r\n<br \/>\r\n<br \/>\r\n<br \/>\r\n<br \/>\r\n<br \/>\r\n<br \/>\r\n<br \/>\r\n<br \/>\r\n<br \/>\r\nP\u00e4riselus v\u00f5ime leida korrap\u00e4raseid kuusnurki k\u00e4rgedes.&nbsp;<\/p>\r\n<div class=\"wp-block-uagb-image uagb-block-c78317e7 wp-block-uagb-image--layout-default wp-block-uagb-image--effect-static wp-block-uagb-image--align-none\">\r\n<p><img loading=\"lazy\" decoding=\"async\" class=\"uag-image-1189\" title=\"\" role=\"img\" src=\"https:\/\/domath.surju.ee\/wp-content\/uploads\/2024\/02\/panal-miel-abejas-1024x576.jpg\" sizes=\"auto, (max-width: 480px) 150px\" srcset=\"https:\/\/domath.surju.ee\/wp-content\/uploads\/2024\/02\/panal-miel-abejas-1024x576.jpg ,https:\/\/domath.surju.ee\/wp-content\/uploads\/2024\/02\/panal-miel-abejas-scaled.jpg 780w, https:\/\/domath.surju.ee\/wp-content\/uploads\/2024\/02\/panal-miel-abejas-scaled.jpg 360w\" alt=\"\" width=\"276\" height=\"155\" \/><\/p>\r\n<br \/>\r\n<p>&nbsp;<\/p>\r\n<p><span style=\"color: #008000;\"><strong>Korrap\u00e4rase kuusnurga joonestamine:<\/strong><\/span><\/p>\r\n<p><\/p>\r\n<!-- \/wp:post-content -->\r\n<!-- wp:html --> <iframe loading=\"lazy\" src=\"https:\/\/drive.google.com\/file\/d\/1oZx_HHsyK80PlMpdWiAZpg_UYhO7eE4J\/preview\" width=\"340\" height=\"180\"><\/iframe> <!-- \/wp:html -->\r\n<!-- wp:table -->\r\n<figure class=\"wp-block-table\">\r\n<table class=\"has-fixed-layout\">\r\n<tbody>\r\n<tr>\r\n<td><a href=\"https:\/\/et.wikipedia.org\/wiki\/Kuusnurk#\/media\/Fail:Regular_Hexagon_Inscribed_in_a_Circle_240px.gif\">https:\/\/et.wikipedia.org\/wiki\/Kuusnurk#\/media\/Fail:Regular_Hexagon_Inscribed_in_a_Circle_240px.gif<\/a><\/td>\r\n<\/tr>\r\n<\/tbody>\r\n<\/table>\r\n<\/figure>\r\n<!-- \/wp:table -->\r\n<!-- wp:paragraph -->\r\n<p>&nbsp;<\/p>\r\n<\/div>","protected":false},"excerpt":{"rendered":"<p>Korrap\u00e4rane kuusnurk Kuusnurgaks ehk heksagooniks nimetatakse hulknurka, millel on kuus tippu, kuus nurka ja kuus k\u00fclge. Kuusnurkade liigitamine nende k\u00fclgede j\u00e4rgi: korrap\u00e4rased ja mittekorrap\u00e4rased kuusnurgad. Kuusnurkade liigitamine nende nurkade j\u00e4rgi: kumerad ja mittekumerad kuusnurgad. Korrap\u00e4rasel kuusnurgal on k\u00f5ik k\u00fcljed v\u00f5rdse pikkusega ja k\u00f5ik sisenurgad on 120\u00b0. &nbsp; P\u00e4riselus v\u00f5ime leida korrap\u00e4raseid kuusnurki k\u00e4rgedes.&nbsp; &nbsp; Korrap\u00e4rase [&#8230;]<\/p>\n<p><a class=\"btn btn-secondary understrap-read-more-link\" href=\"https:\/\/domath.surju.ee\/et\/korraparane-kuusnurk\/\">Read More&#8230;<span class=\"screen-reader-text\"> from Korrap\u00e4rane kuusnurk<\/span><\/a><\/p>\n","protected":false},"author":8,"featured_media":0,"parent":0,"menu_order":0,"comment_status":"closed","ping_status":"closed","template":"","meta":{"_eb_attr":"","_uag_custom_page_level_css":"","footnotes":""},"categories":[],"tags":[70,76,85,81],"class_list":["post-1182","page","type-page","status-publish","hentry","tag-english-h","tag-estonian-k","tag-greek-epsilon","tag-spanish-h"],"uagb_featured_image_src":{"full":false,"thumbnail":false,"medium":false,"medium_large":false,"large":false,"1536x1536":false,"2048x2048":false,"menu-24x24":false,"menu-36x36":false,"menu-48x48":false},"uagb_author_info":{"display_name":"Silvia Herrera","author_link":"https:\/\/domath.surju.ee\/et\/author\/silvia\/"},"uagb_comment_info":0,"uagb_excerpt":"Korrap\u00e4rane kuusnurk Kuusnurgaks ehk heksagooniks nimetatakse hulknurka, millel on kuus tippu, kuus nurka ja kuus k\u00fclge. Kuusnurkade liigitamine nende k\u00fclgede j\u00e4rgi: korrap\u00e4rased ja mittekorrap\u00e4rased kuusnurgad. Kuusnurkade liigitamine nende nurkade j\u00e4rgi: kumerad ja mittekumerad kuusnurgad. Korrap\u00e4rasel kuusnurgal on k\u00f5ik k\u00fcljed v\u00f5rdse pikkusega ja k\u00f5ik sisenurgad on 120\u00b0. &nbsp; P\u00e4riselus v\u00f5ime leida korrap\u00e4raseid kuusnurki k\u00e4rgedes.&nbsp; &nbsp; Korrap\u00e4rase&hellip;","_links":{"self":[{"href":"https:\/\/domath.surju.ee\/et\/wp-json\/wp\/v2\/pages\/1182","targetHints":{"allow":["GET"]}}],"collection":[{"href":"https:\/\/domath.surju.ee\/et\/wp-json\/wp\/v2\/pages"}],"about":[{"href":"https:\/\/domath.surju.ee\/et\/wp-json\/wp\/v2\/types\/page"}],"author":[{"embeddable":true,"href":"https:\/\/domath.surju.ee\/et\/wp-json\/wp\/v2\/users\/8"}],"replies":[{"embeddable":true,"href":"https:\/\/domath.surju.ee\/et\/wp-json\/wp\/v2\/comments?post=1182"}],"version-history":[{"count":24,"href":"https:\/\/domath.surju.ee\/et\/wp-json\/wp\/v2\/pages\/1182\/revisions"}],"predecessor-version":[{"id":5132,"href":"https:\/\/domath.surju.ee\/et\/wp-json\/wp\/v2\/pages\/1182\/revisions\/5132"}],"wp:attachment":[{"href":"https:\/\/domath.surju.ee\/et\/wp-json\/wp\/v2\/media?parent=1182"}],"wp:term":[{"taxonomy":"category","embeddable":true,"href":"https:\/\/domath.surju.ee\/et\/wp-json\/wp\/v2\/categories?post=1182"},{"taxonomy":"post_tag","embeddable":true,"href":"https:\/\/domath.surju.ee\/et\/wp-json\/wp\/v2\/tags?post=1182"}],"curies":[{"name":"wp","href":"https:\/\/api.w.org\/{rel}","templated":true}]}}