{"id":1172,"date":"2024-02-05T17:39:39","date_gmt":"2024-02-05T17:39:39","guid":{"rendered":"https:\/\/domath.surju.ee\/?page_id=1172"},"modified":"2024-12-29T20:38:18","modified_gmt":"2024-12-29T20:38:18","slug":"legs-of-a-right-angled-triangle","status":"publish","type":"page","link":"https:\/\/domath.surju.ee\/et\/taisnurkse-kolmnurga-kaatetid\/","title":{"rendered":"T\u00e4isnurkse kolmnurga kaatetid"},"content":{"rendered":"\r\n<h1 style=\"text-align: center;\"><span style=\"color: #008000;\"><strong>T\u00e4isnurkse kolmnurga kaatetid<\/strong><\/span><\/h1>\r\n<p><br \/>\r\n<span style=\"color: #ff0000;\"><strong>T\u00e4isnurkne kolmnurk<\/strong><\/span> on kolmnurk,&nbsp; mille \u00fcks nurk on t\u00e4isnurk ehk 90\u00b0.&nbsp;<br \/>\r\nT\u00e4isnurga l\u00e4hisk\u00fclgesid nimetatakse <strong>kaatetiteks<\/strong> ja selle vastask\u00fclge <strong>h\u00fcpotenuusiks.<\/strong> <br \/>\r\nT\u00e4isnurkse kolmnurga <strong>h\u00fcpotenuusi<\/strong> t\u00e4histatakse enamasti t\u00e4hega c ning <strong>kaateteid<\/strong> t\u00e4htedega a ja b.<\/p>\r\n<figure class=\"wp-block-image size-full is-resized\">\r\n<p>\r\n<\/p>\r\n<figure class=\"wp-block-image size-full is-resized\"><img loading=\"lazy\" decoding=\"async\" width=\"642\" height=\"649\" class=\"wp-image-5172\" style=\"width: 408px; height: auto;\" src=\"https:\/\/domath.surju.ee\/wp-content\/uploads\/2024\/12\/A-2-768x768-3.png\" alt=\"\" srcset=\"https:\/\/domath.surju.ee\/wp-content\/uploads\/2024\/12\/A-2-768x768-3.png 642w, https:\/\/domath.surju.ee\/wp-content\/uploads\/2024\/12\/A-2-768x768-3-297x300.png 297w, https:\/\/domath.surju.ee\/wp-content\/uploads\/2024\/12\/A-2-768x768-3-24x24.png 24w, https:\/\/domath.surju.ee\/wp-content\/uploads\/2024\/12\/A-2-768x768-3-36x36.png 36w, https:\/\/domath.surju.ee\/wp-content\/uploads\/2024\/12\/A-2-768x768-3-48x48.png 48w\" sizes=\"auto, (max-width: 642px) 100vw, 642px\" \/><\/figure>\r\n\r\n\r\n\r\n<figure class=\"wp-block-gallery has-nested-images columns-default is-cropped wp-block-gallery-1 is-layout-flex wp-block-gallery-is-layout-flex\"><\/figure>\r\n\r\n\r\n<p>&nbsp;<\/p>\r\n","protected":false},"excerpt":{"rendered":"<p>T\u00e4isnurkse kolmnurga kaatetid T\u00e4isnurkne kolmnurk on kolmnurk,&nbsp; mille \u00fcks nurk on t\u00e4isnurk ehk 90\u00b0.&nbsp; T\u00e4isnurga l\u00e4hisk\u00fclgesid nimetatakse kaatetiteks ja selle vastask\u00fclge h\u00fcpotenuusiks. T\u00e4isnurkse kolmnurga h\u00fcpotenuusi t\u00e4histatakse enamasti t\u00e4hega c ning kaateteid t\u00e4htedega a ja b. &nbsp; [&#8230;]<\/p>\n<p><a class=\"btn btn-secondary understrap-read-more-link\" href=\"https:\/\/domath.surju.ee\/et\/taisnurkse-kolmnurga-kaatetid\/\">Read More&#8230;<span class=\"screen-reader-text\"> from T\u00e4isnurkse kolmnurga kaatetid<\/span><\/a><\/p>\n","protected":false},"author":5,"featured_media":0,"parent":0,"menu_order":0,"comment_status":"closed","ping_status":"closed","template":"","meta":{"_eb_attr":"","_uag_custom_page_level_css":"","footnotes":""},"categories":[],"tags":[42,40,73,63,136],"class_list":["post-1172","page","type-page","status-publish","hentry","tag-english-l","tag-estonian-t","tag-greek-kappa","tag-greek-pi","tag-spanish-c"],"uagb_featured_image_src":{"full":false,"thumbnail":false,"medium":false,"medium_large":false,"large":false,"1536x1536":false,"2048x2048":false,"menu-24x24":false,"menu-36x36":false,"menu-48x48":false},"uagb_author_info":{"display_name":"Einar Aleman","author_link":"https:\/\/domath.surju.ee\/et\/author\/einar\/"},"uagb_comment_info":0,"uagb_excerpt":"T\u00e4isnurkse kolmnurga kaatetid T\u00e4isnurkne kolmnurk on kolmnurk,&nbsp; mille \u00fcks nurk on t\u00e4isnurk ehk 90\u00b0.&nbsp; T\u00e4isnurga l\u00e4hisk\u00fclgesid nimetatakse kaatetiteks ja selle vastask\u00fclge h\u00fcpotenuusiks. T\u00e4isnurkse kolmnurga h\u00fcpotenuusi t\u00e4histatakse enamasti t\u00e4hega c ning kaateteid t\u00e4htedega a ja b. &nbsp; [...]Read More... from T\u00e4isnurkse kolmnurga kaatetid","_links":{"self":[{"href":"https:\/\/domath.surju.ee\/et\/wp-json\/wp\/v2\/pages\/1172","targetHints":{"allow":["GET"]}}],"collection":[{"href":"https:\/\/domath.surju.ee\/et\/wp-json\/wp\/v2\/pages"}],"about":[{"href":"https:\/\/domath.surju.ee\/et\/wp-json\/wp\/v2\/types\/page"}],"author":[{"embeddable":true,"href":"https:\/\/domath.surju.ee\/et\/wp-json\/wp\/v2\/users\/5"}],"replies":[{"embeddable":true,"href":"https:\/\/domath.surju.ee\/et\/wp-json\/wp\/v2\/comments?post=1172"}],"version-history":[{"count":12,"href":"https:\/\/domath.surju.ee\/et\/wp-json\/wp\/v2\/pages\/1172\/revisions"}],"predecessor-version":[{"id":5174,"href":"https:\/\/domath.surju.ee\/et\/wp-json\/wp\/v2\/pages\/1172\/revisions\/5174"}],"wp:attachment":[{"href":"https:\/\/domath.surju.ee\/et\/wp-json\/wp\/v2\/media?parent=1172"}],"wp:term":[{"taxonomy":"category","embeddable":true,"href":"https:\/\/domath.surju.ee\/et\/wp-json\/wp\/v2\/categories?post=1172"},{"taxonomy":"post_tag","embeddable":true,"href":"https:\/\/domath.surju.ee\/et\/wp-json\/wp\/v2\/tags?post=1172"}],"curies":[{"name":"wp","href":"https:\/\/api.w.org\/{rel}","templated":true}]}}