{"id":914,"date":"2024-01-10T06:13:54","date_gmt":"2024-01-10T06:13:54","guid":{"rendered":"https:\/\/domath.surju.ee\/?page_id=914"},"modified":"2024-12-07T19:43:53","modified_gmt":"2024-12-07T19:43:53","slug":"ai","status":"publish","type":"page","link":"https:\/\/domath.surju.ee\/es\/ai\/","title":{"rendered":"IA"},"content":{"rendered":"\r\n<p>\u00bfNo encontraste lo que necesitabas? Tal vez la IA pueda ayudarte. \u00a1Por favor, ingresa tu pregunta de la manera m\u00e1s precisa posible en el cuadro de chat a continuaci\u00f3n!<\/p>\r\n\r\n\r\n<p>&nbsp;<\/p>\r\n\r\n<div class='mwai-chatbot-container' data-params='{&quot;aiName&quot;:&quot;DoMath: &quot;,&quot;userName&quot;:&quot;User: &quot;,&quot;guestName&quot;:&quot;Guest:&quot;,&quot;textSend&quot;:&quot;Send&quot;,&quot;textClear&quot;:&quot;Clear&quot;,&quot;mode&quot;:&quot;chat&quot;,&quot;textInputPlaceholder&quot;:&quot;Type your message...&quot;,&quot;textInputMaxLength&quot;:512,&quot;textCompliance&quot;:&quot;&quot;,&quot;startSentence&quot;:&quot;Hi! How can I help to improve Your math skills?&quot;,&quot;localMemory&quot;:&quot;&quot;,&quot;themeId&quot;:&quot;chatgpt&quot;,&quot;window&quot;:&quot;&quot;,&quot;icon&quot;:&quot;&quot;,&quot;iconText&quot;:&quot;&quot;,&quot;iconTextDelay&quot;:1,&quot;iconAlt&quot;:&quot;AI Chatbot Avatar&quot;,&quot;iconPosition&quot;:&quot;bottom-right&quot;,&quot;iconBubble&quot;:false,&quot;fullscreen&quot;:&quot;&quot;,&quot;copyButton&quot;:&quot;&quot;,&quot;headerSubtitle&quot;:&quot;Discuss with&quot;}' data-system='{&quot;botId&quot;:&quot;default&quot;,&quot;customId&quot;:null,&quot;userData&quot;:null,&quot;sessionId&quot;:&quot;N\\\/A&quot;,&quot;restNonce&quot;:null,&quot;contextId&quot;:914,&quot;pluginUrl&quot;:&quot;https:\\\/\\\/domath.surju.ee\\\/wp-content\\\/plugins\\\/ai-engine\\\/&quot;,&quot;restUrl&quot;:&quot;https:\\\/\\\/domath.surju.ee\\\/es\\\/wp-json&quot;,&quot;stream&quot;:false,&quot;debugMode&quot;:false,&quot;speech_recognition&quot;:false,&quot;speech_synthesis&quot;:false,&quot;typewriter&quot;:false,&quot;virtual_keyboard_fix&quot;:false,&quot;actions&quot;:[],&quot;blocks&quot;:[],&quot;shortcuts&quot;:[]}' data-theme='{&quot;type&quot;:&quot;internal&quot;,&quot;name&quot;:&quot;ChatGPT&quot;,&quot;themeId&quot;:&quot;chatgpt&quot;,&quot;settings&quot;:{&quot;backgroundPrimaryColor&quot;:&quot;#5533ff&quot;,&quot;backgroundSecondaryColor&quot;:&quot;#192679&quot;},&quot;style&quot;:&quot;&quot;}'><\/div>\n","protected":false},"excerpt":{"rendered":"<p>\u00bfNo encontraste lo que necesitabas? Tal vez la IA pueda ayudarte. \u00a1Por favor, ingresa tu pregunta de la manera m\u00e1s precisa posible en el cuadro de chat a continuaci\u00f3n! &nbsp; [&#8230;]<\/p>\n<p><a class=\"btn btn-secondary understrap-read-more-link\" href=\"https:\/\/domath.surju.ee\/es\/ai\/\">Leer m\u00e1s&#8230;<span class=\"screen-reader-text\"> from IA<\/span><\/a><\/p>\n","protected":false},"author":1,"featured_media":0,"parent":0,"menu_order":0,"comment_status":"closed","ping_status":"closed","template":"","meta":{"_eb_attr":"","_uag_custom_page_level_css":"","footnotes":""},"categories":[],"tags":[],"class_list":["post-914","page","type-page","status-publish","hentry"],"uagb_featured_image_src":{"full":false,"thumbnail":false,"medium":false,"medium_large":false,"large":false,"1536x1536":false,"2048x2048":false,"menu-24x24":false,"menu-36x36":false,"menu-48x48":false},"uagb_author_info":{"display_name":"valter","author_link":"https:\/\/domath.surju.ee\/es\/author\/valter\/"},"uagb_comment_info":0,"uagb_excerpt":"\u00bfNo encontraste lo que necesitabas? Tal vez la IA pueda ayudarte. \u00a1Por favor, ingresa tu pregunta de la manera m\u00e1s precisa posible en el cuadro de chat a continuaci\u00f3n! &nbsp; [...]Leer m\u00e1s... from IA","_links":{"self":[{"href":"https:\/\/domath.surju.ee\/es\/wp-json\/wp\/v2\/pages\/914","targetHints":{"allow":["GET"]}}],"collection":[{"href":"https:\/\/domath.surju.ee\/es\/wp-json\/wp\/v2\/pages"}],"about":[{"href":"https:\/\/domath.surju.ee\/es\/wp-json\/wp\/v2\/types\/page"}],"author":[{"embeddable":true,"href":"https:\/\/domath.surju.ee\/es\/wp-json\/wp\/v2\/users\/1"}],"replies":[{"embeddable":true,"href":"https:\/\/domath.surju.ee\/es\/wp-json\/wp\/v2\/comments?post=914"}],"version-history":[{"count":2,"href":"https:\/\/domath.surju.ee\/es\/wp-json\/wp\/v2\/pages\/914\/revisions"}],"predecessor-version":[{"id":917,"href":"https:\/\/domath.surju.ee\/es\/wp-json\/wp\/v2\/pages\/914\/revisions\/917"}],"wp:attachment":[{"href":"https:\/\/domath.surju.ee\/es\/wp-json\/wp\/v2\/media?parent=914"}],"wp:term":[{"taxonomy":"category","embeddable":true,"href":"https:\/\/domath.surju.ee\/es\/wp-json\/wp\/v2\/categories?post=914"},{"taxonomy":"post_tag","embeddable":true,"href":"https:\/\/domath.surju.ee\/es\/wp-json\/wp\/v2\/tags?post=914"}],"curies":[{"name":"wp","href":"https:\/\/api.w.org\/{rel}","templated":true}]}}