{"id":796,"date":"2023-12-20T12:41:28","date_gmt":"2023-12-20T12:41:28","guid":{"rendered":"https:\/\/domath.surju.ee\/?page_id=796"},"modified":"2024-12-27T13:46:28","modified_gmt":"2024-12-27T13:46:28","slug":"decimal","status":"publish","type":"page","link":"https:\/\/domath.surju.ee\/es\/decimal\/","title":{"rendered":"Decimal"},"content":{"rendered":"<h1 style=\"text-align: center;\"><span style=\"color: #008000;\">Decimal<\/span><\/h1>\r\n\r\n<p>Un <strong>n\u00famero decimal<\/strong> es cualquier <span style=\"color: #000000;\"><a style=\"color: #000000;\" href=\"https:\/\/economipedia.com\/definiciones\/numeros-reales.html\">n\u00famero real<\/a>&nbsp;<\/span>que est\u00e9 formado por una parte<span style=\"color: #000000;\">&nbsp;<\/span><a href=\"https:\/\/economipedia.com\/definiciones\/numeros-enteros.html\"><span style=\"color: #000000;\">entera<\/span><\/a> y otra parte decimal, las cuales est\u00e1n separadas por una coma.<br \/>\r\n<br \/>\r\n<\/p>\r\n\r\n\r\n<p><mark>Ejemplo: <strong><mark class=\"has-inline-color has-red-color\" style=\"background-color: rgba(0, 0, 0, 0);\">35<\/mark><mark class=\"has-inline-color has-green-color\" style=\"background-color: rgba(0, 0, 0, 0);\">.<\/mark><mark class=\"has-inline-color has-purple-color\" style=\"background-color: rgba(0, 0, 0, 0);\">28<\/mark> <\/strong><\/mark><mark> <\/mark><mark> <\/mark><mark><strong> <mark class=\"has-inline-color has-red-color\" style=\"background-color: rgba(0, 0, 0, 0);\">56<\/mark>.<mark class=\"has-inline-color has-purple-color\" style=\"background-color: rgba(0, 0, 0, 0);\">1<\/mark> <mark class=\"has-inline-color has-red-color\" style=\"background-color: rgba(0, 0, 0, 0);\">148<\/mark>.<mark class=\"has-inline-color has-purple-color\" style=\"background-color: rgba(0, 0, 0, 0);\">32<\/mark><\/strong><\/mark><\/p>\r\n\r\n\r\n<p>Un <strong>n\u00famero decimal<\/strong> es un n\u00famero real que lo reconocemos por llevar una coma y se puede dividir entre una parte entera y decimal.<\/p>\r\n\r\n\r\n<p>Por ejemplo,<strong> 25,5<\/strong> es un n\u00famero decimal. Aqu\u00ed, <strong>25<\/strong> es el n\u00famero entero y <strong>5<\/strong> es la fracci\u00f3n (5\/10 o cinco d\u00e9cimas).<\/p>\r\n<p>Donde&nbsp;<strong>e<\/strong>&nbsp;es un n\u00famero entero y todas las siguientes&nbsp;<strong>letras d&nbsp;<\/strong>significan decimal. Por tanto, en un n\u00famero decimal siempre encontraremos una parte entera. La parte entera es el n\u00famero anterior a la coma. La parte decimal es la parte posterior a la coma.<\/p>\r\n<div class=\"econo-code-block econo-code-block-center econo-code-block-38 econo-code-block-intext-es\"><img loading=\"lazy\" decoding=\"async\" class=\"wp-image-113185 aligncenter\" style=\"margin-bottom: 0.5rem; line-height: 1;\" src=\"https:\/\/economipedia.com\/wp-content\/uploads\/Estructura-nu%CC%81mero-racional.png\" sizes=\"auto, (max-width: 435px) 100vw, 435px\" srcset=\"https:\/\/economipedia.com\/wp-content\/uploads\/Estructura-nu\u0301mero-racional.png 662w, https:\/\/economipedia.com\/wp-content\/uploads\/Estructura-nu\u0301mero-racional-655x277.png 655w, https:\/\/economipedia.com\/wp-content\/uploads\/Estructura-nu\u0301mero-racional-300x127.png 300w\" alt=\"Estructura Nu\u0301mero Racional\" width=\"286\" height=\"121\" \/><\/div>\r\n\r\n\r\n<p>Para comparar dos o m\u00e1s n\u00fameros decimales:<br \/>\r\nComparo primero su parte entera, el n\u00famero entero. El mayor es el que tiene una parte entera mayor, p. ej. <strong>45<\/strong>,2 &gt;<strong> 5<\/strong>,123<\/p>\r\n\r\n\r\n<p>Si la parte entera es igual, comparo la parte decimal, comenzando desde la izquierda hacia la derecha de la parte decimal. El mayor es el que tiene m\u00e1s d\u00e9cimas o cent\u00edmetros o mil\u00edmetros, etc., por ejemplo, 0,<strong>135<\/strong> &gt; 0,<strong>123<\/strong><\/p>\r\n\r\n\r\n<p><a href=\"https:\/\/wordwall.net\/es\/resource\/4061054\/comparaci%C3%B3n-de-n%C3%BAmeros-decimales\">https:\/\/wordwall.net\/es\/resource\/4061054\/comparaci%C3%B3n-de-n%C3%BAmeros-decimales<\/a><br \/>\r\n<br \/>\r\n<a href=\"https:\/\/wordwall.net\/es\/resource\/14716222\/n%C3%BAmeros-decimales\">https:\/\/wordwall.net\/es\/resource\/14716222\/n%C3%BAmeros-decimales<\/a><br \/>\r\n<br \/>\r\n<\/p>\r\n","protected":false},"excerpt":{"rendered":"<p>Decimal Un n\u00famero decimal es cualquier n\u00famero real&nbsp;que est\u00e9 formado por una parte&nbsp;entera y otra parte decimal, las cuales est\u00e1n separadas por una coma. Ejemplo: 35.28 56.1 148.32 Un n\u00famero decimal es un n\u00famero real que lo reconocemos por llevar una coma y se puede dividir entre una parte entera y decimal. Por ejemplo, 25,5 [&#8230;]<\/p>\n<p><a class=\"btn btn-secondary understrap-read-more-link\" href=\"https:\/\/domath.surju.ee\/es\/decimal\/\">Leer m\u00e1s&#8230;<span class=\"screen-reader-text\"> from Decimal<\/span><\/a><\/p>\n","protected":false},"author":9,"featured_media":0,"parent":0,"menu_order":0,"comment_status":"closed","ping_status":"closed","template":"","meta":{"_eb_attr":"","_uag_custom_page_level_css":"","footnotes":""},"categories":[],"tags":[12,76,74,80],"class_list":["post-796","page","type-page","status-publish","hentry","tag-english-d","tag-estonian-k","tag-greek-delta","tag-spanish-d"],"uagb_featured_image_src":{"full":false,"thumbnail":false,"medium":false,"medium_large":false,"large":false,"1536x1536":false,"2048x2048":false,"menu-24x24":false,"menu-36x36":false,"menu-48x48":false},"uagb_author_info":{"display_name":"Styliani Bempi","author_link":"https:\/\/domath.surju.ee\/es\/author\/styliani\/"},"uagb_comment_info":0,"uagb_excerpt":"Decimal Un n\u00famero decimal es cualquier n\u00famero real&nbsp;que est\u00e9 formado por una parte&nbsp;entera y otra parte decimal, las cuales est\u00e1n separadas por una coma. Ejemplo: 35.28 56.1 148.32 Un n\u00famero decimal es un n\u00famero real que lo reconocemos por llevar una coma y se puede dividir entre una parte entera y decimal. Por ejemplo, 25,5&hellip;","_links":{"self":[{"href":"https:\/\/domath.surju.ee\/es\/wp-json\/wp\/v2\/pages\/796","targetHints":{"allow":["GET"]}}],"collection":[{"href":"https:\/\/domath.surju.ee\/es\/wp-json\/wp\/v2\/pages"}],"about":[{"href":"https:\/\/domath.surju.ee\/es\/wp-json\/wp\/v2\/types\/page"}],"author":[{"embeddable":true,"href":"https:\/\/domath.surju.ee\/es\/wp-json\/wp\/v2\/users\/9"}],"replies":[{"embeddable":true,"href":"https:\/\/domath.surju.ee\/es\/wp-json\/wp\/v2\/comments?post=796"}],"version-history":[{"count":10,"href":"https:\/\/domath.surju.ee\/es\/wp-json\/wp\/v2\/pages\/796\/revisions"}],"predecessor-version":[{"id":5026,"href":"https:\/\/domath.surju.ee\/es\/wp-json\/wp\/v2\/pages\/796\/revisions\/5026"}],"wp:attachment":[{"href":"https:\/\/domath.surju.ee\/es\/wp-json\/wp\/v2\/media?parent=796"}],"wp:term":[{"taxonomy":"category","embeddable":true,"href":"https:\/\/domath.surju.ee\/es\/wp-json\/wp\/v2\/categories?post=796"},{"taxonomy":"post_tag","embeddable":true,"href":"https:\/\/domath.surju.ee\/es\/wp-json\/wp\/v2\/tags?post=796"}],"curies":[{"name":"wp","href":"https:\/\/api.w.org\/{rel}","templated":true}]}}