{"id":662,"date":"2023-10-26T12:17:35","date_gmt":"2023-10-26T12:17:35","guid":{"rendered":"https:\/\/domath.surju.ee\/?page_id=662"},"modified":"2024-12-22T17:10:02","modified_gmt":"2024-12-22T17:10:02","slug":"average","status":"publish","type":"page","link":"https:\/\/domath.surju.ee\/es\/media\/","title":{"rendered":"Media"},"content":{"rendered":"\r\n<h1 style=\"text-align: center;\"><span style=\"color: #008000;\"><strong>Media<br \/>\r\n<\/strong><\/span><\/h1>\r\n<p><span style=\"color: #ff0000;\"><strong>Una media<\/strong><\/span> es el n\u00famero o valor \u00fanico que mejor representa un conjunto de datos.<\/p>\r\n<p>El tipo de media que se toma como m\u00e1s t\u00edpicamente representativa de una lista de n\u00fameros es la <strong>media aritm\u00e9tica<\/strong>: la suma de los n\u00fameros dividida por cu\u00e1ntos n\u00fameros hay en la lista.<\/p>\r\n<h5><span style=\"color: #000080;\"><strong>Para calcular la media<\/strong><\/span><\/h5>\r\n<h5>&nbsp;<\/h5>\r\n<p><strong>1.<\/strong> <strong>Suma todos los valores.<\/strong><\/p>\r\n<p><strong>2.<\/strong> <strong>Dividir por el n\u00famero de valores.<\/strong><\/p>\r\n<p><span style=\"color: #0000ff;\"><strong>Ejemplo:<\/strong><\/span><\/p>\r\n<p>La media de los n\u00fameros 2, 3, 4, 7 y 9.<\/p>\r\n<p><strong>(2+3+4+7+9 = 25) : 5 = 5<\/strong><\/p>\r\n<p>La media es 5.<\/p>\r\n<p><span style=\"color: #333399;\"><strong>Comparaci\u00f3n de medias comunes de valores { 1, 2, 2, 3, 4, 7, 9<\/strong><strong>}<\/strong><\/span><\/p>\r\n<h1 style=\"text-align: center;\"><span style=\"color: #008000;\"><strong>&nbsp;<\/strong><\/span><\/h1>\r\n\r\n\r\n<p><span style=\"color: #333399;\"> (<\/span><span style=\"color: #333399;\"><a href=\"https:\/\/en.wikipedia.org\/wiki\/Average\">https:\/\/en.wikipedia.org\/wiki\/Average<\/a>)<\/span><\/p>\r\n\r\n<div class=\"wp-block-columns is-layout-flex wp-container-core-columns-is-layout-9d6595d7 wp-block-columns-is-layout-flex\">\r\n<div class=\"wp-block-column is-layout-flow wp-block-column-is-layout-flow\" style=\"flex-basis: 100%;\">\r\n<figure class=\"wp-block-table\">\r\n<table class=\"has-fixed-layout\" style=\"width: 90.9524%; height: 180px;\">\r\n<tbody>\r\n<tr style=\"height: 61px;\">\r\n<td style=\"width: 25%; height: 32px; text-align: center;\">\r\n<p><span style=\"color: #000080;\"><strong>Tipo<\/strong><\/span><\/p>\r\n<\/td>\r\n<td style=\"width: 31.4136%; height: 32px; text-align: center;\">\r\n<p><span style=\"color: #000080;\"><strong>Descripci\u00f3n<\/strong><\/span><\/p>\r\n<\/td>\r\n<td style=\"width: 28.1414%; height: 32px; text-align: center;\"><span style=\"color: #000080;\"><strong>Ejemplo<\/strong><\/span><\/td>\r\n<td style=\"width: 15.445%; height: 32px; text-align: center;\"><span style=\"color: #000080;\"><strong>Resultado<\/strong><\/span><\/td>\r\n<\/tr>\r\n<tr style=\"height: 37px;\">\r\n<td style=\"width: 25%; height: 37px; text-align: center;\"><span style=\"color: #333399;\"><b>Media aritm\u00e9tica<\/b><\/span><\/td>\r\n<td style=\"width: 31.4136%; height: 37px;\">\r\n<p>Suma de los valores de un conjunto de datos dividida por el n\u00famero de valores.<\/p>\r\n<\/td>\r\n<td style=\"width: 28.1414%; height: 37px;\">(1+2+2+3+4+7+9) \/ 7<\/td>\r\n<td style=\"width: 15.445%; height: 37px; text-align: center;\"><span style=\"color: #ff0000;\"><strong>4<\/strong><\/span><\/td>\r\n<\/tr>\r\n<tr style=\"height: 37px;\">\r\n<td style=\"width: 25%; height: 37px; text-align: center;\"><strong><span style=\"color: #333399;\">Mediana<\/span><\/strong><\/td>\r\n<td style=\"width: 31.4136%; height: 37px;\">Valor medio que separa las mitades mayor y menor de un conjunto de datos.<\/td>\r\n<td style=\"width: 28.1414%; height: 37px;\">1, 2, 2, <strong>3<\/strong>, 4, 7, 9<\/td>\r\n<td style=\"width: 15.445%; height: 37px; text-align: center;\"><span style=\"color: #ff0000;\"><strong>3<\/strong><\/span><\/td>\r\n<\/tr>\r\n<tr style=\"height: 37px;\">\r\n<td style=\"width: 25%; height: 37px; text-align: center;\"><span style=\"color: #333399;\"><strong>Moda<\/strong><\/span><\/td>\r\n<td style=\"width: 31.4136%; height: 37px;\">Valor m\u00e1s frecuente en un conjunto de datos.<\/td>\r\n<td style=\"width: 28.1414%; height: 37px;\">1, <strong>2, 2<\/strong>, 3, 4, 7, 9<\/td>\r\n<td style=\"width: 15.445%; height: 37px; text-align: center;\"><span style=\"color: #ff0000;\"><strong>2<\/strong><\/span><\/td>\r\n<\/tr>\r\n<tr style=\"height: 37px;\">\r\n<td style=\"width: 25%; height: 37px; text-align: center;\"><strong><span style=\"color: #333399;\">Rango<\/span><\/strong><\/td>\r\n<td style=\"width: 31.4136%; height: 37px;\">La media aritm\u00e9tica de los valores m\u00e1s altos y m\u00e1s bajos de un conjunto.<\/td>\r\n<td style=\"width: 28.1414%; height: 37px;\">(1 + 9)\/2<\/td>\r\n<td style=\"width: 15.445%; height: 37px; text-align: center;\"><span style=\"color: #ff0000;\"><strong>5<\/strong><\/span><\/td>\r\n<\/tr>\r\n<\/tbody>\r\n<\/table>\r\n<\/figure>\r\n\r\n <iframe loading=\"lazy\" style=\"border: 0px;\" title=\"Punktide aritmeetiline keskmine\" src=\"https:\/\/www.geogebra.org\/material\/iframe\/id\/jbwfssbj\/width\/1280\/height\/585\/border\/888888\/sfsb\/true\/smb\/false\/stb\/false\/stbh\/false\/ai\/false\/asb\/false\/sri\/false\/rc\/false\/ld\/false\/sdz\/false\/ctl\/false\" width=\"600px\" height=\"285px\" scrolling=\"no\"> <\/iframe> \r\n <iframe loading=\"lazy\" style=\"border: 0px;\" title=\"Hinnete aritmeetiline keskmine\" src=\"https:\/\/www.geogebra.org\/material\/iframe\/id\/ehadmj7y\/width\/1280\/height\/585\/border\/888888\/sfsb\/true\/smb\/false\/stb\/false\/stbh\/false\/ai\/false\/asb\/false\/sri\/false\/rc\/false\/ld\/false\/sdz\/false\/ctl\/false\" width=\"600px\" height=\"285px\" scrolling=\"no\"> <\/iframe> <\/div>\r\n<\/div>\r\n","protected":false},"excerpt":{"rendered":"<p>Media Una media es el n\u00famero o valor \u00fanico que mejor representa un conjunto de datos. El tipo de media que se toma como m\u00e1s t\u00edpicamente representativa de una lista de n\u00fameros es la media aritm\u00e9tica: la suma de los n\u00fameros dividida por cu\u00e1ntos n\u00fameros hay en la lista. Para calcular la media &nbsp; 1. [&#8230;]<\/p>\n<p><a class=\"btn btn-secondary understrap-read-more-link\" href=\"https:\/\/domath.surju.ee\/es\/media\/\">Leer m\u00e1s&#8230;<span class=\"screen-reader-text\"> from Media<\/span><\/a><\/p>\n","protected":false},"author":12,"featured_media":0,"parent":0,"menu_order":0,"comment_status":"closed","ping_status":"closed","template":"","meta":{"_eb_attr":"","_uag_custom_page_level_css":"","footnotes":""},"categories":[],"tags":[37,22,145,78],"class_list":["post-662","page","type-page","status-publish","hentry","tag-english-a","tag-estonian-a","tag-greek-mu","tag-spanish-m"],"uagb_featured_image_src":{"full":false,"thumbnail":false,"medium":false,"medium_large":false,"large":false,"1536x1536":false,"2048x2048":false,"menu-24x24":false,"menu-36x36":false,"menu-48x48":false},"uagb_author_info":{"display_name":"Ave Kartau","author_link":"https:\/\/domath.surju.ee\/es\/author\/ave\/"},"uagb_comment_info":0,"uagb_excerpt":"Media Una media es el n\u00famero o valor \u00fanico que mejor representa un conjunto de datos. El tipo de media que se toma como m\u00e1s t\u00edpicamente representativa de una lista de n\u00fameros es la media aritm\u00e9tica: la suma de los n\u00fameros dividida por cu\u00e1ntos n\u00fameros hay en la lista. Para calcular la media &nbsp; 1.&hellip;","_links":{"self":[{"href":"https:\/\/domath.surju.ee\/es\/wp-json\/wp\/v2\/pages\/662","targetHints":{"allow":["GET"]}}],"collection":[{"href":"https:\/\/domath.surju.ee\/es\/wp-json\/wp\/v2\/pages"}],"about":[{"href":"https:\/\/domath.surju.ee\/es\/wp-json\/wp\/v2\/types\/page"}],"author":[{"embeddable":true,"href":"https:\/\/domath.surju.ee\/es\/wp-json\/wp\/v2\/users\/12"}],"replies":[{"embeddable":true,"href":"https:\/\/domath.surju.ee\/es\/wp-json\/wp\/v2\/comments?post=662"}],"version-history":[{"count":26,"href":"https:\/\/domath.surju.ee\/es\/wp-json\/wp\/v2\/pages\/662\/revisions"}],"predecessor-version":[{"id":4691,"href":"https:\/\/domath.surju.ee\/es\/wp-json\/wp\/v2\/pages\/662\/revisions\/4691"}],"wp:attachment":[{"href":"https:\/\/domath.surju.ee\/es\/wp-json\/wp\/v2\/media?parent=662"}],"wp:term":[{"taxonomy":"category","embeddable":true,"href":"https:\/\/domath.surju.ee\/es\/wp-json\/wp\/v2\/categories?post=662"},{"taxonomy":"post_tag","embeddable":true,"href":"https:\/\/domath.surju.ee\/es\/wp-json\/wp\/v2\/tags?post=662"}],"curies":[{"name":"wp","href":"https:\/\/api.w.org\/{rel}","templated":true}]}}