{"id":653,"date":"2023-10-26T12:11:15","date_gmt":"2023-10-26T12:11:15","guid":{"rendered":"https:\/\/domath.surju.ee\/?page_id=653"},"modified":"2024-11-24T18:20:26","modified_gmt":"2024-11-24T18:20:26","slug":"asymmetry","status":"publish","type":"page","link":"https:\/\/domath.surju.ee\/es\/asymmetry\/","title":{"rendered":"Asimetr\u00eda"},"content":{"rendered":"<h1 style=\"text-align: center;\"><strong><span style=\"color: #008000;\">Asimetr\u00eda, asim\u00e9trico<\/span><\/strong><\/h1>\r\n\r\n<p>&nbsp;<\/p>\r\n\r\n\r\n<p style=\"text-align: left;\">La <span style=\"color: #ff0000;\"><strong>asimetr\u00eda<\/strong><\/span> es tener dos lados o mitades que no son iguales.<br \/>\r\n<br \/>\r\n&#8211; No tiene lados exactamente iguales.<br \/>\r\n<br \/>\r\n&#8211; Una mitad no es un reflejo especular de la otra.<\/p>\r\n<p><img loading=\"lazy\" decoding=\"async\" class=\"alignnone size-medium wp-image-2825\" src=\"https:\/\/domath.surju.ee\/wp-content\/uploads\/2024\/07\/Asymmetry-Definition-Venngage-300x169.jpg\" alt=\"\" width=\"300\" height=\"169\" srcset=\"https:\/\/domath.surju.ee\/wp-content\/uploads\/2024\/07\/Asymmetry-Definition-Venngage-300x169.jpg 300w, https:\/\/domath.surju.ee\/wp-content\/uploads\/2024\/07\/Asymmetry-Definition-Venngage-768x432.jpg 768w, https:\/\/domath.surju.ee\/wp-content\/uploads\/2024\/07\/Asymmetry-Definition-Venngage-24x14.jpg 24w, https:\/\/domath.surju.ee\/wp-content\/uploads\/2024\/07\/Asymmetry-Definition-Venngage-36x20.jpg 36w, https:\/\/domath.surju.ee\/wp-content\/uploads\/2024\/07\/Asymmetry-Definition-Venngage-48x27.jpg 48w, https:\/\/domath.surju.ee\/wp-content\/uploads\/2024\/07\/Asymmetry-Definition-Venngage.jpg 1024w\" sizes=\"auto, (max-width: 300px) 100vw, 300px\" \/>&nbsp; &nbsp; <img loading=\"lazy\" decoding=\"async\" class=\"alignnone size-medium wp-image-2826\" src=\"https:\/\/domath.surju.ee\/wp-content\/uploads\/2024\/07\/Asymmetry-Example-Venngage-300x187.jpg\" alt=\"\" width=\"300\" height=\"187\" srcset=\"https:\/\/domath.surju.ee\/wp-content\/uploads\/2024\/07\/Asymmetry-Example-Venngage-300x187.jpg 300w, https:\/\/domath.surju.ee\/wp-content\/uploads\/2024\/07\/Asymmetry-Example-Venngage-1024x640.jpg 1024w, https:\/\/domath.surju.ee\/wp-content\/uploads\/2024\/07\/Asymmetry-Example-Venngage-768x480.jpg 768w, https:\/\/domath.surju.ee\/wp-content\/uploads\/2024\/07\/Asymmetry-Example-Venngage-1536x960.jpg 1536w, https:\/\/domath.surju.ee\/wp-content\/uploads\/2024\/07\/Asymmetry-Example-Venngage-24x15.jpg 24w, https:\/\/domath.surju.ee\/wp-content\/uploads\/2024\/07\/Asymmetry-Example-Venngage-36x22.jpg 36w, https:\/\/domath.surju.ee\/wp-content\/uploads\/2024\/07\/Asymmetry-Example-Venngage-48x30.jpg 48w, https:\/\/domath.surju.ee\/wp-content\/uploads\/2024\/07\/Asymmetry-Example-Venngage.jpg 1999w\" sizes=\"auto, (max-width: 300px) 100vw, 300px\" \/><\/p>\r\n<p><a href=\"https:\/\/venngage.com\/design-dictionary\/asymmetry-definition\/\">https:\/\/venngage.com\/design-dictionary\/asymmetry-definition\/<\/a><\/p>\r\n\r\n<p><img loading=\"lazy\" decoding=\"async\" class=\"size-medium wp-image-2830 aligncenter\" src=\"https:\/\/domath.surju.ee\/wp-content\/uploads\/2024\/07\/background-2410617_640-300x169.png\" alt=\"\" width=\"300\" height=\"169\" srcset=\"https:\/\/domath.surju.ee\/wp-content\/uploads\/2024\/07\/background-2410617_640-300x169.png 300w, https:\/\/domath.surju.ee\/wp-content\/uploads\/2024\/07\/background-2410617_640-24x14.png 24w, https:\/\/domath.surju.ee\/wp-content\/uploads\/2024\/07\/background-2410617_640-36x20.png 36w, https:\/\/domath.surju.ee\/wp-content\/uploads\/2024\/07\/background-2410617_640-48x27.png 48w, https:\/\/domath.surju.ee\/wp-content\/uploads\/2024\/07\/background-2410617_640.png 640w\" sizes=\"auto, (max-width: 300px) 100vw, 300px\" \/><\/p>\r\n<p style=\"text-align: center;\"><a href=\"https:\/\/pixabay.com\/vectors\/background-abstract-background-2410617\/\">https:\/\/pixabay.com\/vectors\/background-abstract-background-2410617\/<\/a><\/p>","protected":false},"excerpt":{"rendered":"<p>Asimetr\u00eda, asim\u00e9trico &nbsp; La asimetr\u00eda es tener dos lados o mitades que no son iguales. &#8211; No tiene lados exactamente iguales. &#8211; Una mitad no es un reflejo especular de la otra. &nbsp; &nbsp; https:\/\/venngage.com\/design-dictionary\/asymmetry-definition\/ https:\/\/pixabay.com\/vectors\/background-abstract-background-2410617\/ [&#8230;]<\/p>\n<p><a class=\"btn btn-secondary understrap-read-more-link\" href=\"https:\/\/domath.surju.ee\/es\/asymmetry\/\">Leer m\u00e1s&#8230;<span class=\"screen-reader-text\"> from Asimetr\u00eda<\/span><\/a><\/p>\n","protected":false},"author":12,"featured_media":0,"parent":0,"menu_order":0,"comment_status":"closed","ping_status":"closed","template":"","meta":{"_eb_attr":"","_uag_custom_page_level_css":"","footnotes":""},"categories":[],"tags":[37,22,86,72],"class_list":["post-653","page","type-page","status-publish","hentry","tag-english-a","tag-estonian-a","tag-greek-alpha","tag-spanish-a"],"uagb_featured_image_src":{"full":false,"thumbnail":false,"medium":false,"medium_large":false,"large":false,"1536x1536":false,"2048x2048":false,"menu-24x24":false,"menu-36x36":false,"menu-48x48":false},"uagb_author_info":{"display_name":"Ave Kartau","author_link":"https:\/\/domath.surju.ee\/es\/author\/ave\/"},"uagb_comment_info":0,"uagb_excerpt":"Asimetr\u00eda, asim\u00e9trico &nbsp; La asimetr\u00eda es tener dos lados o mitades que no son iguales. &#8211; No tiene lados exactamente iguales. &#8211; Una mitad no es un reflejo especular de la otra. &nbsp; &nbsp; https:\/\/venngage.com\/design-dictionary\/asymmetry-definition\/ https:\/\/pixabay.com\/vectors\/background-abstract-background-2410617\/ [...]Leer m\u00e1s... from Asimetr\u00eda","_links":{"self":[{"href":"https:\/\/domath.surju.ee\/es\/wp-json\/wp\/v2\/pages\/653","targetHints":{"allow":["GET"]}}],"collection":[{"href":"https:\/\/domath.surju.ee\/es\/wp-json\/wp\/v2\/pages"}],"about":[{"href":"https:\/\/domath.surju.ee\/es\/wp-json\/wp\/v2\/types\/page"}],"author":[{"embeddable":true,"href":"https:\/\/domath.surju.ee\/es\/wp-json\/wp\/v2\/users\/12"}],"replies":[{"embeddable":true,"href":"https:\/\/domath.surju.ee\/es\/wp-json\/wp\/v2\/comments?post=653"}],"version-history":[{"count":6,"href":"https:\/\/domath.surju.ee\/es\/wp-json\/wp\/v2\/pages\/653\/revisions"}],"predecessor-version":[{"id":2831,"href":"https:\/\/domath.surju.ee\/es\/wp-json\/wp\/v2\/pages\/653\/revisions\/2831"}],"wp:attachment":[{"href":"https:\/\/domath.surju.ee\/es\/wp-json\/wp\/v2\/media?parent=653"}],"wp:term":[{"taxonomy":"category","embeddable":true,"href":"https:\/\/domath.surju.ee\/es\/wp-json\/wp\/v2\/categories?post=653"},{"taxonomy":"post_tag","embeddable":true,"href":"https:\/\/domath.surju.ee\/es\/wp-json\/wp\/v2\/tags?post=653"}],"curies":[{"name":"wp","href":"https:\/\/api.w.org\/{rel}","templated":true}]}}