{"id":629,"date":"2023-10-26T11:44:45","date_gmt":"2023-10-26T11:44:45","guid":{"rendered":"https:\/\/domath.surju.ee\/?page_id=629"},"modified":"2024-11-30T13:05:32","modified_gmt":"2024-11-30T13:05:32","slug":"arms-of-an-angle","status":"publish","type":"page","link":"https:\/\/domath.surju.ee\/es\/arms-of-an-angle\/","title":{"rendered":"Lados de un \u00e1ngulo"},"content":{"rendered":"<h1 style=\"text-align: center;\"><span style=\"color: #008000;\">Lados de un \u00e1ngulo<\/span><\/h1>\r\n\r\n<p>Los <strong><span style=\"color: #ff0000;\">lados de un \u00e1ngulo<\/span><\/strong> son las dos l\u00edneas que forman el \u00e1ngulo.<\/p>\r\n\r\n<p><img loading=\"lazy\" decoding=\"async\" class=\"size-medium wp-image-2738 aligncenter\" src=\"https:\/\/domath.surju.ee\/wp-content\/uploads\/2024\/07\/geogebra-export-2-300x181.png\" alt=\"\" width=\"300\" height=\"181\" srcset=\"https:\/\/domath.surju.ee\/wp-content\/uploads\/2024\/07\/geogebra-export-2-300x181.png 300w, https:\/\/domath.surju.ee\/wp-content\/uploads\/2024\/07\/geogebra-export-2-1024x617.png 1024w, https:\/\/domath.surju.ee\/wp-content\/uploads\/2024\/07\/geogebra-export-2-768x463.png 768w, https:\/\/domath.surju.ee\/wp-content\/uploads\/2024\/07\/geogebra-export-2-1536x926.png 1536w, https:\/\/domath.surju.ee\/wp-content\/uploads\/2024\/07\/geogebra-export-2-2048x1234.png 2048w, https:\/\/domath.surju.ee\/wp-content\/uploads\/2024\/07\/geogebra-export-2-24x14.png 24w, https:\/\/domath.surju.ee\/wp-content\/uploads\/2024\/07\/geogebra-export-2-36x22.png 36w, https:\/\/domath.surju.ee\/wp-content\/uploads\/2024\/07\/geogebra-export-2-48x29.png 48w\" sizes=\"auto, (max-width: 300px) 100vw, 300px\" \/><\/p>\r\n<h6 style=\"text-align: center;\"><strong><span style=\"color: #000080;\">Las l\u00edneas rectas que se utilizan para formar un \u00e1ngulo son los<span style=\"color: #ff0000;\"> lados<\/span> de un \u00e1ngulo.<\/span><\/strong><br \/>\r\n<strong><span style=\"color: #000080;\">Los lados tienen un punto de uni\u00f3n com\u00fan que se llama<\/span><span style=\"color: #000080;\"><span style=\"color: #ff0000;\"> v\u00e9rtice<\/span><\/span><span style=\"color: #000080;\"> de un \u00e1ngulo. <\/span><\/strong><br \/>\r\n<strong><span style=\"color: #000080;\">A medida que los lados giran, el \u00e1ngulo cambia. <\/span><\/strong><br \/>\r\n<span style=\"color: #ff0000;\"><strong>Los \u00e1ngulos se miden en grados.<\/strong><\/span><\/h6>\r\n <iframe loading=\"lazy\" style=\"border: 0px;\" title=\"Nurga haarad\" src=\"https:\/\/www.geogebra.org\/material\/iframe\/id\/k296dv9c\/width\/900\/height\/385\/border\/888888\/sfsb\/true\/smb\/false\/stb\/false\/stbh\/false\/ai\/false\/asb\/false\/sri\/false\/rc\/false\/ld\/false\/sdz\/false\/ctl\/false\" width=\"600px\" height=\"255px\" scrolling=\"no\"> <\/iframe> \r\n<h5>&nbsp;<\/h5>\r\n<h5 style=\"text-align: center;\"><span style=\"color: #0000ff; background-color: #ccffff;\"><strong>Ejemplos de la vida real<\/strong><\/span><\/h5>\r\n<p><img loading=\"lazy\" decoding=\"async\" class=\"alignnone  wp-image-2749\" src=\"https:\/\/domath.surju.ee\/wp-content\/uploads\/2024\/07\/Nurgad-reaalses-elus-300x173.png\" alt=\"\" width=\"279\" height=\"161\" srcset=\"https:\/\/domath.surju.ee\/wp-content\/uploads\/2024\/07\/Nurgad-reaalses-elus-300x173.png 300w, https:\/\/domath.surju.ee\/wp-content\/uploads\/2024\/07\/Nurgad-reaalses-elus-1024x591.png 1024w, https:\/\/domath.surju.ee\/wp-content\/uploads\/2024\/07\/Nurgad-reaalses-elus-768x443.png 768w, https:\/\/domath.surju.ee\/wp-content\/uploads\/2024\/07\/Nurgad-reaalses-elus-1536x886.png 1536w, https:\/\/domath.surju.ee\/wp-content\/uploads\/2024\/07\/Nurgad-reaalses-elus-2048x1182.png 2048w, https:\/\/domath.surju.ee\/wp-content\/uploads\/2024\/07\/Nurgad-reaalses-elus-24x14.png 24w, https:\/\/domath.surju.ee\/wp-content\/uploads\/2024\/07\/Nurgad-reaalses-elus-36x21.png 36w, https:\/\/domath.surju.ee\/wp-content\/uploads\/2024\/07\/Nurgad-reaalses-elus-48x28.png 48w\" sizes=\"auto, (max-width: 279px) 100vw, 279px\" \/>&nbsp; <img loading=\"lazy\" decoding=\"async\" class=\"alignnone  wp-image-2750\" src=\"https:\/\/domath.surju.ee\/wp-content\/uploads\/2024\/07\/geogebra-export-5-300x245.png\" alt=\"\" width=\"202\" height=\"165\" srcset=\"https:\/\/domath.surju.ee\/wp-content\/uploads\/2024\/07\/geogebra-export-5-300x245.png 300w, https:\/\/domath.surju.ee\/wp-content\/uploads\/2024\/07\/geogebra-export-5-1024x838.png 1024w, https:\/\/domath.surju.ee\/wp-content\/uploads\/2024\/07\/geogebra-export-5-768x628.png 768w, https:\/\/domath.surju.ee\/wp-content\/uploads\/2024\/07\/geogebra-export-5-1536x1256.png 1536w, https:\/\/domath.surju.ee\/wp-content\/uploads\/2024\/07\/geogebra-export-5-2048x1675.png 2048w, https:\/\/domath.surju.ee\/wp-content\/uploads\/2024\/07\/geogebra-export-5-24x20.png 24w, https:\/\/domath.surju.ee\/wp-content\/uploads\/2024\/07\/geogebra-export-5-36x29.png 36w, https:\/\/domath.surju.ee\/wp-content\/uploads\/2024\/07\/geogebra-export-5-48x39.png 48w\" sizes=\"auto, (max-width: 202px) 100vw, 202px\" \/> <img loading=\"lazy\" decoding=\"async\" class=\"alignnone  wp-image-2751\" src=\"https:\/\/domath.surju.ee\/wp-content\/uploads\/2024\/07\/geogebra-export-4-300x266.png\" alt=\"\" width=\"183\" height=\"163\" srcset=\"https:\/\/domath.surju.ee\/wp-content\/uploads\/2024\/07\/geogebra-export-4-300x266.png 300w, https:\/\/domath.surju.ee\/wp-content\/uploads\/2024\/07\/geogebra-export-4-1024x908.png 1024w, https:\/\/domath.surju.ee\/wp-content\/uploads\/2024\/07\/geogebra-export-4-768x681.png 768w, https:\/\/domath.surju.ee\/wp-content\/uploads\/2024\/07\/geogebra-export-4-1536x1362.png 1536w, https:\/\/domath.surju.ee\/wp-content\/uploads\/2024\/07\/geogebra-export-4-2048x1817.png 2048w, https:\/\/domath.surju.ee\/wp-content\/uploads\/2024\/07\/geogebra-export-4-24x21.png 24w, https:\/\/domath.surju.ee\/wp-content\/uploads\/2024\/07\/geogebra-export-4-36x32.png 36w, https:\/\/domath.surju.ee\/wp-content\/uploads\/2024\/07\/geogebra-export-4-48x43.png 48w\" sizes=\"auto, (max-width: 183px) 100vw, 183px\" \/><\/p>","protected":false},"excerpt":{"rendered":"<p>Lados de un \u00e1ngulo Los lados de un \u00e1ngulo son las dos l\u00edneas que forman el \u00e1ngulo. Las l\u00edneas rectas que se utilizan para formar un \u00e1ngulo son los lados de un \u00e1ngulo. Los lados tienen un punto de uni\u00f3n com\u00fan que se llama v\u00e9rtice de un \u00e1ngulo. A medida que los lados giran, el [&#8230;]<\/p>\n<p><a class=\"btn btn-secondary understrap-read-more-link\" href=\"https:\/\/domath.surju.ee\/es\/arms-of-an-angle\/\">Leer m\u00e1s&#8230;<span class=\"screen-reader-text\"> from Lados de un \u00e1ngulo<\/span><\/a><\/p>\n","protected":false},"author":12,"featured_media":0,"parent":0,"menu_order":0,"comment_status":"closed","ping_status":"closed","template":"","meta":{"_eb_attr":"","_uag_custom_page_level_css":"","footnotes":""},"categories":[],"tags":[37,79,63,130],"class_list":["post-629","page","type-page","status-publish","hentry","tag-english-a","tag-estonian-n","tag-greek-pi","tag-spanish-l"],"uagb_featured_image_src":{"full":false,"thumbnail":false,"medium":false,"medium_large":false,"large":false,"1536x1536":false,"2048x2048":false,"menu-24x24":false,"menu-36x36":false,"menu-48x48":false},"uagb_author_info":{"display_name":"Ave Kartau","author_link":"https:\/\/domath.surju.ee\/es\/author\/ave\/"},"uagb_comment_info":0,"uagb_excerpt":"Lados de un \u00e1ngulo Los lados de un \u00e1ngulo son las dos l\u00edneas que forman el \u00e1ngulo. Las l\u00edneas rectas que se utilizan para formar un \u00e1ngulo son los lados de un \u00e1ngulo. Los lados tienen un punto de uni\u00f3n com\u00fan que se llama v\u00e9rtice de un \u00e1ngulo. A medida que los lados giran, el&hellip;","_links":{"self":[{"href":"https:\/\/domath.surju.ee\/es\/wp-json\/wp\/v2\/pages\/629","targetHints":{"allow":["GET"]}}],"collection":[{"href":"https:\/\/domath.surju.ee\/es\/wp-json\/wp\/v2\/pages"}],"about":[{"href":"https:\/\/domath.surju.ee\/es\/wp-json\/wp\/v2\/types\/page"}],"author":[{"embeddable":true,"href":"https:\/\/domath.surju.ee\/es\/wp-json\/wp\/v2\/users\/12"}],"replies":[{"embeddable":true,"href":"https:\/\/domath.surju.ee\/es\/wp-json\/wp\/v2\/comments?post=629"}],"version-history":[{"count":13,"href":"https:\/\/domath.surju.ee\/es\/wp-json\/wp\/v2\/pages\/629\/revisions"}],"predecessor-version":[{"id":2754,"href":"https:\/\/domath.surju.ee\/es\/wp-json\/wp\/v2\/pages\/629\/revisions\/2754"}],"wp:attachment":[{"href":"https:\/\/domath.surju.ee\/es\/wp-json\/wp\/v2\/media?parent=629"}],"wp:term":[{"taxonomy":"category","embeddable":true,"href":"https:\/\/domath.surju.ee\/es\/wp-json\/wp\/v2\/categories?post=629"},{"taxonomy":"post_tag","embeddable":true,"href":"https:\/\/domath.surju.ee\/es\/wp-json\/wp\/v2\/tags?post=629"}],"curies":[{"name":"wp","href":"https:\/\/api.w.org\/{rel}","templated":true}]}}