{"id":604,"date":"2023-10-26T11:27:39","date_gmt":"2023-10-26T11:27:39","guid":{"rendered":"https:\/\/domath.surju.ee\/?page_id=604"},"modified":"2024-12-29T17:20:58","modified_gmt":"2024-12-29T17:20:58","slug":"graph-2","status":"publish","type":"page","link":"https:\/\/domath.surju.ee\/es\/graph-2\/","title":{"rendered":"Horizontal"},"content":{"rendered":"\r\n\r\n<p id=\"tw-target-text\" class=\"tw-data-text tw-text-large tw-ta\" dir=\"ltr\" data-placeholder=\"Translation\" aria-label=\"Translated text\" data-ved=\"2ahUKEwiyv4rW2c2FAxXUIhAIHS-MCSQQ3ewLegQIBhAU\"><span class=\"Y2IQFc\" lang=\"es\"><strong>Horizontal<\/strong> es aquello que se dispone de izquierda a derecha o viceversa, como un hombre que duerme en posici\u00f3n horizontal. Algunos ejemplos de cosas horizontales son: <br \/>\r\n<br \/>\r\nEl horizonte, que es la l\u00ednea imaginaria que vemos al contemplar un paisaje, ah\u00ed en el fondo de todo. <br \/>\r\n<br \/>\r\nUna mesa, que tiene una superficie plana y horizontal. <br \/>\r\n<br \/>\r\nUn libro abierto, que tiene las p\u00e1ginas ordenadas de izquierda a derecha.<\/span><\/p>\r\n<p><img loading=\"lazy\" decoding=\"async\" class=\"alignnone size-medium wp-image-1955\" src=\"https:\/\/domath.surju.ee\/wp-content\/uploads\/2024\/04\/31858-300x133.jpg\" alt=\"\" width=\"300\" height=\"133\" srcset=\"https:\/\/domath.surju.ee\/wp-content\/uploads\/2024\/04\/31858-300x133.jpg 300w, https:\/\/domath.surju.ee\/wp-content\/uploads\/2024\/04\/31858-1024x453.jpg 1024w, https:\/\/domath.surju.ee\/wp-content\/uploads\/2024\/04\/31858-768x340.jpg 768w, https:\/\/domath.surju.ee\/wp-content\/uploads\/2024\/04\/31858-24x11.jpg 24w, https:\/\/domath.surju.ee\/wp-content\/uploads\/2024\/04\/31858-36x16.jpg 36w, https:\/\/domath.surju.ee\/wp-content\/uploads\/2024\/04\/31858-48x21.jpg 48w, https:\/\/domath.surju.ee\/wp-content\/uploads\/2024\/04\/31858.jpg 1500w\" sizes=\"auto, (max-width: 300px) 100vw, 300px\" \/><\/p>\r\n\r\n\r\n<div class=\"section-wrapper\" data-id=\"RC8xjd\">\r\n<section class=\"wp-block-gutenverse-section guten-element guten-section guten-RC8xjd layout-boxed align-stretch\">\r\n<div class=\"guten-background-overlay\">&nbsp;<\/div>\r\n<div class=\"guten-shape-divider guten-shape-divider-top\">&nbsp;<\/div>\r\n<div class=\"guten-shape-divider guten-shape-divider-bottom\">&nbsp;<\/div>\r\n<div class=\"guten-container guten-column-gap-default\">\r\n<div class=\"wp-block-gutenverse-column guten-element guten-column guten-ZmdOtb\">\r\n<div class=\"guten-background-overlay\">&nbsp;<\/div>\r\n<div class=\"sticky-wrapper\" data-id=\"ZmdOtb\">\r\n<div class=\"guten-column-wrapper\">&nbsp;<\/div>\r\n<\/div>\r\n<\/div>\r\n<\/div>\r\n<\/section>\r\n<\/div>\r\n\r\n\r\n<p>&nbsp;<\/p>\r\n","protected":false},"excerpt":{"rendered":"<p>Horizontal es aquello que se dispone de izquierda a derecha o viceversa, como un hombre que duerme en posici\u00f3n horizontal. Algunos ejemplos de cosas horizontales son: El horizonte, que es la l\u00ednea imaginaria que vemos al contemplar un paisaje, ah\u00ed en el fondo de todo. Una mesa, que tiene una superficie plana y horizontal. Un [&#8230;]<\/p>\n<p><a class=\"btn btn-secondary understrap-read-more-link\" href=\"https:\/\/domath.surju.ee\/es\/graph-2\/\">Leer m\u00e1s&#8230;<span class=\"screen-reader-text\"> from Horizontal<\/span><\/a><\/p>\n","protected":false},"author":5,"featured_media":0,"parent":0,"menu_order":0,"comment_status":"closed","ping_status":"closed","template":"","meta":{"_eb_attr":"","_uag_custom_page_level_css":"","footnotes":""},"categories":[],"tags":[70,112,148,81],"class_list":["post-604","page","type-page","status-publish","hentry","tag-english-h","tag-estonian-h","tag-greek-omicron","tag-spanish-h"],"uagb_featured_image_src":{"full":false,"thumbnail":false,"medium":false,"medium_large":false,"large":false,"1536x1536":false,"2048x2048":false,"menu-24x24":false,"menu-36x36":false,"menu-48x48":false},"uagb_author_info":{"display_name":"Einar Aleman","author_link":"https:\/\/domath.surju.ee\/es\/author\/einar\/"},"uagb_comment_info":0,"uagb_excerpt":"Horizontal es aquello que se dispone de izquierda a derecha o viceversa, como un hombre que duerme en posici\u00f3n horizontal. Algunos ejemplos de cosas horizontales son: El horizonte, que es la l\u00ednea imaginaria que vemos al contemplar un paisaje, ah\u00ed en el fondo de todo. Una mesa, que tiene una superficie plana y horizontal. Un&hellip;","_links":{"self":[{"href":"https:\/\/domath.surju.ee\/es\/wp-json\/wp\/v2\/pages\/604","targetHints":{"allow":["GET"]}}],"collection":[{"href":"https:\/\/domath.surju.ee\/es\/wp-json\/wp\/v2\/pages"}],"about":[{"href":"https:\/\/domath.surju.ee\/es\/wp-json\/wp\/v2\/types\/page"}],"author":[{"embeddable":true,"href":"https:\/\/domath.surju.ee\/es\/wp-json\/wp\/v2\/users\/5"}],"replies":[{"embeddable":true,"href":"https:\/\/domath.surju.ee\/es\/wp-json\/wp\/v2\/comments?post=604"}],"version-history":[{"count":10,"href":"https:\/\/domath.surju.ee\/es\/wp-json\/wp\/v2\/pages\/604\/revisions"}],"predecessor-version":[{"id":5316,"href":"https:\/\/domath.surju.ee\/es\/wp-json\/wp\/v2\/pages\/604\/revisions\/5316"}],"wp:attachment":[{"href":"https:\/\/domath.surju.ee\/es\/wp-json\/wp\/v2\/media?parent=604"}],"wp:term":[{"taxonomy":"category","embeddable":true,"href":"https:\/\/domath.surju.ee\/es\/wp-json\/wp\/v2\/categories?post=604"},{"taxonomy":"post_tag","embeddable":true,"href":"https:\/\/domath.surju.ee\/es\/wp-json\/wp\/v2\/tags?post=604"}],"curies":[{"name":"wp","href":"https:\/\/api.w.org\/{rel}","templated":true}]}}