{"id":592,"date":"2023-10-26T11:11:27","date_gmt":"2023-10-26T11:11:27","guid":{"rendered":"https:\/\/domath.surju.ee\/?page_id=592"},"modified":"2024-12-22T14:50:22","modified_gmt":"2024-12-22T14:50:22","slug":"approximate","status":"publish","type":"page","link":"https:\/\/domath.surju.ee\/es\/approximate\/","title":{"rendered":"Approximate"},"content":{"rendered":"<h1 style=\"text-align: center;\"><span style=\"color: #008000;\">Aproximacion &#8211; Redondeo<\/span><\/h1>\r\n\r\n<p><strong><span style=\"color: #ff0000;\">Una aproximaci\u00f3n<\/span><\/strong> es cualquier cosa que sea similar, pero no exactamente igual, a otra cosa.<br \/>\r\n<br \/>\r\n<strong><span style=\"color: #000080;\">Ejemplo:<\/span><\/strong><br \/>\r\n<br \/>\r\nUna ruta tarda 56 minutos en recorrerse, por lo tanto, puede considerarse \u00abun viaje de una hora\u00bb.<br \/>\r\n<br \/>\r\nEstimar un n\u00famero, una cantidad o un total, a menudo redonde\u00e1ndolo al 10 o 100 m\u00e1s cercano.<br \/>\r\n<br \/>\r\n<strong><span style=\"color: #ff0000;\">Reglas de redondeo<\/span><\/strong><br \/>\r\n<strong>m\u00e1s de 5 &gt; hacia arriba<\/strong><br \/>\r\n<strong>menos de 5 &lt; hacia abajo<\/strong><br \/>\r\n<br \/>\r\n<strong><span style=\"color: #008000;\">Para fracciones decimales<\/span><\/strong><br \/>\r\n1. Observa el d\u00edgito en el valor posicional al que se va a redondear.<br \/>\r\n2. Aum\u00e9ntalo en 1 si el d\u00edgito a la derecha es 5 o m\u00e1s.<br \/>\r\n3. D\u00e9jalo igual si el d\u00edgito a la derecha es menor que 5.<br \/>\r\n4. Elimina todo lo que est\u00e9 a la derecha del d\u00edgito.<br \/>\r\n<br \/>\r\n<span style=\"color: #000080;\"><strong>Ejemplo:<\/strong><\/span><br \/>\r\nRedondear 1634,286 a 1 decimal:&nbsp; &nbsp; 1634,286 \u2248 1634,3<br \/>\r\n<br \/>\r\n<span style=\"color: #008000;\"><strong>Al redondear a 10 o m\u00e1s<\/strong>,<\/span> hay un cambio importante en el paso 4.<br \/>\r\n4. Reemplaza los n\u00fameros enteros a la derecha del d\u00edgito por ceros y luego elimina todo lo que est\u00e9 a su derecha.<br \/>\r\n<br \/>\r\n<strong><span style=\"color: #000080;\">Ejemplos<\/span>:<\/strong><br \/>\r\nRedondear 1634,286 a 10<br \/>\r\n1634,286 \u2248 163<span style=\"color: #ff0000;\">0<\/span><br \/>\r\nRedondear 1634,286 a 100<br \/>\r\n1634,286 \u2248 16<span style=\"color: #ff0000;\">00<\/span><br \/>\r\nRedondear 1634,286 a 1000<br \/>\r\n1634,286 \u2248 2<span style=\"color: #ff0000;\">000<\/span><\/p>\r\n <iframe loading=\"lazy\" style=\"border: 0px;\" title=\" Rounding numbers\" src=\"https:\/\/www.geogebra.org\/material\/iframe\/id\/cdwjhdh5\/width\/900\/height\/550\/border\/888888\/sfsb\/true\/smb\/false\/stb\/false\/stbh\/false\/ai\/false\/asb\/false\/sri\/true\/rc\/false\/ld\/false\/sdz\/false\/ctl\/false\" width=\"700px\" height=\"420px\" scrolling=\"no\"> <\/iframe> \r\n <iframe loading=\"lazy\" style=\"border: 0px;\" title=\"Copy of Rounding\" src=\"https:\/\/www.geogebra.org\/material\/iframe\/id\/JeuhzfnD\/width\/685\/height\/495\/border\/888888\/sfsb\/true\/smb\/false\/stb\/false\/stbh\/false\/ai\/false\/asb\/false\/sri\/true\/rc\/false\/ld\/false\/sdz\/false\/ctl\/false\" width=\"685px\" height=\"495px\" scrolling=\"no\"> <\/iframe> ","protected":false},"excerpt":{"rendered":"<p>Aproximacion &#8211; Redondeo Una aproximaci\u00f3n es cualquier cosa que sea similar, pero no exactamente igual, a otra cosa. Ejemplo: Una ruta tarda 56 minutos en recorrerse, por lo tanto, puede considerarse \u00abun viaje de una hora\u00bb. Estimar un n\u00famero, una cantidad o un total, a menudo redonde\u00e1ndolo al 10 o 100 m\u00e1s cercano. Reglas de [&#8230;]<\/p>\n<p><a class=\"btn btn-secondary understrap-read-more-link\" href=\"https:\/\/domath.surju.ee\/es\/approximate\/\">Leer m\u00e1s&#8230;<span class=\"screen-reader-text\"> from Approximate<\/span><\/a><\/p>\n","protected":false},"author":12,"featured_media":0,"parent":0,"menu_order":0,"comment_status":"closed","ping_status":"closed","template":"","meta":{"_eb_attr":"","_uag_custom_page_level_css":"","footnotes":""},"categories":[],"tags":[37,4,73,72],"class_list":["post-592","page","type-page","status-publish","hentry","tag-english-a","tag-estonian-l","tag-greek-kappa","tag-spanish-a"],"uagb_featured_image_src":{"full":false,"thumbnail":false,"medium":false,"medium_large":false,"large":false,"1536x1536":false,"2048x2048":false,"menu-24x24":false,"menu-36x36":false,"menu-48x48":false},"uagb_author_info":{"display_name":"Ave Kartau","author_link":"https:\/\/domath.surju.ee\/es\/author\/ave\/"},"uagb_comment_info":0,"uagb_excerpt":"Aproximacion &#8211; Redondeo Una aproximaci\u00f3n es cualquier cosa que sea similar, pero no exactamente igual, a otra cosa. Ejemplo: Una ruta tarda 56 minutos en recorrerse, por lo tanto, puede considerarse \u00abun viaje de una hora\u00bb. Estimar un n\u00famero, una cantidad o un total, a menudo redonde\u00e1ndolo al 10 o 100 m\u00e1s cercano. Reglas de&hellip;","_links":{"self":[{"href":"https:\/\/domath.surju.ee\/es\/wp-json\/wp\/v2\/pages\/592","targetHints":{"allow":["GET"]}}],"collection":[{"href":"https:\/\/domath.surju.ee\/es\/wp-json\/wp\/v2\/pages"}],"about":[{"href":"https:\/\/domath.surju.ee\/es\/wp-json\/wp\/v2\/types\/page"}],"author":[{"embeddable":true,"href":"https:\/\/domath.surju.ee\/es\/wp-json\/wp\/v2\/users\/12"}],"replies":[{"embeddable":true,"href":"https:\/\/domath.surju.ee\/es\/wp-json\/wp\/v2\/comments?post=592"}],"version-history":[{"count":30,"href":"https:\/\/domath.surju.ee\/es\/wp-json\/wp\/v2\/pages\/592\/revisions"}],"predecessor-version":[{"id":4952,"href":"https:\/\/domath.surju.ee\/es\/wp-json\/wp\/v2\/pages\/592\/revisions\/4952"}],"wp:attachment":[{"href":"https:\/\/domath.surju.ee\/es\/wp-json\/wp\/v2\/media?parent=592"}],"wp:term":[{"taxonomy":"category","embeddable":true,"href":"https:\/\/domath.surju.ee\/es\/wp-json\/wp\/v2\/categories?post=592"},{"taxonomy":"post_tag","embeddable":true,"href":"https:\/\/domath.surju.ee\/es\/wp-json\/wp\/v2\/tags?post=592"}],"curies":[{"name":"wp","href":"https:\/\/api.w.org\/{rel}","templated":true}]}}