{"id":567,"date":"2023-10-26T09:59:13","date_gmt":"2023-10-26T09:59:13","guid":{"rendered":"https:\/\/domath.surju.ee\/?page_id=567"},"modified":"2024-12-04T17:34:02","modified_gmt":"2024-12-04T17:34:02","slug":"apex","status":"publish","type":"page","link":"https:\/\/domath.surju.ee\/es\/vertice\/","title":{"rendered":"V\u00e9rtice"},"content":{"rendered":"\r\n<h1 style=\"text-align: center;\"><span style=\"color: #008000;\">V\u00e9rtice<\/span><\/h1>\r\n<p><strong><span style=\"color: #333399;\">Un v\u00e9rtice<\/span><\/strong> es el punto m\u00e1s alto de una forma.<\/p>\r\n\r\n<p><img loading=\"lazy\" decoding=\"async\" class=\"alignnone  wp-image-2532\" src=\"https:\/\/domath.surju.ee\/wp-content\/uploads\/2024\/07\/apex1-234x300.png\" alt=\"\" width=\"162\" height=\"207\" srcset=\"https:\/\/domath.surju.ee\/wp-content\/uploads\/2024\/07\/apex1-234x300.png 234w, https:\/\/domath.surju.ee\/wp-content\/uploads\/2024\/07\/apex1-19x24.png 19w, https:\/\/domath.surju.ee\/wp-content\/uploads\/2024\/07\/apex1-28x36.png 28w, https:\/\/domath.surju.ee\/wp-content\/uploads\/2024\/07\/apex1-37x48.png 37w, https:\/\/domath.surju.ee\/wp-content\/uploads\/2024\/07\/apex1.png 341w\" sizes=\"auto, (max-width: 162px) 100vw, 162px\" \/><img loading=\"lazy\" decoding=\"async\" class=\"alignnone  wp-image-2544\" src=\"https:\/\/domath.surju.ee\/wp-content\/uploads\/2024\/07\/Apex1-1-255x300.png\" alt=\"\" width=\"178\" height=\"209\" srcset=\"https:\/\/domath.surju.ee\/wp-content\/uploads\/2024\/07\/Apex1-1-255x300.png 255w, https:\/\/domath.surju.ee\/wp-content\/uploads\/2024\/07\/Apex1-1-20x24.png 20w, https:\/\/domath.surju.ee\/wp-content\/uploads\/2024\/07\/Apex1-1-31x36.png 31w, https:\/\/domath.surju.ee\/wp-content\/uploads\/2024\/07\/Apex1-1-41x48.png 41w, https:\/\/domath.surju.ee\/wp-content\/uploads\/2024\/07\/Apex1-1.png 469w\" sizes=\"auto, (max-width: 178px) 100vw, 178px\" \/><img loading=\"lazy\" decoding=\"async\" class=\"alignnone  wp-image-2545\" src=\"https:\/\/domath.surju.ee\/wp-content\/uploads\/2024\/07\/Apex1-2-258x300.png\" alt=\"\" width=\"203\" height=\"236\" srcset=\"https:\/\/domath.surju.ee\/wp-content\/uploads\/2024\/07\/Apex1-2-258x300.png 258w, https:\/\/domath.surju.ee\/wp-content\/uploads\/2024\/07\/Apex1-2-21x24.png 21w, https:\/\/domath.surju.ee\/wp-content\/uploads\/2024\/07\/Apex1-2-31x36.png 31w, https:\/\/domath.surju.ee\/wp-content\/uploads\/2024\/07\/Apex1-2-41x48.png 41w, https:\/\/domath.surju.ee\/wp-content\/uploads\/2024\/07\/Apex1-2.png 461w\" sizes=\"auto, (max-width: 203px) 100vw, 203px\" \/><\/p>\r\n<p><strong>V\u00e9rtice en un pol\u00edgono<\/strong><\/p>\r\n\r\n<figure class=\"wp-block-image size-full\"><img loading=\"lazy\" decoding=\"async\" width=\"686\" height=\"131\" class=\"wp-image-4298\" src=\"https:\/\/domath.surju.ee\/wp-content\/uploads\/2024\/08\/apexpolygon.png\" alt=\"\" srcset=\"https:\/\/domath.surju.ee\/wp-content\/uploads\/2024\/08\/apexpolygon.png 686w, https:\/\/domath.surju.ee\/wp-content\/uploads\/2024\/08\/apexpolygon-300x57.png 300w, https:\/\/domath.surju.ee\/wp-content\/uploads\/2024\/08\/apexpolygon-24x5.png 24w, https:\/\/domath.surju.ee\/wp-content\/uploads\/2024\/08\/apexpolygon-36x7.png 36w, https:\/\/domath.surju.ee\/wp-content\/uploads\/2024\/08\/apexpolygon-48x9.png 48w\" sizes=\"auto, (max-width: 686px) 100vw, 686px\" \/><\/figure>\r\n\r\n<p><strong>V\u00e9rtice en un tri\u00e1ngulo<\/strong><\/p>\r\n\r\n<figure class=\"wp-block-image size-full is-resized\"><img loading=\"lazy\" decoding=\"async\" width=\"686\" height=\"131\" class=\"wp-image-4295\" style=\"width: 745px; height: auto;\" src=\"https:\/\/domath.surju.ee\/wp-content\/uploads\/2024\/08\/apextriangle.png\" alt=\"\" srcset=\"https:\/\/domath.surju.ee\/wp-content\/uploads\/2024\/08\/apextriangle.png 686w, https:\/\/domath.surju.ee\/wp-content\/uploads\/2024\/08\/apextriangle-300x57.png 300w, https:\/\/domath.surju.ee\/wp-content\/uploads\/2024\/08\/apextriangle-24x5.png 24w, https:\/\/domath.surju.ee\/wp-content\/uploads\/2024\/08\/apextriangle-36x7.png 36w, https:\/\/domath.surju.ee\/wp-content\/uploads\/2024\/08\/apextriangle-48x9.png 48w\" sizes=\"auto, (max-width: 686px) 100vw, 686px\" \/><\/figure>\r\n","protected":false},"excerpt":{"rendered":"<p>V\u00e9rtice Un v\u00e9rtice es el punto m\u00e1s alto de una forma. V\u00e9rtice en un pol\u00edgono V\u00e9rtice en un tri\u00e1ngulo [&#8230;]<\/p>\n<p><a class=\"btn btn-secondary understrap-read-more-link\" href=\"https:\/\/domath.surju.ee\/es\/vertice\/\">Leer m\u00e1s&#8230;<span class=\"screen-reader-text\"> from V\u00e9rtice<\/span><\/a><\/p>\n","protected":false},"author":12,"featured_media":0,"parent":0,"menu_order":0,"comment_status":"closed","ping_status":"closed","template":"","meta":{"_eb_attr":"","_uag_custom_page_level_css":"","footnotes":""},"categories":[],"tags":[37,40,73,163],"class_list":["post-567","page","type-page","status-publish","hentry","tag-english-a","tag-estonian-t","tag-greek-kappa","tag-spanish-v"],"uagb_featured_image_src":{"full":false,"thumbnail":false,"medium":false,"medium_large":false,"large":false,"1536x1536":false,"2048x2048":false,"menu-24x24":false,"menu-36x36":false,"menu-48x48":false},"uagb_author_info":{"display_name":"Ave Kartau","author_link":"https:\/\/domath.surju.ee\/es\/author\/ave\/"},"uagb_comment_info":0,"uagb_excerpt":"V\u00e9rtice Un v\u00e9rtice es el punto m\u00e1s alto de una forma. V\u00e9rtice en un pol\u00edgono V\u00e9rtice en un tri\u00e1ngulo [...]Leer m\u00e1s... from V\u00e9rtice","_links":{"self":[{"href":"https:\/\/domath.surju.ee\/es\/wp-json\/wp\/v2\/pages\/567","targetHints":{"allow":["GET"]}}],"collection":[{"href":"https:\/\/domath.surju.ee\/es\/wp-json\/wp\/v2\/pages"}],"about":[{"href":"https:\/\/domath.surju.ee\/es\/wp-json\/wp\/v2\/types\/page"}],"author":[{"embeddable":true,"href":"https:\/\/domath.surju.ee\/es\/wp-json\/wp\/v2\/users\/12"}],"replies":[{"embeddable":true,"href":"https:\/\/domath.surju.ee\/es\/wp-json\/wp\/v2\/comments?post=567"}],"version-history":[{"count":9,"href":"https:\/\/domath.surju.ee\/es\/wp-json\/wp\/v2\/pages\/567\/revisions"}],"predecessor-version":[{"id":4493,"href":"https:\/\/domath.surju.ee\/es\/wp-json\/wp\/v2\/pages\/567\/revisions\/4493"}],"wp:attachment":[{"href":"https:\/\/domath.surju.ee\/es\/wp-json\/wp\/v2\/media?parent=567"}],"wp:term":[{"taxonomy":"category","embeddable":true,"href":"https:\/\/domath.surju.ee\/es\/wp-json\/wp\/v2\/categories?post=567"},{"taxonomy":"post_tag","embeddable":true,"href":"https:\/\/domath.surju.ee\/es\/wp-json\/wp\/v2\/tags?post=567"}],"curies":[{"name":"wp","href":"https:\/\/api.w.org\/{rel}","templated":true}]}}